{"id":267,"date":"2024-11-16T12:31:43","date_gmt":"2024-11-16T12:31:43","guid":{"rendered":"https:\/\/mueller-wrh.de\/versandarten\/"},"modified":"2024-11-17T12:26:39","modified_gmt":"2024-11-17T12:26:39","slug":"versandarten","status":"publish","type":"page","link":"https:\/\/mueller-wrh.de\/tr\/versandarten\/","title":{"rendered":"\u00d6deme ve sevkiyat"},"content":{"rendered":"<p><strong>\u00d6deme se\u00e7enekleri:<\/strong><\/p>\n\n\n\n<p>\u00d6n \u00d6deme<\/p>\n\n\n\n<p>\u00d6deme y\u00f6ntemini \u00f6n \u00f6deme olarak se\u00e7erseniz, banka bilgilerimiz a\u015fa\u011f\u0131daki gibidir:<\/p>\n\n\n\n<p>Baden-W\u00fcrttembergische Bank<\/p>\n\n\n\n<p>IBAN: DE38&nbsp;<a href=\"tel:6005 0101 0405 3888\">6005 0101 0405 3888<\/a>&nbsp;53<\/p>\n\n\n\n<p>BIC: SOLADEST600<\/p>\n\n\n\n<p>Teslimatta nakit<\/p>\n\n\n\n<p>Sat\u0131n alma bedelini do\u011frudan teslimat\u00e7\u0131ya \u00f6dersiniz. Ek olarak 6,50 Euro \u00fccret al\u0131nmaktad\u0131r.<\/p>\n\n\n\n<p>PayPal Plus<\/p>\n\n\n\n<p>PayPal Plus \u00f6deme hizmetinin bir par\u00e7as\u0131 olarak, PayPal hizmetleri olarak size \u00e7e\u015fitli \u00f6deme y\u00f6ntemleri sunuyoruz. \u00c7evrimi\u00e7i sa\u011flay\u0131c\u0131 PayPal'\u0131n web sitesine y\u00f6nlendirileceksiniz. Orada \u00f6deme bilgilerinizi girebilir, verilerinizin PayPal taraf\u0131ndan kullan\u0131lmas\u0131n\u0131 ve PayPal'a \u00f6deme talimat\u0131n\u0131 onaylayabilirsiniz.<\/p>\n\n\n\n<p>PayPal \u00f6deme y\u00f6ntemini se\u00e7tiyseniz, fatura tutar\u0131n\u0131 \u00f6deyebilmek i\u00e7in \u00f6nce orada kay\u0131tl\u0131 olman\u0131z veya kay\u0131t olman\u0131z ve eri\u015fim verilerinizle kendinizi me\u015frula\u015ft\u0131rman\u0131z gerekir. \u00d6deme i\u015flemi, \u00f6deme talimat\u0131n\u0131n onaylanmas\u0131ndan hemen sonra PayPal taraf\u0131ndan otomatik olarak ger\u00e7ekle\u015ftirilecektir. Sipari\u015f s\u00fcreci s\u0131ras\u0131nda daha fazla talimat alacaks\u0131n\u0131z.<\/p>\n\n\n\n<p><strong>Almanya i\u00e7i nakliye<\/strong><\/p>\n\n\n\n<p>1. teslimatlar<\/p>\n\n\n\n<p>Teslimat Almanya i\u00e7inde ger\u00e7ekle\u015fir.<\/p>\n\n\n\n<p>1.1 Nakliye masraflar\u0131<\/p>\n\n\n\n<p>\u00dcr\u00fcnlerin nakliye masraflar\u0131 sipari\u015f ba\u015f\u0131na, a\u011f\u0131rl\u0131\u011fa ve temel tutara g\u00f6re hesaplan\u0131r. Bunlara yasal Alman katma de\u011fer vergisi dahildir. Temel miktar i\u00e7in:<\/p>\n\n\n\n<p>2 kg'a kadar sipari\u015f: 2,38 \u20ac<\/p>\n\n\n\n<p>5 kg'a kadar sipari\u015f: 6,80 \u20ac<\/p>\n\n\n\n<p>10 kg'a kadar sipari\u015f: 8,75 \u20ac<\/p>\n\n\n\n<p>20 kg'a kadar sipari\u015f: 12,80 \u20ac<\/p>\n\n\n\n<p>30 kg'a kadar sipari\u015f: 14,80 \u20ac<\/p>\n\n\n\n<p>30 kg'dan itibaren sipari\u015f: maliyetine<\/p>\n\n\n\n<p>Sipari\u015finizin tam kargo \u00fccretini al\u0131\u015fveri\u015f sepetinde sipari\u015f toplam\u0131n\u0131n alt\u0131nda bulabilirsiniz.&nbsp;<\/p>\n\n\n\n<p><strong>Almanya d\u0131\u015f\u0131na g\u00f6nderim<\/strong><\/p>\n\n\n\n<p>2. teslimatlar<\/p>\n\n\n\n<p>2.1 Nakliye masraflar\u0131<\/p>\n\n\n\n<p>Sipari\u015fler maliyet \u00fczerinden \u00fccretlendirilecektir.&nbsp;<\/p>\n\n\n\n<p>3.&nbsp;<strong>Teslimat s\u00fcreleri&nbsp;<\/strong><\/p>\n\n\n\n<p>\u0130lgili teklifte ba\u015fka bir s\u00fcre belirtilmemi\u015fse, mallar Almanya i\u00e7inde ve d\u0131\u015f\u0131nda teslim edilecektir&nbsp;<\/p>\n\n\n\n<p>S\u00f6zle\u015fmenin imzalanmas\u0131ndan sonraki 3 - 5 g\u00fcn i\u00e7inde (\u00f6deme talimat\u0131n\u0131zdan sonra pe\u015fin \u00f6deme konusunda anla\u015fmaya var\u0131lmas\u0131 durumunda).<\/p>\n\n\n\n<p>Pazar g\u00fcnleri ve resmi tatillerde teslimat yap\u0131lmad\u0131\u011f\u0131n\u0131 l\u00fctfen unutmay\u0131n.<\/p>\n\n\n\n<p>Farkl\u0131 teslimat s\u00fcrelerine sahip \u00fcr\u00fcnler sipari\u015f ettiyseniz, sizinle ba\u015fka d\u00fczenlemeler yapmad\u0131\u011f\u0131m\u0131z s\u00fcrece mallar\u0131 tek bir sevkiyatta g\u00f6nderece\u011fiz. Bu durumda teslimat s\u00fcresi, sipari\u015f etti\u011finiz en uzun teslimat s\u00fcresine sahip \u00fcr\u00fcne g\u00f6re belirlenir.<\/p>\n\n\n\n<p>Herhangi bir sorunuz varsa, ileti\u015fim bilgilerimizi yasal bildirimde bulabilirsiniz.<\/p>","protected":false},"excerpt":{"rendered":"<p>Zahlungsm\u00f6glichkeiten: Vorkasse Bei Auswahl der Zahlungsart Vorkasse lautet unsere Bankverbindung: Baden-W\u00fcrttembergische Bank IBAN: DE38&nbsp;6005 0101 0405 3888&nbsp;53 BIC: SOLADEST600 Nachnahme Sie zahlen den Kaufpreis direkt beim Zusteller. Es fallen zzgl. 6,50 Euro als Kosten an. PayPal Plus Im Rahmen des Zahlungsdienstes PayPal Plus bieten wir Ihnen verschiedene Zahlungsmethoden als PayPal Services an. Sie werden auf [&hellip;]<\/p>\n","protected":false},"author":1,"featured_media":0,"parent":0,"menu_order":0,"comment_status":"closed","ping_status":"closed","template":"","meta":{"_uf_show_specific_survey":0,"_uf_disable_surveys":false,"footnotes":""},"class_list":["post-267","page","type-page","status-publish","hentry"],"aioseo_notices":[],"_links":{"self":[{"href":"https:\/\/mueller-wrh.de\/tr\/wp-json\/wp\/v2\/pages\/267","targetHints":{"allow":["GET"]}}],"collection":[{"href":"https:\/\/mueller-wrh.de\/tr\/wp-json\/wp\/v2\/pages"}],"about":[{"href":"https:\/\/mueller-wrh.de\/tr\/wp-json\/wp\/v2\/types\/page"}],"author":[{"embeddable":true,"href":"https:\/\/mueller-wrh.de\/tr\/wp-json\/wp\/v2\/users\/1"}],"replies":[{"embeddable":true,"href":"https:\/\/mueller-wrh.de\/tr\/wp-json\/wp\/v2\/comments?post=267"}],"version-history":[{"count":2,"href":"https:\/\/mueller-wrh.de\/tr\/wp-json\/wp\/v2\/pages\/267\/revisions"}],"predecessor-version":[{"id":743,"href":"https:\/\/mueller-wrh.de\/tr\/wp-json\/wp\/v2\/pages\/267\/revisions\/743"}],"wp:attachment":[{"href":"https:\/\/mueller-wrh.de\/tr\/wp-json\/wp\/v2\/media?parent=267"}],"curies":[{"name":"wp","href":"https:\/\/api.w.org\/{rel}","templated":true}]}}