{"id":266,"date":"2024-11-16T12:31:43","date_gmt":"2024-11-16T12:31:43","guid":{"rendered":"https:\/\/mueller-wrh.de\/widerrufsbelehrung\/"},"modified":"2024-11-17T16:21:31","modified_gmt":"2024-11-17T16:21:31","slug":"widerrufsbelehrung","status":"publish","type":"page","link":"https:\/\/mueller-wrh.de\/tr\/widerrufsbelehrung\/","title":{"rendered":"\u0130ptal politikas\u0131"},"content":{"rendered":"<p>\u00d6zel \u015fah\u0131slar\u0131n\/t\u00fcketicilerin on d\u00f6rt g\u00fcnl\u00fck iptal hakk\u0131 vard\u0131r.<\/p>\n\n\n\n<p>Bu s\u00f6zle\u015fmeyi on d\u00f6rt g\u00fcn i\u00e7inde herhangi bir sebep g\u00f6stermeksizin iptal etme hakk\u0131na sahipsiniz. \u0130ptal s\u00fcresi, sizin veya sizin taraf\u0131n\u0131zdan belirlenen ve ta\u015f\u0131y\u0131c\u0131 olmayan \u00fc\u00e7\u00fcnc\u00fc bir taraf\u0131n son mallar\u0131 teslim ald\u0131\u011f\u0131 g\u00fcnden itibaren on d\u00f6rt g\u00fcnd\u00fcr.<\/p>\n\n\n\n<p>\u0130ptal hakk\u0131n\u0131 kullanmak i\u00e7in bizi (M\u00fcller Werkzeugmaschinen Robotik &amp; Handelshaus e. K., Turmstr. 1, 72351 Geislingen, Telefon: +49 7428 9188869, E-Posta adresi: Rolf.Mueller@mueller-wrh.de) bu s\u00f6zle\u015fmeden \u00e7ekilme karar\u0131n\u0131z\u0131 a\u00e7\u0131k bir beyanla (\u00f6rne\u011fin posta, faks veya e-posta yoluyla g\u00f6nderilen bir mektup) bildirmeniz gerekmektedir. Ekteki \u00f6rnek iptal formunu kullanabilirsiniz, ancak bu zorunlu de\u011fildir.<\/p>\n\n\n\n<p>Son iptal tarihine uymak i\u00e7in, iptal hakk\u0131n\u0131z\u0131 kulland\u0131\u011f\u0131n\u0131za dair bildiriminizi iptal s\u00fcresi dolmadan \u00f6nce g\u00f6ndermeniz yeterlidir.<\/p>\n\n\n\n<p>\u0130ptalin sonu\u00e7lar\u0131<\/p>\n\n\n\n<p>Bu s\u00f6zle\u015fmeden cayman\u0131z halinde, teslimat masraflar\u0131 da dahil olmak \u00fczere (taraf\u0131m\u0131zca sunulan en ucuz standart teslimat t\u00fcr\u00fc d\u0131\u015f\u0131nda bir teslimat t\u00fcr\u00fc se\u00e7menizden kaynaklanan ek masraflar hari\u00e7) sizden ald\u0131\u011f\u0131m\u0131z t\u00fcm \u00f6demeleri gecikmeksizin ve her hal\u00fckarda bu s\u00f6zle\u015fmeden cayma karar\u0131n\u0131z hakk\u0131nda bilgilendirildi\u011fimiz g\u00fcnden itibaren en ge\u00e7 14 g\u00fcn i\u00e7inde size geri \u00f6deyece\u011fiz. Bu geri \u00f6deme i\u00e7in, sizinle a\u00e7\u0131k\u00e7a aksi kararla\u015ft\u0131r\u0131lmad\u0131k\u00e7a, orijinal i\u015flem i\u00e7in kulland\u0131\u011f\u0131n\u0131z \u00f6deme y\u00f6ntemlerini kullanaca\u011f\u0131z; hi\u00e7bir durumda bu geri \u00f6deme i\u00e7in sizden herhangi bir \u00fccret talep edilmeyecektir. Geri \u00f6demeyi, mallar\u0131 geri alana kadar veya siz mallar\u0131 iade etti\u011finize dair kan\u0131t sunana kadar (hangisi daha erken ise) al\u0131koyabiliriz.<\/p>\n\n\n\n<p>Mallar\u0131 derhal ve her durumda bu s\u00f6zle\u015fmenin iptalini bize bildirdi\u011finiz g\u00fcnden itibaren en ge\u00e7 on d\u00f6rt g\u00fcn i\u00e7inde bize iade etmeli veya teslim etmelisiniz. On d\u00f6rt g\u00fcnl\u00fck s\u00fcre dolmadan \u00f6nce mallar\u0131 g\u00f6nderirseniz, son tarih yerine getirilmi\u015f olur. Mallar\u0131n iadesinin do\u011frudan masraflar\u0131 size aittir. Mallar\u0131n de\u011ferindeki herhangi bir kayb\u0131, yaln\u0131zca bu de\u011fer kayb\u0131 mallar\u0131n durumlar\u0131n\u0131, \u00f6zelliklerini ve i\u015flevlerini kontrol etmek i\u00e7in gerekli olmayan kullan\u0131mdan kaynaklan\u0131yorsa \u00f6demek zorundas\u0131n\u0131z.<\/p>\n\n\n\n<p>Kapsam d\u0131\u015f\u0131 b\u0131rakma veya iptal nedenleri<\/p>\n\n\n\n<p>\u0130ptal hakk\u0131 s\u00f6zle\u015fmeler i\u00e7in ge\u00e7erli de\u011fildir<\/p>\n\n\n\n<p>- prefabrik olan ve \u00fcretimi i\u00e7in t\u00fcketicinin bireysel se\u00e7iminin veya karar\u0131n\u0131n belirleyici oldu\u011fu veya t\u00fcketicinin ki\u015fisel ihtiya\u00e7lar\u0131na g\u00f6re a\u00e7\u0131k\u00e7a \u00f6zelle\u015ftirilen mallar\u0131n teslimi i\u00e7in;<\/p>\n\n\n\n<p>S\u00f6zle\u015fmeler i\u00e7in iptal hakk\u0131 zaman\u0131ndan \u00f6nce sona erer<\/p>\n\n\n\n<p>- sa\u011fl\u0131\u011f\u0131n korunmas\u0131 veya hijyen nedeniyle iadeye uygun olmayan m\u00fch\u00fcrl\u00fc mallar\u0131n teslimat\u0131 i\u00e7in, teslimattan sonra m\u00fch\u00fcrleri s\u00f6k\u00fclm\u00fc\u015fse;<\/p>\n\n\n\n<p>- mallar\u0131n tesliminden sonra do\u011fas\u0131 gere\u011fi di\u011fer mallarla ayr\u0131lmaz bir \u015fekilde kar\u0131\u015fm\u0131\u015f olmas\u0131 durumunda;<\/p>\n\n\n\n<p>\u00d6rnek iptal formu<\/p>\n\n\n\n<p>(S\u00f6zle\u015fmeyi iptal etmek istiyorsan\u0131z, l\u00fctfen bu formu doldurun ve iade edin).<\/p>\n\n\n\n<p>- M\u00fcller Werkzeugmaschinen Robotik &amp; Handelshaus e. K., Turmstr. 1, 72351 Geislingen, telefon: +49 7428 9188869, e-posta adresi: Rolf.Mueller@mueller-wrh.de<\/p>\n\n\n\n<p>- Ben\/biz (*) a\u015fa\u011f\u0131daki mallar\u0131n sat\u0131n al\u0131nmas\u0131 (*)\/a\u015fa\u011f\u0131daki hizmetin sa\u011flanmas\u0131 (*) i\u00e7in taraf\u0131mdan\/bizden (*) akdedilen s\u00f6zle\u015fmeyi iptal ediyorum\/ediyoruz<\/p>\n\n\n\n<p>- (*) tarihinde sipari\u015f edildi \/ (*) tarihinde teslim al\u0131nd\u0131<\/p>\n\n\n\n<p>- T\u00fcketici(ler)in ad\u0131<\/p>\n\n\n\n<p>- T\u00fcketici(ler)in adresi<\/p>\n\n\n\n<p>- T\u00fcketici(ler)in imzas\u0131 (sadece ka\u011f\u0131t \u00fczerinde bildirim i\u00e7in)<\/p>\n\n\n\n<p>- Tarih (*) Uygun oldu\u011fu \u015fekilde silin.<\/p>","protected":false},"excerpt":{"rendered":"<p>Privatpersonen\/Verbraucher haben ein vierzehnt\u00e4giges Widerrufsrecht. Sie haben das Recht, binnen vierzehn Tagen ohne Angabe von Gr\u00fcnden diesen Vertrag zu widerrufen. Die Widerrufsfrist betr\u00e4gt vierzehn Tage ab dem Tag an dem Sie oder ein von Ihnen benannter Dritter, der nicht der Bef\u00f6rderer ist, die letzte Ware in Besitz genommen haben bzw. hat. Um Ihr Widerrufsrecht auszu\u00fcben, [&hellip;]<\/p>\n","protected":false},"author":1,"featured_media":0,"parent":0,"menu_order":0,"comment_status":"closed","ping_status":"closed","template":"","meta":{"_uf_show_specific_survey":0,"_uf_disable_surveys":false,"footnotes":""},"class_list":["post-266","page","type-page","status-publish","hentry"],"aioseo_notices":[],"_links":{"self":[{"href":"https:\/\/mueller-wrh.de\/tr\/wp-json\/wp\/v2\/pages\/266","targetHints":{"allow":["GET"]}}],"collection":[{"href":"https:\/\/mueller-wrh.de\/tr\/wp-json\/wp\/v2\/pages"}],"about":[{"href":"https:\/\/mueller-wrh.de\/tr\/wp-json\/wp\/v2\/types\/page"}],"author":[{"embeddable":true,"href":"https:\/\/mueller-wrh.de\/tr\/wp-json\/wp\/v2\/users\/1"}],"replies":[{"embeddable":true,"href":"https:\/\/mueller-wrh.de\/tr\/wp-json\/wp\/v2\/comments?post=266"}],"version-history":[{"count":1,"href":"https:\/\/mueller-wrh.de\/tr\/wp-json\/wp\/v2\/pages\/266\/revisions"}],"predecessor-version":[{"id":791,"href":"https:\/\/mueller-wrh.de\/tr\/wp-json\/wp\/v2\/pages\/266\/revisions\/791"}],"wp:attachment":[{"href":"https:\/\/mueller-wrh.de\/tr\/wp-json\/wp\/v2\/media?parent=266"}],"curies":[{"name":"wp","href":"https:\/\/api.w.org\/{rel}","templated":true}]}}