{"id":265,"date":"2024-11-16T12:31:43","date_gmt":"2024-11-16T12:31:43","guid":{"rendered":"https:\/\/mueller-wrh.de\/agb\/"},"modified":"2024-11-17T12:20:56","modified_gmt":"2024-11-17T12:20:56","slug":"agb","status":"publish","type":"page","link":"https:\/\/mueller-wrh.de\/tr\/agb\/","title":{"rendered":"GTC"},"content":{"rendered":"<p>1. UYGULAMA KAPSAMI<\/p>\n\n\n\n<p>A\u015fa\u011f\u0131daki h\u00fck\u00fcm ve ko\u015fullar, t\u00fcketiciler ve giri\u015fimciler taraf\u0131ndan online ma\u011fazam\u0131z \u00fczerinden verilen t\u00fcm sipari\u015fler i\u00e7in ge\u00e7erlidir.<\/p>\n\n\n\n<p>T\u00fcketici, a\u011f\u0131rl\u0131kl\u0131 olarak ticareti, i\u015fi veya mesle\u011fi d\u0131\u015f\u0131ndaki ama\u00e7larla yasal bir i\u015flem yapan herhangi bir ger\u00e7ek ki\u015fidir. Giri\u015fimci, yasal bir i\u015fleme girerken ticaretini, i\u015fini veya mesle\u011fini icra eden ger\u00e7ek veya t\u00fczel ki\u015fi ya da yasal ehliyete sahip bir ortakl\u0131kt\u0131r.<\/p>\n\n\n\n<p>Giri\u015fimciler i\u00e7in a\u015fa\u011f\u0131dakiler ge\u00e7erlidir: Giri\u015fimci \u00e7eli\u015fkili veya tamamlay\u0131c\u0131 genel \u015fartlar ve ko\u015fullar kullan\u0131rsa, bunlar\u0131n ge\u00e7erlili\u011fi i\u015fbu belge ile reddedilir; bunlar yaln\u0131zca a\u00e7\u0131k\u00e7a kabul etti\u011fimiz takdirde s\u00f6zle\u015fmenin bir par\u00e7as\u0131 haline gelecektir.<\/p>\n\n\n\n<p>2. S\u00d6ZLE\u015eME ORTAKLARI, S\u00d6ZLE\u015eMENIN IMZALANMASI, D\u00dcZELTME SE\u00c7ENEKLERI<\/p>\n\n\n\n<p>\u00dcr\u00fcnleri \u00e7evrimi\u00e7i ma\u011fazaya yerle\u015ftirerek, bu \u00fcr\u00fcnler i\u00e7in bir s\u00f6zle\u015fme imzalamak \u00fczere ba\u011flay\u0131c\u0131 bir teklif sunuyoruz. \u00dcr\u00fcnlerimizi ba\u015flang\u0131\u00e7ta herhangi bir y\u00fck\u00fcml\u00fcl\u00fck alt\u0131na girmeden al\u0131\u015fveri\u015f sepetine yerle\u015ftirebilir ve sipari\u015f s\u00fcrecinde bu ama\u00e7la sa\u011flanan ve a\u00e7\u0131klanan d\u00fczeltme yard\u0131mc\u0131lar\u0131n\u0131 kullanarak ba\u011flay\u0131c\u0131 sipari\u015finizi g\u00f6ndermeden \u00f6nce istedi\u011finiz zaman giri\u015flerinizi d\u00fczeltebilirsiniz. S\u00f6zle\u015fme, sipari\u015f d\u00fc\u011fmesine t\u0131klayarak al\u0131\u015fveri\u015f sepetinde bulunan mallar i\u00e7in teklifi kabul etti\u011finizde imzalan\u0131r. Sipari\u015fi g\u00f6nderdikten hemen sonra, e-posta ile ba\u015fka bir onay alacaks\u0131n\u0131z.<\/p>\n\n\n\n<p>3. S\u00d6ZLE\u015eME DILI, S\u00d6ZLE\u015eME METNI DEPOLAMA<\/p>\n\n\n\n<p>S\u00f6zle\u015fmenin imzalanmas\u0131 i\u00e7in mevcut dil(ler): Almanca<\/p>\n\n\n\n<p>S\u00f6zle\u015fme metnini kaydediyor ve sipari\u015f verilerini size g\u00f6nderiyoruz. S\u00f6zle\u015fme metnini ve h\u00fck\u00fcm ve ko\u015fullar\u0131 m\u00fc\u015fteri giri\u015f sayfam\u0131zda g\u00f6r\u00fcnt\u00fcleyebilirsiniz.<\/p>\n\n\n\n<p>4. TESLIMAT KO\u015eULLARI<\/p>\n\n\n\n<p>Belirtilen \u00fcr\u00fcn fiyatlar\u0131na ek olarak nakliye \u00fccretleri uygulanabilir. Nakliye \u00fccretleri hakk\u0131nda daha fazla bilgiyi tekliflerde bulabilirsiniz.<\/p>\n\n\n\n<p>5. \u00d6DEME<\/p>\n\n\n\n<p>Ma\u011fazam\u0131zda a\u015fa\u011f\u0131daki \u00f6deme y\u00f6ntemleri mevcuttur:<\/p>\n\n\n\n<p>\u00d6n \u00d6deme<\/p>\n\n\n\n<p>Pe\u015fin \u00f6deme yapmay\u0131 tercih ederseniz, banka bilgilerimizi size ayr\u0131 bir e-posta ile g\u00f6nderece\u011fiz ve \u00f6demeyi ald\u0131ktan sonra mallar\u0131 teslim edece\u011fiz.<\/p>\n\n\n\n<p>Teslimatta nakit<\/p>\n\n\n\n<p>Sat\u0131n alma bedelini do\u011frudan teslimat\u00e7\u0131ya \u00f6dersiniz. Ek olarak 6,50 Euro \u00fccret al\u0131nmaktad\u0131r.<\/p>\n\n\n\n<p>Kredi kart\u0131<\/p>\n\n\n\n<p>Sipari\u015f verirken kredi kart\u0131 bilgilerinizi girersiniz. Me\u015fru kart sahibi oldu\u011funuz onayland\u0131ktan sonra \u00f6deme i\u015flemi otomatik olarak ger\u00e7ekle\u015ftirilecek ve kart\u0131n\u0131zdan para \u00e7ekilecektir.<\/p>\n\n\n\n<p>PayPal Plus<\/p>\n\n\n\n<p>PayPal Plus \u00f6deme hizmetinin bir par\u00e7as\u0131 olarak, PayPal hizmetleri olarak size \u00e7e\u015fitli \u00f6deme y\u00f6ntemleri sunuyoruz. \u00c7evrimi\u00e7i sa\u011flay\u0131c\u0131 PayPal'\u0131n web sitesine y\u00f6nlendirileceksiniz. Orada \u00f6deme bilgilerinizi girebilir, verilerinizin PayPal taraf\u0131ndan kullan\u0131lmas\u0131n\u0131 ve PayPal'a \u00f6deme talimat\u0131n\u0131 onaylayabilirsiniz.<\/p>\n\n\n\n<p>PayPal \u00f6deme y\u00f6ntemini se\u00e7tiyseniz, fatura tutar\u0131n\u0131 \u00f6deyebilmek i\u00e7in \u00f6nce orada kay\u0131tl\u0131 olman\u0131z veya kay\u0131t olman\u0131z ve eri\u015fim verilerinizle kendinizi me\u015frula\u015ft\u0131rman\u0131z gerekir. \u00d6deme i\u015flemi, \u00f6deme talimat\u0131n\u0131n onaylanmas\u0131ndan hemen sonra PayPal taraf\u0131ndan otomatik olarak ger\u00e7ekle\u015ftirilecektir. Sipari\u015f s\u00fcreci s\u0131ras\u0131nda daha fazla talimat alacaks\u0131n\u0131z.<\/p>\n\n\n\n<p>Google Pay<\/p>\n\n\n\n<p>Fatura tutar\u0131n\u0131 Google Pay \u00fczerinden \u00f6deyebilmek i\u00e7in Google hizmet sa\u011flay\u0131c\u0131s\u0131na kay\u0131tl\u0131 olman\u0131z, Google Pay i\u015flevini etkinle\u015ftirmi\u015f olman\u0131z, eri\u015fim verilerinizle kendinizi me\u015frula\u015ft\u0131rman\u0131z ve \u00f6deme talimat\u0131n\u0131 onaylaman\u0131z gerekir. \u00d6deme i\u015flemi, sipari\u015f verildikten hemen sonra ger\u00e7ekle\u015ftirilir. Sipari\u015f i\u015flemi s\u0131ras\u0131nda daha fazla talimat alacaks\u0131n\u0131z.<\/p>\n\n\n\n<p>Amazon Pay<\/p>\n\n\n\n<p>Sipari\u015f i\u015flemi s\u0131ras\u0131nda, \u00e7evrimi\u00e7i ma\u011fazam\u0131zda sipari\u015f i\u015flemini tamamlamadan \u00f6nce \u00e7evrimi\u00e7i sa\u011flay\u0131c\u0131 Amazon'un web sitesine y\u00f6nlendirileceksiniz. Sipari\u015f s\u00fcrecini tamamlamak ve fatura tutar\u0131n\u0131 Amazon \u00fczerinden \u00f6demek i\u00e7in, orada kay\u0131tl\u0131 olman\u0131z veya \u00f6nce eri\u015fim verilerinizle kay\u0131t olman\u0131z ve kendinizi me\u015frula\u015ft\u0131rman\u0131z gerekir. Burada Amazon'da kay\u0131tl\u0131 teslimat adresini ve \u00f6deme y\u00f6ntemini se\u00e7ebilir, verilerinizin Amazon taraf\u0131ndan kullan\u0131m\u0131n\u0131 ve bize \u00f6deme talimat\u0131n\u0131 onaylayabilirsiniz. Daha sonra, sipari\u015f i\u015flemini tamamlayabilece\u011finiz \u00e7evrimi\u00e7i ma\u011fazam\u0131za y\u00f6nlendirileceksiniz. Sipari\u015fi verdikten hemen sonra Amazon'dan \u00f6deme i\u015flemini ba\u015flatmas\u0131n\u0131 isteyece\u011fiz. \u00d6deme i\u015flemi Amazon taraf\u0131ndan otomatik olarak ger\u00e7ekle\u015ftirilir. Sipari\u015f i\u015flemi s\u0131ras\u0131nda daha fazla talimat alacaks\u0131n\u0131z.<\/p>\n\n\n\n<p>6. IPTAL HAKKI<\/p>\n\n\n\n<p>T\u00fcketiciler, iptal politikas\u0131nda a\u00e7\u0131kland\u0131\u011f\u0131 gibi yasal iptal hakk\u0131na sahiptir. Giri\u015fimcilere iste\u011fe ba\u011fl\u0131 iptal hakk\u0131 tan\u0131nmaz.<\/p>\n\n\n\n<p>7. M\u00dcLKIYETIN SAKLI TUTULMASI<\/p>\n\n\n\n<p>\u00d6demenin tamam\u0131 al\u0131nana kadar mallar bizim m\u00fclkiyetimizde kal\u0131r.<\/p>\n\n\n\n<p>Giri\u015fimciler i\u00e7in a\u015fa\u011f\u0131dakiler de ge\u00e7erlidir: Devam eden bir i\u015f ili\u015fkisinden kaynaklanan t\u00fcm alacaklar tamamen \u00f6denene kadar mallar\u0131n m\u00fclkiyetini sakl\u0131 tutar\u0131z. M\u00fclkiyeti sakl\u0131 tutulan mallar\u0131 ola\u011fan i\u015f ak\u0131\u015f\u0131 i\u00e7inde yeniden satabilirsiniz; bu yeniden sat\u0131\u015ftan do\u011fan t\u00fcm alacaklar\u0131 - m\u00fclkiyeti sakl\u0131 tutulan mallar\u0131n yeni bir \u00fcr\u00fcnle birle\u015ftirilmesi veya kar\u0131\u015ft\u0131r\u0131lmas\u0131ndan ba\u011f\u0131ms\u0131z olarak - fatura tutar\u0131 kadar pe\u015finen bize devredersiniz ve biz de bu devri kabul ederiz. Alacaklar\u0131 tahsil etme yetkiniz devam eder, ancak \u00f6deme y\u00fck\u00fcml\u00fcl\u00fcklerinizi yerine getirmemeniz halinde alacaklar\u0131 kendimiz de tahsil edebiliriz.<\/p>\n\n\n\n<p>8. NAKLIYE HASARI<\/p>\n\n\n\n<p>T\u00fcketiciler i\u00e7in a\u015fa\u011f\u0131dakiler ge\u00e7erlidir: Mallar bariz bir nakliye hasar\u0131 ile teslim edilirse, l\u00fctfen bu t\u00fcr kusurlar\u0131 m\u00fcmk\u00fcn olan en k\u0131sa s\u00fcrede teslimat\u00e7\u0131ya \u015fikayet edin ve hemen bizimle ileti\u015fime ge\u00e7in. \u015eikayette bulunmaman\u0131z veya bizimle ileti\u015fime ge\u00e7memeniz, yasal talepleriniz ve bunlar\u0131n uygulanmas\u0131, \u00f6zellikle de garanti haklar\u0131n\u0131z a\u00e7\u0131s\u0131ndan hi\u00e7bir sonu\u00e7 do\u011furmaz. Ancak, ta\u015f\u0131y\u0131c\u0131ya veya nakliye sigortas\u0131 \u015firketine kar\u015f\u0131 kendi taleplerimizi ileri s\u00fcrmemize yard\u0131mc\u0131 olacaks\u0131n\u0131z.<\/p>\n\n\n\n<p>Giri\u015fimciler i\u00e7in a\u015fa\u011f\u0131dakiler ge\u00e7erlidir: Kaza sonucu kay\u0131p ve kaza sonucu bozulma riski, mallar\u0131 nakliye acentesine, ta\u015f\u0131y\u0131c\u0131ya veya sevkiyat\u0131 ger\u00e7ekle\u015ftirmekle g\u00f6revlendirilen di\u011fer ki\u015fi veya kuruma teslim etti\u011fimiz anda size ge\u00e7er. HGB \u00a7 377'de d\u00fczenlenen inceleme ve kusurlar\u0131 bildirme y\u00fck\u00fcml\u00fcl\u00fc\u011f\u00fc t\u00fcccarlar i\u00e7in ge\u00e7erlidir. Burada \u00f6ng\u00f6r\u00fcld\u00fc\u011f\u00fc \u015fekilde bize bildirimde bulunmaman\u0131z halinde, muayene s\u0131ras\u0131nda kusur tespit edilemedi\u011fi s\u00fcrece mallar onaylanm\u0131\u015f say\u0131lacakt\u0131r. Bu durum, bir kusuru hileli bir \u015fekilde gizlemi\u015f olmam\u0131z halinde ge\u00e7erli olmayacakt\u0131r.<\/p>\n\n\n\n<p>9. GARANTI\u0307 VE GARANTI\u0307LER<\/p>\n\n\n\n<p>A\u015fa\u011f\u0131da aksi a\u00e7\u0131k\u00e7a kararla\u015ft\u0131r\u0131lmad\u0131k\u00e7a, kusurlar i\u00e7in yasal sorumluluk ge\u00e7erli olacakt\u0131r.<\/p>\n\n\n\n<p>T\u00fcketiciler taraf\u0131ndan kullan\u0131lm\u0131\u015f mallar\u0131n sat\u0131n al\u0131nmas\u0131 i\u00e7in a\u015fa\u011f\u0131dakiler ge\u00e7erlidir: Kusur, mallar\u0131n tesliminden itibaren bir y\u0131l ge\u00e7tikten sonra ortaya \u00e7\u0131karsa, kusur talepleri hari\u00e7 tutulur. Mallar\u0131n tesliminden itibaren bir y\u0131l i\u00e7inde ortaya \u00e7\u0131kan kusurlar, mallar\u0131n tesliminden itibaren iki y\u0131ll\u0131k yasal zaman a\u015f\u0131m\u0131 s\u00fcresi i\u00e7inde talep edilebilir.<\/p>\n\n\n\n<p>Giri\u015fimciler i\u00e7in, yeni \u00fcretilen mallara ili\u015fkin garanti talepleri i\u00e7in zaman a\u015f\u0131m\u0131 s\u00fcresi riskin devredilmesinden itibaren bir y\u0131ld\u0131r. Kullan\u0131lm\u0131\u015f mallar\u0131n sat\u0131\u015f\u0131 herhangi bir garantinin hari\u00e7 tutulmas\u0131na tabidir. BGB \u00a7 445a uyar\u0131nca r\u00fccu hakk\u0131na ili\u015fkin yasal s\u0131n\u0131rlama s\u00fcreleri bundan etkilenmez.<\/p>\n\n\n\n<p>Giri\u015fimcilerle ilgili olarak, yaln\u0131zca kendi bilgilerimiz ve s\u00f6zle\u015fmede yer alan \u00fcreticinin \u00fcr\u00fcn a\u00e7\u0131klamalar\u0131, mallar\u0131n kalitesi konusunda bir anla\u015fma olarak kabul edilecektir; \u00fcretici taraf\u0131ndan yap\u0131lan kamu a\u00e7\u0131klamalar\u0131 veya di\u011fer reklam a\u00e7\u0131klamalar\u0131 i\u00e7in hi\u00e7bir sorumluluk kabul etmiyoruz.<\/p>\n\n\n\n<p>Teslim edilen \u00fcr\u00fcn kusurluysa, ilk olarak kendi takdirimize ba\u011fl\u0131 olarak kusuru gidererek (d\u00fczeltme) veya kusursuz bir \u00fcr\u00fcn teslim ederek (ikame teslimat) giri\u015fimcilere bir garanti sa\u011flayaca\u011f\u0131z.<\/p>\n\n\n\n<p>Yukar\u0131daki k\u0131s\u0131tlamalar ve zaman s\u0131n\u0131rlar\u0131n\u0131n k\u0131salt\u0131lmas\u0131, bizim, yasal temsilcilerimizin veya vekillerimizin neden oldu\u011fu zararlara dayanan talepler i\u00e7in ge\u00e7erli de\u011fildir<\/p>\n\n\n\n<p>- hayat, uzuv veya sa\u011fl\u0131k yaralanmas\u0131 durumunda<\/p>\n\n\n\n<p>- kas\u0131tl\u0131 veya a\u011f\u0131r ihmal sonucu g\u00f6rev ihlali ve hileli niyet durumunda<\/p>\n\n\n\n<p>- S\u00f6zle\u015fmenin d\u00fczg\u00fcn bir \u015fekilde y\u00fcr\u00fct\u00fclmesi i\u00e7in yerine getirilmesi elzem olan ve s\u00f6zle\u015fme orta\u011f\u0131n\u0131n d\u00fczenli olarak uyulmas\u0131na g\u00fcvenebilece\u011fi temel s\u00f6zle\u015fme y\u00fck\u00fcml\u00fcl\u00fcklerinin ihlali durumunda (temel y\u00fck\u00fcml\u00fcl\u00fckler)<\/p>\n\n\n\n<p>- kararla\u015ft\u0131r\u0131lm\u0131\u015fsa, bir garanti vaadi \u00e7er\u00e7evesinde veya<\/p>\n\n\n\n<p>- \u00dcr\u00fcn Sorumlulu\u011fu Yasas\u0131'n\u0131n uygulama alan\u0131n\u0131n a\u00e7\u0131ld\u0131\u011f\u0131 \u00f6l\u00e7\u00fcde.<\/p>\n\n\n\n<p>Ge\u00e7erli olabilecek ek garantiler ve bunlar\u0131n kesin ko\u015fullar\u0131 hakk\u0131ndaki bilgiler \u00fcr\u00fcnle birlikte ve \u00e7evrimi\u00e7i ma\u011fazadaki \u00f6zel bilgi sayfalar\u0131nda bulunabilir.<\/p>\n\n\n\n<p>10. SORUMLULUK<\/p>\n\n\n\n<p>Bizim, yasal temsilcilerimizin veya vekillerimizin neden oldu\u011fu zararlara dayanan talepler i\u00e7in her zaman s\u0131n\u0131rlama olmaks\u0131z\u0131n sorumlu olaca\u011f\u0131z<\/p>\n\n\n\n<p>- hayat, uzuv veya sa\u011fl\u0131k yaralanmas\u0131 durumunda<\/p>\n\n\n\n<p>- kas\u0131tl\u0131 veya a\u011f\u0131r ihmal sonucu g\u00f6rev ihlali durumunda<\/p>\n\n\n\n<p>- kararla\u015ft\u0131r\u0131lm\u0131\u015fsa garanti vaatleri i\u00e7in veya<\/p>\n\n\n\n<p>- \u00dcr\u00fcn Sorumlulu\u011fu Yasas\u0131'n\u0131n uygulama alan\u0131n\u0131n a\u00e7\u0131ld\u0131\u011f\u0131 \u00f6l\u00e7\u00fcde.<\/p>\n\n\n\n<p>S\u00f6zle\u015fmenin d\u00fczg\u00fcn bir \u015fekilde y\u00fcr\u00fct\u00fclmesi i\u00e7in yerine getirilmesi zorunlu olan ve s\u00f6zle\u015fme orta\u011f\u0131n\u0131n d\u00fczenli olarak uyulmas\u0131na g\u00fcvenebilece\u011fi temel s\u00f6zle\u015fme y\u00fck\u00fcml\u00fcl\u00fcklerinin (temel y\u00fck\u00fcml\u00fcl\u00fckler) taraf\u0131m\u0131z\u0131n, yasal temsilcilerimizin veya vekillerimizin hafif ihmali nedeniyle ihlal edilmesi durumunda, sorumluluk miktar\u0131, s\u00f6zle\u015fmenin imzalanmas\u0131 s\u0131ras\u0131nda \u00f6ng\u00f6r\u00fclebilir olan ve meydana gelmesi tipik olarak beklenen zararla s\u0131n\u0131rl\u0131 olacakt\u0131r.<\/p>\n\n\n\n<p>Aksi takdirde, tazminat talepleri hari\u00e7 tutulur.<\/p>\n\n\n\n<p>11. ANLA\u015eMAZLIKLARIN \u00c7\u00d6Z\u00dcM\u00dc<\/p>\n\n\n\n<p>Avrupa Komisyonu, burada bulabilece\u011finiz \u00e7evrimi\u00e7i uyu\u015fmazl\u0131k \u00e7\u00f6z\u00fcm\u00fc (OS) i\u00e7in bir platform sa\u011flar. T\u00fcketici hakem heyeti nezdinde bir uyu\u015fmazl\u0131k \u00e7\u00f6z\u00fcm prosed\u00fcr\u00fcne kat\u0131lmak zorunda de\u011filiz veya buna istekli de\u011filiz.<\/p>\n\n\n\n<p>12. K\u00dc\u00c7\u00dcKLERI\u0307N KORUNMASI<\/p>\n\n\n\n<p>Sipari\u015finiz, sat\u0131\u015f\u0131 ya\u015f s\u0131n\u0131rlamalar\u0131na tabi olan \u00fcr\u00fcnler i\u00e7eriyorsa, m\u00fc\u015fterinin gerekli asgari ya\u015fa ula\u015ft\u0131\u011f\u0131ndan emin olmak i\u00e7in ki\u015fisel kimlik ve ya\u015f kontrol\u00fcn\u00fc i\u00e7eren g\u00fcvenilir bir prosed\u00fcr kullan\u0131r\u0131z. Teslimat\u00e7\u0131, mallar\u0131 ancak ya\u015f kontrol\u00fc yap\u0131ld\u0131ktan sonra ve yaln\u0131zca m\u00fc\u015fteriye \u015fahsen teslim edecektir.<\/p>\n\n\n\n<p>13. GENEL<\/p>\n\n\n\n<p>\u00dcr\u00fcnlerin g\u00f6r\u00fcn\u00fcm\u00fc g\u00f6sterilen foto\u011fraflardan farkl\u0131 olabilir.&nbsp;<\/p>\n\n\n\n<p>14. NI\u0307HAI\u0307 H\u00dcK\u00dcMLER<\/p>\n\n\n\n<p>E\u011fer bir giri\u015fimciyseniz, Uluslararas\u0131 Mal Sat\u0131m\u0131na \u0130li\u015fkin S\u00f6zle\u015fmeler Hakk\u0131nda BM Konvansiyonu hari\u00e7 olmak \u00fczere Alman hukuku uygulanacakt\u0131r.<\/p>","protected":false},"excerpt":{"rendered":"<p>1. GELTUNGSBEREICH F\u00fcr alle Bestellungen \u00fcber unseren Online-Shop durch Verbraucher und Unternehmer gelten die nachfolgenden AGB. Verbraucher ist jede nat\u00fcrliche Person, die ein Rechtsgesch\u00e4ft zu Zwecken abschlie\u00dft, die \u00fcberwiegend weder ihrer gewerblichen noch ihrer selbst\u00e4ndigen beruflichen T\u00e4tigkeit zugerechnet werden k\u00f6nnen. Unternehmer ist eine nat\u00fcrliche oder juristische Person oder eine rechtsf\u00e4hige Personengesellschaft, die bei Abschluss eines [&hellip;]<\/p>\n","protected":false},"author":1,"featured_media":0,"parent":0,"menu_order":0,"comment_status":"closed","ping_status":"closed","template":"","meta":{"_uf_show_specific_survey":0,"_uf_disable_surveys":false,"footnotes":""},"class_list":["post-265","page","type-page","status-publish","hentry"],"aioseo_notices":[],"_links":{"self":[{"href":"https:\/\/mueller-wrh.de\/tr\/wp-json\/wp\/v2\/pages\/265","targetHints":{"allow":["GET"]}}],"collection":[{"href":"https:\/\/mueller-wrh.de\/tr\/wp-json\/wp\/v2\/pages"}],"about":[{"href":"https:\/\/mueller-wrh.de\/tr\/wp-json\/wp\/v2\/types\/page"}],"author":[{"embeddable":true,"href":"https:\/\/mueller-wrh.de\/tr\/wp-json\/wp\/v2\/users\/1"}],"replies":[{"embeddable":true,"href":"https:\/\/mueller-wrh.de\/tr\/wp-json\/wp\/v2\/comments?post=265"}],"version-history":[{"count":1,"href":"https:\/\/mueller-wrh.de\/tr\/wp-json\/wp\/v2\/pages\/265\/revisions"}],"predecessor-version":[{"id":738,"href":"https:\/\/mueller-wrh.de\/tr\/wp-json\/wp\/v2\/pages\/265\/revisions\/738"}],"wp:attachment":[{"href":"https:\/\/mueller-wrh.de\/tr\/wp-json\/wp\/v2\/media?parent=265"}],"curies":[{"name":"wp","href":"https:\/\/api.w.org\/{rel}","templated":true}]}}