{"id":263,"date":"2024-11-16T12:31:43","date_gmt":"2024-11-16T12:31:43","guid":{"rendered":"https:\/\/mueller-wrh.de\/impressum\/"},"modified":"2025-09-05T11:53:03","modified_gmt":"2025-09-05T11:53:03","slug":"impressum","status":"publish","type":"page","link":"https:\/\/mueller-wrh.de\/tr\/impressum\/","title":{"rendered":"K\u00fcnye"},"content":{"rendered":"<p>TMG Madde 5 uyar\u0131nca bilgiler<\/p>\n<p>M\u00fcller Werkzeugmaschinen Robotik &amp; Handelshaus e.K.<\/p>\n<p>Ofis:<\/p>\n<p>Turmstrasse 1<\/p>\n<p>72351 Geislingen<\/p>\n<p>Rulman:<\/p>\n<p>Hub 10 \u00fczerinde<\/p>\n<p>76307 Karlsbad<\/p>\n<p>KDV Kimlik No: DE194044973<\/p>\n<p>\u0130leti\u015fim:<\/p>\n<p>Telefon: <a href=\"tel:+49 (0) 7428 9188869\">+49 (0) 7428 9188869<\/a><\/p>\n<p>Cep telefonu: <a href=\"tel:+49 (0) 151 61553657\">+49 (0) 151 61553657<\/a><\/p>\n<p>E-posta: office@mueller-wrh.de<\/p>\n<p>Ticaret sicil kayd\u0131:<\/p>\n<p>Stuttgart yerel mahkemesi kay\u0131t mahkemesi<\/p>\n<p>Ticaret sicili: HRA 737211<\/p>\n<p>\u00a7 55 Abs. 2 RStV uyar\u0131nca i\u00e7erikten sorumludur<\/p>\n<p>Rolf M\u00fcller<\/p>\n<p>Turmstrasse 1<\/p>\n<p>72351 Geislingen<\/p>\n<p>Uyu\u015fmazl\u0131k \u00e7\u00f6z\u00fcm\u00fc<\/p>\n<p>Avrupa Komisyonu \u00e7evrimi\u00e7i uyu\u015fmazl\u0131k \u00e7\u00f6z\u00fcm\u00fc i\u00e7in bir platform sa\u011flamaktad\u0131r (OS): https:\/\/ec.europa.eu\/consumers\/odr.<\/p>\n<p>E-posta adresimizi yukar\u0131daki yasal bildirimde bulabilirsiniz.<\/p>\n<p>Bir t\u00fcketici hakem heyeti nezdindeki uyu\u015fmazl\u0131k \u00e7\u00f6z\u00fcm i\u015flemlerine kat\u0131lmaya istekli veya y\u00fck\u00fcml\u00fc de\u011filiz.<\/p>\n<p>\u0130\u00e7erik i\u00e7in sorumluluk<\/p>\n<p>Bir hizmet sa\u011flay\u0131c\u0131 olarak, TMG (Alman Telemedya Yasas\u0131) Madde 7 (1) ve genel mevzuat uyar\u0131nca bu sayfalardaki kendi i\u00e7eri\u011fimizden sorumluyuz. Bununla birlikte, TMG Madde 8 ila 10'a g\u00f6re, bir hizmet sa\u011flay\u0131c\u0131 olarak iletilen veya saklanan \u00fc\u00e7\u00fcnc\u00fc taraf bilgilerini izlemek veya yasa d\u0131\u015f\u0131 faaliyetlere i\u015faret eden durumlar\u0131 ara\u015ft\u0131rmak zorunda de\u011filiz.<\/p>\n<p>Genel mevzuat uyar\u0131nca bilgilerin kullan\u0131m\u0131n\u0131 kald\u0131rma veya engelleme y\u00fck\u00fcml\u00fcl\u00fckleri bundan etkilenmez. Ancak, bu konudaki sorumluluk sadece belirli bir ihlalin fark\u0131na vard\u0131\u011f\u0131m\u0131z andan itibaren m\u00fcmk\u00fcnd\u00fcr. Bu t\u00fcr ihlallerin fark\u0131na var\u0131r varmaz, bu i\u00e7eri\u011fi derhal kald\u0131raca\u011f\u0131z.<\/p>\n<p>Ba\u011flant\u0131lar i\u00e7in sorumluluk<\/p>\n<p>Web sitemiz, i\u00e7eri\u011fi \u00fczerinde hi\u00e7bir etkimiz olmayan harici \u00fc\u00e7\u00fcnc\u00fc taraf web sitelerine ba\u011flant\u0131lar i\u00e7ermektedir. Bu nedenle, bu \u00fc\u00e7\u00fcnc\u00fc taraf i\u00e7eri\u011fi i\u00e7in herhangi bir sorumluluk kabul edemeyiz. Ba\u011flant\u0131l\u0131 sayfalar\u0131n i\u00e7eri\u011finden her zaman sayfalar\u0131n ilgili sa\u011flay\u0131c\u0131s\u0131 veya operat\u00f6r\u00fc sorumludur. Ba\u011flant\u0131 verilen sayfalar, ba\u011flant\u0131 verildi\u011fi s\u0131rada olas\u0131 yasal ihlallere kar\u015f\u0131 kontrol edilmi\u015ftir. Ba\u011flant\u0131 s\u0131ras\u0131nda yasa d\u0131\u015f\u0131 i\u00e7erikler tespit edilememi\u015ftir.<\/p>\n<p>Bununla birlikte, ba\u011flant\u0131l\u0131 sayfalar\u0131n i\u00e7eri\u011finin s\u00fcrekli olarak izlenmesi, bir ihlalin somut kan\u0131t\u0131 olmadan makul de\u011fildir. Herhangi bir yasal ihlalden haberdar olursak, bu t\u00fcr ba\u011flant\u0131lar\u0131 derhal kald\u0131raca\u011f\u0131z.<\/p>\n<p>Telif Hakk\u0131<\/p>\n<p>Bu sayfalarda site operat\u00f6rleri taraf\u0131ndan olu\u015fturulan i\u00e7erik ve eserler Alman telif hakk\u0131 yasas\u0131na tabidir. \u00c7o\u011faltma, i\u015fleme, da\u011f\u0131t\u0131m ve telif hakk\u0131 yasas\u0131n\u0131n s\u0131n\u0131rlar\u0131 d\u0131\u015f\u0131ndaki her t\u00fcrl\u00fc kullan\u0131m, ilgili yazar\u0131n veya yarat\u0131c\u0131n\u0131n yaz\u0131l\u0131 onay\u0131n\u0131 gerektirir. Bu sitenin indirilmesine ve kopyalanmas\u0131na yaln\u0131zca \u00f6zel, ticari olmayan kullan\u0131m i\u00e7in izin verilir.<\/p>\n<p>Bu sitedeki i\u00e7erik operat\u00f6r taraf\u0131ndan olu\u015fturulmad\u0131\u011f\u0131 s\u00fcrece, \u00fc\u00e7\u00fcnc\u00fc taraflar\u0131n telif haklar\u0131na sayg\u0131 duyulur. \u00d6zellikle, \u00fc\u00e7\u00fcnc\u00fc taraf i\u00e7eri\u011fi bu \u015fekilde etiketlenmi\u015ftir. Yine de bir telif hakk\u0131 ihlalinden haberdar olursan\u0131z, l\u00fctfen bizi uygun \u015fekilde bilgilendirin. Herhangi bir ihlalden haberdar olursak, bu t\u00fcr i\u00e7eri\u011fi derhal kald\u0131raca\u011f\u0131z.<\/p>","protected":false},"excerpt":{"rendered":"<p>Angaben gem\u00e4\u00df \u00a7 5 TMG M\u00fcller Werkzeugmaschinen Robotik &amp; Handelshaus e.K. Office: Turmstra\u00dfe 1 72351 Geislingen Lager: Auf der Hub 10 76307 Karlsbad Ust.-Id-Nr.: DE194044973 Kontakt: Telefon: +49 (0) 7428 9188869 Mobilt.: +49 (0) 151 61553657 E-Mail: office@mueller-wrh.de Handelsregistereintrag: Registergericht Amtsgericht Stuttgart Handelsregister: HRA 737211 Verantwortlich f\u00fcr den Inhalt nach \u00a7 55 Abs. 2 RStV [&hellip;]<\/p>\n","protected":false},"author":1,"featured_media":0,"parent":0,"menu_order":0,"comment_status":"closed","ping_status":"closed","template":"","meta":{"_uf_show_specific_survey":0,"_uf_disable_surveys":false,"footnotes":""},"class_list":["post-263","page","type-page","status-publish","hentry"],"aioseo_notices":[],"_links":{"self":[{"href":"https:\/\/mueller-wrh.de\/tr\/wp-json\/wp\/v2\/pages\/263","targetHints":{"allow":["GET"]}}],"collection":[{"href":"https:\/\/mueller-wrh.de\/tr\/wp-json\/wp\/v2\/pages"}],"about":[{"href":"https:\/\/mueller-wrh.de\/tr\/wp-json\/wp\/v2\/types\/page"}],"author":[{"embeddable":true,"href":"https:\/\/mueller-wrh.de\/tr\/wp-json\/wp\/v2\/users\/1"}],"replies":[{"embeddable":true,"href":"https:\/\/mueller-wrh.de\/tr\/wp-json\/wp\/v2\/comments?post=263"}],"version-history":[{"count":3,"href":"https:\/\/mueller-wrh.de\/tr\/wp-json\/wp\/v2\/pages\/263\/revisions"}],"predecessor-version":[{"id":3923,"href":"https:\/\/mueller-wrh.de\/tr\/wp-json\/wp\/v2\/pages\/263\/revisions\/3923"}],"wp:attachment":[{"href":"https:\/\/mueller-wrh.de\/tr\/wp-json\/wp\/v2\/media?parent=263"}],"curies":[{"name":"wp","href":"https:\/\/api.w.org\/{rel}","templated":true}]}}