{"id":23,"date":"2024-11-15T18:23:45","date_gmt":"2024-11-15T18:23:45","guid":{"rendered":"https:\/\/mueller-wrh.de\/start\/"},"modified":"2026-01-19T13:29:58","modified_gmt":"2026-01-19T13:29:58","slug":"start","status":"publish","type":"page","link":"https:\/\/mueller-wrh.de\/tr\/","title":{"rendered":"Start"},"content":{"rendered":"<div class=\"wp-block-group alignfull has-background-background-color has-background has-global-padding is-layout-constrained wp-container-core-group-is-layout-75294154 wp-block-group-is-layout-constrained\" style=\"padding-top:0;padding-right:0;padding-bottom:0;padding-left:0\">\n<div class=\"wp-block-columns alignfull has-foreground-color has-background-background-color has-text-color has-background is-layout-flex wp-container-core-columns-is-layout-a671db07 wp-block-columns-is-layout-flex\" style=\"padding-top:0;padding-right:0;padding-bottom:0;padding-left:0\">\n<div class=\"wp-block-column is-vertically-aligned-top is-layout-flow wp-block-column-is-layout-flow\" style=\"flex-basis:30%\">\n<div class=\"wp-block-cover\" style=\"min-height:70vh;aspect-ratio:unset;\"><img loading=\"lazy\" decoding=\"async\" width=\"1920\" height=\"2560\" class=\"wp-block-cover__image-background wp-image-540\" alt=\"\" src=\"https:\/\/mueller-wrh.de\/wp-content\/uploads\/2024\/11\/img_7694-1-scaled-1.jpg\" data-object-fit=\"cover\" srcset=\"https:\/\/mueller-wrh.de\/wp-content\/uploads\/2024\/11\/img_7694-1-scaled-1.jpg 1920w, https:\/\/mueller-wrh.de\/wp-content\/uploads\/2024\/11\/img_7694-1-scaled-1-9x12.jpg 9w, https:\/\/mueller-wrh.de\/wp-content\/uploads\/2024\/11\/img_7694-1-scaled-1-225x300.jpg 225w, https:\/\/mueller-wrh.de\/wp-content\/uploads\/2024\/11\/img_7694-1-scaled-1-768x1024.jpg 768w, https:\/\/mueller-wrh.de\/wp-content\/uploads\/2024\/11\/img_7694-1-scaled-1-1152x1536.jpg 1152w, https:\/\/mueller-wrh.de\/wp-content\/uploads\/2024\/11\/img_7694-1-scaled-1-1536x2048.jpg 1536w, https:\/\/mueller-wrh.de\/wp-content\/uploads\/2024\/11\/img_7694-1-scaled-1-600x800.jpg 600w\" sizes=\"auto, (max-width: 1920px) 100vw, 1920px\" \/><span aria-hidden=\"true\" class=\"wp-block-cover__background has-background-dim-10 has-background-dim\" style=\"background-color:#827b77\"><\/span><div class=\"wp-block-cover__inner-container is-layout-flow wp-block-cover-is-layout-flow\">\n<div style=\"height:480px\" aria-hidden=\"true\" class=\"wp-block-spacer\"><\/div>\n<\/div><\/div>\n<\/div>\n\n\n\n<div class=\"wp-block-column is-vertically-aligned-center is-layout-flow wp-block-column-is-layout-flow\" style=\"padding-top:var(--wp--preset--spacing--60);padding-right:var(--wp--preset--spacing--40);padding-bottom:var(--wp--preset--spacing--60);padding-left:var(--wp--preset--spacing--40);flex-basis:40%\">\n<div class=\"wp-block-group alignwide has-global-padding is-content-justification-center is-layout-constrained wp-container-core-group-is-layout-1c0f5e70 wp-block-group-is-layout-constrained\">\n<h2 class=\"wp-block-heading has-text-align-center has-foreground-color has-text-color\">Birinci s\u0131n\u0131f dan\u0131\u015fmanl\u0131k ve kullan\u0131lm\u0131\u015f CNC tak\u0131m tezgahlar\u0131 ve aksesuarlar\u0131n\u0131n sat\u0131\u015f\u0131.<\/h2>\n\n\n\n<p class=\"has-text-align-center\" style=\"margin-top:16px\">Almanya'da kullan\u0131lm\u0131\u015f tak\u0131m tezgahlar\u0131 konusunda lider orta\u011f\u0131n\u0131z M\u00dcLLER WERKZEUGMASCHINEN ROBOTIK &amp; HANDELSHAUS e.K.'ya ho\u015f geldiniz. Burada y\u00fcksek kaliteli makineler, aksesuarlar ve robotik \u00e7\u00f6z\u00fcmlerden olu\u015fan \u00f6zel bir se\u00e7ki bulacaks\u0131n\u0131z. \u00dcr\u00fcnlerimizi ke\u015ffedin ve birinci s\u0131n\u0131f makine se\u00e7eneklerimizden yararlan\u0131n.<\/p>\n\n\n\n<div class=\"wp-block-buttons is-content-justification-center is-layout-flex wp-container-core-buttons-is-layout-6e21085f wp-block-buttons-is-layout-flex\" style=\"margin-top:var(--wp--preset--spacing--40)\">\n<div class=\"wp-block-button\"><a class=\"wp-block-button__link wp-element-button\" href=\"https:\/\/mueller-wrh.de\/tr\/shop\/\">\u015eimdi ke\u015ffedin<\/a><\/div>\n<\/div>\n<\/div>\n<\/div>\n\n\n\n<div class=\"wp-block-column is-layout-flow wp-block-column-is-layout-flow\" style=\"flex-basis:30%\">\n<div class=\"wp-block-cover\" style=\"min-height:70vh;aspect-ratio:unset;\"><img loading=\"lazy\" decoding=\"async\" width=\"1536\" height=\"2048\" class=\"wp-block-cover__image-background wp-image-545\" alt=\"\" src=\"https:\/\/mueller-wrh.de\/wp-content\/uploads\/2024\/11\/img_4108-9.jpeg\" data-object-fit=\"cover\" srcset=\"https:\/\/mueller-wrh.de\/wp-content\/uploads\/2024\/11\/img_4108-9.jpeg 1536w, https:\/\/mueller-wrh.de\/wp-content\/uploads\/2024\/11\/img_4108-9-9x12.jpeg 9w, https:\/\/mueller-wrh.de\/wp-content\/uploads\/2024\/11\/img_4108-9-225x300.jpeg 225w, https:\/\/mueller-wrh.de\/wp-content\/uploads\/2024\/11\/img_4108-9-768x1024.jpeg 768w, https:\/\/mueller-wrh.de\/wp-content\/uploads\/2024\/11\/img_4108-9-1152x1536.jpeg 1152w, https:\/\/mueller-wrh.de\/wp-content\/uploads\/2024\/11\/img_4108-9-600x800.jpeg 600w\" sizes=\"auto, (max-width: 1536px) 100vw, 1536px\" \/><span aria-hidden=\"true\" class=\"wp-block-cover__background has-background-dim-10 has-background-dim\" style=\"background-color:#7c7a77\"><\/span><div class=\"wp-block-cover__inner-container is-layout-flow wp-block-cover-is-layout-flow\">\n<div style=\"height:480px\" aria-hidden=\"true\" class=\"wp-block-spacer\"><\/div>\n<\/div><\/div>\n<\/div>\n<\/div>\n<\/div>\n\n\n\n<div class=\"wp-block-group alignfull has-tertiary-background-color has-background has-global-padding is-layout-constrained wp-container-core-group-is-layout-7276a2bb wp-block-group-is-layout-constrained\" id=\"produkte\" style=\"margin-top:0;margin-bottom:0;padding-top:var(--wp--preset--spacing--60);padding-right:var(--wp--preset--spacing--30);padding-bottom:var(--wp--preset--spacing--60);padding-left:var(--wp--preset--spacing--30)\">\n<div class=\"wp-block-group alignwide has-global-padding is-content-justification-left is-layout-constrained wp-container-core-group-is-layout-8b4c372c wp-block-group-is-layout-constrained\">\n<h2 class=\"wp-block-heading alignwide has-large-font-size\">Birinci s\u0131n\u0131f kullan\u0131lm\u0131\u015f CNC makinelerinden olu\u015fan geni\u015f \u00fcr\u00fcn yelpazemizde, elbette hemen \u00e7evrimi\u00e7i sipari\u015f verebilece\u011finiz ilgin\u00e7 aksesuarlar da bulacaks\u0131n\u0131z<\/h2>\n\n\n\n<p style=\"margin-top:16px\">M\u00fcller Werkzeugmaschinen Robotik &amp; Handelshaus e.K.'ya ho\u015f geldiniz. Y\u00fcksek kaliteli makinelerimizi, robotlar\u0131m\u0131z\u0131 ve aksesuarlar\u0131m\u0131z\u0131 ke\u015ffedin, sipari\u015f verin ve profesyonel ve g\u00fcvenli bir \u015fekilde teslim edilmelerini sa\u011flay\u0131n. <\/p>\n\n\n\n<p style=\"margin-top:16px\">Fiyat teklifine mi ihtiyac\u0131n\u0131z var? Sorun de\u011fil, biz hizmetinizdeyiz.<\/p>\n<\/div>\n\n\n\n<div class=\"wp-block-columns alignwide is-layout-flex wp-container-core-columns-is-layout-28f84493 wp-block-columns-is-layout-flex\">\n<div class=\"wp-block-column is-layout-flow wp-block-column-is-layout-flow\">\n<figure class=\"wp-block-image size-full\"><a href=\"\/tr\/mueller-wrh.de\/shop\/\"><img loading=\"lazy\" decoding=\"async\" width=\"1920\" height=\"2560\" src=\"https:\/\/mueller-wrh.de\/wp-content\/uploads\/2024\/11\/img_7915-3-scaled-1.jpg\" alt=\"\" class=\"wp-image-518\" style=\"aspect-ratio:1;object-fit:cover\" srcset=\"https:\/\/mueller-wrh.de\/wp-content\/uploads\/2024\/11\/img_7915-3-scaled-1.jpg 1920w, https:\/\/mueller-wrh.de\/wp-content\/uploads\/2024\/11\/img_7915-3-scaled-1-9x12.jpg 9w, https:\/\/mueller-wrh.de\/wp-content\/uploads\/2024\/11\/img_7915-3-scaled-1-225x300.jpg 225w, https:\/\/mueller-wrh.de\/wp-content\/uploads\/2024\/11\/img_7915-3-scaled-1-768x1024.jpg 768w, https:\/\/mueller-wrh.de\/wp-content\/uploads\/2024\/11\/img_7915-3-scaled-1-1152x1536.jpg 1152w, https:\/\/mueller-wrh.de\/wp-content\/uploads\/2024\/11\/img_7915-3-scaled-1-1536x2048.jpg 1536w, https:\/\/mueller-wrh.de\/wp-content\/uploads\/2024\/11\/img_7915-3-scaled-1-600x800.jpg 600w\" sizes=\"auto, (max-width: 1920px) 100vw, 1920px\" \/><\/a><\/figure>\n\n\n\n<h3 class=\"wp-block-heading has-text-align-left\" style=\"margin-top:20px;font-size:clamp(14px, 0.875rem + ((1vw - 3.2px) * 0.417), 18px);\">CNC kayar mesnetli torna tezgahlar\u0131<\/h3>\n\n\n\n<p class=\"has-small-font-size\" style=\"margin-top:4px;font-style:normal;font-weight:700\"><\/p>\n<\/div>\n\n\n\n<div class=\"wp-block-column is-layout-flow wp-block-column-is-layout-flow\">\n<figure class=\"wp-block-image size-full\"><a href=\"\/tr\/mueller-wrh.de\/shop\/\"><img loading=\"lazy\" decoding=\"async\" width=\"1536\" height=\"2048\" src=\"https:\/\/mueller-wrh.de\/wp-content\/uploads\/2024\/11\/img_4102-9.jpeg\" alt=\"\" class=\"wp-image-553\" style=\"aspect-ratio:1;object-fit:cover\"\/><\/a><\/figure>\n\n\n\n<h3 class=\"wp-block-heading has-text-align-left\" style=\"margin-top:20px;font-size:clamp(14px, 0.875rem + ((1vw - 3.2px) * 0.417), 18px);\">Kullan\u0131lm\u0131\u015f tak\u0131m tutucular<\/h3>\n\n\n\n<p class=\"has-small-font-size\" style=\"margin-top:4px;font-style:normal;font-weight:700\"><\/p>\n<\/div>\n\n\n\n<div class=\"wp-block-column is-layout-flow wp-block-column-is-layout-flow\">\n<figure class=\"wp-block-image size-full\"><a href=\"https:\/\/mueller-wrh.de\/tr\/shop\/\"><img decoding=\"async\" src=\"https:\/\/mueller-wrh.de\/wp-content\/uploads\/2024\/11\/tempImagevtsDOh.heic\" alt=\"\" class=\"wp-image-323\" style=\"aspect-ratio:1;object-fit:cover\"\/><\/a><\/figure>\n\n\n\n<h3 class=\"wp-block-heading has-text-align-left\" style=\"margin-top:20px;font-size:clamp(14px, 0.875rem + ((1vw - 3.2px) * 0.417), 18px);\">CNC kayar mesnetli torna tezgahlar\u0131<\/h3>\n<\/div>\n\n\n\n<div class=\"wp-block-column is-layout-flow wp-block-column-is-layout-flow\">\n<figure class=\"wp-block-image size-full\"><a href=\"\/tr\/mueller-wrh.de\/shop\/\"><img decoding=\"async\" src=\"https:\/\/mueller-wrh.de\/wp-content\/uploads\/2024\/11\/tempImage3OFA7r.heic\" alt=\"\" class=\"wp-image-324\" style=\"aspect-ratio:1;object-fit:cover\"\/><\/a><\/figure>\n\n\n\n<h3 class=\"wp-block-heading has-text-align-left\" style=\"margin-top:20px;font-size:clamp(14px, 0.875rem + ((1vw - 3.2px) * 0.417), 18px);\">Ya\u011f buhar\u0131 \u00e7\u0131karma sistemleri<\/h3>\n\n\n\n<p class=\"has-small-font-size\" style=\"margin-top:4px;font-style:normal;font-weight:700\"><\/p>\n<\/div>\n<\/div>\n\n\n\n<div class=\"wp-block-columns alignwide is-layout-flex wp-container-core-columns-is-layout-28f84493 wp-block-columns-is-layout-flex\">\n<div class=\"wp-block-column is-layout-flow wp-block-column-is-layout-flow\">\n<figure class=\"wp-block-image size-full\"><a href=\"https:\/\/mueller-wrh.de\/tr\/shop\/\"><img decoding=\"async\" src=\"https:\/\/mueller-wrh.de\/wp-content\/uploads\/2024\/11\/tempImage8MKLaU.heic\" alt=\"\" class=\"wp-image-325\" style=\"aspect-ratio:1;object-fit:cover\"\/><\/a><\/figure>\n\n\n\n<h3 class=\"wp-block-heading has-text-align-left\" style=\"margin-top:20px;font-size:clamp(14px, 0.875rem + ((1vw - 3.2px) * 0.417), 18px);\">CNC torna tezgahlar\u0131<\/h3>\n\n\n\n<p class=\"has-small-font-size\" style=\"margin-top:4px;font-style:normal;font-weight:700\"><\/p>\n<\/div>\n\n\n\n<div class=\"wp-block-column is-layout-flow wp-block-column-is-layout-flow\">\n<figure class=\"wp-block-image size-full\"><a href=\"https:\/\/mueller-wrh.de\/tr\/shop\/\"><img decoding=\"async\" src=\"https:\/\/mueller-wrh.de\/wp-content\/uploads\/2024\/11\/tempImageugqdQL.heic\" alt=\"\" class=\"wp-image-326\" style=\"aspect-ratio:1;object-fit:cover\"\/><\/a><\/figure>\n\n\n\n<h3 class=\"wp-block-heading has-text-align-left\" style=\"margin-top:20px;font-size:clamp(14px, 0.875rem + ((1vw - 3.2px) * 0.417), 18px);\">Ya\u011f buhar\u0131 \u00e7\u0131karma sistemleri<\/h3>\n\n\n\n<p class=\"has-small-font-size\" style=\"margin-top:4px;font-style:normal;font-weight:700\"><\/p>\n<\/div>\n\n\n\n<div class=\"wp-block-column is-layout-flow wp-block-column-is-layout-flow\">\n<figure class=\"wp-block-image size-full\"><a href=\"https:\/\/mueller-wrh.de\/tr\/shop\/\"><img decoding=\"async\" src=\"https:\/\/mueller-wrh.de\/wp-content\/uploads\/2024\/11\/tempImageWLRl2d.heic\" alt=\"\" class=\"wp-image-327\" style=\"aspect-ratio:1;object-fit:cover\"\/><\/a><\/figure>\n\n\n\n<h3 class=\"wp-block-heading has-text-align-left\" style=\"margin-top:20px;font-size:clamp(14px, 0.875rem + ((1vw - 3.2px) * 0.417), 18px);\">Pirin\u00e7 jig ta\u015flama makineleri<\/h3>\n\n\n\n<p class=\"has-small-font-size\" style=\"margin-top:4px;font-style:normal;font-weight:700\"><\/p>\n<\/div>\n\n\n\n<div class=\"wp-block-column is-layout-flow wp-block-column-is-layout-flow\">\n<figure class=\"wp-block-image size-full\"><a href=\"https:\/\/mueller-wrh.de\/tr\/shop\/\"><img decoding=\"async\" src=\"https:\/\/mueller-wrh.de\/wp-content\/uploads\/2024\/11\/tempImage9wnHf9.heic\" alt=\"\" class=\"wp-image-328\" style=\"aspect-ratio:1;object-fit:cover\"\/><\/a><\/figure>\n\n\n\n<h3 class=\"wp-block-heading has-text-align-left\" style=\"margin-top:20px;font-size:clamp(14px, 0.875rem + ((1vw - 3.2px) * 0.417), 18px);\">CNC i\u015fleme merkezleri<\/h3>\n\n\n\n<p class=\"has-small-font-size\" style=\"margin-top:4px;font-style:normal;font-weight:700\"><\/p>\n<\/div>\n<\/div>\n<\/div>","protected":false},"excerpt":{"rendered":"<p>Erstklassige Beratung und Verkauf von gebrauchten CNC-Werkzeugmaschinen und Zubeh\u00f6r. Willkommen bei M\u00dcLLER WERKZEUGMASCHINEN ROBOTIK &amp; HANDELSHAUS e.K., Ihrem f\u00fchrenden Partner f\u00fcr gebrauchte Werkzeugmaschinen in Deutschland. Bei uns finden Sie eine exklusive Auswahl an hochwertigen Maschinen, Zubeh\u00f6r und Robotikl\u00f6sungen. Entdecken Sie unsere Produkte und profitieren Sie von unserer erstklassigen Maschinenauswahl. In unserem umfangreichen Sortiment an erstklassigen [&hellip;]<\/p>\n","protected":false},"author":1,"featured_media":0,"parent":0,"menu_order":0,"comment_status":"closed","ping_status":"closed","template":"no-title","meta":{"_uf_show_specific_survey":0,"_uf_disable_surveys":false,"footnotes":""},"class_list":["post-23","page","type-page","status-publish","hentry"],"aioseo_notices":[],"_links":{"self":[{"href":"https:\/\/mueller-wrh.de\/tr\/wp-json\/wp\/v2\/pages\/23","targetHints":{"allow":["GET"]}}],"collection":[{"href":"https:\/\/mueller-wrh.de\/tr\/wp-json\/wp\/v2\/pages"}],"about":[{"href":"https:\/\/mueller-wrh.de\/tr\/wp-json\/wp\/v2\/types\/page"}],"author":[{"embeddable":true,"href":"https:\/\/mueller-wrh.de\/tr\/wp-json\/wp\/v2\/users\/1"}],"replies":[{"embeddable":true,"href":"https:\/\/mueller-wrh.de\/tr\/wp-json\/wp\/v2\/comments?post=23"}],"version-history":[{"count":10,"href":"https:\/\/mueller-wrh.de\/tr\/wp-json\/wp\/v2\/pages\/23\/revisions"}],"predecessor-version":[{"id":4709,"href":"https:\/\/mueller-wrh.de\/tr\/wp-json\/wp\/v2\/pages\/23\/revisions\/4709"}],"wp:attachment":[{"href":"https:\/\/mueller-wrh.de\/tr\/wp-json\/wp\/v2\/media?parent=23"}],"curies":[{"name":"wp","href":"https:\/\/api.w.org\/{rel}","templated":true}]}}