{"id":20,"date":"2024-11-15T18:23:44","date_gmt":"2024-11-15T18:23:44","guid":{"rendered":"https:\/\/mueller-wrh.de\/kontakt\/"},"modified":"2024-11-17T17:42:11","modified_gmt":"2024-11-17T17:42:11","slug":"kontakt","status":"publish","type":"page","link":"https:\/\/mueller-wrh.de\/tr\/kontakt\/","title":{"rendered":"Bize ula\u015f\u0131n"},"content":{"rendered":"<div class=\"wp-block-group alignfull has-background-background-color has-background has-global-padding is-layout-constrained wp-block-group-is-layout-constrained\" style=\"margin-top:0;margin-bottom:0;padding-top:0;padding-bottom:0\">\n<div class=\"wp-block-cover alignfull\" style=\"padding-top:0;padding-right:var(--wp--preset--spacing--30);padding-bottom:0;padding-left:var(--wp--preset--spacing--30);min-height:50px;aspect-ratio:unset;\"><span aria-hidden=\"true\" class=\"wp-block-cover__background has-black-background-color has-background-dim-60 has-background-dim\"><\/span><img loading=\"lazy\" decoding=\"async\" width=\"1280\" height=\"960\" class=\"wp-block-cover__image-background wp-image-33\" alt=\"\" src=\"https:\/\/mueller-wrh.de\/wp-content\/uploads\/2024\/11\/cdff33ad14897f92f13c3f886e68cdbdbe56a077.jpg\" data-object-fit=\"cover\" srcset=\"https:\/\/mueller-wrh.de\/wp-content\/uploads\/2024\/11\/cdff33ad14897f92f13c3f886e68cdbdbe56a077.jpg 1280w, https:\/\/mueller-wrh.de\/wp-content\/uploads\/2024\/11\/cdff33ad14897f92f13c3f886e68cdbdbe56a077-16x12.jpg 16w, https:\/\/mueller-wrh.de\/wp-content\/uploads\/2024\/11\/cdff33ad14897f92f13c3f886e68cdbdbe56a077-300x225.jpg 300w, https:\/\/mueller-wrh.de\/wp-content\/uploads\/2024\/11\/cdff33ad14897f92f13c3f886e68cdbdbe56a077-768x576.jpg 768w, https:\/\/mueller-wrh.de\/wp-content\/uploads\/2024\/11\/cdff33ad14897f92f13c3f886e68cdbdbe56a077-1024x768.jpg 1024w, https:\/\/mueller-wrh.de\/wp-content\/uploads\/2024\/11\/cdff33ad14897f92f13c3f886e68cdbdbe56a077-600x450.jpg 600w\" sizes=\"auto, (max-width: 1280px) 100vw, 1280px\" \/><div class=\"wp-block-cover__inner-container is-layout-flow wp-block-cover-is-layout-flow\">\n<div class=\"wp-block-group has-global-padding is-layout-constrained wp-block-group-is-layout-constrained\" style=\"padding-top:var(--wp--preset--spacing--60);padding-bottom:var(--wp--preset--spacing--60)\">\n<h1 class=\"wp-block-heading alignwide has-text-align-left has-text-color has-x-large-font-size\" style=\"color:#fffffffc\">Ekibimiz size tavsiyelerde bulunmaktan mutluluk duyacakt\u0131r!<\/h1>\n<\/div>\n<\/div><\/div>\n<\/div>\n\n\n\n<div class=\"wp-block-group alignfull has-tertiary-background-color has-background has-global-padding is-layout-constrained wp-block-group-is-layout-constrained\" id=\"kontakt\" style=\"margin-top:0;margin-bottom:0;padding-top:var(--wp--preset--spacing--60);padding-bottom:var(--wp--preset--spacing--60)\">\n<div class=\"wp-block-columns alignwide is-layout-flex wp-container-core-columns-is-layout-08c01c1c wp-block-columns-is-layout-flex\">\n<div class=\"wp-block-column is-layout-flow wp-block-column-is-layout-flow\">\n<h2 class=\"wp-block-heading has-large-font-size\">Size bireysel ve ki\u015fisel olarak tavsiyelerde bulunuyoruz<\/h2>\n\n\n\n<p style=\"margin-top:16px\">Sorular\u0131n\u0131z veya bilgi almak i\u00e7in istedi\u011finiz zaman bizimle ileti\u015fime ge\u00e7ebilirsiniz. G\u00fcler y\u00fczl\u00fc ekibimiz size yard\u0131mc\u0131 olmaktan mutluluk duyacakt\u0131r.<\/p>\n<\/div>\n\n\n\n<div class=\"wp-block-column is-layout-flow wp-block-column-is-layout-flow\">\n<div class=\"wp-block-contact-form-7-contact-form-selector\">\n<div class=\"wpcf7 no-js\" id=\"wpcf7-f16-o1\" lang=\"de-DE\" dir=\"ltr\" data-wpcf7-id=\"16\">\n<div class=\"screen-reader-response\"><p role=\"status\" aria-live=\"polite\" aria-atomic=\"true\"><\/p> <ul><\/ul><\/div>\n<form action=\"\/tr\/wp-json\/wp\/v2\/pages\/20#wpcf7-f16-o1\" method=\"post\" class=\"wpcf7-form init\" aria-label=\"\u0130leti\u015fim formu\" novalidate=\"novalidate\" data-status=\"init\" data-trp-original-action=\"\/tr\/wp-json\/wp\/v2\/pages\/20#wpcf7-f16-o1\">\n<fieldset class=\"hidden-fields-container\"><input type=\"hidden\" name=\"_wpcf7\" value=\"16\" \/><input type=\"hidden\" name=\"_wpcf7_version\" value=\"6.1.5\" \/><input type=\"hidden\" name=\"_wpcf7_locale\" value=\"de_DE\" \/><input type=\"hidden\" name=\"_wpcf7_unit_tag\" value=\"wpcf7-f16-o1\" \/><input type=\"hidden\" name=\"_wpcf7_container_post\" value=\"0\" \/><input type=\"hidden\" name=\"_wpcf7_posted_data_hash\" value=\"\" \/><input type=\"hidden\" name=\"_wpcf7_recaptcha_response\" value=\"\" \/>\n<\/fieldset>\n<p><label> \u0130sim<br \/>\n<span class=\"wpcf7-form-control-wrap\" data-name=\"your-name\"><input size=\"40\" maxlength=\"400\" class=\"wpcf7-form-control wpcf7-text wpcf7-validates-as-required\" autocomplete=\"name\" aria-required=\"true\" aria-invalid=\"false\" value=\"\" type=\"text\" name=\"your-name\" \/><\/span> <\/label>\n<\/p>\n<p><label> E-posta adresi<br \/>\n<span class=\"wpcf7-form-control-wrap\" data-name=\"your-email\"><input size=\"40\" maxlength=\"400\" class=\"wpcf7-form-control wpcf7-email wpcf7-validates-as-required wpcf7-text wpcf7-validates-as-email\" autocomplete=\"email\" aria-required=\"true\" aria-invalid=\"false\" value=\"\" type=\"email\" name=\"your-email\" \/><\/span> <\/label>\n<\/p>\n<p><label> Phone<br \/>\n<span class=\"wpcf7-form-control-wrap\" data-name=\"tel-795\"><input size=\"40\" maxlength=\"400\" class=\"wpcf7-form-control wpcf7-tel wpcf7-validates-as-required wpcf7-text wpcf7-validates-as-tel\" autocomplete=\"tel\" aria-required=\"true\" aria-invalid=\"false\" value=\"\" type=\"tel\" name=\"tel-795\" \/><\/span> <\/label>\n<\/p>\n<p><label> Konu<br \/>\n<span class=\"wpcf7-form-control-wrap\" data-name=\"your-subject\"><input size=\"40\" maxlength=\"400\" class=\"wpcf7-form-control wpcf7-text wpcf7-validates-as-required\" aria-required=\"true\" aria-invalid=\"false\" value=\"\" type=\"text\" name=\"your-subject\" \/><\/span> <\/label>\n<\/p>\n<p><label> Mesaj<br \/>\n<span class=\"wpcf7-form-control-wrap\" data-name=\"text-622\"><input size=\"40\" maxlength=\"400\" class=\"wpcf7-form-control wpcf7-text wpcf7-validates-as-required\" aria-required=\"true\" aria-invalid=\"false\" value=\"\" type=\"text\" name=\"text-622\" \/><\/span> <\/label>\n<\/p>\n\n<p><input class=\"wpcf7-form-control wpcf7-submit has-spinner\" type=\"submit\" value=\"G\u00f6nder\" \/>\n<\/p><p style=\"display: none !important;\" class=\"akismet-fields-container\" data-prefix=\"_wpcf7_ak_\"><label>\u0394<textarea name=\"_wpcf7_ak_hp_textarea\" cols=\"45\" rows=\"8\" maxlength=\"100\"><\/textarea><\/label><input type=\"hidden\" id=\"ak_js_1\" name=\"_wpcf7_ak_js\" value=\"75\"\/><script>document.getElementById( \"ak_js_1\" ).setAttribute( \"value\", ( new Date() ).getTime() );<\/script><\/p><div class=\"wpcf7-response-output\" aria-hidden=\"true\"><\/div>\n<input type=\"hidden\" name=\"trp-form-language\" value=\"tr\"\/><\/form>\n<\/div>\n<\/div>\n<\/div>\n<\/div>\n<\/div>\n\n\n\n<div class=\"wp-block-group alignfull has-background-background-color has-background has-global-padding is-layout-constrained wp-container-core-group-is-layout-c03f3b2a wp-block-group-is-layout-constrained\" style=\"padding-top:var(--wp--preset--spacing--60);padding-right:var(--wp--preset--spacing--30);padding-bottom:var(--wp--preset--spacing--60);padding-left:var(--wp--preset--spacing--30)\">\n<div class=\"wp-block-media-text alignwide has-media-on-the-right is-stacked-on-mobile is-vertically-aligned-center is-image-fill-element\" style=\"padding-right:0;padding-left:0;grid-template-columns:auto 40%\"><div class=\"wp-block-media-text__content\">\n<div class=\"wp-block-group has-global-padding is-content-justification-left is-layout-constrained wp-container-core-group-is-layout-cdff7eec wp-block-group-is-layout-constrained\" style=\"padding-top:var(--wp--preset--spacing--30);padding-right:0;padding-bottom:var(--wp--preset--spacing--30);padding-left:0\">\n<h2 class=\"wp-block-heading has-large-font-size\">Yenilik\u00e7i makine \u00e7\u00f6z\u00fcmlerimiz! Aksesuarlarla ideal makinenizi bulun!<\/h2>\n\n\n\n<p style=\"margin-top:16px\">M\u00fcller Werkzeugmaschinen Robotik &amp; Handelshaus e.K., tak\u0131m tezgahlar\u0131 i\u00e7in lider orta\u011f\u0131n\u0131z! Tekliflerimizi ke\u015ffedin ve kendinizi birinci s\u0131n\u0131f tavsiyelerimize ikna edin.<\/p>\n\n\n\n<ul style=\"line-height:2\" class=\"wp-block-list has-small-font-size\">\n<li>\u00c7e\u015fitli se\u00e7enekler<\/li>\n\n\n\n<li>Birinci s\u0131n\u0131f makineler<\/li>\n\n\n\n<li>M\u00fc\u015fteri odakl\u0131 dan\u0131\u015fmanl\u0131k<\/li>\n\n\n\n<li>\u00d6zelle\u015ftirilmi\u015f \u00e7\u00f6z\u00fcmler<\/li>\n\n\n\n<li>Kapsaml\u0131 deneyim<\/li>\n<\/ul>\n\n\n\n<div class=\"wp-block-buttons is-layout-flex wp-container-core-buttons-is-layout-12dcd427 wp-block-buttons-is-layout-flex\" style=\"margin-top:var(--wp--preset--spacing--40)\">\n<div class=\"wp-block-button\"><a class=\"wp-block-button__link wp-element-button\" href=\"https:\/\/mueller-wrh.de\/tr\/shop\/\">\u015eimdi sipari\u015f verin<\/a><\/div>\n<\/div>\n<\/div>\n<\/div><figure class=\"wp-block-media-text__media\"><img loading=\"lazy\" decoding=\"async\" width=\"965\" height=\"1024\" src=\"https:\/\/mueller-wrh.de\/wp-content\/uploads\/2024\/11\/451-59-00-scaled-1-965x1024.jpeg\" alt=\"\" class=\"wp-image-181 size-full\" style=\"object-position:50% 50%\" srcset=\"https:\/\/mueller-wrh.de\/wp-content\/uploads\/2024\/11\/451-59-00-scaled-1-965x1024.jpeg 965w, https:\/\/mueller-wrh.de\/wp-content\/uploads\/2024\/11\/451-59-00-scaled-1-11x12.jpeg 11w, https:\/\/mueller-wrh.de\/wp-content\/uploads\/2024\/11\/451-59-00-scaled-1-283x300.jpeg 283w, https:\/\/mueller-wrh.de\/wp-content\/uploads\/2024\/11\/451-59-00-scaled-1-768x815.jpeg 768w, https:\/\/mueller-wrh.de\/wp-content\/uploads\/2024\/11\/451-59-00-scaled-1-1447x1536.jpeg 1447w, https:\/\/mueller-wrh.de\/wp-content\/uploads\/2024\/11\/451-59-00-scaled-1-1930x2048.jpeg 1930w, https:\/\/mueller-wrh.de\/wp-content\/uploads\/2024\/11\/451-59-00-scaled-1-600x637.jpeg 600w\" sizes=\"auto, (max-width: 965px) 100vw, 965px\" \/><\/figure><\/div>\n<\/div>\n\n\n\n<p><\/p>","protected":false},"excerpt":{"rendered":"<p>Wir beraten Sie individuell und pers\u00f6nlich F\u00fcr Fragen oder Informationen erreichen Sie uns jederzeit. Unser freundliches Team hilft Ihnen gerne weiter. Unsere innovativen Maschinenl\u00f6sungen! Finden Sie Ihre ideale Maschine mit Zubeh\u00f6r! M\u00fcller Werkzeugmaschinen Robotik &amp; Handelshaus e.K., Ihrem f\u00fchrenden Partner f\u00fcr Werkzeugmaschinen! Entdecken Sie unsere Angebote und \u00fcberzeugen Sie sich von unserer erstklassigen Beratung.<\/p>","protected":false},"author":1,"featured_media":0,"parent":0,"menu_order":0,"comment_status":"closed","ping_status":"closed","template":"no-title","meta":{"_uf_show_specific_survey":0,"_uf_disable_surveys":false,"footnotes":""},"class_list":["post-20","page","type-page","status-publish","hentry"],"aioseo_notices":[],"_links":{"self":[{"href":"https:\/\/mueller-wrh.de\/tr\/wp-json\/wp\/v2\/pages\/20","targetHints":{"allow":["GET"]}}],"collection":[{"href":"https:\/\/mueller-wrh.de\/tr\/wp-json\/wp\/v2\/pages"}],"about":[{"href":"https:\/\/mueller-wrh.de\/tr\/wp-json\/wp\/v2\/types\/page"}],"author":[{"embeddable":true,"href":"https:\/\/mueller-wrh.de\/tr\/wp-json\/wp\/v2\/users\/1"}],"replies":[{"embeddable":true,"href":"https:\/\/mueller-wrh.de\/tr\/wp-json\/wp\/v2\/comments?post=20"}],"version-history":[{"count":7,"href":"https:\/\/mueller-wrh.de\/tr\/wp-json\/wp\/v2\/pages\/20\/revisions"}],"predecessor-version":[{"id":799,"href":"https:\/\/mueller-wrh.de\/tr\/wp-json\/wp\/v2\/pages\/20\/revisions\/799"}],"wp:attachment":[{"href":"https:\/\/mueller-wrh.de\/tr\/wp-json\/wp\/v2\/media?parent=20"}],"curies":[{"name":"wp","href":"https:\/\/api.w.org\/{rel}","templated":true}]}}