{"id":5602,"date":"2026-05-14T10:53:23","date_gmt":"2026-05-14T10:53:23","guid":{"rendered":"https:\/\/mueller-wrh.de\/produkt\/citizen-miyano-bne-65myy-bj-2023_-intnr231583\/"},"modified":"2026-05-14T10:53:23","modified_gmt":"2026-05-14T10:53:23","slug":"citizen-miyano-bne-65myy-bj-2023_-intnr231583","status":"publish","type":"product","link":"https:\/\/mueller-wrh.de\/pt\/produto\/citizen-miyano-bne-65myy-bj-2023_-intnr231583\/","title":{"rendered":"Citizen Miyano BNE-65MYY, Bj. 2023_ IntNr231583"},"content":{"rendered":"<p><b>Localiza\u00e7\u00e3o:<\/b> Alemanha, Baden-W\u00fcrttemberg Sudoeste<\/p>\n<p><b>Estado:<\/b> Usado<\/p>\n<p><b>Fabricante:<\/b> Miyano<\/p>\n<p><b>Modelo:<\/b> BNE-65 MYY<\/p>\n<p><b>Ano de constru\u00e7\u00e3o:<\/b> 2023<\/p>\n<p>CNC-Kurzdrehautomat \u2013 Citizen Miyano BNE-65 MYY<br \/>\nEstado: Muito bom, pronto a funcionar<br \/>\nDisponibilidade: Curto prazo<\/p>\n<p>Technische Kurzbeschreibung<\/p>\n<p>Fabrikat: Miyano<br \/>\nTyp: BNE 65 MYY<br \/>\nAno de constru\u00e7\u00e3o: 2023<br \/>\nSteuerung: Mitsubishi M800<\/p>\n<p>Equipamento:<\/p>\n<p>Fuso principal e contra-fuso<br \/>\n2- Y-Achse<br \/>\nFerramentas orientadas<br \/>\nMehrkanalsteuerung<br \/>\nTransportador de aparas<br \/>\nStangenlader <\/p>\n<p>Dist\u00e2ncias de desloca\u00e7\u00e3o:<\/p>\n<p>X-Achse: ca. 260 mm<br \/>\nY-Achse: ca. \u00b150 mm<br \/>\nZ-Achse: ca. 800 mm<\/p>\n<p>Drehzahlen &amp; Leistungen:<\/p>\n<p>Hauptspindel: bis ca. 5.000 U\/min, ca. 15\u201318 kW<br \/>\nGegenspindel: bis ca. 5.000 U\/min, ca. 11\u201315 kW<br \/>\nAngetriebene Werkzeuge: bis ca. 6.000 U\/min, ca. 3\u20135 kW<\/p>\n<p>M\u00e1quina totalmente funcional do ponto de vista el\u00e9trico e mec\u00e2nico<br \/>\nDocumenta\u00e7\u00e3o t\u00e9cnica completa dispon\u00edvel<\/p>\n<p>A m\u00e1quina pode ser inspeccionada sob tens\u00e3o mediante marca\u00e7\u00e3o pr\u00e9via.<br \/>\nReservado o direito a altera\u00e7\u00f5es e erros nos dados t\u00e9cnicos e informa\u00e7\u00f5es, bem como a venda pr\u00e9via!<\/p>\n<p>CNC Sliding Head Lathe \u2013 Miyano BNE-65 MYY<br \/>\nCondition: Very good, fully operational<br \/>\nAvailability: Short-term<\/p>\n<p>Technical Description<\/p>\n<p>Make: Miyano<br \/>\nModel: BNE 65 MYY<br \/>\nAno de fabrico: 2023<br \/>\nControl system: Mitsubishi M800<\/p>\n<p>Equipamento:<br \/>\nMain spindle and sub spindle<br \/>\n2 Y-axes (Y1 &amp; Y2)<br \/>\nFerramentas orientadas<br \/>\nMulti-channel control<br \/>\nTransportador de aparas<br \/>\nBar feeder interface<br \/>\nDist\u00e2ncias de desloca\u00e7\u00e3o:<br \/>\nX-axis: approx. 260 mm<br \/>\nY-axis: approx. \u00b150 mm<br \/>\nZ-axis: approx. 800 mm<br \/>\nSpindle speeds &amp; power:<br \/>\nMain spindle: up to approx. 5,000 rpm, approx. 15\u201318 kW<br \/>\nSub spindle: up to approx. 5,000 rpm, approx. 11\u201315 kW<br \/>\nDriven tools: up to approx. 6,000 rpm, approx. 3\u20135 kW<\/p>\n<p>The machine is fully mechanically and electrically operational.<br \/>\nComplete technical documentation is available.<\/p>\n<p>A m\u00e1quina pode ser inspeccionada sob tens\u00e3o mediante marca\u00e7\u00e3o pr\u00e9via.<\/p>\n<p>Subject to prior sale, errors, and changes in technical data and specifications.<\/p>","protected":false},"excerpt":{"rendered":"<p>Standort: Deutschland, Baden-W\u00fcrttemberg S\u00fcdwest Zustand: Gebraucht Hersteller: Miyano Modell: BNE-65 MYY Baujahr: 2023 CNC-Kurzdrehautomat \u2013 Citizen Miyano BNE-65 MYY Zustand: Sehr gut, betriebsbereit Verf\u00fcgbarkeit: Kurzfristig Technische Kurzbeschreibung Fabrikat: Miyano Typ: BNE 65 MYY Baujahr: 2023 Steuerung: Mitsubishi M800 Ausstattung: Haupt- und Gegenspindel 2- Y-Achse Angetriebene Werkzeuge Mehrkanalsteuerung Sp\u00e4nef\u00f6rderer Stangenlader Verfahrwege: X-Achse: ca. 260 mm Y-Achse: [&hellip;]<\/p>\n","protected":false},"featured_media":5595,"comment_status":"open","ping_status":"closed","template":"","meta":{"_uf_show_specific_survey":0,"_uf_disable_surveys":false},"product_brand":[],"product_cat":[89],"product_tag":[],"class_list":{"0":"post-5602","1":"product","2":"type-product","3":"status-publish","4":"has-post-thumbnail","6":"product_cat-cnc-kurzdrehmaschinen","8":"first","9":"instock","10":"taxable","11":"shipping-taxable","12":"product-type-simple"},"aioseo_notices":[],"_links":{"self":[{"href":"https:\/\/mueller-wrh.de\/pt\/wp-json\/wp\/v2\/product\/5602","targetHints":{"allow":["GET"]}}],"collection":[{"href":"https:\/\/mueller-wrh.de\/pt\/wp-json\/wp\/v2\/product"}],"about":[{"href":"https:\/\/mueller-wrh.de\/pt\/wp-json\/wp\/v2\/types\/product"}],"replies":[{"embeddable":true,"href":"https:\/\/mueller-wrh.de\/pt\/wp-json\/wp\/v2\/comments?post=5602"}],"wp:featuredmedia":[{"embeddable":true,"href":"https:\/\/mueller-wrh.de\/pt\/wp-json\/wp\/v2\/media\/5595"}],"wp:attachment":[{"href":"https:\/\/mueller-wrh.de\/pt\/wp-json\/wp\/v2\/media?parent=5602"}],"wp:term":[{"taxonomy":"product_brand","embeddable":true,"href":"https:\/\/mueller-wrh.de\/pt\/wp-json\/wp\/v2\/product_brand?post=5602"},{"taxonomy":"product_cat","embeddable":true,"href":"https:\/\/mueller-wrh.de\/pt\/wp-json\/wp\/v2\/product_cat?post=5602"},{"taxonomy":"product_tag","embeddable":true,"href":"https:\/\/mueller-wrh.de\/pt\/wp-json\/wp\/v2\/product_tag?post=5602"}],"curies":[{"name":"wp","href":"https:\/\/api.w.org\/{rel}","templated":true}]}}