{"id":5461,"date":"2026-04-28T15:55:06","date_gmt":"2026-04-28T15:55:06","guid":{"rendered":"https:\/\/mueller-wrh.de\/produkt\/cnc-dn-solutions-doosan-leo-1600-bj-23_-intnr231501\/"},"modified":"2026-04-28T15:55:06","modified_gmt":"2026-04-28T15:55:06","slug":"cnc-dn-solutions-doosan-leo-1600-bj-23_-intnr231501","status":"publish","type":"product","link":"https:\/\/mueller-wrh.de\/pt\/produto\/cnc-dn-solutions-doosan-leo-1600-bj-23_-intnr231501\/","title":{"rendered":"Solu\u00e7\u00f5es CNC DN Doosan LEO 1600, ano de fabrico `23_ IntNr231501"},"content":{"rendered":"<p><b>Localiza\u00e7\u00e3o:<\/b> Alemanha, Baden-W\u00fcrttemberg Sudoeste<\/p>\n<p><b>Estado:<\/b> Usado<\/p>\n<p><b>Fabricante:<\/b> DOOSAN-PUMA<\/p>\n<p><b>Modelo:<\/b> LEO 1600<\/p>\n<p><b>Ano de constru\u00e7\u00e3o:<\/b> 2023<\/p>\n<p>Torno CNC - DN Solu\u00e7\u00f5es (Doosan) LEO 1600<br \/>\nAno de constru\u00e7\u00e3o: 2023<\/p>\n<p>Equipamento \/ Destaques<br \/>\nTorno CNC horizontal<br \/>\nEixo principal potente<br \/>\nConce\u00e7\u00e3o robusta da m\u00e1quina para uma elevada precis\u00e3o dimensional<br \/>\nTorre de ferramentas com indexa\u00e7\u00e3o r\u00e1pida<br \/>\nDesign compacto, pouca necessidade de espa\u00e7o<br \/>\nControlo CNC de f\u00e1cil utiliza\u00e7\u00e3o<br \/>\nElevada fiabilidade e baixa manuten\u00e7\u00e3o<\/p>\n<p>Dados t\u00e9cnicos<br \/>\nDi\u00e2metro m\u00e1x. di\u00e2metro de viragem: aprox. 300 mm<br \/>\nComprimento m\u00e1ximo. Comprimento de viragem: aprox. 300 mm<br \/>\nFuro do fuso: aprox. \u00d8 52 mm<br \/>\nVelocidade do fuso principal: at\u00e9 aprox. 4.500 rpm<br \/>\nTorre de ferramentas: 12 esta\u00e7\u00f5es<br \/>\nSistema de controlo: FANUC CNC<br \/>\nPeso da m\u00e1quina: aprox. 2,200 kg<\/p>\n<p>M\u00e1quina totalmente funcional do ponto de vista el\u00e9trico e mec\u00e2nico<br \/>\nDocumenta\u00e7\u00e3o t\u00e9cnica completa dispon\u00edvel<\/p>\n<p>A m\u00e1quina pode ser inspeccionada mediante marca\u00e7\u00e3o pr\u00e9via.<br \/>\nReservado o direito a altera\u00e7\u00f5es e erros nos dados t\u00e9cnicos e informa\u00e7\u00f5es, bem como a venda pr\u00e9via!<\/p>\n<p>Torno CNC - DN Solu\u00e7\u00f5es (Doosan) LEO 1600<br \/>\nAno de fabrico: 2023<\/p>\n<p>Carater\u00edsticas\/destaques<br \/>\nTorno CNC horizontal<br \/>\nEixo principal potente<br \/>\nConstru\u00e7\u00e3o robusta da m\u00e1quina para uma elevada precis\u00e3o dimensional<br \/>\nTorre de ferramentas com indexa\u00e7\u00e3o r\u00e1pida<br \/>\nDesign compacto, pouca necessidade de espa\u00e7o<br \/>\nControlo CNC de f\u00e1cil utiliza\u00e7\u00e3o<br \/>\nElevada fiabilidade e baixa manuten\u00e7\u00e3o<\/p>\n<p>Dados t\u00e9cnicos<br \/>\nDi\u00e2metro m\u00e1ximo de rota\u00e7\u00e3o: aprox. 300 mm<br \/>\nComprimento m\u00e1x. de viragem: aprox. 300 mm<br \/>\nFuro do fuso: aprox. \u00d8 52 mm<br \/>\nVelocidade do fuso principal: at\u00e9 aprox. 4.500 rpm<br \/>\nTorre de ferramentas: 12 esta\u00e7\u00f5es<br \/>\nControlo: FANUC CNC<br \/>\nPeso da m\u00e1quina: aprox. 2,200 kg<\/p>\n<p>M\u00e1quina totalmente funcional, tanto a n\u00edvel el\u00e9trico como mec\u00e2nico<br \/>\nDocumenta\u00e7\u00e3o t\u00e9cnica completa dispon\u00edvel<\/p>\n<p>A m\u00e1quina pode ser visitada mediante marca\u00e7\u00e3o pr\u00e9via.<br \/>\nSujeito a altera\u00e7\u00f5es e erros nos dados t\u00e9cnicos e especifica\u00e7\u00f5es, bem como a venda pr\u00e9via!<\/p>","protected":false},"excerpt":{"rendered":"<p>Standort: Deutschland, Baden-W\u00fcrttemberg S\u00fcdwest Zustand: Gebraucht Hersteller: DOOSAN-PUMA Modell: LEO 1600 Baujahr: 2023 CNC-Drehmaschine \u2013 DN Solutions (Doosan) LEO 1600 Baujahr: 2023 Ausstattung \/ Highlights Horizontale CNC-Drehmaschine Leistungsstarke Hauptspindel Robuste Maschinenkonstruktion f\u00fcr hohe Ma\u00dfhaltigkeit Werkzeugrevolver mit schneller Indexierung Kompakte Bauweise, geringer Platzbedarf Bedienerfreundliche CNC-Steuerung Hohe Zuverl\u00e4ssigkeit und geringer Wartungsaufwand Technische Daten Max. Drehdurchmesser: ca. 300 [&hellip;]<\/p>\n","protected":false},"featured_media":5456,"comment_status":"open","ping_status":"closed","template":"","meta":{"_uf_show_specific_survey":0,"_uf_disable_surveys":false},"product_brand":[],"product_cat":[89],"product_tag":[],"class_list":{"0":"post-5461","1":"product","2":"type-product","3":"status-publish","4":"has-post-thumbnail","6":"product_cat-cnc-kurzdrehmaschinen","8":"first","9":"instock","10":"taxable","11":"shipping-taxable","12":"product-type-simple"},"aioseo_notices":[],"_links":{"self":[{"href":"https:\/\/mueller-wrh.de\/pt\/wp-json\/wp\/v2\/product\/5461","targetHints":{"allow":["GET"]}}],"collection":[{"href":"https:\/\/mueller-wrh.de\/pt\/wp-json\/wp\/v2\/product"}],"about":[{"href":"https:\/\/mueller-wrh.de\/pt\/wp-json\/wp\/v2\/types\/product"}],"replies":[{"embeddable":true,"href":"https:\/\/mueller-wrh.de\/pt\/wp-json\/wp\/v2\/comments?post=5461"}],"wp:featuredmedia":[{"embeddable":true,"href":"https:\/\/mueller-wrh.de\/pt\/wp-json\/wp\/v2\/media\/5456"}],"wp:attachment":[{"href":"https:\/\/mueller-wrh.de\/pt\/wp-json\/wp\/v2\/media?parent=5461"}],"wp:term":[{"taxonomy":"product_brand","embeddable":true,"href":"https:\/\/mueller-wrh.de\/pt\/wp-json\/wp\/v2\/product_brand?post=5461"},{"taxonomy":"product_cat","embeddable":true,"href":"https:\/\/mueller-wrh.de\/pt\/wp-json\/wp\/v2\/product_cat?post=5461"},{"taxonomy":"product_tag","embeddable":true,"href":"https:\/\/mueller-wrh.de\/pt\/wp-json\/wp\/v2\/product_tag?post=5461"}],"curies":[{"name":"wp","href":"https:\/\/api.w.org\/{rel}","templated":true}]}}