{"id":5415,"date":"2026-04-21T19:41:02","date_gmt":"2026-04-21T19:41:02","guid":{"rendered":"https:\/\/mueller-wrh.de\/produkt\/tornos-r10-bj-87-mit-lademagazin-barboy-typ-29-aa-1_-intnr231511\/"},"modified":"2026-04-21T19:41:02","modified_gmt":"2026-04-21T19:41:02","slug":"tornos-r10-bj-87-mit-lademagazin-barboy-typ-29-aa-1_-intnr231511","status":"publish","type":"product","link":"https:\/\/mueller-wrh.de\/pt\/produto\/tornos-r10-bj-87-mit-lademagazin-barboy-typ-29-aa-1_-intnr231511\/","title":{"rendered":"TORNO R10 Bj. `87 com carregador Barboy Tipo 29-AA-1_ IntNr231511"},"content":{"rendered":"<p><b>Localiza\u00e7\u00e3o:<\/b> Alemanha, Baden-W\u00fcrttemberg Sudoeste<\/p>\n<p><b>Estado:<\/b> Usado<\/p>\n<p><b>Fabricante:<\/b> Tornos<\/p>\n<p><b>Modelo:<\/b> R10<\/p>\n<p><b>Ano de constru\u00e7\u00e3o:<\/b> 1987<\/p>\n<p>\u00c0 venda encontra-se um centro de torneamento\/torno autom\u00e1tico de precis\u00e3o TORNOS R10 usado, ano de fabrico 1987, equipado com um carregador de barras BARBOY tipo 29-AA-1. <\/p>\n<p>Dados T\u00e9cnicos TORNOS R10:<br \/>\nTipo de m\u00e1quina: Torninho autom\u00e1tico multifecho<br \/>\nDi\u00e2metro m\u00e1x. do material: 10 mm<br \/>\nFuro do mandril: 13 mm<br \/>\nDi\u00e2metro m\u00e1x. da rosca: M8<br \/>\nComprimento m\u00e1ximo de tra\u00e7\u00e3o com curva plana: 70 mm<br \/>\nComprimento m\u00e1ximo de extra\u00e7\u00e3o com curva de sino: 100 mm<br \/>\nN\u00famero de ferramentas de torneamento: 5<br \/>\nVelocidades do fuso: 20 n\u00edveis de 1.050 a 8.000 rpm<br \/>\nLiga\u00e7\u00e3o El\u00e9trica: 50 Hz \/ 3 x 380 V<br \/>\nPeso da m\u00e1quina: aprox. 860 kg<br \/>\nDimens\u00f5es: aprox. 1.500 x 750 x 1.450 mm<\/p>\n<p>Dados t\u00e9cnicos Carregador de muni\u00e7\u00f5es BARBOY Tipo 29-AA-1:<br \/>\nFabricante: BARBOY<br \/>\nTipo: 29-AA-1<br \/>\nTipo de equipamento: Alimentador de barras<br \/>\nComprimento do carregador: 3.000 mm<\/p>\n<p>A m\u00e1quina pode ser inspeccionada mediante marca\u00e7\u00e3o pr\u00e9via.<br \/>\nReservado o direito a altera\u00e7\u00f5es e erros nos dados t\u00e9cnicos e informa\u00e7\u00f5es, bem como a venda pr\u00e9via!<\/p>\n<p>Para venda: TORNOS R10 autom\u00e1tica de cabe\u00e7ote m\u00f3vel usada, fabricada em 1987 e equipada com alimentador de barras BARBOY Tipo 29-AA-1. <\/p>\n<p>Especifica\u00e7\u00f5es T\u00e9cnicas TORNOS R10:<br \/>\nTipo de m\u00e1quina: Torno autom\u00e1tico de cabe\u00e7ote m\u00f3vel<br \/>\nDi\u00e2metro m\u00e1ximo do material: 10 mm<br \/>\nDi\u00e2metro interior do fuso: 13 mm<br \/>\nDi\u00e2metro m\u00e1x. da rosca: M8<br \/>\nComprimento m\u00e1x. de viragem com came plano: 70 mm<br \/>\nComprimento m\u00e1ximo de viragem com came de sino: 100 mm<br \/>\nN\u00famero de ferramentas de corte: 5<br \/>\nVelocidades do fuso: 20 velocidades de 1.050 a 8.000 rpm<br \/>\nLiga\u00e7\u00e3o el\u00e9trica: 50 Hz \/ 3 x 380 V<br \/>\nPeso da m\u00e1quina: aprox. 860 kg<br \/>\nDimens\u00f5es: aprox. 1.500 x 750 x 1.450 mm<\/p>\n<p>Dados t\u00e9cnicos para alimentador de barras BARBOY Tipo 29-AA-1:<br \/>\nFabricante: BARBOY<br \/>\nTipo: 29-AA-1<br \/>\nTipo de equipamento: Alimentador de barra<br \/>\nComprimento do alimentador: 3.000 mm<\/p>\n<p>A m\u00e1quina pode ser visitada mediante marca\u00e7\u00e3o pr\u00e9via.<br \/>\nReservamo-nos o direito de efetuar altera\u00e7\u00f5es e correc\u00e7\u00f5es aos dados t\u00e9cnicos e \u00e0s especifica\u00e7\u00f5es e de vender o artigo entretanto!<\/p>","protected":false},"excerpt":{"rendered":"<p>Standort: Deutschland, Baden-W\u00fcrttemberg S\u00fcdwest Zustand: Gebraucht Hersteller: Tornos Modell: R10 Baujahr: 1987 Zum Verkauf steht ein gebrauchter Langdrehautomat \/ Drehautomat TORNOS R10, Baujahr 1987, ausgestattet mit einem Stangenlademagazin BARBOY Typ 29-AA-1. Technische Daten TORNOS R10: Maschinenart: Langdrehautomat Max. Materialdurchmesser: 10 mm Spindelbohrung: 13 mm Max. Gewindedurchmesser: M8 Max. Drehl\u00e4nge mit Flachkurve: 70 mm Max. Drehl\u00e4nge [&hellip;]<\/p>\n","protected":false},"featured_media":5409,"comment_status":"open","ping_status":"closed","template":"","meta":{"_uf_show_specific_survey":0,"_uf_disable_surveys":false},"product_brand":[],"product_cat":[112],"product_tag":[],"class_list":{"0":"post-5415","1":"product","2":"type-product","3":"status-publish","4":"has-post-thumbnail","6":"product_cat-langdrehmaschinen","8":"first","9":"instock","10":"taxable","11":"shipping-taxable","12":"product-type-simple"},"aioseo_notices":[],"_links":{"self":[{"href":"https:\/\/mueller-wrh.de\/pt\/wp-json\/wp\/v2\/product\/5415","targetHints":{"allow":["GET"]}}],"collection":[{"href":"https:\/\/mueller-wrh.de\/pt\/wp-json\/wp\/v2\/product"}],"about":[{"href":"https:\/\/mueller-wrh.de\/pt\/wp-json\/wp\/v2\/types\/product"}],"replies":[{"embeddable":true,"href":"https:\/\/mueller-wrh.de\/pt\/wp-json\/wp\/v2\/comments?post=5415"}],"wp:featuredmedia":[{"embeddable":true,"href":"https:\/\/mueller-wrh.de\/pt\/wp-json\/wp\/v2\/media\/5409"}],"wp:attachment":[{"href":"https:\/\/mueller-wrh.de\/pt\/wp-json\/wp\/v2\/media?parent=5415"}],"wp:term":[{"taxonomy":"product_brand","embeddable":true,"href":"https:\/\/mueller-wrh.de\/pt\/wp-json\/wp\/v2\/product_brand?post=5415"},{"taxonomy":"product_cat","embeddable":true,"href":"https:\/\/mueller-wrh.de\/pt\/wp-json\/wp\/v2\/product_cat?post=5415"},{"taxonomy":"product_tag","embeddable":true,"href":"https:\/\/mueller-wrh.de\/pt\/wp-json\/wp\/v2\/product_tag?post=5415"}],"curies":[{"name":"wp","href":"https:\/\/api.w.org\/{rel}","templated":true}]}}