{"id":5335,"date":"2026-04-21T17:49:28","date_gmt":"2026-04-21T17:49:28","guid":{"rendered":"https:\/\/mueller-wrh.de\/produkt\/saeulenbohrmaschine-altmetall-ax3-sv-n-bj-96-intnr231517\/"},"modified":"2026-04-21T17:49:28","modified_gmt":"2026-04-21T17:49:28","slug":"saeulenbohrmaschine-altmetall-ax3-sv-n-bj-96-intnr231517","status":"publish","type":"product","link":"https:\/\/mueller-wrh.de\/pt\/produto\/saeulenbohrmaschine-altmetall-ax3-sv-n-bj-96-intnr231517\/","title":{"rendered":"Coluna de perfura\u00e7\u00e3o Sucata AX3\/SV-N Ano de fabrico `96 IntNr231517"},"content":{"rendered":"<p><b>Localiza\u00e7\u00e3o:<\/b> Alemanha, Baden-W\u00fcrttemberg Sudoeste<\/p>\n<p><b>Estado:<\/b> Usado<\/p>\n<p><b>Fabricante:<\/b> Alzmetall<\/p>\n<p><b>Modelo:<\/b> AX3\/SV-N<\/p>\n<p><b>Ano de constru\u00e7\u00e3o:<\/b> 1996<\/p>\n<p>Coloca-se \u00e0 venda uma coluna de perfura\u00e7\u00e3o usada ALZMETALL AX 3\/SV-N, ano de fabrico 1996, em vers\u00e3o industrial robusta.<br \/>\nDados t\u00e9cnicos:<br \/>\nComando: convencional<br \/>\nCapacidade de perfura\u00e7\u00e3o em a\u00e7o E335 (St 60): 40 mm<br \/>\nCapacidade de fura\u00e7\u00e3o em a\u00e7o: 32 mm<br \/>\nCapacidade de perfura\u00e7\u00e3o em ferro fundido EN-GJL-200: 38 mm<br \/>\nRosqueamento em a\u00e7o: M24<br \/>\nFiletar em fundi\u00e7\u00e3o: M30<br \/>\nSuporte do veio: MK 3<br \/>\nCurso do fuso: 120 mm<br \/>\nAuscargamento: 293 mm<br \/>\nDi\u00e2metro da coluna: 115 mm<br \/>\nTamanho da mesa \/ \u00e1rea de superf\u00edcie: 515 x 360 mm<br \/>\nRanuras em T: 2 x 14 x 224 mm<br \/>\nDist\u00e2ncia do veio \u00e0 mesa min.\/m\u00e1x.: 117 \/ 701 mm<br \/>\nAvan\u00e7o: autom\u00e1tico, adicionalmente manual; especificado numa fonte de mercado como 0,10 \/ 0,20 mm\/rota\u00e7\u00e3o ou 0,10 \/ 0,30 mm\/rota\u00e7\u00e3o, dependendo da vers\u00e3o.<br \/>\nRegula\u00e7\u00e3o de velocidade: cont\u00ednua<br \/>\nGiro da broca: 160\u20132250 r.p.m.<br \/>\nPeso da m\u00e1quina: aprox. 270 kg<br \/>\nDimens\u00f5es aprox.: 700 x 1000 x 1900 mm<\/p>\n<p>A m\u00e1quina pode ser inspeccionada mediante marca\u00e7\u00e3o pr\u00e9via.<br \/>\nReservado o direito a altera\u00e7\u00f5es e erros nos dados t\u00e9cnicos e informa\u00e7\u00f5es, bem como a venda pr\u00e9via!<\/p>\n<p>Vende-se uma coluna furadora ALZMETALL AX 3\/SV-N usada, fabricada em 1996, com um robusto design industrial.<br \/>\nEspecifica\u00e7\u00f5es t\u00e9cnicas:<br \/>\nSistema de controlo: convencional<br \/>\nCapacidade de perfura\u00e7\u00e3o em a\u00e7o E335 (St 60): 40 mm<br \/>\nCapacidade de fura\u00e7\u00e3o em a\u00e7o: 32 mm<br \/>\nCapacidade de fura\u00e7\u00e3o em ferro fundido EN-GJL-200: 38 mm<br \/>\nRosqueamento em a\u00e7o: M24<br \/>\nRosqueamento em ferro fundido: M30<br \/>\nPorta-ferramentas c\u00f3nico: MK 3<br \/>\nCurso do fuso: 120 mm<br \/>\nSaliente: 293 mm<br \/>\nDi\u00e2metro da coluna: 115 mm<br \/>\nTampo \/ superf\u00edcie de apoio: 515 x 360 mm<br \/>\nRanuras em T: 2 x 14 x 224 mm<br \/>\nDist\u00e2ncia m\u00ednimo\/m\u00e1ximo do veio \u00e0 bancada: 117 \/ 701 mm<br \/>\nAlimenta\u00e7\u00e3o: autom\u00e1tica, adicionalmente manual; especificada numa fonte de mercado como 0,10 \/ 0,20 mm\/rev ou 0,10 \/ 0,30 mm\/rev dependendo do modelo.<br \/>\nRegula\u00e7\u00e3o de velocidade: infinitamente vari\u00e1vel<br \/>\nVelocidade do veio: 160\u20132250 rpm<br \/>\nPeso da m\u00e1quina: aprox. 270 kg<br \/>\nDimens\u00f5es aprox.: 700 x 1000 x 1900 mm<\/p>\n<p>A m\u00e1quina pode ser visitada mediante marca\u00e7\u00e3o pr\u00e9via.<br \/>\nReservamo-nos o direito de efetuar altera\u00e7\u00f5es e correc\u00e7\u00f5es aos dados t\u00e9cnicos e \u00e0s especifica\u00e7\u00f5es e de vender o artigo entretanto!<\/p>","protected":false},"excerpt":{"rendered":"<p>Standort: Deutschland, Baden-W\u00fcrttemberg S\u00fcdwest Zustand: Gebraucht Hersteller: Alzmetall Modell: AX3\/SV-N Baujahr: 1996 Zum Verkauf steht eine gebrauchte S\u00e4ulenbohrmaschine ALZMETALL AX 3\/SV-N, Baujahr 1996, in robuster Industrieausf\u00fchrung. Technische Daten: Steuerung: konventionell Bohrverm\u00f6gen in Stahl E335 (St 60): 40 mm Bohrleistung in Stahl: 32 mm Bohrleistung in Guss EN-GJL-200: 38 mm Gewindeschneiden in Stahl: M24 Gewindeschneiden in [&hellip;]<\/p>\n","protected":false},"featured_media":5332,"comment_status":"open","ping_status":"closed","template":"","meta":{"_uf_show_specific_survey":0,"_uf_disable_surveys":false},"product_brand":[],"product_cat":[105],"product_tag":[],"class_list":{"0":"post-5335","1":"product","2":"type-product","3":"status-publish","4":"has-post-thumbnail","6":"product_cat-zubehoer-sonstiges","8":"first","9":"instock","10":"taxable","11":"shipping-taxable","12":"product-type-simple"},"aioseo_notices":[],"_links":{"self":[{"href":"https:\/\/mueller-wrh.de\/pt\/wp-json\/wp\/v2\/product\/5335","targetHints":{"allow":["GET"]}}],"collection":[{"href":"https:\/\/mueller-wrh.de\/pt\/wp-json\/wp\/v2\/product"}],"about":[{"href":"https:\/\/mueller-wrh.de\/pt\/wp-json\/wp\/v2\/types\/product"}],"replies":[{"embeddable":true,"href":"https:\/\/mueller-wrh.de\/pt\/wp-json\/wp\/v2\/comments?post=5335"}],"wp:featuredmedia":[{"embeddable":true,"href":"https:\/\/mueller-wrh.de\/pt\/wp-json\/wp\/v2\/media\/5332"}],"wp:attachment":[{"href":"https:\/\/mueller-wrh.de\/pt\/wp-json\/wp\/v2\/media?parent=5335"}],"wp:term":[{"taxonomy":"product_brand","embeddable":true,"href":"https:\/\/mueller-wrh.de\/pt\/wp-json\/wp\/v2\/product_brand?post=5335"},{"taxonomy":"product_cat","embeddable":true,"href":"https:\/\/mueller-wrh.de\/pt\/wp-json\/wp\/v2\/product_cat?post=5335"},{"taxonomy":"product_tag","embeddable":true,"href":"https:\/\/mueller-wrh.de\/pt\/wp-json\/wp\/v2\/product_tag?post=5335"}],"curies":[{"name":"wp","href":"https:\/\/api.w.org\/{rel}","templated":true}]}}