{"id":5331,"date":"2026-04-21T17:38:27","date_gmt":"2026-04-21T17:38:27","guid":{"rendered":"https:\/\/mueller-wrh.de\/produkt\/saeulenbohrmaschine-alzmetall-alzstar-30-s-bj-04-intnr231518\/"},"modified":"2026-04-21T17:38:27","modified_gmt":"2026-04-21T17:38:27","slug":"saeulenbohrmaschine-alzmetall-alzstar-30-s-bj-04-intnr231518","status":"publish","type":"product","link":"https:\/\/mueller-wrh.de\/pt\/produto\/saeulenbohrmaschine-alzmetall-alzstar-30-s-bj-04-intnr231518\/","title":{"rendered":"S\u00e4ulenbohrmaschine Alzmetall Alzstar 30\/S Bj. `04 IntNr231518"},"content":{"rendered":"<p><b>Localiza\u00e7\u00e3o:<\/b> Alemanha, Baden-W\u00fcrttemberg Sudoeste<\/p>\n<p><b>Estado:<\/b> Usado<\/p>\n<p><b>Fabricante:<\/b> Alzmetall<\/p>\n<p><b>Modelo:<\/b> 30\/S<\/p>\n<p><b>Ano de constru\u00e7\u00e3o:<\/b> 2004<\/p>\n<p>Zum Verkauf steht eine gebrauchte S\u00e4ulenbohrmaschine Alzmetall ALZSTAR 30\/S, Baujahr 2004, aus deutscher Qualit\u00e4tsfertigung. <\/p>\n<p>Dados t\u00e9cnicos:<br \/>\nBohrverm\u00f6gen in Stahl E335 (St 60): 30 mm<br \/>\nGewindeschneidleistung in Stahl E335: M16<br \/>\nGewindeschneidleistung in Gusseisen EN-GJL-200: M20<br \/>\nSpindelaufnahme: MK 3<br \/>\nPinolenhub \/ Z-Hub der Spindel: 140 mm<br \/>\nAusladung \/ Spindelabstand zur S\u00e4ule: 293 mm<br \/>\nS\u00e4ulendurchmesser: 115 mm<br \/>\nTischgr\u00f6\u00dfe \/ Aufspannfl\u00e4che: 514 x 360 mm (auf der Produktseite auch mit 515 x 360 mm angegeben)<br \/>\nT-Nuten: 2 x 14 x 224 mm<br \/>\nAbstand Spindel\/Tisch min.\/max.: 132 \/ 724 mm<br \/>\nAntrieb: stufenlos, mechanischer Variator<br \/>\nSpindeldrehzahlbereich: 225\u20134300 U\/min<br \/>\nMotorleistung bei 750 \/ 1500 U\/min: 1,0 \/ 1,6 kW<br \/>\nMaschinenh\u00f6he: ca. 1790 mm<br \/>\nMaschinengewicht: ca. 260 kg<\/p>\n<p>A m\u00e1quina pode ser inspeccionada mediante marca\u00e7\u00e3o pr\u00e9via.<br \/>\nReservado o direito a altera\u00e7\u00f5es e erros nos dados t\u00e9cnicos e informa\u00e7\u00f5es, bem como a venda pr\u00e9via!<\/p>\n<p>For sale is a used Alzmetall ALZSTAR 30\/S column drill press, manufactured in 2004, a product of German quality engineering. <\/p>\n<p>Technical specifications:<br \/>\nDrilling capacity in E335 steel (St 60): 30 mm<br \/>\nThread cutting capacity in E335 steel: M16<br \/>\nThread cutting capacity in cast iron EN-GJL-200: M20<br \/>\nSpindle chuck: MK 3<br \/>\nQuill stroke \/ Z-axis stroke of the spindle: 140 mm<br \/>\nOverhang \/ distance from spindle to column: 293 mm<br \/>\nColumn diameter: 115 mm<br \/>\nTable size \/ clamping surface: 514 x 360 mm (also stated as 515 x 360 mm on the product page)<br \/>\nT-slots: 2 x 14 x 224 mm<br \/>\nSpindle\/table distance min.\/max.: 132 \/ 724 mm<br \/>\nDrive: stepless, mechanical variator<br \/>\nSpindle speed range: 225\u20134300 rpm<br \/>\nMotor power at 750 \/ 1500 rpm: 1.0 \/ 1.6 kW<br \/>\nMachine height: approx. 1790 mm<br \/>\nMachine weight: approx. 260 kg<\/p>\n<p>A m\u00e1quina pode ser visitada mediante marca\u00e7\u00e3o pr\u00e9via.<br \/>\nReservamo-nos o direito de efetuar altera\u00e7\u00f5es e correc\u00e7\u00f5es aos dados t\u00e9cnicos e \u00e0s especifica\u00e7\u00f5es e de vender o artigo entretanto!<\/p>","protected":false},"excerpt":{"rendered":"<p>Standort: Deutschland, Baden-W\u00fcrttemberg S\u00fcdwest Zustand: Gebraucht Hersteller: Alzmetall Modell: 30\/S Baujahr: 2004 Zum Verkauf steht eine gebrauchte S\u00e4ulenbohrmaschine Alzmetall ALZSTAR 30\/S, Baujahr 2004, aus deutscher Qualit\u00e4tsfertigung. Technische Daten: Bohrverm\u00f6gen in Stahl E335 (St 60): 30 mm Gewindeschneidleistung in Stahl E335: M16 Gewindeschneidleistung in Gusseisen EN-GJL-200: M20 Spindelaufnahme: MK 3 Pinolenhub \/ Z-Hub der Spindel: 140 [&hellip;]<\/p>\n","protected":false},"featured_media":5327,"comment_status":"open","ping_status":"closed","template":"","meta":{"_uf_show_specific_survey":0,"_uf_disable_surveys":false},"product_brand":[],"product_cat":[105],"product_tag":[],"class_list":{"0":"post-5331","1":"product","2":"type-product","3":"status-publish","4":"has-post-thumbnail","6":"product_cat-zubehoer-sonstiges","8":"first","9":"instock","10":"taxable","11":"shipping-taxable","12":"product-type-simple"},"aioseo_notices":[],"_links":{"self":[{"href":"https:\/\/mueller-wrh.de\/pt\/wp-json\/wp\/v2\/product\/5331","targetHints":{"allow":["GET"]}}],"collection":[{"href":"https:\/\/mueller-wrh.de\/pt\/wp-json\/wp\/v2\/product"}],"about":[{"href":"https:\/\/mueller-wrh.de\/pt\/wp-json\/wp\/v2\/types\/product"}],"replies":[{"embeddable":true,"href":"https:\/\/mueller-wrh.de\/pt\/wp-json\/wp\/v2\/comments?post=5331"}],"wp:featuredmedia":[{"embeddable":true,"href":"https:\/\/mueller-wrh.de\/pt\/wp-json\/wp\/v2\/media\/5327"}],"wp:attachment":[{"href":"https:\/\/mueller-wrh.de\/pt\/wp-json\/wp\/v2\/media?parent=5331"}],"wp:term":[{"taxonomy":"product_brand","embeddable":true,"href":"https:\/\/mueller-wrh.de\/pt\/wp-json\/wp\/v2\/product_brand?post=5331"},{"taxonomy":"product_cat","embeddable":true,"href":"https:\/\/mueller-wrh.de\/pt\/wp-json\/wp\/v2\/product_cat?post=5331"},{"taxonomy":"product_tag","embeddable":true,"href":"https:\/\/mueller-wrh.de\/pt\/wp-json\/wp\/v2\/product_tag?post=5331"}],"curies":[{"name":"wp","href":"https:\/\/api.w.org\/{rel}","templated":true}]}}