{"id":5326,"date":"2026-04-21T16:27:33","date_gmt":"2026-04-21T16:27:33","guid":{"rendered":"https:\/\/mueller-wrh.de\/produkt\/hd-einheit-combiloob-cl1-f-30-20-a-bj-07-intnr231557\/"},"modified":"2026-04-21T16:27:33","modified_gmt":"2026-04-21T16:27:33","slug":"hd-einheit-combiloob-cl1-f-30-20-a-bj-07-intnr231557","status":"publish","type":"product","link":"https:\/\/mueller-wrh.de\/pt\/produto\/hd-einheit-combiloob-cl1-f-30-20-a-bj-07-intnr231557\/","title":{"rendered":"Unidade HD Combiloob CL1-F-30-20-A, Ano de fabrico `07, N\u00ba interno 231557"},"content":{"rendered":"<p><b>Localiza\u00e7\u00e3o:<\/b> Alemanha, Baden-W\u00fcrttemberg Sudoeste<\/p>\n<p><b>Estado:<\/b> Usado<\/p>\n<p><b>Fabricante:<\/b> M\u00fcller Hydraulik<\/p>\n<p><b>Modelo:<\/b> CL1<\/p>\n<p><b>Ano de constru\u00e7\u00e3o:<\/b> 2007<\/p>\n<p>Vende-se unidade de alta performance HD Combiloop CL1-F-30-20-A, com data de fabrico de 2007. <\/p>\n<p>Dados t\u00e9cnicos:<br \/>\nTipo de instala\u00e7\u00e3o: Unidade de alta press\u00e3o (HD)<br \/>\nMeio de promo\u00e7\u00e3o: \u00d3leo<br \/>\nPress\u00e3o m\u00e1xima de funcionamento: aprox. 20\u201330 bar<br \/>\nDesempenho de bombagem: aprox. 20\u201330 l\/min<br \/>\nMotor: Motor el\u00e9trico<br \/>\nTens\u00e3o: 400 V \/ 50 Hz (Trif\u00e1sico)<br \/>\nControlo: unidade de controlo integrada<br \/>\nEstrutura: unidade compacta e fechada<br \/>\nAnschluss: liga\u00e7\u00f5es industriais padronizadas<\/p>\n<p>Equipamento e Componentes:<br \/>\nBomba de alta press\u00e3o<br \/>\nUnidade de filtragem para tratamento de meios<br \/>\nV\u00e1lvulas de seguran\u00e7a e monitoriza\u00e7\u00e3o de press\u00e3o<br \/>\nSistema de retorno para circuitos fechados<br \/>\nCaixa robusta em a\u00e7o \/ m\u00f3vel<\/p>\n<p>A unidade pode ser visitada mediante marca\u00e7\u00e3o pr\u00e9via.<br \/>\nReservado o direito a altera\u00e7\u00f5es e erros nos dados t\u00e9cnicos e informa\u00e7\u00f5es, bem como a venda pr\u00e9via!<\/p>\n<p>Vende-se uma unidade de alta press\u00e3o Combiloop CL1-F-30-20-A de alto desempenho, fabricada em 2007. <\/p>\n<p>Especifica\u00e7\u00f5es t\u00e9cnicas:<br \/>\nTipo de sistema: Unidade de alta press\u00e3o (HP)<br \/>\nFluido: \u00d3leo<br \/>\nPress\u00e3o m\u00e1x. de funcionamento: aprox. 20\u201330 bar<br \/>\nD\u00e9bito: aprox. 20\u201330 l\/min<br \/>\nTra\u00e7\u00e3o: Motor el\u00e9trico<br \/>\nTens\u00e3o: 400 V \/ 50 Hz (trif\u00e1sica)<br \/>\nControlo: Unidade de controlo integrada<br \/>\nDesign: Unidade compacta e fechada<br \/>\nLiga\u00e7\u00f5es: Liga\u00e7\u00f5es industriais normalizadas<\/p>\n<p>Funcionalidades e componentes:<br \/>\nBomba de alta press\u00e3o<br \/>\nUnidade de filtra\u00e7\u00e3o para prepara\u00e7\u00e3o de meios<br \/>\nV\u00e1lvulas de seguran\u00e7a e monitoriza\u00e7\u00e3o de press\u00e3o<br \/>\nSistema para circuitos fechados<br \/>\nCaixa robusta em a\u00e7o \/ m\u00f3vel<\/p>\n<p>A unidade pode ser visitada com marca\u00e7\u00e3o pr\u00e9via.<br \/>\nReservamos o direito de efetuar altera\u00e7\u00f5es e corre\u00e7\u00f5es nos dados e especifica\u00e7\u00f5es t\u00e9cnicas, e de vender os artigos antes da encomenda!<\/p>","protected":false},"excerpt":{"rendered":"<p>Standort: Deutschland, Baden-W\u00fcrttemberg S\u00fcdwest Zustand: Gebraucht Hersteller: M\u00fcller Hydraulik Modell: CL1 Baujahr: 2007 Zum Verkauf steht eine leistungsstarke HD-Einheit Combiloop CL1-F-30-20-A aus dem Baujahr 2007. Technische Daten: Anlagenart: Hochdruck-Einheit (HD) F\u00f6rdermedium: \u00d6l Max. Betriebsdruck: ca. 20\u201330 bar F\u00f6rderleistung: ca. 20\u201330 l\/min Antrieb: Elektromotor Spannung: 400 V \/ 50 Hz (Drehstrom) Steuerung: integrierte Steuerungseinheit Bauform: kompakte, [&hellip;]<\/p>\n","protected":false},"featured_media":5323,"comment_status":"open","ping_status":"closed","template":"","meta":{"_uf_show_specific_survey":0,"_uf_disable_surveys":false},"product_brand":[],"product_cat":[104],"product_tag":[],"class_list":{"0":"post-5326","1":"product","2":"type-product","3":"status-publish","4":"has-post-thumbnail","6":"product_cat-hochdruckanlagen","8":"first","9":"instock","10":"taxable","11":"shipping-taxable","12":"product-type-simple"},"aioseo_notices":[],"_links":{"self":[{"href":"https:\/\/mueller-wrh.de\/pt\/wp-json\/wp\/v2\/product\/5326","targetHints":{"allow":["GET"]}}],"collection":[{"href":"https:\/\/mueller-wrh.de\/pt\/wp-json\/wp\/v2\/product"}],"about":[{"href":"https:\/\/mueller-wrh.de\/pt\/wp-json\/wp\/v2\/types\/product"}],"replies":[{"embeddable":true,"href":"https:\/\/mueller-wrh.de\/pt\/wp-json\/wp\/v2\/comments?post=5326"}],"wp:featuredmedia":[{"embeddable":true,"href":"https:\/\/mueller-wrh.de\/pt\/wp-json\/wp\/v2\/media\/5323"}],"wp:attachment":[{"href":"https:\/\/mueller-wrh.de\/pt\/wp-json\/wp\/v2\/media?parent=5326"}],"wp:term":[{"taxonomy":"product_brand","embeddable":true,"href":"https:\/\/mueller-wrh.de\/pt\/wp-json\/wp\/v2\/product_brand?post=5326"},{"taxonomy":"product_cat","embeddable":true,"href":"https:\/\/mueller-wrh.de\/pt\/wp-json\/wp\/v2\/product_cat?post=5326"},{"taxonomy":"product_tag","embeddable":true,"href":"https:\/\/mueller-wrh.de\/pt\/wp-json\/wp\/v2\/product_tag?post=5326"}],"curies":[{"name":"wp","href":"https:\/\/api.w.org\/{rel}","templated":true}]}}