{"id":5241,"date":"2026-04-10T13:33:13","date_gmt":"2026-04-10T13:33:13","guid":{"rendered":"https:\/\/mueller-wrh.de\/produkt\/cnc-citizen-miyano-bne-51msy-bj-2018_-intnr231502\/"},"modified":"2026-04-10T13:33:13","modified_gmt":"2026-04-10T13:33:13","slug":"cnc-citizen-miyano-bne-51msy-bj-2018_-intnr231502","status":"publish","type":"product","link":"https:\/\/mueller-wrh.de\/pt\/produto\/cnc-citizen-miyano-bne-51msy-bj-2018_-intnr231502\/","title":{"rendered":"Cidad\u00e3o CNC Miyano BNE-51MSY, ano 2018_ IntNr231502"},"content":{"rendered":"<p><b>Localiza\u00e7\u00e3o:<\/b> Alemanha, Baden-W\u00fcrttemberg Sudoeste<\/p>\n<p><b>Estado:<\/b> Usado<\/p>\n<p><b>Fabricante:<\/b> Maquinaria da Citizen<\/p>\n<p><b>Modelo:<\/b> BNE-51 MSY<\/p>\n<p><b>Ano de constru\u00e7\u00e3o:<\/b> 2018<\/p>\n<p>Centro de torneamento curto CNC - Citizen Miyano BNE-51MSY<br \/>\nAno de constru\u00e7\u00e3o: 2018<br \/>\nEstado: Muito bom, pronto a funcionar<br \/>\nDisponibilidade: Curto prazo<\/p>\n<p>Breve descri\u00e7\u00e3o<br \/>\nVende-se um centro de torneamento curto CNC Citizen Miyano BNE-51MSY em design MSY com fuso principal e contra-fuso e eixo Y.<\/p>\n<p>Equipamento \/ Destaques<br \/>\nEixo principal + contraeixo<br \/>\nEixo Y<br \/>\n2 torres de ferramentas com 12 esta\u00e7\u00f5es cada<br \/>\nFerramentas orientadas<br \/>\nPossibilidade de processamento simult\u00e2neo<br \/>\nElevada rigidez e fiabilidade do processo<br \/>\nDados t\u00e9cnicos<br \/>\nM\u00e1ximo. Passagem da haste: \u00d8 51 mm<br \/>\nDi\u00e2metro m\u00e1x. di\u00e2metro de viragem: aprox. 165 mm<br \/>\nComprimento m\u00e1ximo. Comprimento de viragem: aprox. 380 mm<br \/>\nVelocidade do fuso principal: at\u00e9 aprox. 5.000 rpm<br \/>\nVelocidade do contra-fuso: at\u00e9 aprox. 5.000 rpm<br \/>\nSistema de controlo: Mitsubishi MELDAS<br \/>\nPeso da m\u00e1quina: aprox. 8.000 kg<\/p>\n<p>M\u00e1quina totalmente funcional do ponto de vista el\u00e9trico e mec\u00e2nico<br \/>\nDocumenta\u00e7\u00e3o t\u00e9cnica completa dispon\u00edvel<\/p>\n<p>A m\u00e1quina pode ser inspeccionada mediante marca\u00e7\u00e3o pr\u00e9via.<br \/>\nReservado o direito a altera\u00e7\u00f5es e erros nos dados t\u00e9cnicos e informa\u00e7\u00f5es, bem como a venda pr\u00e9via!<\/p>\n<p>M\u00e1quina de tornear CNC - Citizen Miyano BNE-51MSY<br \/>\nAno de fabrico: 2018<br \/>\nEstado: Muito bom, pronto a funcionar<br \/>\nDisponibilidade: A curto prazo<\/p>\n<p>Descri\u00e7\u00e3o da carta<br \/>\nVende-se um torneiro curto CNC Citizen Miyano BNE-51MSY em design MSY com fuso principal e contra-fuso e eixo Y.<\/p>\n<p>Carater\u00edsticas\/destaques<br \/>\nEixo Y<br \/>\n2 torres de ferramentas, cada uma com 12 esta\u00e7\u00f5es<br \/>\nFerramentas orientadas<br \/>\nPossibilidade de maquina\u00e7\u00e3o simult\u00e2nea<br \/>\nElevada rigidez e fiabilidade do processo<br \/>\nDados t\u00e9cnicos<br \/>\nCapacidade m\u00e1xima de bar: \u00d8 51 mm<br \/>\nDi\u00e2metro m\u00e1ximo de viragem: aprox. 165 mm<br \/>\nComprimento m\u00e1x. de viragem: aprox. 380 mm<br \/>\nVelocidade do fuso principal: at\u00e9 aprox. 5.000 rpm<br \/>\nVelocidade do contra-fuso: at\u00e9 aprox. 5.000 rpm<br \/>\nControlo: Mitsubishi MELDAS<br \/>\nPeso da m\u00e1quina: aprox. 8,000 kg<\/p>\n<p>M\u00e1quina totalmente funcional, tanto a n\u00edvel el\u00e9trico como mec\u00e2nico<br \/>\nDocumenta\u00e7\u00e3o t\u00e9cnica completa dispon\u00edvel<\/p>\n<p>A m\u00e1quina pode ser visitada mediante marca\u00e7\u00e3o pr\u00e9via.<br \/>\nSujeito a altera\u00e7\u00f5es e erros nos dados t\u00e9cnicos e especifica\u00e7\u00f5es, bem como a venda pr\u00e9via!<\/p>","protected":false},"excerpt":{"rendered":"<p>Standort: Deutschland, Baden-W\u00fcrttemberg S\u00fcdwest Zustand: Gebraucht Hersteller: Citizen Machinery Modell: BNE-51 MSY Baujahr: 2018 CNC-Kurzdrehautomat \u2013 Citizen Miyano BNE-51MSY Baujahr: 2018 Zustand: Sehr gut, betriebsbereit Verf\u00fcgbarkeit: Kurzfristig Kurzbeschreibung Zum Verkauf steht ein CNC-Kurzdrehautomat Citizen Miyano BNE-51MSY in MSY-Ausf\u00fchrung mit Haupt- und Gegenspindel sowie Y-Achse. Ausstattung \/ Highlights Hauptspindel + Gegenspindel Y-Achse 2 Werkzeugrevolver mit je [&hellip;]<\/p>\n","protected":false},"featured_media":5234,"comment_status":"open","ping_status":"closed","template":"","meta":{"_uf_show_specific_survey":0,"_uf_disable_surveys":false},"product_brand":[],"product_cat":[89],"product_tag":[],"class_list":{"0":"post-5241","1":"product","2":"type-product","3":"status-publish","4":"has-post-thumbnail","6":"product_cat-cnc-kurzdrehmaschinen","8":"first","9":"instock","10":"taxable","11":"shipping-taxable","12":"product-type-simple"},"aioseo_notices":[],"_links":{"self":[{"href":"https:\/\/mueller-wrh.de\/pt\/wp-json\/wp\/v2\/product\/5241","targetHints":{"allow":["GET"]}}],"collection":[{"href":"https:\/\/mueller-wrh.de\/pt\/wp-json\/wp\/v2\/product"}],"about":[{"href":"https:\/\/mueller-wrh.de\/pt\/wp-json\/wp\/v2\/types\/product"}],"replies":[{"embeddable":true,"href":"https:\/\/mueller-wrh.de\/pt\/wp-json\/wp\/v2\/comments?post=5241"}],"wp:featuredmedia":[{"embeddable":true,"href":"https:\/\/mueller-wrh.de\/pt\/wp-json\/wp\/v2\/media\/5234"}],"wp:attachment":[{"href":"https:\/\/mueller-wrh.de\/pt\/wp-json\/wp\/v2\/media?parent=5241"}],"wp:term":[{"taxonomy":"product_brand","embeddable":true,"href":"https:\/\/mueller-wrh.de\/pt\/wp-json\/wp\/v2\/product_brand?post=5241"},{"taxonomy":"product_cat","embeddable":true,"href":"https:\/\/mueller-wrh.de\/pt\/wp-json\/wp\/v2\/product_cat?post=5241"},{"taxonomy":"product_tag","embeddable":true,"href":"https:\/\/mueller-wrh.de\/pt\/wp-json\/wp\/v2\/product_tag?post=5241"}],"curies":[{"name":"wp","href":"https:\/\/api.w.org\/{rel}","templated":true}]}}