{"id":5219,"date":"2026-04-01T13:56:33","date_gmt":"2026-04-01T13:56:33","guid":{"rendered":"https:\/\/mueller-wrh.de\/produkt\/hyunda-wia-l230-lmsa-bj-01_2018_-intnr231546\/"},"modified":"2026-04-01T13:56:33","modified_gmt":"2026-04-01T13:56:33","slug":"hyunda-wia-l230-lmsa-bj-01_2018_-intnr231546","status":"publish","type":"product","link":"https:\/\/mueller-wrh.de\/pt\/produto\/hyunda-wia-l230-lmsa-bj-01_2018_-intnr231546\/","title":{"rendered":"HYUNDA WIA L230 LMSA, Ano 01_2018_ IntNr231546"},"content":{"rendered":"<p><b>Localiza\u00e7\u00e3o:<\/b> Alemanha, Baden-W\u00fcrttemberg Sudoeste<\/p>\n<p><b>Estado:<\/b> Usado<\/p>\n<p><b>Fabricante:<\/b> HYUNDA WIA<\/p>\n<p><b>Modelo:<\/b> L230 LMSA<\/p>\n<p><b>Ano de constru\u00e7\u00e3o:<\/b> 2018<\/p>\n<p><b>Hor\u00e1rio de funcionamento:<\/b> 9078<\/p>\n<p>Torno CNC HYUNDA WIA L230 LMSA, Ano 01\/2018<\/p>\n<p>Sistema de controlo: FANUC<br \/>\nDi\u00e2metro de oscila\u00e7\u00e3o 600 mm<br \/>\nDi\u00e2metro de viragem 310 mm<br \/>\nDi\u00e2metro de rota\u00e7\u00e3o sobre o carro deSTM 355 mm<br \/>\nFuro do fuso 78 mm<br \/>\nPassagem de haste 65 mm<br \/>\nIntervalo de rota\u00e7\u00f5es 4000 rpm<br \/>\nComprimento do fuso 521 mm<br \/>\nCurso do eixo z 560 mm<br \/>\nPercuso - x 220 mm<br \/>\nCabe\u00e7a de revolu\u00e7\u00e3o (multi-vezes) 12<br \/>\nControlo Fanuc i<br \/>\neixo C 0,001\u00b0 0<br \/>\nContra-fusos 5000 rpm<br \/>\nPercorrer - c 590 mm<br \/>\nNecessidade total de pot\u00eancia 20 kVA<br \/>\nPeso aproximado da m\u00e1quina 5 t<br \/>\nNecessidade de espa\u00e7o aprox. C.A.L. 3,7 x 1,7 x 1,9 m<br \/>\nM\u00e1quina bem conservada<br \/>\nHoras do fuso apenas 1.569 h.<\/p>\n<p> Tambor de ferramentas de 12 posi\u00e7\u00f5es, acionado a 5.000 rpm<br \/>\n Dispositivo de recolha de pe\u00e7a de trabalho<br \/>\nMedidor de medi\u00e7\u00e3o com basculamento autom\u00e1tico<br \/>\nContra-husillo 5.000 rpm<br \/>\nTransportador de aparas<br \/>\nBomba de refrigerante<br \/>\nInterface USB e LAN e RS232C<\/p>\n<p>Pacote de suporte de ferramenta<br \/>\n3-Pratos de aperto 205 mm<br \/>\n3- Plato com contra-fuso<br \/>\n2 x porta-ferramentas motorizados (radial+axial)<br \/>\n10 x suportes de ferramentas r\u00edgidos<br \/>\nArm\u00e1rio de ferramentas<br \/>\nmand\u00edbulas diferentes<br \/>\ncinz\u00e9is de torneamento diferentes<br \/>\nInterface USB e LAN e RS232C<br \/>\nTransportador de aparas<br \/>\nAcess\u00f3rios<br \/>\nManuais<\/p>\n<p>Dimens\u00f5es de montagem (aprox.)<br \/>\nComprimento (profundidade): aprox. 1.685 mm<br \/>\nLargura: aprox. 1.900<br \/>\nAltura: aprox. 1.860 mm<br \/>\nPeso: aprox. 5.000 kg<\/p>\n<p>Sujeito a altera\u00e7\u00f5es e erros nos dados t\u00e9cnicos, bem como a venda pr\u00e9via!<\/p>\n<p>Torno CNC HYUNDAI WIA L230 LMSA, Ano 01\/2018<\/p>\n<p>Controlo: FANUC<\/p>\n<p>Di\u00e2metro do prato: 600 mm<br \/>\nDi\u00e2metro m\u00e1x. de viragem: 310 mm<br \/>\nDi\u00e2metro de viragem sobre o carro transversal: 355 mm<br \/>\nDi\u00e2metro do furo do eixo: 78 mm<br \/>\nCapacidade da barra: 65 mm<br \/>\nIntervalo de velocidade do veio: at\u00e9 4.000 rpm<br \/>\nComprimento m\u00e1ximo de viragem: 521 mm<br \/>\nCurso do eixo Z: 560 mm<br \/>\nDeslocamento no eixo X: 220 mm<br \/>\nTorre: 12 esta\u00e7\u00f5es<br \/>\nControlo: Fanuc i<br \/>\nResolu\u00e7\u00e3o do eixo C: 0.001\u00b0<br \/>\nVelocidade do sub-eixo: at\u00e9 5.000 rpm<br \/>\nCurso do eixo W: 590 mm<br \/>\nCarga total conectada: aprox. 20 kVA<br \/>\nPeso da m\u00e1quina: aprox. 5 t<br \/>\nEspa\u00e7o necess\u00e1rio (C x L x A): aprox. 3,7 x 1,7 x 1,9 m<br \/>\nM\u00e1quina bem conservada<br \/>\nHoras do veio apenas 1.569 h<\/p>\n<p>Torre de ferramentas: 12 esta\u00e7\u00f5es, ferramentas acionadas at\u00e9 5.000 rpm<br \/>\nApanhador de pe\u00e7as<br \/>\nSistema de sondagem autom\u00e1tico (rotativo)<br \/>\nVelocidade do sub-spindle: 5.000 rpm<br \/>\nTransportador de aparas<br \/>\nBomba de refrigera\u00e7\u00e3o<br \/>\nInterfaces: USB, LAN e RS232C<\/p>\n<p>Pacote de ferramentas<br \/>\nMoca com 3 garras de 205 mm<br \/>\nMandril de 3 garras para contraponto<br \/>\n2x porta-ferramentas acionados (radial + axial)<br \/>\nSuportes de ferramenta est\u00e1ticos 10x<br \/>\nArm\u00e1rio de ferramentas<br \/>\nV\u00e1rias castanhas macias<br \/>\nV\u00e1rias ferramentas de torneamento<br \/>\nInterfaces USB, LAN e RS232C<br \/>\nTransportador de aparas<br \/>\nAcess\u00f3rios<br \/>\nManuais<\/p>\n<p>Dimens\u00f5es de instala\u00e7\u00e3o (aprox.)<br \/>\nComprimento (profundidade): aprox. 1.685 mm<br \/>\nLargura: aprox. 1.900 mm<br \/>\nAltura: aprox. 1.860 mm<br \/>\nPeso: aprox. 5.000 kg<\/p>\n<p>Sujeito a altera\u00e7\u00f5es e erros nos dados t\u00e9cnicos, e venda pr\u00e9via!<\/p>","protected":false},"excerpt":{"rendered":"<p>Standort: Deutschland, Baden-W\u00fcrttemberg S\u00fcdwest Zustand: Gebraucht Hersteller: HYUNDA WIA Modell: L230 LMSA Baujahr: 2018 Betriebsstunden: 9078 CNC-Drehmaschine HYUNDA WIA L230 LMSA, Bj. 01_2018 Steuerung: FANUC Schwingdurchmesser 600 mm Drehdurchmesser 310 mm Drehdurchmesser \u00fcber Support 355 mm Spindelbohrung 78 mm Stangendurchlass 65 mm Drehzahlbereich 4000 U\/min Drehl\u00e4nge 521 mm Verfahrweg &#8211; z 560 mm Verfahrweg &#8211; [&hellip;]<\/p>\n","protected":false},"featured_media":5213,"comment_status":"open","ping_status":"closed","template":"","meta":{"_uf_show_specific_survey":0,"_uf_disable_surveys":false},"product_brand":[],"product_cat":[89],"product_tag":[],"class_list":{"0":"post-5219","1":"product","2":"type-product","3":"status-publish","4":"has-post-thumbnail","6":"product_cat-cnc-kurzdrehmaschinen","8":"first","9":"instock","10":"taxable","11":"shipping-taxable","12":"product-type-simple"},"aioseo_notices":[],"_links":{"self":[{"href":"https:\/\/mueller-wrh.de\/pt\/wp-json\/wp\/v2\/product\/5219","targetHints":{"allow":["GET"]}}],"collection":[{"href":"https:\/\/mueller-wrh.de\/pt\/wp-json\/wp\/v2\/product"}],"about":[{"href":"https:\/\/mueller-wrh.de\/pt\/wp-json\/wp\/v2\/types\/product"}],"replies":[{"embeddable":true,"href":"https:\/\/mueller-wrh.de\/pt\/wp-json\/wp\/v2\/comments?post=5219"}],"wp:featuredmedia":[{"embeddable":true,"href":"https:\/\/mueller-wrh.de\/pt\/wp-json\/wp\/v2\/media\/5213"}],"wp:attachment":[{"href":"https:\/\/mueller-wrh.de\/pt\/wp-json\/wp\/v2\/media?parent=5219"}],"wp:term":[{"taxonomy":"product_brand","embeddable":true,"href":"https:\/\/mueller-wrh.de\/pt\/wp-json\/wp\/v2\/product_brand?post=5219"},{"taxonomy":"product_cat","embeddable":true,"href":"https:\/\/mueller-wrh.de\/pt\/wp-json\/wp\/v2\/product_cat?post=5219"},{"taxonomy":"product_tag","embeddable":true,"href":"https:\/\/mueller-wrh.de\/pt\/wp-json\/wp\/v2\/product_tag?post=5219"}],"curies":[{"name":"wp","href":"https:\/\/api.w.org\/{rel}","templated":true}]}}