{"id":5212,"date":"2026-04-01T12:48:11","date_gmt":"2026-04-01T12:48:11","guid":{"rendered":"https:\/\/mueller-wrh.de\/produkt\/hwacheon-hi-tech-230bl-ysmc-bj-01_2020_-intnr231545\/"},"modified":"2026-04-01T12:48:11","modified_gmt":"2026-04-01T12:48:11","slug":"hwacheon-hi-tech-230bl-ysmc-bj-01_2020_-intnr231545","status":"publish","type":"product","link":"https:\/\/mueller-wrh.de\/pt\/produto\/hwacheon-hi-tech-230bl-ysmc-bj-01_2020_-intnr231545\/","title":{"rendered":"HWACHEON Hi-TECH 230BL YSMC, Ano 01_2020_ IntNr231545"},"content":{"rendered":"<p><b>Localiza\u00e7\u00e3o:<\/b> Alemanha, Baden-W\u00fcrttemberg Sudoeste<\/p>\n<p><b>Estado:<\/b> Usado<\/p>\n<p><b>Fabricante:<\/b> Hwacheon<\/p>\n<p><b>Modelo:<\/b> HI-TECH 230BL YSMC<\/p>\n<p><b>Ano de constru\u00e7\u00e3o:<\/b> 2020<\/p>\n<p><b>Hor\u00e1rio de funcionamento:<\/b> 38709<\/p>\n<p>Tornos CNC HWACHEON Hi-Tech 230BL YSMC, ano 2020<br \/>\nEntrada em funcionamento 2021<br \/>\nSistema de controlo: FANUC<br \/>\nVelocidade do veio: at\u00e9 aprox. 3.500 r.p.m.<br \/>\nFuro do fuso: aprox. 65 mm<br \/>\nDi\u00e2metro m\u00e1ximo de viragem: aprox. 230 mm<br \/>\nComprimento m\u00e1ximo de rota\u00e7\u00e3o: aprox. 500\u2013600 mm<br \/>\nPot\u00eancia do fuso principal: aprox. 15\u201322 kW<br \/>\nContro-fuso: aprox. 4.500 rpm<br \/>\nCarrossel de ferramentas: aprox. 12 esta\u00e7\u00f5es<br \/>\nEixos: Eixo X, Z e Y, Eixo C (mando principal e contramandril)<br \/>\nMarcha lenta: at\u00e9 aprox. 24 m\/min<br \/>\nEixo principal + contraeixo<br \/>\nEixo Y para maquina\u00e7\u00e3o exc\u00eantrica<br \/>\nEixo C para posicionamento\/interpola\u00e7\u00e3o<br \/>\nRevolver com ferramentas motorizadas<br \/>\nPercorrer eixo Y: aprox. \u00b150 mm<br \/>\nPercursos X\/Z: X aprox. 200 mm \/ Z aprox. 500\u2013600 mm<br \/>\nEsta\u00e7\u00f5es de revolver: normalmente 12 esta\u00e7\u00f5es BMT<br \/>\nFerramentas motorizadas: existentes<br \/>\nContra-eixo: para maquina\u00e7\u00e3o posterior<br \/>\nSistema de Exaust\u00e3o AR Filtratione<br \/>\nPacote de suporte de ferramenta<br \/>\nTransportador de aparas<br \/>\nAcess\u00f3rios<br \/>\nManuais<br \/>\nRob\u00f4s com sistema de carga e descarga<\/p>\n<p>Dimens\u00f5es de montagem (aprox.)<br \/>\nComprimento: aprox. 3.200 mm<br \/>\nLargura: aprox. 1.800 mm<br \/>\nAltura: aprox. 1.850 mm<br \/>\nPeso: aprox. 6.800 kg<\/p>\n<p>Sujeito a altera\u00e7\u00f5es e erros nos dados t\u00e9cnicos, bem como a venda pr\u00e9via!<\/p>\n<p>Torno CNC HWACHEON Hi-Tech 230BL YSMC, constru\u00eddo em 2020<br \/>\nEncomendado: 2021<br \/>\nControlo: FANUC<br \/>\nVelocidade do fuso: at\u00e9 aprox. 3.500 rpm<br \/>\nFuro do fuso: aprox. 65 mm<br \/>\nDi\u00e2metro m\u00e1x. de viragem: aprox. 230 mm<br \/>\nComprimento m\u00e1x. de viragem: aprox. 500\u2013600 mm<br \/>\nPot\u00eancia do fuso principal: aprox. 15-22 kW<br \/>\nVelocidade do sub-spindle: at\u00e9 aprox. 4.500 rpm<br \/>\nTorre de ferramentas: aprox. 12 esta\u00e7\u00f5es<br \/>\nEixos: X, Z e Y, eixo C (fuso principal e secund\u00e1rio)<br \/>\nMovimenta\u00e7\u00e3o r\u00e1pida: at\u00e9 aprox. 24 m\/min<\/p>\n<p>Eixo principal + contra-eixo<br \/>\nEixo Y para maquina\u00e7\u00e3o descentrada<br \/>\nEixo C para posicionamento\/interpola\u00e7\u00e3o<br \/>\nTorre com ferramentas accionadas<br \/>\nDeslocamento no eixo Y: aprox. \u00b150 mm<br \/>\nX\/Z movimentos: X aprox. 200 mm \/ Z aprox. 500\u2013600 mm<br \/>\nTorres: tipicamente 12 esta\u00e7\u00f5es, BMT<br \/>\nFerramentas motorizadas: dispon\u00edveis<br \/>\nSub-eixo: para maquina\u00e7\u00e3o posterior<\/p>\n<p>Equipamento<br \/>\nSistema de Extra\u00e7\u00e3o AR Filtratione<br \/>\nEmbalagem para porta-ferramentas<br \/>\nTransportador de aparas<br \/>\nAcess\u00f3rios<br \/>\nManuais<br \/>\nSistema de carga\/descarga robotizada<\/p>\n<p>Dimens\u00f5es de instala\u00e7\u00e3o (aprox.)<br \/>\nComprimento: aprox. 3.200 mm<br \/>\nLargura: aprox. 1.800 mm<br \/>\nAltura: aprox. 1.850 mm<br \/>\nPeso: aprox. 6.800 kg<\/p>\n<p>Sujeito a altera\u00e7\u00f5es e erros nos dados t\u00e9cnicos, e venda pr\u00e9via!<\/p>","protected":false},"excerpt":{"rendered":"<p>Standort: Deutschland, Baden-W\u00fcrttemberg S\u00fcdwest Zustand: Gebraucht Hersteller: HWACHEON Modell: Hi-TECH 230BL YSMC Baujahr: 2020 Betriebsstunden: 38709 CNC-Drehmaschine HWACHEON Hi-Tech 230BL YSMC, Bj. 2020 Inbetriebnahme 2021 Steuerung: FANUC Spindeldrehzahl: bis ca. 3.500 U\/min Spindelbohrung: ca. 65 mm Max. Drehdurchmesser: ca. 230 mm Max. Drehl\u00e4nge: ca. 500\u2013600 mm Hauptspindelleistung: ca. 15\u201322 kW Gegenspindel: bis ca. 4.500 U\/min [&hellip;]<\/p>\n","protected":false},"featured_media":5205,"comment_status":"open","ping_status":"closed","template":"","meta":{"_uf_show_specific_survey":0,"_uf_disable_surveys":false},"product_brand":[],"product_cat":[89],"product_tag":[],"class_list":{"0":"post-5212","1":"product","2":"type-product","3":"status-publish","4":"has-post-thumbnail","6":"product_cat-cnc-kurzdrehmaschinen","8":"first","9":"instock","10":"taxable","11":"shipping-taxable","12":"product-type-simple"},"aioseo_notices":[],"_links":{"self":[{"href":"https:\/\/mueller-wrh.de\/pt\/wp-json\/wp\/v2\/product\/5212","targetHints":{"allow":["GET"]}}],"collection":[{"href":"https:\/\/mueller-wrh.de\/pt\/wp-json\/wp\/v2\/product"}],"about":[{"href":"https:\/\/mueller-wrh.de\/pt\/wp-json\/wp\/v2\/types\/product"}],"replies":[{"embeddable":true,"href":"https:\/\/mueller-wrh.de\/pt\/wp-json\/wp\/v2\/comments?post=5212"}],"wp:featuredmedia":[{"embeddable":true,"href":"https:\/\/mueller-wrh.de\/pt\/wp-json\/wp\/v2\/media\/5205"}],"wp:attachment":[{"href":"https:\/\/mueller-wrh.de\/pt\/wp-json\/wp\/v2\/media?parent=5212"}],"wp:term":[{"taxonomy":"product_brand","embeddable":true,"href":"https:\/\/mueller-wrh.de\/pt\/wp-json\/wp\/v2\/product_brand?post=5212"},{"taxonomy":"product_cat","embeddable":true,"href":"https:\/\/mueller-wrh.de\/pt\/wp-json\/wp\/v2\/product_cat?post=5212"},{"taxonomy":"product_tag","embeddable":true,"href":"https:\/\/mueller-wrh.de\/pt\/wp-json\/wp\/v2\/product_tag?post=5212"}],"curies":[{"name":"wp","href":"https:\/\/api.w.org\/{rel}","templated":true}]}}