{"id":5197,"date":"2026-04-01T10:09:36","date_gmt":"2026-04-01T10:09:36","guid":{"rendered":"https:\/\/mueller-wrh.de\/produkt\/dmg-dmu-40-evo-linear-bj-2012-intnr231419\/"},"modified":"2026-04-01T10:09:36","modified_gmt":"2026-04-01T10:09:36","slug":"dmg-dmu-40-evo-linear-bj-2012-intnr231419","status":"publish","type":"product","link":"https:\/\/mueller-wrh.de\/pt\/produto\/dmg-dmu-40-evo-linear-bj-2012-intnr231419\/","title":{"rendered":"DMG DMU 40 eVo linear ano 2012, IntNo231419"},"content":{"rendered":"<p><b>Localiza\u00e7\u00e3o:<\/b> Alemanha, Baden-W\u00fcrttemberg Sudoeste<\/p>\n<p><b>Estado:<\/b> Como novo<\/p>\n<p><b>Fabricante:<\/b> DMG<\/p>\n<p><b>Modelo:<\/b> 40 eVo linear<\/p>\n<p><b>Ano de constru\u00e7\u00e3o:<\/b> 2012<\/p>\n<p><b>Hor\u00e1rio de funcionamento:<\/b> 0<\/p>\n<p>Centro de maquina\u00e7\u00e3o vertical de 5 eixos CNC recondicionado DMG DMU 40 eVo linear, ano 2012, IntNo231419<br \/>\nSistema de controlo<br \/>\nMarca HEIDENHAIN<br \/>\nModelo 530<\/p>\n<p>Unidade principal<br \/>\nGama de velocidades do fuso 14000<br \/>\nN\u00famero de eixos 5<\/p>\n<p>Dist\u00e2ncias de desloca\u00e7\u00e3o<br \/>\nPercurso de desloca\u00e7\u00e3o do eixo X 400 mm<br \/>\nPercurso de desloca\u00e7\u00e3o do eixo Y 400 mm<br \/>\nCurso do eixo Z 375 mm<\/p>\n<p>Inclui:<br \/>\nTroca de ferramentas, 120 posi\u00e7\u00f5es Suporte de ferramentas tipo SK 40<br \/>\nPassagem rotativa da mesa para fixa\u00e7\u00e3o da pe\u00e7a de trabalho<br \/>\nPorta lateral para carregamento do robot<br \/>\nControlo de quebra de ferramentas Renishaw<br \/>\nSonda de medi\u00e7\u00e3o Heidenhain<br \/>\nSistema IKZ, com dep\u00f3sito de 600 litros<br \/>\nAnula\u00e7\u00e3o da emuls\u00e3o<br \/>\nRefrigerador ativo para o fuso<br \/>\nAccionamentos lineares dos eixos X + Y<br \/>\nBalan\u00e7as de vidro<\/p>\n<p>A m\u00e1quina pode ser inspeccionada mediante marca\u00e7\u00e3o pr\u00e9via.<br \/>\nReservado o direito a altera\u00e7\u00f5es e erros nos dados t\u00e9cnicos e informa\u00e7\u00f5es, bem como a venda pr\u00e9via!<\/p>\n<p>Centro de maquina\u00e7\u00e3o vertical de 5 eixos CNC completamente revisto DMG DMU 40 eVo linear, constru\u00eddo em 2012, IntNr231419<br \/>\nControlo<br \/>\nMarca HEIDENHAIN<br \/>\nModelo 530<\/p>\n<p>Unidade principal<br \/>\nGama de velocidades do fuso 14000<br \/>\nN\u00famero de eixos 5<\/p>\n<p>Dist\u00e2ncias de viagem<br \/>\nDist\u00e2ncia de desloca\u00e7\u00e3o do eixo X 400 mm<br \/>\nDist\u00e2ncia de desloca\u00e7\u00e3o do eixo Y 400 mm<br \/>\nGama de desloca\u00e7\u00e3o do eixo Z 375 mm<\/p>\n<p>Inclui:<br \/>\nTroca de ferramentas, suporte de ferramentas SK 40 de 120 posi\u00e7\u00f5es<br \/>\nAvan\u00e7o rotativo da mesa para fixa\u00e7\u00e3o da pe\u00e7a de trabalho<br \/>\nPorta lateral para carregamento do robot<br \/>\nControlo de quebra de ferramentas Renishaw<br \/>\nSonda de medi\u00e7\u00e3o Heidenhain<br \/>\nSistema IKZ, com dep\u00f3sito de 600 l<br \/>\nSistema de extra\u00e7\u00e3o de emuls\u00f5es<br \/>\nRefrigerador ativo para o fuso<br \/>\nAccionamentos lineares dos eixos X + Y<br \/>\nBalan\u00e7as de vidro<\/p>\n<p>A m\u00e1quina pode ser visitada mediante marca\u00e7\u00e3o pr\u00e9via.<br \/>\nSujeito a altera\u00e7\u00f5es e erros nos dados t\u00e9cnicos e especifica\u00e7\u00f5es, bem como a venda pr\u00e9via!<\/p>","protected":false},"excerpt":{"rendered":"<p>Standort: Deutschland, Baden-W\u00fcrttemberg S\u00fcdwest Zustand: Neuwertig Hersteller: DMG Modell: 40 eVo linear Baujahr: 2012 Betriebsstunden: 0 neuwertiges grund\u00fcberholtes CNC 5-Achs-Vertikales Bearbeitungszentrum DMG DMU 40 eVo linear, Bj. 2012, IntNr231419 Steuerung Marke HEIDENHAIN Modell 530 Hauptantrieb Spindeldrehzahlbereich 14000 Anzahl der Achsen 5 Verfahrwege Verfahrweg X-Achse 400 mm Verfahrweg Y-Achse 400 mm Verfahrweg Z-Achse 375 mm Beinhaltet [&hellip;]<\/p>\n","protected":false},"featured_media":5189,"comment_status":"open","ping_status":"closed","template":"","meta":{"_uf_show_specific_survey":0,"_uf_disable_surveys":false},"product_brand":[],"product_cat":[21],"product_tag":[],"class_list":{"0":"post-5197","1":"product","2":"type-product","3":"status-publish","4":"has-post-thumbnail","6":"product_cat-cnc-bearbeitungszentrum","8":"first","9":"instock","10":"taxable","11":"shipping-taxable","12":"product-type-simple"},"aioseo_notices":[],"_links":{"self":[{"href":"https:\/\/mueller-wrh.de\/pt\/wp-json\/wp\/v2\/product\/5197","targetHints":{"allow":["GET"]}}],"collection":[{"href":"https:\/\/mueller-wrh.de\/pt\/wp-json\/wp\/v2\/product"}],"about":[{"href":"https:\/\/mueller-wrh.de\/pt\/wp-json\/wp\/v2\/types\/product"}],"replies":[{"embeddable":true,"href":"https:\/\/mueller-wrh.de\/pt\/wp-json\/wp\/v2\/comments?post=5197"}],"wp:featuredmedia":[{"embeddable":true,"href":"https:\/\/mueller-wrh.de\/pt\/wp-json\/wp\/v2\/media\/5189"}],"wp:attachment":[{"href":"https:\/\/mueller-wrh.de\/pt\/wp-json\/wp\/v2\/media?parent=5197"}],"wp:term":[{"taxonomy":"product_brand","embeddable":true,"href":"https:\/\/mueller-wrh.de\/pt\/wp-json\/wp\/v2\/product_brand?post=5197"},{"taxonomy":"product_cat","embeddable":true,"href":"https:\/\/mueller-wrh.de\/pt\/wp-json\/wp\/v2\/product_cat?post=5197"},{"taxonomy":"product_tag","embeddable":true,"href":"https:\/\/mueller-wrh.de\/pt\/wp-json\/wp\/v2\/product_tag?post=5197"}],"curies":[{"name":"wp","href":"https:\/\/api.w.org\/{rel}","templated":true}]}}