{"id":5188,"date":"2026-03-31T15:28:26","date_gmt":"2026-03-31T15:28:26","guid":{"rendered":"https:\/\/mueller-wrh.de\/produkt\/star-sr20r-ii-bj-12_2006_mit-fmb-turbo-3-26_-intnr231539\/"},"modified":"2026-03-31T15:28:26","modified_gmt":"2026-03-31T15:28:26","slug":"star-sr20r-ii-bj-12_2006_mit-fmb-turbo-3-26_-intnr231539","status":"publish","type":"product","link":"https:\/\/mueller-wrh.de\/pt\/produto\/star-sr20r-ii-bj-12_2006_mit-fmb-turbo-3-26_-intnr231539\/","title":{"rendered":"STAR SR20R II , ano 12_2006_com FMB Turbo 3-26_ IntNr231539"},"content":{"rendered":"<p><b>Localiza\u00e7\u00e3o:<\/b> Alemanha, Baden-W\u00fcrttemberg Sudoeste<\/p>\n<p><b>Estado:<\/b> Usado<\/p>\n<p><b>Fabricante:<\/b> STAR Micronics<\/p>\n<p><b>Modelo:<\/b> SR-20R II<\/p>\n<p><b>Hor\u00e1rio de funcionamento:<\/b> 58685<\/p>\n<p>Torno CNC STAR SR-20RII com FMB Turbo 3-26<br \/>\nAno de fabrico: 12_2006<br \/>\nControlo: Fanuc 18i-TB<\/p>\n<p>Dados t\u00e9cnicos<br \/>\nDi\u00e2metro m\u00e1x. Di\u00e2metro de viragem: \u00d8 20 mm (opcionalmente at\u00e9 \u00d8 22 mm)<br \/>\nComprimento de viragem: 205 mm<br \/>\nEixo principal:<br \/>\n- Velocidade: at\u00e9 aprox. 10.000-12.000 min-\u00b9<br \/>\n- Pot\u00eancia: aprox. 3,7-5,5 kW<br \/>\n- Eixo C para maquinagem de contornos<br \/>\nContra-eixo:<br \/>\n- Velocidade: at\u00e9 aprox. 6.000-8.000 min-\u00b9<br \/>\n- Eixo C<br \/>\nEixos (dist\u00e2ncias de desloca\u00e7\u00e3o):<br \/>\n- X1 \/ Z1 \/ Y1 (maquinagem principal): X1 aprox. 265 mm \/ Z1 aprox. 205 mm \/ Y1 \u00b1 20 mm<br \/>\n- X2 \/ Z2 (contra-eixo): semelhante ao eixo principal, os valores exactos dependem da m\u00e1quina<br \/>\n- Desloca\u00e7\u00e3o r\u00e1pida: aprox. 24-30 m\/min<\/p>\n<p>Dimens\u00f5es da m\u00e1quina: 2.400 \u00d7 1.205 \u00d7 1.700 mm<br \/>\nPeso da m\u00e1quina: aprox. 2,200 kg<\/p>\n<p>Alimentador de barras: FMB TURBO 3-26\/3200<br \/>\nTransportador de aparas<\/p>\n<p>Inspe\u00e7\u00e3o: A m\u00e1quina pode ser vista no local mediante marca\u00e7\u00e3o pr\u00e9via.<br \/>\nNota: Sujeito a altera\u00e7\u00f5es e erros nos dados t\u00e9cnicos, bem como a venda pr\u00e9via!<\/p>\n<p>M\u00e1quina de viragem vertical CNC STAR SR-20RII com FMB Turbo 3-26<br \/>\nAno de fabrico: 12_2006<br \/>\nSistema de controlo: Fanuc 18i-TB<\/p>\n<p>Especifica\u00e7\u00f5es t\u00e9cnicas<br \/>\nDi\u00e2metro m\u00e1ximo de rota\u00e7\u00e3o: \u00d8 20 mm (opcional at\u00e9 \u00d8 22 mm)<br \/>\nComprimento de viragem: 205 mm<br \/>\nEixo principal:<br \/>\n\u2022 Velocidade: at\u00e9 aprox. 10.000\u201312.000 rpm<br \/>\n\u2022 Pot\u00eancia: aprox. 3,7\u20135,5 kW<br \/>\n\u2022    Eixo C para maquina\u00e7\u00e3o de contornos<br \/>\nContra-eixo:<br \/>\n\u2022 Velocidade: at\u00e9 aprox. 6.000\u20138.000 rpm<br \/>\n\u2022    Eixo C<br \/>\nEixos (gamas de desloca\u00e7\u00e3o):<br \/>\n\u2022 X1 \/ Z1 \/ Y1 (maquina\u00e7\u00e3o principal): X1 aprox. 265 mm \/ Z1 aprox. 205 mm \/ Y1 \u00b1 20 mm<br \/>\n\u2022    X2 \/ Z2 (contra-fuso): semelhante ao eixo principal, os valores exatos dependem da m\u00e1quina<br \/>\n\u2022    Cursos r\u00e1pidos: aprox. 24\u201330 m\/min<\/p>\n<p>Dimens\u00f5es da m\u00e1quina: 2.400 \u00d7 1.205 \u00d7 1.700 mm<br \/>\nPeso da m\u00e1quina: aprox. 2,200 kg<\/p>\n<p>Carregador de barras: FMB TURBO 3-26\/3200<br \/>\nTransportador de aparas<\/p>\n<p>Visualiza\u00e7\u00e3o: A m\u00e1quina pode ser vista no local mediante marca\u00e7\u00e3o.<br \/>\nNota: Sujeito a altera\u00e7\u00f5es e erros nos dados t\u00e9cnicos, e venda pr\u00e9via!<\/p>","protected":false},"excerpt":{"rendered":"<p>Standort: Deutschland, Baden-W\u00fcrttemberg S\u00fcdwest Zustand: Gebraucht Hersteller: STAR Micronics Modell: SR-20R II Betriebsstunden: 58685 CNC-Langdrehmaschine STAR SR-20RII mit FMB Turbo 3-26 Baujahr: 12_2006 Steuerung: Fanuc 18i-TB Technische Daten Max. Drehdurchmesser: \u00d8 20 mm (optional bis \u00d8 22 mm) Drehl\u00e4nge: 205 mm Hauptspindel: \u2022 Drehzahl: bis ca. 10.000\u201312.000 min\u207b\u00b9 \u2022 Leistung: ca. 3,7\u20135,5 kW \u2022 C-Achse [&hellip;]<\/p>\n","protected":false},"featured_media":5182,"comment_status":"open","ping_status":"closed","template":"","meta":{"_uf_show_specific_survey":0,"_uf_disable_surveys":false},"product_brand":[],"product_cat":[23],"product_tag":[],"class_list":{"0":"post-5188","1":"product","2":"type-product","3":"status-publish","4":"has-post-thumbnail","6":"product_cat-cnc-langdrehmaschinen","8":"first","9":"instock","10":"taxable","11":"shipping-taxable","12":"product-type-simple"},"aioseo_notices":[],"_links":{"self":[{"href":"https:\/\/mueller-wrh.de\/pt\/wp-json\/wp\/v2\/product\/5188","targetHints":{"allow":["GET"]}}],"collection":[{"href":"https:\/\/mueller-wrh.de\/pt\/wp-json\/wp\/v2\/product"}],"about":[{"href":"https:\/\/mueller-wrh.de\/pt\/wp-json\/wp\/v2\/types\/product"}],"replies":[{"embeddable":true,"href":"https:\/\/mueller-wrh.de\/pt\/wp-json\/wp\/v2\/comments?post=5188"}],"wp:featuredmedia":[{"embeddable":true,"href":"https:\/\/mueller-wrh.de\/pt\/wp-json\/wp\/v2\/media\/5182"}],"wp:attachment":[{"href":"https:\/\/mueller-wrh.de\/pt\/wp-json\/wp\/v2\/media?parent=5188"}],"wp:term":[{"taxonomy":"product_brand","embeddable":true,"href":"https:\/\/mueller-wrh.de\/pt\/wp-json\/wp\/v2\/product_brand?post=5188"},{"taxonomy":"product_cat","embeddable":true,"href":"https:\/\/mueller-wrh.de\/pt\/wp-json\/wp\/v2\/product_cat?post=5188"},{"taxonomy":"product_tag","embeddable":true,"href":"https:\/\/mueller-wrh.de\/pt\/wp-json\/wp\/v2\/product_tag?post=5188"}],"curies":[{"name":"wp","href":"https:\/\/api.w.org\/{rel}","templated":true}]}}