{"id":5172,"date":"2026-03-30T10:25:39","date_gmt":"2026-03-30T10:25:39","guid":{"rendered":"https:\/\/mueller-wrh.de\/produkt\/fmb-turbo-3-26-3200-a-bj-07-intnr231540\/"},"modified":"2026-03-30T10:29:02","modified_gmt":"2026-03-30T10:29:02","slug":"fmb-turbo-3-26-3200-a-bj-07-intnr231540","status":"publish","type":"product","link":"https:\/\/mueller-wrh.de\/pt\/produto\/fmb-turbo-3-26-3200-a-bj-07-intnr231540\/","title":{"rendered":"FMB Turbo 3 26 3200 A Ano. `07, Ref. Int. 231540"},"content":{"rendered":"<p><b>Localiza\u00e7\u00e3o:<\/b> Alemanha, Baden-W\u00fcrttemberg Sudoeste<\/p>\n<p><b>Estado:<\/b> Usado<\/p>\n<p><b>Fabricante:<\/b> FMB<\/p>\n<p><b>Modelo:<\/b> Turbo 3-26<\/p>\n<p><b>Ano de constru\u00e7\u00e3o:<\/b> 2007<\/p>\n<p>Carregador de hastes FMB TURBO 3-26 3200 A, Ano 2007<\/p>\n<p>Pa\u00eds de fabrico: Alemanha<br \/>\nDados t\u00e9cnicos<br \/>\nDi\u00e2metro da haste: 3-26 mm<br \/>\nComprimento da barra: 3200 mm<br \/>\n\u00faltimo cultivo em torno de ponte CNC STAR SR 20RII<\/p>\n<p>PESO E DIMENS\u00d5ES<br \/>\nDimens\u00f5es do dep\u00f3sito de carga: aprox. 4300 x 701 x 1400 mm<br \/>\nPeso do dep\u00f3sito de carga: aprox. 980 kg<\/p>\n<p>A m\u00e1quina pode ser inspeccionada mediante marca\u00e7\u00e3o pr\u00e9via.<br \/>\nReservado o direito a altera\u00e7\u00f5es e erros nos dados t\u00e9cnicos e informa\u00e7\u00f5es, bem como a venda pr\u00e9via!<\/p>\n<p>Carregador FMB TURBO 3-26 3200 A bar, constru\u00eddo em 2007<\/p>\n<p>Pa\u00eds de fabrico: Alemanha<br \/>\nDados t\u00e9cnicos<br \/>\nDi\u00e2metro da barra: 3-26 mm<br \/>\nComprimento da barra: 3200 mm<br \/>\nInstalado pela \u00faltima vez num torno autom\u00e1tico STAR SR 20R II<\/p>\n<p>PESO E DIMENS\u00d5ES<br \/>\nDimens\u00f5es do dep\u00f3sito de carga: aprox. 4300 x 701 x 1400 mm<br \/>\nPeso do carregador: aprox. 980 kg<\/p>\n<p>A m\u00e1quina pode ser visitada mediante marca\u00e7\u00e3o pr\u00e9via.<br \/>\nSujeito a altera\u00e7\u00f5es e erros nos dados t\u00e9cnicos e especifica\u00e7\u00f5es, bem como a venda pr\u00e9via!<\/p>","protected":false},"excerpt":{"rendered":"<p>Standort: Deutschland, Baden-W\u00fcrttemberg S\u00fcdwest Zustand: Gebraucht Hersteller: FMB Modell: Turbo 3-26 Baujahr: 2007 FMB Stangenlademagazin TURBO 3-26 3200 A, Bj. 2007 Herstellerland: Deutschland Technische Daten Stangendurchmesser : 3-26 mm Stangenl\u00e4nge : 3200 mm zuletzt angebaut an CNC-Langdrehmaschine STAR SR 20RII GEWICHT UND ABMESSUNGEN Abmessungen Lademagazin: ca. 4300 x 701 x 1400 mm Gewicht Lademagazin: ca. [&hellip;]<\/p>\n","protected":false},"featured_media":5173,"comment_status":"open","ping_status":"closed","template":"","meta":{"_uf_show_specific_survey":0,"_uf_disable_surveys":false},"product_brand":[],"product_cat":[88],"product_tag":[],"class_list":{"0":"post-5172","1":"product","2":"type-product","3":"status-publish","4":"has-post-thumbnail","6":"product_cat-stangenzufuehrungen","8":"first","9":"instock","10":"taxable","11":"shipping-taxable","12":"product-type-simple"},"aioseo_notices":[],"_links":{"self":[{"href":"https:\/\/mueller-wrh.de\/pt\/wp-json\/wp\/v2\/product\/5172","targetHints":{"allow":["GET"]}}],"collection":[{"href":"https:\/\/mueller-wrh.de\/pt\/wp-json\/wp\/v2\/product"}],"about":[{"href":"https:\/\/mueller-wrh.de\/pt\/wp-json\/wp\/v2\/types\/product"}],"replies":[{"embeddable":true,"href":"https:\/\/mueller-wrh.de\/pt\/wp-json\/wp\/v2\/comments?post=5172"}],"wp:featuredmedia":[{"embeddable":true,"href":"https:\/\/mueller-wrh.de\/pt\/wp-json\/wp\/v2\/media\/5173"}],"wp:attachment":[{"href":"https:\/\/mueller-wrh.de\/pt\/wp-json\/wp\/v2\/media?parent=5172"}],"wp:term":[{"taxonomy":"product_brand","embeddable":true,"href":"https:\/\/mueller-wrh.de\/pt\/wp-json\/wp\/v2\/product_brand?post=5172"},{"taxonomy":"product_cat","embeddable":true,"href":"https:\/\/mueller-wrh.de\/pt\/wp-json\/wp\/v2\/product_cat?post=5172"},{"taxonomy":"product_tag","embeddable":true,"href":"https:\/\/mueller-wrh.de\/pt\/wp-json\/wp\/v2\/product_tag?post=5172"}],"curies":[{"name":"wp","href":"https:\/\/api.w.org\/{rel}","templated":true}]}}