{"id":5165,"date":"2026-03-27T13:42:13","date_gmt":"2026-03-27T13:42:13","guid":{"rendered":"https:\/\/mueller-wrh.de\/produkt\/gildemeister-ctx-beta-1250-4a-bj-2012_-intnr231536\/"},"modified":"2026-03-27T13:42:13","modified_gmt":"2026-03-27T13:42:13","slug":"gildemeister-ctx-beta-1250-4a-bj-2012_-intnr231536","status":"publish","type":"product","link":"https:\/\/mueller-wrh.de\/pt\/produto\/gildemeister-ctx-beta-1250-4a-bj-2012_-intnr231536\/","title":{"rendered":"Gildemeister CTX Beta 1250 4A, ano 2012_ IntNo231536"},"content":{"rendered":"<p><b>Localiza\u00e7\u00e3o:<\/b> Alemanha, Baden-W\u00fcrttemberg Sudoeste<\/p>\n<p><b>Estado:<\/b> Usado<\/p>\n<p><b>Fabricante:<\/b> DMG<\/p>\n<p><b>Modelo:<\/b> CTX Beta 1250 4A<\/p>\n<p><b>Ano de constru\u00e7\u00e3o:<\/b> 2012<\/p>\n<p><b>Hor\u00e1rio de funcionamento:<\/b> 20000<\/p>\n<p>Centro de torneamento CNC de gama alta com 2 rev\u00f3lveres, eixo Y e alimentador de barras IRCO<\/p>\n<p>Controlo: SIEMENS 840D SolutionLine com interface ShopTurn<br \/>\nAno de fabrico: 2012<br \/>\nHoras de veio: 20.000<\/p>\n<p>Di\u00e2metro de viragem (m\u00e1x.): aprox. 390 mm<br \/>\nComprimento de corte (m\u00e1x.): 1.250 mm<br \/>\nAbertura da biela: 76 mm (Standard)<\/p>\n<p>Eixo X: 300 mm<br \/>\nEixo Z: 1.250 mm<br \/>\nEixo Y: +\/- 60 mm (na torre superior)<\/p>\n<p>Propriedades do fuso:<br \/>\nRota\u00e7\u00e3o: at\u00e9 5.000 r.p.m.<br \/>\nPot\u00eancia do motor: 34 kW (40% CV)<br \/>\nBin\u00e1rio: at\u00e9 380 Nm<\/p>\n<p>Cinem\u00e1tica de 4 eixos<br \/>\n2 x 12 Esta\u00e7\u00f5es (todas as esta\u00e7\u00f5es adequadas para ferramentas motorizadas)<br \/>\nRota\u00e7\u00e3o at\u00e9 6.000 rpm, pot\u00eancia 11,3 kW<\/p>\n<p>Software de Crema\u00e7\u00e3o, incluindo suportes de ferramentas especializados para fresagem\/crema\u00e7\u00e3o por gera\u00e7\u00e3o. <\/p>\n<p>Carregador r\u00e1pido IRCO MUK<br \/>\nTransportador de aparas com correia articulada<br \/>\nSistema HD de 20 bar com filtro de papel em fita<\/p>\n<p>Sujeito a altera\u00e7\u00f5es e erros nos dados t\u00e9cnicos, bem como a venda pr\u00e9via!<\/p>\n<p>Centro de torneamento CNC de alta gama com 2 torres, eixo Y e alimentador de barras IRCO<\/p>\n<p>Sistema de controlo: SIEMENS 840D SolutionLine com interface ShopTurn<br \/>\nAno de fabrico: 2012<br \/>\nHoras de veio: 20.000<\/p>\n<p>Di\u00e2metro de viragem (m\u00e1x.): aprox. 390 mm<br \/>\nComprimento de volteio (m\u00e1x.): 1.250 mm<br \/>\nCapacidade da barra: 76 mm (standard)<\/p>\n<p>Eixo X: 300 mm<br \/>\nEixo Z: 1.250 mm<br \/>\nEixo Y: +\/- 60 mm (na torreta superior)<\/p>\n<p>Especifica\u00e7\u00f5es do fuso:<br \/>\nVelocidade: at\u00e9 5.000 rpm<br \/>\nPot\u00eancia de acionamento: 34 kW (% 40 de ciclo de trabalho)<br \/>\nBin\u00e1rio: at\u00e9 380 Nm<\/p>\n<p>Cinem\u00e1tica de 4 eixos<br \/>\n2 x 12 postos (todos os postos adequados para operar ferramentas el\u00e9tricas)<br \/>\nVelocidade at\u00e9 6.000 rpm, pot\u00eancia 11,3 kW<\/p>\n<p>Software de corte de engrenagens, incluindo porta-ferramentas especializados para fresagem\/corte de engrenagens. <\/p>\n<p>IRCO MUK carregador frontal<br \/>\nTransportador de aparas de correia articulada<br \/>\nSistema de alta press\u00e3o de 20 bar com filtro de cinta de papel<\/p>\n<p>Reservamo-nos o direito de efetuar altera\u00e7\u00f5es e corrigir erros nos dados t\u00e9cnicos, e de vender artigos antes da encomenda!<\/p>","protected":false},"excerpt":{"rendered":"<p>Standort: Deutschland, Baden-W\u00fcrttemberg S\u00fcdwest Zustand: Gebraucht Hersteller: DMG Modell: CTX Beta 1250 4A Baujahr: 2012 Betriebsstunden: 20000 High-End CNC-Drehzentrum mit 2 Revolvern, Y-Achse und IRCO-Stangenlader Steuerung: SIEMENS 840D SolutionLine mit ShopTurn-Oberfl\u00e4che Baujahr: 2012 Spindelstunden: 20.000 Drehdurchmesser (max.): ca. 390 mm Drehl\u00e4nge (max.): 1.250 mm Stangendurchlass: 76 mm (Standard) X-Achse: 300 mm Z-Achse: 1.250 mm Y-Achse: [&hellip;]<\/p>\n","protected":false},"featured_media":5158,"comment_status":"open","ping_status":"closed","template":"","meta":{"_uf_show_specific_survey":0,"_uf_disable_surveys":false},"product_brand":[],"product_cat":[89],"product_tag":[],"class_list":{"0":"post-5165","1":"product","2":"type-product","3":"status-publish","4":"has-post-thumbnail","6":"product_cat-cnc-kurzdrehmaschinen","8":"first","9":"instock","10":"taxable","11":"shipping-taxable","12":"product-type-simple"},"aioseo_notices":[],"_links":{"self":[{"href":"https:\/\/mueller-wrh.de\/pt\/wp-json\/wp\/v2\/product\/5165","targetHints":{"allow":["GET"]}}],"collection":[{"href":"https:\/\/mueller-wrh.de\/pt\/wp-json\/wp\/v2\/product"}],"about":[{"href":"https:\/\/mueller-wrh.de\/pt\/wp-json\/wp\/v2\/types\/product"}],"replies":[{"embeddable":true,"href":"https:\/\/mueller-wrh.de\/pt\/wp-json\/wp\/v2\/comments?post=5165"}],"wp:featuredmedia":[{"embeddable":true,"href":"https:\/\/mueller-wrh.de\/pt\/wp-json\/wp\/v2\/media\/5158"}],"wp:attachment":[{"href":"https:\/\/mueller-wrh.de\/pt\/wp-json\/wp\/v2\/media?parent=5165"}],"wp:term":[{"taxonomy":"product_brand","embeddable":true,"href":"https:\/\/mueller-wrh.de\/pt\/wp-json\/wp\/v2\/product_brand?post=5165"},{"taxonomy":"product_cat","embeddable":true,"href":"https:\/\/mueller-wrh.de\/pt\/wp-json\/wp\/v2\/product_cat?post=5165"},{"taxonomy":"product_tag","embeddable":true,"href":"https:\/\/mueller-wrh.de\/pt\/wp-json\/wp\/v2\/product_tag?post=5165"}],"curies":[{"name":"wp","href":"https:\/\/api.w.org\/{rel}","templated":true}]}}