{"id":5156,"date":"2026-03-27T10:27:11","date_gmt":"2026-03-27T10:27:11","guid":{"rendered":"https:\/\/mueller-wrh.de\/produkt\/haas-vf-3bythe_bj-01_2007_-intnr231533\/"},"modified":"2026-03-27T10:27:11","modified_gmt":"2026-03-27T10:27:11","slug":"haas-vf-3bythe_bj-01_2007_-intnr231533","status":"publish","type":"product","link":"https:\/\/mueller-wrh.de\/pt\/produto\/haas-vf-3bythe_bj-01_2007_-intnr231533\/","title":{"rendered":"Haas VF-3BYTHE_Ano 01_2007_ IntNo231533"},"content":{"rendered":"<p><b>Localiza\u00e7\u00e3o:<\/b> Alemanha, Baden-W\u00fcrttemberg Sudoeste<\/p>\n<p><b>Estado:<\/b> Usado<\/p>\n<p><b>Fabricante:<\/b> HAAS<\/p>\n<p><b>Modelo:<\/b> VF-3BYTHE<\/p>\n<p><b>Ano de constru\u00e7\u00e3o:<\/b> 2007<\/p>\n<p><b>Hor\u00e1rio de funcionamento:<\/b> 14500<\/p>\n<p>Haas VF3 BYTHE (Ano 2007) \u2013 3 Eixos<br \/>\nHoras de funcionamento: aprox. 14500<br \/>\nHoras de funcionamento: aprox. 33000<br \/>\nTipo de m\u00e1quina: Centro de Usinagem Vertical (CNC)<br \/>\nAno de constru\u00e7\u00e3o: 2007<br \/>\nControlo: Haas<br \/>\nTipo de acionamento: Fuso de alta velocidade (Alta Efici\u00eancia)<br \/>\nCapacidade do eixo: Usinagem de 3 eixos <\/p>\n<p>Dados mec\u00e2nicos<br \/>\nDist\u00e2ncias de desloca\u00e7\u00e3o:<br \/>\nEixo X: 1010 mm<br \/>\nEixo Y: 660 mm<br \/>\nEixo Z: 608mm<br \/>\nIntervalo de rota\u00e7\u00f5es: at\u00e9 10.000 rpm <\/p>\n<p>Eixos de acionamento<br \/>\nEixo X\/Y\/Z: Fuso de esferas recirculantes, guias de precis\u00e3o<br \/>\n3 Eixos: Mesa girat\u00f3ria \/ Mesa de rota\u00e7\u00e3o integrada, controlada por CNC<\/p>\n<p>Carregador de rev\u00f3lver<br \/>\nCapacidade: 40 posi\u00e7\u00f5es de ferramenta<br \/>\nSK40<br \/>\nCaixa de engrenagens do veio substitu\u00edda 2024<\/p>\n<p>Transportador de aparas<\/p>\n<p>\u00c1rea de ocupa\u00e7\u00e3o \/ dimens\u00f5es de montagem: aprox. 3.870 mm x 2.510 mm x 2.690 mm (L x P x A)<\/p>\n<p>Peso da m\u00e1quina: aprox. 6.260 kg<\/p>\n<p>M\u00e1quina totalmente funcional do ponto de vista el\u00e9trico e mec\u00e2nico<br \/>\nDocumenta\u00e7\u00e3o t\u00e9cnica <\/p>\n<p>A m\u00e1quina pode ser inspeccionada mediante marca\u00e7\u00e3o pr\u00e9via.<br \/>\nReservado o direito a altera\u00e7\u00f5es e erros nos dados t\u00e9cnicos e informa\u00e7\u00f5es, bem como a venda pr\u00e9via!<\/p>\n<p>Haas VF-3 (2007) \u2013 Centro de Maquina\u00e7\u00e3o Vertical de 3 Eixos<\/p>\n<p>Hor\u00e1rio de funcionamento: aprox. 14.500<br \/>\nHoras de funcionamento: aproximadamente 33.000<\/p>\n<p>Tipo de m\u00e1quina: Centro de maquina\u00e7\u00e3o vertical CNC<br \/>\nAno de fabrico: 2007<br \/>\nControlo: Haas<br \/>\nTipo de acionamento: Eixo de alta velocidade (Alta Efici\u00eancia)<br \/>\nConfigura\u00e7\u00e3o do eixo: maquina\u00e7\u00e3o de 3 eixos<\/p>\n<p>Dados t\u00e9cnicos<\/p>\n<p>Viagens:<\/p>\n<p>Eixo X: 1.010 mm<br \/>\nEixo Y: 660 mm<br \/>\nEixo Z: 608 mm<\/p>\n<p>Velocidade do veio: at\u00e9 10.000 rpm<\/p>\n<p>Eixos de Transmiss\u00e3o<br \/>\nEixos X\/Y\/Z: Fusos de esferas, guias lineares de precis\u00e3o<br \/>\n3\u00ba eixo: Mesa inclin\u00e1vel\/rotativa integrada, controlada por CNC<br \/>\nTrocador de Ferramentas<br \/>\nCapacidade: 40 posi\u00e7\u00f5es de ferramenta<br \/>\nTaper: SK40<br \/>\nCaixa de engrenagens do fuso substitu\u00edda em 2024<br \/>\nEquipamento<br \/>\nTransportador de aparas<br \/>\nDimens\u00f5es de Instala\u00e7\u00e3o<br \/>\nAprox. 3.870 x 2.510 x 2.690 mm (L x P x A)<\/p>\n<p>Peso da m\u00e1quina: aprox. 6.260 kg<\/p>\n<p>Estado<\/p>\n<p>A m\u00e1quina est\u00e1 totalmente operacional, tanto a n\u00edvel el\u00e9trico como mec\u00e2nico.<br \/>\nA documenta\u00e7\u00e3o t\u00e9cnica est\u00e1 inclu\u00edda.<\/p>\n<p>A m\u00e1quina pode ser inspeccionada sob tens\u00e3o mediante marca\u00e7\u00e3o pr\u00e9via.<\/p>\n<p>Sujeito a venda pr\u00e9via. Todas as especifica\u00e7\u00f5es s\u00e3o indicativas; erros e omiss\u00f5es ser\u00e3o devidamente corrigidos.<\/p>","protected":false},"excerpt":{"rendered":"<p>Standort: Deutschland, Baden-W\u00fcrttemberg S\u00fcdwest Zustand: Gebraucht Hersteller: HAAS Modell: VF-3BYTHE Baujahr: 2007 Betriebsstunden: 14500 Haas Haas VF3 BYTHE (Bj. 2007) \u2013 3-Achsen Betriebsstunden: ca. 14500 Einschaltstunden: ca.33000 Maschinentyp: Vertikales Bearbeitungszentrum (CNC) Baujahr: 2007 Steuerung: Haas Antriebsart: Hochgeschwindigkeits-Spindel (High Efficiency) Achsf\u00e4higkeit: 3-Achsen Bearbeitung Mechanische Daten Verfahrwege: X-Achse: 1010 mm Y-Achse: 660 mm Z-Achse: 608mm Drehzahlbereich: bis [&hellip;]<\/p>\n","protected":false},"featured_media":5148,"comment_status":"open","ping_status":"closed","template":"","meta":{"_uf_show_specific_survey":0,"_uf_disable_surveys":false},"product_brand":[],"product_cat":[21],"product_tag":[],"class_list":{"0":"post-5156","1":"product","2":"type-product","3":"status-publish","4":"has-post-thumbnail","6":"product_cat-cnc-bearbeitungszentrum","8":"first","9":"instock","10":"taxable","11":"shipping-taxable","12":"product-type-simple"},"aioseo_notices":[],"_links":{"self":[{"href":"https:\/\/mueller-wrh.de\/pt\/wp-json\/wp\/v2\/product\/5156","targetHints":{"allow":["GET"]}}],"collection":[{"href":"https:\/\/mueller-wrh.de\/pt\/wp-json\/wp\/v2\/product"}],"about":[{"href":"https:\/\/mueller-wrh.de\/pt\/wp-json\/wp\/v2\/types\/product"}],"replies":[{"embeddable":true,"href":"https:\/\/mueller-wrh.de\/pt\/wp-json\/wp\/v2\/comments?post=5156"}],"wp:featuredmedia":[{"embeddable":true,"href":"https:\/\/mueller-wrh.de\/pt\/wp-json\/wp\/v2\/media\/5148"}],"wp:attachment":[{"href":"https:\/\/mueller-wrh.de\/pt\/wp-json\/wp\/v2\/media?parent=5156"}],"wp:term":[{"taxonomy":"product_brand","embeddable":true,"href":"https:\/\/mueller-wrh.de\/pt\/wp-json\/wp\/v2\/product_brand?post=5156"},{"taxonomy":"product_cat","embeddable":true,"href":"https:\/\/mueller-wrh.de\/pt\/wp-json\/wp\/v2\/product_cat?post=5156"},{"taxonomy":"product_tag","embeddable":true,"href":"https:\/\/mueller-wrh.de\/pt\/wp-json\/wp\/v2\/product_tag?post=5156"}],"curies":[{"name":"wp","href":"https:\/\/api.w.org\/{rel}","templated":true}]}}