{"id":5134,"date":"2026-03-27T09:54:57","date_gmt":"2026-03-27T09:54:57","guid":{"rendered":"https:\/\/mueller-wrh.de\/produkt\/star-sr-20_rii_bj-07-2007_intnr231447\/"},"modified":"2026-03-27T10:10:35","modified_gmt":"2026-03-27T10:10:35","slug":"star-sr-20_rii_bj-07-2007_intnr231447","status":"publish","type":"product","link":"https:\/\/mueller-wrh.de\/pt\/produto\/star-sr-20_rii_bj-07-2007_intnr231447\/","title":{"rendered":"STAR SR-20_RII_Ano 07.2007_IntNo231447"},"content":{"rendered":"<p><b>Localiza\u00e7\u00e3o:<\/b> Alemanha, Baden-W\u00fcrttemberg Sudoeste<\/p>\n<p><b>Estado:<\/b> Usado<\/p>\n<p><b>Fabricante:<\/b> STAR Micronics<\/p>\n<p><b>Modelo:<\/b> SR-20 RII<\/p>\n<p><b>Ano de constru\u00e7\u00e3o:<\/b> 2007<\/p>\n<p><b>Hor\u00e1rio de funcionamento:<\/b> 20279<\/p>\n<p>Torno de cabe\u00e7ote m\u00f3vel CNC SR20RII, ano 2007<br \/>\nTipo de m\u00e1quina: Torno de cabe\u00e7a deslizante CNC (tipo su\u00ed\u00e7o)<br \/>\nControlador, Fanuc, S\u00e9rie 18i-TB,<br \/>\nHoras de ativa\u00e7\u00e3o: 20279<br \/>\nHoras de funcionamento: 67058<\/p>\n<p>Di\u00e2metro m\u00e1x. Di\u00e2metro de viragem: \u00d8 20 mm (opcionalmente at\u00e9 22 mm)<br \/>\nComprimento de viragem: 205 mm<br \/>\nEixo principal:<br \/>\nVelocidade: at\u00e9 aprox. 10.000-12.000 min-\u00b9<br \/>\nPot\u00eancia: aprox. 3,7-5,5 kW<br \/>\nEixo C<br \/>\nContra-eixo:<br \/>\nVelocidade: at\u00e9 aprox. 6.000-8.000 min-\u00b9<br \/>\nEixo C<br \/>\nEixos:<br \/>\nX1 \/ Z1 \/ Y1 (processamento principal)<br \/>\nX2 \/ Z2 (contra-eixo)<br \/>\nDesloca\u00e7\u00e3o r\u00e1pida: aprox. 24-30 m\/min<\/p>\n<p>Dimens\u00f5es da m\u00e1quina 2400x1205x1700 mm<br \/>\nPeso da m\u00e1quina 2200 kg<\/p>\n<p>Reservado o direito a altera\u00e7\u00f5es e erros nos dados t\u00e9cnicos e informa\u00e7\u00f5es, bem como a venda pr\u00e9via!<\/p>\n<p>Torno CNC de tipo su\u00ed\u00e7o STAR SR-20RII<br \/>\nAno de fabrico: 2007<\/p>\n<p>Tipo de m\u00e1quina: Torno de cabe\u00e7ote m\u00f3vel CNC de tipo su\u00ed\u00e7o<br \/>\nControlo: Fanuc, S\u00e9rie 18i-TB<\/p>\n<p>Horas de funcionamento: 20,279 h<br \/>\nHoras de funcionamento: 67.058 h<\/p>\n<p>Dados t\u00e9cnicos<\/p>\n<p>Capacidade de maquinagem:<br \/>\nDi\u00e2metro m\u00e1ximo de rota\u00e7\u00e3o: \u00d8 20 mm (opcional at\u00e9 \u00d8 22 mm)<br \/>\nComprimento m\u00e1ximo de viragem: 205 mm<br \/>\nEixo principal:<br \/>\nVelocidade: at\u00e9 aprox. 10.000-12.000 rpm<br \/>\nPot\u00eancia: aprox. 3,7-5,5 kW<br \/>\nEixo C<br \/>\nSub-eixo:<br \/>\nVelocidade: at\u00e9 aprox. 6.000-8.000 rpm<br \/>\nEixo C<br \/>\nConfigura\u00e7\u00e3o dos eixos:<br \/>\nX1 \/ Z1 \/ Y1 (maquinagem principal)<br \/>\nX2 \/ Z2 (sub-eixo)<br \/>\nDesloca\u00e7\u00e3o r\u00e1pida: aprox. 24-30 m\/min<\/p>\n<p>Dimens\u00f5es e peso da m\u00e1quina<br \/>\nDimens\u00f5es (C \u00d7 L \u00d7 A): 2400 \u00d7 1205 \u00d7 1700 mm<br \/>\nPeso da m\u00e1quina: aprox. 2,200 kg<\/p>\n<p>Sujeito a venda pr\u00e9via, com exce\u00e7\u00e3o de altera\u00e7\u00f5es e erros nos dados t\u00e9cnicos e especifica\u00e7\u00f5es.<\/p>","protected":false},"excerpt":{"rendered":"<p>Standort: Deutschland, Baden-W\u00fcrttemberg S\u00fcdwest Zustand: Gebraucht Hersteller: STAR Micronics Modell: SR-20 RII Baujahr: 2007 Betriebsstunden: 20279 CNC-Langdrehmaschine SR20RII, Bj. 2007 Maschinentyp: CNC-Langdrehmaschine (Swiss-Type) Steuerung, Fanuc, Serie 18i-TB, Einschaltstunden: 20279 Betriebsstunden: 67058 Max. Drehdurchmesser: \u00d8 20 mm (Optional bis 22mm) Drehl\u00e4nge: 205 mm Hauptspindel: Drehzahl: bis ca. 10.000\u201312.000 min\u207b\u00b9 Leistung: ca. 3,7\u20135,5 kW C-Achse Gegenspindel: Drehzahl: [&hellip;]<\/p>\n","protected":false},"featured_media":5135,"comment_status":"open","ping_status":"closed","template":"","meta":{"_uf_show_specific_survey":0,"_uf_disable_surveys":false},"product_brand":[],"product_cat":[23],"product_tag":[],"class_list":{"0":"post-5134","1":"product","2":"type-product","3":"status-publish","4":"has-post-thumbnail","6":"product_cat-cnc-langdrehmaschinen","8":"first","9":"instock","10":"taxable","11":"shipping-taxable","12":"product-type-simple"},"aioseo_notices":[],"_links":{"self":[{"href":"https:\/\/mueller-wrh.de\/pt\/wp-json\/wp\/v2\/product\/5134","targetHints":{"allow":["GET"]}}],"collection":[{"href":"https:\/\/mueller-wrh.de\/pt\/wp-json\/wp\/v2\/product"}],"about":[{"href":"https:\/\/mueller-wrh.de\/pt\/wp-json\/wp\/v2\/types\/product"}],"replies":[{"embeddable":true,"href":"https:\/\/mueller-wrh.de\/pt\/wp-json\/wp\/v2\/comments?post=5134"}],"wp:featuredmedia":[{"embeddable":true,"href":"https:\/\/mueller-wrh.de\/pt\/wp-json\/wp\/v2\/media\/5135"}],"wp:attachment":[{"href":"https:\/\/mueller-wrh.de\/pt\/wp-json\/wp\/v2\/media?parent=5134"}],"wp:term":[{"taxonomy":"product_brand","embeddable":true,"href":"https:\/\/mueller-wrh.de\/pt\/wp-json\/wp\/v2\/product_brand?post=5134"},{"taxonomy":"product_cat","embeddable":true,"href":"https:\/\/mueller-wrh.de\/pt\/wp-json\/wp\/v2\/product_cat?post=5134"},{"taxonomy":"product_tag","embeddable":true,"href":"https:\/\/mueller-wrh.de\/pt\/wp-json\/wp\/v2\/product_tag?post=5134"}],"curies":[{"name":"wp","href":"https:\/\/api.w.org\/{rel}","templated":true}]}}