{"id":5112,"date":"2026-03-23T15:18:16","date_gmt":"2026-03-23T15:18:16","guid":{"rendered":"https:\/\/mueller-wrh.de\/produkt\/doosan-puma-tt-1800-sy-bj-2022_-intnr231434\/"},"modified":"2026-03-24T08:07:35","modified_gmt":"2026-03-24T08:07:35","slug":"doosan-puma-tt-1800-sy-bj-2022_-intnr231434","status":"publish","type":"product","link":"https:\/\/mueller-wrh.de\/pt\/produto\/doosan-puma-tt-1800-sy-bj-2022_-intnr231434\/","title":{"rendered":"DOOSAN Puma TT 1800 SY, ano 2022_ IntNr231434"},"content":{"rendered":"<p><b>Localiza\u00e7\u00e3o:<\/b> Alemanha, Baden-W\u00fcrttemberg Sudoeste<\/p>\n<p><b>Estado:<\/b> Usado<\/p>\n<p><b>Fabricante:<\/b> DOOSAN-PUMA<\/p>\n<p><b>Modelo:<\/b> TT 1800 SY<\/p>\n<p><b>Ano de constru\u00e7\u00e3o:<\/b> 2022<\/p>\n<p>DOOSAN Puma TT 1800 SY, ano 2022<br \/>\nTorno CNC, \u00f3timo estado<br \/>\nSistema de controlo: Fanuc<br \/>\nDados t\u00e9cnicos:<br \/>\nCentro de torneamento multifuncional de m\u00faltiplos eixos com at\u00e9 8 eixos controlados, duas torres e dois fusos opostos equivalentes. Eixo Y para ferramentas acionadas acima do eixo C; S significa contra-fuso.<br \/>\nAcess\u00f3rios:<br \/>\nApanhador de pe\u00e7as<br \/>\nSuporte de ferramentas<br \/>\nTransportador de aparas<br \/>\nRevista Rod LNS<br \/>\nDocumenta\u00e7\u00e3o t\u00e9cnica<br \/>\nFabricante: : DOOSAN Puma TT 1800 SY, Ano 2022_ IntNr231434<br \/>\nPa\u00eds de fabrico: Coreia do Sul<br \/>\nAno de constru\u00e7\u00e3o 2022<br \/>\nInclui acess\u00f3rios <\/p>\n<p>Sujeito a altera\u00e7\u00f5es e erros nos dados t\u00e9cnicos, bem como a venda pr\u00e9via!<\/p>\n<p>DOOSAN Puma TT 1800 SY, Ano 2022<br \/>\nTorno CNC, em \u00f3timo estado<br \/>\nControlo: Fanuc<\/p>\n<p>Dados t\u00e9cnicos<\/p>\n<p>Centro de torneamento multifuncional de m\u00faltiplos eixos com at\u00e9 8 eixos controlados, duas torres e dois fusos opostos id\u00eanticos.<br \/>\nEixo Y para ferramentas acionadas acima do eixo C; S significa sub-eixo.<\/p>\n<p>Acess\u00f3rios<br \/>\nApanhador de pe\u00e7as<br \/>\nPorta-ferramentas<br \/>\nTransportador de aparas<br \/>\nAlimentador de barras LNS<br \/>\nDocumenta\u00e7\u00e3o t\u00e9cnica<\/p>\n<p>Fabricante: DOOSAN Puma TT 1800 SY, Ano 2022, IntNr 231434<br \/>\nPa\u00eds de fabrico: Coreia do Sul<br \/>\nAno de fabrico: 2022<br \/>\nIncluindo acess\u00f3rios<\/p>\n<p>Sujeito a venda pr\u00e9via. Reservado o direito a erros e altera\u00e7\u00f5es dos dados t\u00e9cnicos.<\/p>","protected":false},"excerpt":{"rendered":"<p>Standort: Deutschland, Baden-W\u00fcrttemberg S\u00fcdwest Zustand: Gebraucht Hersteller: DOOSAN-PUMA Modell: TT 1800 SY Baujahr: 2022 DOOSAN Puma TT 1800 SY, Bj. 2022 CNC-Drehmaschine, Top-Zustand Steuerung: Fanuc Technische Daten: Multifunktionales Mehrachsen-Drehzentrum mit bis zu 8 gesteuerten Achsen, zwei Revolver und zwei gleichwertigen, gegen\u00fcberstehenden Spindeln. Y-Achse f\u00fcr angetriebene Werkzeuge \u00fcber der C-Achse; S steht f\u00fcr Gegenspindel. Zubeh\u00f6r: Teilef\u00e4nger [&hellip;]<\/p>\n","protected":false},"featured_media":5113,"comment_status":"open","ping_status":"closed","template":"","meta":{"_uf_show_specific_survey":0,"_uf_disable_surveys":false},"product_brand":[],"product_cat":[89],"product_tag":[],"class_list":{"0":"post-5112","1":"product","2":"type-product","3":"status-publish","4":"has-post-thumbnail","6":"product_cat-cnc-kurzdrehmaschinen","8":"first","9":"instock","10":"taxable","11":"shipping-taxable","12":"product-type-simple"},"aioseo_notices":[],"_links":{"self":[{"href":"https:\/\/mueller-wrh.de\/pt\/wp-json\/wp\/v2\/product\/5112","targetHints":{"allow":["GET"]}}],"collection":[{"href":"https:\/\/mueller-wrh.de\/pt\/wp-json\/wp\/v2\/product"}],"about":[{"href":"https:\/\/mueller-wrh.de\/pt\/wp-json\/wp\/v2\/types\/product"}],"replies":[{"embeddable":true,"href":"https:\/\/mueller-wrh.de\/pt\/wp-json\/wp\/v2\/comments?post=5112"}],"wp:featuredmedia":[{"embeddable":true,"href":"https:\/\/mueller-wrh.de\/pt\/wp-json\/wp\/v2\/media\/5113"}],"wp:attachment":[{"href":"https:\/\/mueller-wrh.de\/pt\/wp-json\/wp\/v2\/media?parent=5112"}],"wp:term":[{"taxonomy":"product_brand","embeddable":true,"href":"https:\/\/mueller-wrh.de\/pt\/wp-json\/wp\/v2\/product_brand?post=5112"},{"taxonomy":"product_cat","embeddable":true,"href":"https:\/\/mueller-wrh.de\/pt\/wp-json\/wp\/v2\/product_cat?post=5112"},{"taxonomy":"product_tag","embeddable":true,"href":"https:\/\/mueller-wrh.de\/pt\/wp-json\/wp\/v2\/product_tag?post=5112"}],"curies":[{"name":"wp","href":"https:\/\/api.w.org\/{rel}","templated":true}]}}