{"id":5103,"date":"2026-03-19T14:02:28","date_gmt":"2026-03-19T14:02:28","guid":{"rendered":"https:\/\/mueller-wrh.de\/produkt\/deckel-maho-dmf-220-linear-bj-2001-intnr231491\/"},"modified":"2026-03-19T14:02:28","modified_gmt":"2026-03-19T14:02:28","slug":"deckel-maho-dmf-220-linear-bj-2001-intnr231491","status":"publish","type":"product","link":"https:\/\/mueller-wrh.de\/pt\/produto\/deckel-maho-dmf-220-linear-bj-2001-intnr231491\/","title":{"rendered":"Cobertura Maho DMF 220 linear ano 2001, IntNr231491"},"content":{"rendered":"<p><b>Localiza\u00e7\u00e3o:<\/b> Alemanha, Baden-W\u00fcrttemberg Sudoeste<\/p>\n<p><b>Estado:<\/b> Usado<\/p>\n<p><b>Fabricante:<\/b> DMG<\/p>\n<p><b>Modelo:<\/b> DMF 220<\/p>\n<p><b>Ano de constru\u00e7\u00e3o:<\/b> 2001<\/p>\n<p><b>Hor\u00e1rio de funcionamento:<\/b> 0<\/p>\n<p>Fabricante: DECKEL MAHO, Tipo: DMF 220 linear, Ano de fabrico: 2001<br \/>\nSistema de controlo: Siemens 840D Powerline<\/p>\n<p>Percursos e eixos de desloca\u00e7\u00e3o<br \/>\nEixo X (longitudinal): 2.200 mm<br \/>\nEixo Y (transversal): 560 mm<br \/>\nEixo Z (vertical): 720 mm<br \/>\nDesloca\u00e7\u00e3o r\u00e1pida X\/Y\/Z: 50 m\/min<br \/>\nAcionamento do eixo X: Acionamento linear altamente din\u00e2mico <\/p>\n<p>Mesa de trabalho<br \/>\nSuperf\u00edcie de fixa\u00e7\u00e3o: 2.600 x 600 mm<br \/>\nM\u00e1x. Carga da mesa: 2.200 kg<\/p>\n<p>Eixo principal<br \/>\nGama de velocidades: 20 - 12.000 rpm (standard)<br \/>\nPot\u00eancia de acionamento (100% ED): 35 \/ 25 kW (S1\/S6)<br \/>\nBin\u00e1rio m\u00e1x. Bin\u00e1rio: 130 \/ 87 Nm (com 100% ED)<br \/>\nPorta-ferramentas: SK 40 de acordo com DIN 69871 <\/p>\n<p>Trocador de ferramentas<br \/>\nN\u00famero de lugares: revista 30 vezes<br \/>\nTempo de mudan\u00e7a (chip a chip): aprox. 4-6 segundos (consoante o modelo) <\/p>\n<p>Dimens\u00f5es e peso<br \/>\nEspa\u00e7o necess\u00e1rio aprox.: 6.500 x 3.500 mm<br \/>\nPeso da m\u00e1quina aprox.: 12,5 toneladas <\/p>\n<p>A m\u00e1quina pode ser inspeccionada mediante marca\u00e7\u00e3o pr\u00e9via.<br \/>\nReservado o direito a altera\u00e7\u00f5es e erros nos dados t\u00e9cnicos e informa\u00e7\u00f5es, bem como a venda pr\u00e9via!<\/p>\n<p>Centro de maquina\u00e7\u00e3o CNC de 5 eixos renovado Deckel MAHO DMF 250 linear em bom estado.<br \/>\nAno de fabrico: 2004.<\/p>\n<p>Controlo: Heidenhain iTNC 530.<br \/>\nDados t\u00e9cnicos:<br \/>\nDist\u00e2ncia de desloca\u00e7\u00e3o X: 2.500 mm.<br \/>\nDist\u00e2ncia de desloca\u00e7\u00e3o Y: 920 mm.<br \/>\nDist\u00e2ncia de desloca\u00e7\u00e3o Z: 820 mm.<br \/>\nEixo B: x\/- 105\u00b0<\/p>\n<p>Mesa de trabalho: 3100 x 900 mm<\/p>\n<p>Exce\u00e7\u00e3o do fuso: HSK 63<br \/>\nVelocidades do fuso: 20 - 18.000 rpm<br \/>\nTrocador de ferramentas: 30 pe\u00e7as.<\/p>\n<p>Equipado com:<br \/>\n- Transportador de aparas<br \/>\n- Arrefecimento atrav\u00e9s do fuso 40 bar<br \/>\n- Instru\u00e7\u00f5es de utiliza\u00e7\u00e3o<\/p>\n<p>Pa\u00eds de origem: Alemanha<br \/>\nPot\u00eancia do motor: 35 KW<br \/>\nCxLxA da m\u00e1quina: 6000 x 3800 x 2950 mm<br \/>\nPeso da m\u00e1quina: 25,000 kg<\/p>\n<p>A m\u00e1quina pode ser visitada mediante marca\u00e7\u00e3o pr\u00e9via.<br \/>\nSujeito a altera\u00e7\u00f5es e erros nos dados t\u00e9cnicos e especifica\u00e7\u00f5es, bem como a venda pr\u00e9via!<\/p>","protected":false},"excerpt":{"rendered":"<p>Standort: Deutschland, Baden-W\u00fcrttemberg S\u00fcdwest Zustand: Gebraucht Hersteller: DMG Modell: DMF 220 Baujahr: 2001 Betriebsstunden: 0 Hersteller: DECKEL MAHO, Typ: DMF 220 linear, Baujahr: 2001 Steuerung: Siemens 840D Powerline Verfahrwege &amp; Achsen X-Achse (L\u00e4ngs): 2.200 mm Y-Achse (Quer): 560 mm Z-Achse (Vertikal): 720 mm Eilgang X\/Y\/Z: 50 m\/min Antrieb X-Achse: Hochdynamischer Linearantrieb Arbeitstisch Aufspannfl\u00e4che: 2.600 x [&hellip;]<\/p>\n","protected":false},"featured_media":5097,"comment_status":"open","ping_status":"closed","template":"","meta":{"_uf_show_specific_survey":0,"_uf_disable_surveys":false},"product_brand":[],"product_cat":[21],"product_tag":[],"class_list":{"0":"post-5103","1":"product","2":"type-product","3":"status-publish","4":"has-post-thumbnail","6":"product_cat-cnc-bearbeitungszentrum","8":"first","9":"instock","10":"taxable","11":"shipping-taxable","12":"product-type-simple"},"aioseo_notices":[],"_links":{"self":[{"href":"https:\/\/mueller-wrh.de\/pt\/wp-json\/wp\/v2\/product\/5103","targetHints":{"allow":["GET"]}}],"collection":[{"href":"https:\/\/mueller-wrh.de\/pt\/wp-json\/wp\/v2\/product"}],"about":[{"href":"https:\/\/mueller-wrh.de\/pt\/wp-json\/wp\/v2\/types\/product"}],"replies":[{"embeddable":true,"href":"https:\/\/mueller-wrh.de\/pt\/wp-json\/wp\/v2\/comments?post=5103"}],"wp:featuredmedia":[{"embeddable":true,"href":"https:\/\/mueller-wrh.de\/pt\/wp-json\/wp\/v2\/media\/5097"}],"wp:attachment":[{"href":"https:\/\/mueller-wrh.de\/pt\/wp-json\/wp\/v2\/media?parent=5103"}],"wp:term":[{"taxonomy":"product_brand","embeddable":true,"href":"https:\/\/mueller-wrh.de\/pt\/wp-json\/wp\/v2\/product_brand?post=5103"},{"taxonomy":"product_cat","embeddable":true,"href":"https:\/\/mueller-wrh.de\/pt\/wp-json\/wp\/v2\/product_cat?post=5103"},{"taxonomy":"product_tag","embeddable":true,"href":"https:\/\/mueller-wrh.de\/pt\/wp-json\/wp\/v2\/product_tag?post=5103"}],"curies":[{"name":"wp","href":"https:\/\/api.w.org\/{rel}","templated":true}]}}