{"id":5096,"date":"2026-03-19T12:49:16","date_gmt":"2026-03-19T12:49:16","guid":{"rendered":"https:\/\/mueller-wrh.de\/produkt\/star-sr20r-ii-typ-660-bj-2006_09_-intnr231525\/"},"modified":"2026-03-19T12:49:16","modified_gmt":"2026-03-19T12:49:16","slug":"star-sr20r-ii-typ-660-bj-2006_09_-intnr231525","status":"publish","type":"product","link":"https:\/\/mueller-wrh.de\/pt\/produto\/star-sr20r-ii-typ-660-bj-2006_09_-intnr231525\/","title":{"rendered":"STAR SR20R II Tipo 660, Ano 2006_09_ IntNo231525"},"content":{"rendered":"<p><b>Localiza\u00e7\u00e3o:<\/b> Alemanha, Baden-W\u00fcrttemberg Sudoeste<\/p>\n<p><b>Estado:<\/b> Usado<\/p>\n<p><b>Fabricante:<\/b> STAR Micronics<\/p>\n<p><b>Modelo:<\/b> SR-20R II Tipo 660<\/p>\n<p><b>Ano de constru\u00e7\u00e3o:<\/b> 2006<\/p>\n<p><b>Hor\u00e1rio de funcionamento:<\/b> 76032<\/p>\n<p>Torno de cabe\u00e7ote m\u00f3vel CNC STAR SR-20RII Tipo 660 (Tipo su\u00ed\u00e7o)<br \/>\nAno de constru\u00e7\u00e3o: 2006_09<br \/>\nSistema de controlo: Fanuc<br \/>\nTempo de corte: 53000<br \/>\nDados t\u00e9cnicos<br \/>\nDi\u00e2metro m\u00e1x. Di\u00e2metro de viragem: \u00d8 20 mm (opcionalmente at\u00e9 \u00d8 22 mm)<br \/>\nComprimento de viragem: 205 mm<br \/>\nEixo principal:<br \/>\n- Velocidade: at\u00e9 aprox. 10.000-12.000 min-\u00b9<br \/>\n- Pot\u00eancia: aprox. 3,7-5,5 kW<br \/>\n- Eixo C para maquinagem de contornos<br \/>\nContra-eixo:<br \/>\n- Velocidade: at\u00e9 aprox. 6.000-8.000 min-\u00b9<br \/>\n- Eixo C<br \/>\nEixos (dist\u00e2ncias de desloca\u00e7\u00e3o):<br \/>\n- X1 \/ Z1 \/ Y1 (maquinagem principal): X1 aprox. 265 mm \/ Z1 aprox. 205 mm \/ Y1 \u00b1 20 mm<br \/>\n- X2 \/ Z2 (contra-eixo): semelhante ao eixo principal, os valores exactos dependem da m\u00e1quina<br \/>\n- Desloca\u00e7\u00e3o r\u00e1pida: aprox. 24-30 m\/min<br \/>\nDimens\u00f5es da m\u00e1quina: 2.400 \u00d7 1.205 \u00d7 1.700 mm<br \/>\nPeso da m\u00e1quina: aprox. 2,200 kg<\/p>\n<p>Alimentador de barras: FMB TURBO 3-26\/3200<br \/>\n- Capacidade da haste: \u00d8 3-26 mm<br \/>\n- Variante de montagem: \u201eA\u201c<br \/>\n- Ano de constru\u00e7\u00e3o: 2006<br \/>\n- Dimens\u00f5es: aprox. 4,500 \u00d7 1,000 \u00d7 1,800 mm<br \/>\n- Peso: aprox. 800 kg<br \/>\n- Sistema de alta press\u00e3o SFB B\u00fcchele (2 v\u00e1lvulas) e filtro<br \/>\nManuais de instru\u00e7\u00f5es \/ documentos<br \/>\nInspe\u00e7\u00e3o: A m\u00e1quina pode ser vista no local mediante marca\u00e7\u00e3o pr\u00e9via.<br \/>\nNota: Sujeito a altera\u00e7\u00f5es e erros nos dados t\u00e9cnicos, bem como a venda pr\u00e9via!<\/p>\n<p>Torno longo CNC STAR SR-20RII Tipo 660 (Tipo su\u00ed\u00e7o)<br \/>\nAno de fabrico: 09\/2006<br \/>\nSistema de controlo: Fanuc<br \/>\nTempo de corte: 53.000 horas<\/p>\n<p>Especifica\u00e7\u00f5es t\u00e9cnicas<\/p>\n<p>Di\u00e2metro m\u00e1ximo de rota\u00e7\u00e3o: \u00d8 20 mm (opcional at\u00e9 \u00d8 22 mm)<br \/>\nComprimento de viragem: 205 mm<\/p>\n<p>Eixo principal:<\/p>\n<p>Velocidade: at\u00e9 aprox. 10.000-12.000 rpm<\/p>\n<p>Pot\u00eancia: aprox. 3,7-5,5 kW<\/p>\n<p>Eixo C para maquinagem de contornos<\/p>\n<p>Contra-eixo:<\/p>\n<p>Velocidade: at\u00e9 aprox. 6.000-8.000 rpm<\/p>\n<p>Eixo C<\/p>\n<p>Eixos (gamas de desloca\u00e7\u00e3o):<\/p>\n<p>X1 \/ Z1 \/ Y1 (maquinagem principal): X1 aprox. 265 mm \/ Z1 aprox. 205 mm \/ Y1 \u00b1 20 mm<\/p>\n<p>X2 \/ Z2 (contra-eixo): semelhante ao eixo principal, os valores exactos dependem da m\u00e1quina<\/p>\n<p>Desloca\u00e7\u00e3o r\u00e1pida: aprox. 24-30 m\/min<\/p>\n<p>Dimens\u00f5es da m\u00e1quina: 2.400 \u00d7 1.205 \u00d7 1.700 mm<br \/>\nPeso da m\u00e1quina: aprox. 2,200 kg<\/p>\n<p>Alimentador de barras: FMB TURBO 3-26\/3200<\/p>\n<p>Gama de di\u00e2metros de barra: \u00d8 3-26 mm<\/p>\n<p>Variante de montagem: \u201cA\u201d<\/p>\n<p>Ano de fabrico: 2006<\/p>\n<p>Dimens\u00f5es: aprox. 4,500 \u00d7 1,000 \u00d7 1,800 mm<\/p>\n<p>Peso: aprox. 800 kg<\/p>\n<p>Sistema de alta press\u00e3o SFB B\u00fcchele (2 v\u00e1lvulas) com filtro<\/p>\n<p>Manuais \/ Documenta\u00e7\u00e3o: Inclu\u00eddo<\/p>\n<p>Inspe\u00e7\u00e3o: A m\u00e1quina pode ser inspeccionada no local mediante marca\u00e7\u00e3o pr\u00e9via.<\/p>\n<p>Nota: Os dados t\u00e9cnicos e as especifica\u00e7\u00f5es est\u00e3o sujeitos a altera\u00e7\u00f5es e erros; venda pr\u00e9via reservada.<\/p>","protected":false},"excerpt":{"rendered":"<p>Standort: Deutschland, Baden-W\u00fcrttemberg S\u00fcdwest Zustand: Gebraucht Hersteller: STAR Micronics Modell: SR-20R II Typ 660 Baujahr: 2006 Betriebsstunden: 76032 CNC-Langdrehmaschine STAR SR-20RII Typ 660 (Swiss-Type) Baujahr: 2006_09 Steuerung: Fanuc Cutting Time: 53000 Technische Daten Max. Drehdurchmesser: \u00d8 20 mm (optional bis \u00d8 22 mm) Drehl\u00e4nge: 205 mm Hauptspindel: \u2022 Drehzahl: bis ca. 10.000\u201312.000 min\u207b\u00b9 \u2022 Leistung: [&hellip;]<\/p>\n","protected":false},"featured_media":5089,"comment_status":"open","ping_status":"closed","template":"","meta":{"_uf_show_specific_survey":0,"_uf_disable_surveys":false},"product_brand":[],"product_cat":[23],"product_tag":[],"class_list":{"0":"post-5096","1":"product","2":"type-product","3":"status-publish","4":"has-post-thumbnail","6":"product_cat-cnc-langdrehmaschinen","8":"first","9":"instock","10":"taxable","11":"shipping-taxable","12":"product-type-simple"},"aioseo_notices":[],"_links":{"self":[{"href":"https:\/\/mueller-wrh.de\/pt\/wp-json\/wp\/v2\/product\/5096","targetHints":{"allow":["GET"]}}],"collection":[{"href":"https:\/\/mueller-wrh.de\/pt\/wp-json\/wp\/v2\/product"}],"about":[{"href":"https:\/\/mueller-wrh.de\/pt\/wp-json\/wp\/v2\/types\/product"}],"replies":[{"embeddable":true,"href":"https:\/\/mueller-wrh.de\/pt\/wp-json\/wp\/v2\/comments?post=5096"}],"wp:featuredmedia":[{"embeddable":true,"href":"https:\/\/mueller-wrh.de\/pt\/wp-json\/wp\/v2\/media\/5089"}],"wp:attachment":[{"href":"https:\/\/mueller-wrh.de\/pt\/wp-json\/wp\/v2\/media?parent=5096"}],"wp:term":[{"taxonomy":"product_brand","embeddable":true,"href":"https:\/\/mueller-wrh.de\/pt\/wp-json\/wp\/v2\/product_brand?post=5096"},{"taxonomy":"product_cat","embeddable":true,"href":"https:\/\/mueller-wrh.de\/pt\/wp-json\/wp\/v2\/product_cat?post=5096"},{"taxonomy":"product_tag","embeddable":true,"href":"https:\/\/mueller-wrh.de\/pt\/wp-json\/wp\/v2\/product_tag?post=5096"}],"curies":[{"name":"wp","href":"https:\/\/api.w.org\/{rel}","templated":true}]}}