{"id":5088,"date":"2026-03-19T12:44:44","date_gmt":"2026-03-19T12:44:44","guid":{"rendered":"https:\/\/mueller-wrh.de\/produkt\/star-sr20r-iii-typ-680-bj-2007_03_-intnr231524\/"},"modified":"2026-03-19T12:44:44","modified_gmt":"2026-03-19T12:44:44","slug":"star-sr20r-iii-typ-680-bj-2007_03_-intnr231524","status":"publish","type":"product","link":"https:\/\/mueller-wrh.de\/pt\/produto\/star-sr20r-iii-typ-680-bj-2007_03_-intnr231524\/","title":{"rendered":"STAR SR20R III Tipo 680, Ano 2007_03_ IntNo231524"},"content":{"rendered":"<p><b>Localiza\u00e7\u00e3o:<\/b> Alemanha, Baden-W\u00fcrttemberg Sudoeste<\/p>\n<p><b>Estado:<\/b> Usado<\/p>\n<p><b>Fabricante:<\/b> STAR Micronics<\/p>\n<p><b>Modelo:<\/b> SR-20R III Tipo 680<\/p>\n<p><b>Ano de constru\u00e7\u00e3o:<\/b> 2007<\/p>\n<p><b>Hor\u00e1rio de funcionamento:<\/b> 54727<\/p>\n<p>STAR SR 20RIII, ano 2007_03 Tipo 680 (tipo su\u00ed\u00e7o)<br \/>\nControlo CNC FANUC<br \/>\nTempo de corte: 45000<br \/>\nEIXO PRINCIPAL<br \/>\ndi\u00e2metro m\u00e1x. de maquinagem 20 mm (23 mm opcional)<br \/>\nCurso m\u00e1x. do cabe\u00e7ote 205 mm<br \/>\nPot\u00eancia de acionamento 3,7 kW<br \/>\nvelocidade m\u00e1x. 10.000 1\/min, incl. eixo C<br \/>\nFerramentas de torneamento 6 pe\u00e7as (12 mm)<br \/>\nBerbequim de 4 fusos<br \/>\n5 Ferramentas de processamento cruzado<br \/>\n2 Unidade de perfura\u00e7\u00e3o frontal<br \/>\nCONTRA-PONTO<br \/>\ndi\u00e2metro m\u00e1x. de maquinagem 20 mm (23 mm opcional)<br \/>\nPot\u00eancia de acionamento 2,2 kW<br \/>\nvelocidade m\u00e1x. 8.000 1\/min, incl. eixo C<br \/>\n4 Unidade de perfura\u00e7\u00e3o frontal<br \/>\nBerbequim de 4 fusos<br \/>\nDispositivo de sopro para contra-fuso<br \/>\nProte\u00e7\u00e3o contra corte de a\u00e7o<br \/>\nVelocidade de desloca\u00e7\u00e3o r\u00e1pida em todos os eixos 35 m\/min<br \/>\nCapacidade do dep\u00f3sito do l\u00edquido de refrigera\u00e7\u00e3o 170 litros<\/p>\n<p>Alimentador de barras FMB Turbo 3-26 \/ 3200\/ A \/ ano 2007<br \/>\nSistema de alta press\u00e3o SFB B\u00fcchele com dep\u00f3sito e filtro 65bar<\/p>\n<p>A m\u00e1quina pode ser inspeccionada sob tens\u00e3o mediante marca\u00e7\u00e3o pr\u00e9via.<br \/>\nReservado o direito a altera\u00e7\u00f5es e erros nos dados t\u00e9cnicos e informa\u00e7\u00f5es, bem como a venda pr\u00e9via!<\/p>\n<p>STAR SR-20RIII, mar\u00e7o de 2007, Tipo 680 (Tipo su\u00ed\u00e7o)<br \/>\nControlo CNC: FANUC<br \/>\nTempo de corte: 45.000 horas<\/p>\n<p>Eixo principal:<\/p>\n<p>Di\u00e2metro m\u00e1ximo de rota\u00e7\u00e3o: 20 mm (opcional 23 mm)<\/p>\n<p>Curso m\u00e1ximo do fuso: 205 mm<\/p>\n<p>Pot\u00eancia de acionamento: 3,7 kW<\/p>\n<p>Velocidade m\u00e1xima: 10.000 rpm, incluindo o eixo C<\/p>\n<p>Ferramentas de torneamento: 6 ferramentas (12 mm)<\/p>\n<p>Unidade de perfura\u00e7\u00e3o de 4 fusos<\/p>\n<p>5 ferramentas de maquinagem cruzada<\/p>\n<p>2 unidades de perfura\u00e7\u00e3o frontal<\/p>\n<p>Contra-eixo:<\/p>\n<p>Di\u00e2metro m\u00e1ximo de rota\u00e7\u00e3o: 20 mm (opcional 23 mm)<\/p>\n<p>Pot\u00eancia de acionamento: 2,2 kW<\/p>\n<p>Velocidade m\u00e1xima: 8.000 rpm, incluindo o eixo C<\/p>\n<p>4 unidades de perfura\u00e7\u00e3o frontal<\/p>\n<p>Unidade de perfura\u00e7\u00e3o de 4 fusos<\/p>\n<p>Dispositivo de sopro para contra-fuso<\/p>\n<p>Prote\u00e7\u00e3o contra quebra da ferramenta de corte<\/p>\n<p>Machados e viagens:<\/p>\n<p>Desloca\u00e7\u00e3o r\u00e1pida para todos os eixos: 35 m\/min<\/p>\n<p>Sistema de refrigera\u00e7\u00e3o:<\/p>\n<p>Capacidade do dep\u00f3sito: 170 litros<\/p>\n<p>Alimentador de barras: FMB Turbo 3-26 \/ 3200 \/ A \/ Ano 2007<\/p>\n<p>Sistema de alta press\u00e3o: SFB B\u00fcchele com dep\u00f3sito e filtro, 65 bar<\/p>\n<p>Inspe\u00e7\u00e3o: A m\u00e1quina pode ser inspeccionada sob pot\u00eancia mediante marca\u00e7\u00e3o pr\u00e9via.<\/p>\n<p>Nota: Os dados t\u00e9cnicos e as especifica\u00e7\u00f5es est\u00e3o sujeitos a altera\u00e7\u00f5es e erros; venda pr\u00e9via reservada.<\/p>","protected":false},"excerpt":{"rendered":"<p>Standort: Deutschland, Baden-W\u00fcrttemberg S\u00fcdwest Zustand: Gebraucht Hersteller: STAR Micronics Modell: SR-20R III Typ 680 Baujahr: 2007 Betriebsstunden: 54727 STAR SR 20RIII, Bj.2007_03 Typ 680 (Swiss-Type) CNC-Steuerung FANUC Cutting Time: 45000 HAUPTSPINDEL max.Bearbeitungsdurchmesser 20 mm (23 mm optional) max. Spindelstockhub 205 mm Antriebsleistung 3,7 kW max. Drehzahl 10.000 1\/min, inkl. C-Achse Drehwerkzeuge 6 St\u00fcck ( 12 [&hellip;]<\/p>\n","protected":false},"featured_media":5081,"comment_status":"open","ping_status":"closed","template":"","meta":{"_uf_show_specific_survey":0,"_uf_disable_surveys":false},"product_brand":[],"product_cat":[23],"product_tag":[],"class_list":{"0":"post-5088","1":"product","2":"type-product","3":"status-publish","4":"has-post-thumbnail","6":"product_cat-cnc-langdrehmaschinen","8":"first","9":"instock","10":"taxable","11":"shipping-taxable","12":"product-type-simple"},"aioseo_notices":[],"_links":{"self":[{"href":"https:\/\/mueller-wrh.de\/pt\/wp-json\/wp\/v2\/product\/5088","targetHints":{"allow":["GET"]}}],"collection":[{"href":"https:\/\/mueller-wrh.de\/pt\/wp-json\/wp\/v2\/product"}],"about":[{"href":"https:\/\/mueller-wrh.de\/pt\/wp-json\/wp\/v2\/types\/product"}],"replies":[{"embeddable":true,"href":"https:\/\/mueller-wrh.de\/pt\/wp-json\/wp\/v2\/comments?post=5088"}],"wp:featuredmedia":[{"embeddable":true,"href":"https:\/\/mueller-wrh.de\/pt\/wp-json\/wp\/v2\/media\/5081"}],"wp:attachment":[{"href":"https:\/\/mueller-wrh.de\/pt\/wp-json\/wp\/v2\/media?parent=5088"}],"wp:term":[{"taxonomy":"product_brand","embeddable":true,"href":"https:\/\/mueller-wrh.de\/pt\/wp-json\/wp\/v2\/product_brand?post=5088"},{"taxonomy":"product_cat","embeddable":true,"href":"https:\/\/mueller-wrh.de\/pt\/wp-json\/wp\/v2\/product_cat?post=5088"},{"taxonomy":"product_tag","embeddable":true,"href":"https:\/\/mueller-wrh.de\/pt\/wp-json\/wp\/v2\/product_tag?post=5088"}],"curies":[{"name":"wp","href":"https:\/\/api.w.org\/{rel}","templated":true}]}}