{"id":5073,"date":"2026-03-19T12:42:51","date_gmt":"2026-03-19T12:42:51","guid":{"rendered":"https:\/\/mueller-wrh.de\/produkt\/star-sr32-j-bj-2006_11_-intnr231523\/"},"modified":"2026-03-19T12:43:55","modified_gmt":"2026-03-19T12:43:55","slug":"star-sr32-j-bj-2006_11_-intnr231523","status":"publish","type":"product","link":"https:\/\/mueller-wrh.de\/pt\/produto\/star-sr32-j-bj-2006_11_-intnr231523\/","title":{"rendered":"STAR SR32-J, ano 2006_11_ IntNo231523"},"content":{"rendered":"<p><b>Localiza\u00e7\u00e3o:<\/b> Alemanha, Baden-W\u00fcrttemberg Sudoeste<\/p>\n<p><b>Estado:<\/b> Usado<\/p>\n<p><b>Fabricante:<\/b> STAR Micronics<\/p>\n<p><b>Modelo:<\/b> SR32-J<\/p>\n<p><b>Ano de constru\u00e7\u00e3o:<\/b> 2006<\/p>\n<p><b>Hor\u00e1rio de funcionamento:<\/b> 58957<\/p>\n<p>Torno CNC de cabe\u00e7ote m\u00f3vel STAR SR-32J (tipo su\u00ed\u00e7o)<br \/>\nAno de constru\u00e7\u00e3o: 2006<br \/>\nSistema de controlo: FANUC<br \/>\nTempo de corte:43000<br \/>\nDados t\u00e9cnicos<br \/>\nM\u00e1x. Di\u00e2metro de viragem: \u00d8 32 mm<br \/>\nComprimento efetivo de viragem: aprox. 80-310 mm (dependendo do equipamento e da bucha de guia)<br \/>\nEixo principal:<br \/>\n- Velocidade m\u00e1x. Velocidade: 7.000 min-\u00b9<br \/>\n- Pot\u00eancia de acionamento: 7,5 kW<br \/>\n- Curso do cabe\u00e7ote: 310 mm<br \/>\n- Eixo C para maquinagem de contornos<br \/>\n- Ferramentas motorizadas e unidades de perfura\u00e7\u00e3o\/fresagem integradas<br \/>\nContra-eixo:<br \/>\n- M\u00e1x. Di\u00e2metro de viragem: \u00d8 32 mm<br \/>\n- Velocidade m\u00e1x. Velocidade: 7.000 min-\u00b9<br \/>\n- Pot\u00eancia de acionamento: 3,7 kW<br \/>\n- Eixo C<br \/>\n- Unidades de perfura\u00e7\u00e3o\/fresagem<br \/>\n- Dispositivo de sopro<br \/>\n- Prote\u00e7\u00e3o contra a quebra do a\u00e7o de corte<br \/>\nEixos \/ trajectos:<br \/>\n- X1 \/ Z1 \/ Y1 (maquinagem principal): aprox. X1 310 mm \/ Z1 310 mm \/ Y1 \u00b1 25 mm<br \/>\n- Desloca\u00e7\u00e3o r\u00e1pida: aprox. 24 m\/min<br \/>\nDimens\u00f5es da m\u00e1quina: 2.711 \u00d7 1.275 \u00d7 1.705 mm<br \/>\nPeso da m\u00e1quina: aprox. 3,100 kg<br \/>\nAlimentador de barras: FMB Turbo 3-32 \/ 3200 \/ A<br \/>\n- Capacidade da haste: \u00d8 3-32 mm<br \/>\n- Ano de constru\u00e7\u00e3o: 2006<br \/>\n- Dimens\u00f5es: aprox. 4,800 \u00d7 1,200 \u00d7 1,900 mm<br \/>\n- Peso: aprox. 800 kg<br \/>\nSistema de alta press\u00e3o: SFB B\u00fcchele com dep\u00f3sito e filtro \/ 80 bar<br \/>\nManuais de instru\u00e7\u00f5es \/ documentos<br \/>\nInspe\u00e7\u00e3o: A m\u00e1quina pode ser vista no local mediante marca\u00e7\u00e3o pr\u00e9via.<br \/>\nNota: Sujeito a altera\u00e7\u00f5es e erros nos dados t\u00e9cnicos, bem como a venda pr\u00e9via!<\/p>\n<p>Torno longo CNC STAR SR-32J (Tipo su\u00ed\u00e7o)<br \/>\nAno de fabrico: 2006<br \/>\nSistema de controlo: FANUC<br \/>\nTempo de corte: 43.000 horas<\/p>\n<p>Especifica\u00e7\u00f5es t\u00e9cnicas<\/p>\n<p>Di\u00e2metro m\u00e1ximo de rota\u00e7\u00e3o: \u00d8 32 mm<br \/>\nComprimento \u00fatil de viragem: aprox. 80-310 mm (consoante o equipamento e o casquilho guia)<\/p>\n<p>Eixo principal:<\/p>\n<p>Velocidade m\u00e1xima: 7.000 rpm<\/p>\n<p>Pot\u00eancia de acionamento: 7,5 kW<\/p>\n<p>Curso do fuso: 310 mm<\/p>\n<p>Eixo C para maquinagem de contornos<\/p>\n<p>Ferramentas motorizadas e unidades de perfura\u00e7\u00e3o\/fresagem integradas<\/p>\n<p>Contra-eixo:<\/p>\n<p>Di\u00e2metro m\u00e1ximo de rota\u00e7\u00e3o: \u00d8 32 mm<\/p>\n<p>Velocidade m\u00e1xima: 7.000 rpm<\/p>\n<p>Pot\u00eancia de acionamento: 3,7 kW<\/p>\n<p>Eixo C<\/p>\n<p>Unidades de perfura\u00e7\u00e3o\/fresagem<\/p>\n<p>Dispositivo de sopro<\/p>\n<p>Prote\u00e7\u00e3o contra quebra da ferramenta de corte<\/p>\n<p>Eixos \/ Intervalos de desloca\u00e7\u00e3o:<\/p>\n<p>X1 \/ Z1 \/ Y1 (maquinagem principal): aprox. X1 310 mm \/ Z1 310 mm \/ Y1 \u00b1 25 mm<\/p>\n<p>Desloca\u00e7\u00e3o r\u00e1pida: aprox. 24 m\/min<\/p>\n<p>Dimens\u00f5es da m\u00e1quina: 2.711 \u00d7 1.275 \u00d7 1.705 mm<br \/>\nPeso da m\u00e1quina: aprox. 3,100 kg<\/p>\n<p>Alimentador de barras: FMB Turbo 3-32 \/ 3200 \/ A<\/p>\n<p>Gama de di\u00e2metros de barra: \u00d8 3-32 mm<\/p>\n<p>Ano de fabrico: 2006<\/p>\n<p>Dimens\u00f5es: aprox. 4,800 \u00d7 1,200 \u00d7 1,900 mm<\/p>\n<p>Peso: aprox. 800 kg<\/p>\n<p>Sistema de alta press\u00e3o: SFB B\u00fcchele com dep\u00f3sito e filtro \/ 80 bar<\/p>\n<p>Manuais \/ Documenta\u00e7\u00e3o: Inclu\u00eddo<\/p>\n<p>Inspe\u00e7\u00e3o: A m\u00e1quina pode ser inspeccionada no local mediante marca\u00e7\u00e3o pr\u00e9via.<\/p>\n<p>Nota: Os dados t\u00e9cnicos e as especifica\u00e7\u00f5es est\u00e3o sujeitos a altera\u00e7\u00f5es e erros; venda pr\u00e9via reservada.<\/p>","protected":false},"excerpt":{"rendered":"<p>Standort: Deutschland, Baden-W\u00fcrttemberg S\u00fcdwest Zustand: Gebraucht Hersteller: STAR Micronics Modell: SR32-J Baujahr: 2006 Betriebsstunden: 58957 CNC-Langdrehmaschine STAR SR-32J (Swiss-Type) Baujahr: 2006 Steuerung: FANUC Cutting Time:43000 Technische Daten Max. Drehdurchmesser: \u00d8 32 mm Nutzzdrehl\u00e4nge: ca. 80\u2013310 mm (abh\u00e4ngig von Ausstattung und F\u00fchrungsbuchse) Hauptspindel: \u2022 Max. Drehzahl: 7.000 min\u207b\u00b9 \u2022 Antriebsleistung: 7,5 kW \u2022 Spindelstockhub: 310 mm [&hellip;]<\/p>\n","protected":false},"featured_media":5074,"comment_status":"open","ping_status":"closed","template":"","meta":{"_uf_show_specific_survey":0,"_uf_disable_surveys":false},"product_brand":[],"product_cat":[23],"product_tag":[],"class_list":{"0":"post-5073","1":"product","2":"type-product","3":"status-publish","4":"has-post-thumbnail","6":"product_cat-cnc-langdrehmaschinen","8":"first","9":"instock","10":"taxable","11":"shipping-taxable","12":"product-type-simple"},"aioseo_notices":[],"_links":{"self":[{"href":"https:\/\/mueller-wrh.de\/pt\/wp-json\/wp\/v2\/product\/5073","targetHints":{"allow":["GET"]}}],"collection":[{"href":"https:\/\/mueller-wrh.de\/pt\/wp-json\/wp\/v2\/product"}],"about":[{"href":"https:\/\/mueller-wrh.de\/pt\/wp-json\/wp\/v2\/types\/product"}],"replies":[{"embeddable":true,"href":"https:\/\/mueller-wrh.de\/pt\/wp-json\/wp\/v2\/comments?post=5073"}],"wp:featuredmedia":[{"embeddable":true,"href":"https:\/\/mueller-wrh.de\/pt\/wp-json\/wp\/v2\/media\/5074"}],"wp:attachment":[{"href":"https:\/\/mueller-wrh.de\/pt\/wp-json\/wp\/v2\/media?parent=5073"}],"wp:term":[{"taxonomy":"product_brand","embeddable":true,"href":"https:\/\/mueller-wrh.de\/pt\/wp-json\/wp\/v2\/product_brand?post=5073"},{"taxonomy":"product_cat","embeddable":true,"href":"https:\/\/mueller-wrh.de\/pt\/wp-json\/wp\/v2\/product_cat?post=5073"},{"taxonomy":"product_tag","embeddable":true,"href":"https:\/\/mueller-wrh.de\/pt\/wp-json\/wp\/v2\/product_tag?post=5073"}],"curies":[{"name":"wp","href":"https:\/\/api.w.org\/{rel}","templated":true}]}}