{"id":5059,"date":"2026-03-19T12:27:51","date_gmt":"2026-03-19T12:27:51","guid":{"rendered":"https:\/\/mueller-wrh.de\/produkt\/star-sv-20_bj-2001-typ-420_intnr231506\/"},"modified":"2026-03-19T12:27:52","modified_gmt":"2026-03-19T12:27:52","slug":"star-sv-20_bj-2001-typ-420_intnr231506","status":"publish","type":"product","link":"https:\/\/mueller-wrh.de\/pt\/produto\/star-sv-20_bj-2001-typ-420_intnr231506\/","title":{"rendered":"Star SV-20_Ano 2001 Tipo 420_IntNo231506"},"content":{"rendered":"<p><b>Localiza\u00e7\u00e3o:<\/b> Alemanha, Baden-W\u00fcrttemberg Sudoeste<\/p>\n<p><b>Estado:<\/b> Usado<\/p>\n<p><b>Fabricante:<\/b> STAR Micronics<\/p>\n<p><b>Modelo:<\/b> SV-20 Tipo 420<\/p>\n<p><b>Ano de constru\u00e7\u00e3o:<\/b> 2001<\/p>\n<p><b>Hor\u00e1rio de funcionamento:<\/b> 69228<\/p>\n<p>Tipo de m\u00e1quina Torno autom\u00e1tico de cabe\u00e7ote m\u00f3vel CNC<br \/>\nFabricante STAR<br \/>\nModelo SV-20<br \/>\nAno de constru\u00e7\u00e3o 2001<br \/>\nEstado de conserva\u00e7\u00e3o muito bom (usado)<br \/>\nM\u00e1quina muito bem conservada diretamente do utilizador<br \/>\nA m\u00e1quina s\u00f3 funcionou com \u00f3leo<br \/>\nHor\u00e1rio de funcionamento cerca de 69500<br \/>\nSistema de controlo FANUC 16i-T com 9 eixos<br \/>\n9 eixos (X \/ C1 \/ Y \/ E \/ B \/ A \/ X \/ C2)<br \/>\nHaste \u00d8 m\u00e1x. 20 mm<br \/>\nComprimento de viragem m\u00e1x. 205 mm \/ 195 mm<br \/>\nEixo principal, velocidade m\u00e1xima 10.000 rpm, eixo C<br \/>\nContra-fuso com mandril de pin\u00e7a, velocidade m\u00e1xima 10.000 rpm, eixo C<br \/>\nPorta-ferramentas de 4 dobras<br \/>\n3 Unidades de perfura\u00e7\u00e3o cruzada<br \/>\nRev\u00f3lver com 8 esta\u00e7\u00f5es<br \/>\nTapete transportador de pe\u00e7as<\/p>\n<p>L\u00edquido de arrefecimento utilizado pela m\u00e1quina: \u00d3leo <\/p>\n<p>Carregador FMB Turbo 3-26 \/3200\/A \/ de \u00d83- \u00d826 mm  <\/p>\n<p>A m\u00e1quina pode ser inspeccionada mediante marca\u00e7\u00e3o pr\u00e9via.<br \/>\nReservado o direito a altera\u00e7\u00f5es e erros nos dados t\u00e9cnicos e informa\u00e7\u00f5es, bem como a venda pr\u00e9via!<\/p>\n<p>Tipo de m\u00e1quina Torno autom\u00e1tico de cabe\u00e7ote m\u00f3vel CNC<br \/>\nFabricante STAR<br \/>\nModelo SV-20<br \/>\nano de constru\u00e7\u00e3o 2001<br \/>\nEstado de conserva\u00e7\u00e3o muito bom (usado)<br \/>\nM\u00e1quina muito bem conservada diretamente do utilizador<br \/>\nA m\u00e1quina s\u00f3 funcionou com \u00f3leo<br \/>\nHor\u00e1rio de funcionamento cerca de 69500<br \/>\nControlo FANUC 16i-T com 9 eixos<br \/>\n9 eixos (X \/ C1 \/ Y \/ E \/ B \/ A \/ X \/ C2)<br \/>\nBarra \u00d8 m\u00e1x. 20 mm<br \/>\nComprimento de viragem m\u00e1x. 205 mm \/ 195mm<br \/>\nEixo principal, velocidade m\u00e1xima 10.000 rpm, eixo C<br \/>\nContra-fuso com mandril de pin\u00e7a, velocidade m\u00e1xima 10.000 rpm, eixo C<br \/>\nPorta-ferramentas de 4 dobras<br \/>\n3 unidades de perfura\u00e7\u00e3o cruzada<br \/>\nTorre com 8 esta\u00e7\u00f5es<br \/>\nV\u00e1rios porta-ferramentas adicionais, espig\u00f5es<br \/>\ncorreia transportadora de pe\u00e7as<\/p>\n<p>L\u00edquido de arrefecimento da m\u00e1quina: \u00f3leo <\/p>\n<p>Carregador FMB Turbo 3-26 \/3200\/A \/ de \u00d83- \u00d826 mm <\/p>\n<p>A m\u00e1quina pode ser inspeccionada mediante marca\u00e7\u00e3o pr\u00e9via.<br \/>\nReservado o direito a altera\u00e7\u00f5es e erros nos dados t\u00e9cnicos e informa\u00e7\u00f5es, bem como a venda pr\u00e9via!<\/p>","protected":false},"excerpt":{"rendered":"<p>Standort: Deutschland, Baden-W\u00fcrttemberg S\u00fcdwest Zustand: Gebraucht Hersteller: STAR Micronics Modell: SV-20 Typ 420 Baujahr: 2001 Betriebsstunden: 69228 Maschinentyp CNC-Langdrehautomat Hersteller STAR Modell SV-20 Baujahr 2001 Zustand sehr gut (gebraucht) Sehr gepflegte Maschine direkt vom Anwender Maschine ist nur mit \u00d6l gelaufen Betriebsstunden um die 69500 FANUC 16i-T Steuerung mit 9 Achsen 9 Achsen (X \/ [&hellip;]<\/p>\n","protected":false},"featured_media":5054,"comment_status":"open","ping_status":"closed","template":"","meta":{"_uf_show_specific_survey":0,"_uf_disable_surveys":false},"product_brand":[],"product_cat":[23],"product_tag":[],"class_list":{"0":"post-5059","1":"product","2":"type-product","3":"status-publish","4":"has-post-thumbnail","6":"product_cat-cnc-langdrehmaschinen","8":"first","9":"instock","10":"taxable","11":"shipping-taxable","12":"product-type-simple"},"aioseo_notices":[],"_links":{"self":[{"href":"https:\/\/mueller-wrh.de\/pt\/wp-json\/wp\/v2\/product\/5059","targetHints":{"allow":["GET"]}}],"collection":[{"href":"https:\/\/mueller-wrh.de\/pt\/wp-json\/wp\/v2\/product"}],"about":[{"href":"https:\/\/mueller-wrh.de\/pt\/wp-json\/wp\/v2\/types\/product"}],"replies":[{"embeddable":true,"href":"https:\/\/mueller-wrh.de\/pt\/wp-json\/wp\/v2\/comments?post=5059"}],"wp:featuredmedia":[{"embeddable":true,"href":"https:\/\/mueller-wrh.de\/pt\/wp-json\/wp\/v2\/media\/5054"}],"wp:attachment":[{"href":"https:\/\/mueller-wrh.de\/pt\/wp-json\/wp\/v2\/media?parent=5059"}],"wp:term":[{"taxonomy":"product_brand","embeddable":true,"href":"https:\/\/mueller-wrh.de\/pt\/wp-json\/wp\/v2\/product_brand?post=5059"},{"taxonomy":"product_cat","embeddable":true,"href":"https:\/\/mueller-wrh.de\/pt\/wp-json\/wp\/v2\/product_cat?post=5059"},{"taxonomy":"product_tag","embeddable":true,"href":"https:\/\/mueller-wrh.de\/pt\/wp-json\/wp\/v2\/product_tag?post=5059"}],"curies":[{"name":"wp","href":"https:\/\/api.w.org\/{rel}","templated":true}]}}