{"id":4983,"date":"2026-03-13T11:16:37","date_gmt":"2026-03-13T11:16:37","guid":{"rendered":"https:\/\/mueller-wrh.de\/produkt\/hermle-c40u-bj-2003_intnr231507\/"},"modified":"2026-03-13T11:16:37","modified_gmt":"2026-03-13T11:16:37","slug":"hermle-c40u-bj-2003_intnr231507","status":"publish","type":"product","link":"https:\/\/mueller-wrh.de\/pt\/produto\/hermle-c40u-bj-2003_intnr231507\/","title":{"rendered":"Hermle C40U, ano 2003_IntNr231507"},"content":{"rendered":"<p><b>Localiza\u00e7\u00e3o:<\/b> Alemanha, Baden-W\u00fcrttemberg Sudoeste<\/p>\n<p><b>Estado:<\/b> Usado<\/p>\n<p><b>Fabricante:<\/b> Hermle<\/p>\n<p><b>Modelo:<\/b> C 40 U<\/p>\n<p><b>Ano de constru\u00e7\u00e3o:<\/b> 2003<\/p>\n<p>Centro de maquinagem universal de 5 eixos Hermle tipo: C 40 U<br \/>\nAno de constru\u00e7\u00e3o: 2003<br \/>\nControlo: Heidenhain iTNC 530<br \/>\nDist\u00e2ncias de desloca\u00e7\u00e3o:<br \/>\nEixo X: 850 mm<br \/>\nEixo Y: 700 mm<br \/>\nEixo Z: 500 mm<br \/>\nMesa rotativa girat\u00f3ria NC:<br \/>\nDi\u00e2metro: \u00d8 800 mm<br \/>\nGama de rota\u00e7\u00e3o do eixo A: +25\u00b0 \/ -110\u00b0<br \/>\nGama de rota\u00e7\u00e3o do eixo C: 360<br \/>\nPeso da m\u00e1quina: aprox. 10,5 toneladas<\/p>\n<p>Acess\u00f3rios:<br \/>\ndocumenta\u00e7\u00e3o completa<br \/>\nDispositivo de refrigera\u00e7\u00e3o<br \/>\nUnidade hidr\u00e1ulica<br \/>\nMesa rotativa girat\u00f3ria NC<br \/>\nvolante el\u00e9trico<br \/>\nSonda de medi\u00e7\u00e3o Renishaw<\/p>\n<p>A m\u00e1quina pode ser inspeccionada mediante marca\u00e7\u00e3o pr\u00e9via.<br \/>\nReservado o direito a altera\u00e7\u00f5es e erros nos dados t\u00e9cnicos e informa\u00e7\u00f5es, bem como a venda pr\u00e9via!<\/p>\n<p>Centro de maquina\u00e7\u00e3o universal de 5 eixos Hermle Tipo: C 40 U<br \/>\nAno de fabrico: 2003<br \/>\nControlo: Heidenhain iTNC 530<br \/>\nDist\u00e2ncias de desloca\u00e7\u00e3o:<br \/>\nEixo X: 850 mm<br \/>\nEixo Y: 700 mm<br \/>\nEixo Z: 500 mm<br \/>\nMesa rotativa girat\u00f3ria NC:<br \/>\nDi\u00e2metro: \u00d8 800 mm<br \/>\nGama de rota\u00e7\u00e3o do eixo A: +25\u00b0 \/ -110\u00b0<br \/>\nGama de rota\u00e7\u00e3o do eixo C: 360\u00b0<br \/>\nPeso da m\u00e1quina: aprox. 10,5 toneladas<\/p>\n<p>Acess\u00f3rios:<br \/>\nDocumenta\u00e7\u00e3o completa<br \/>\nSistema de refrigera\u00e7\u00e3o<br \/>\nUnidade hidr\u00e1ulica<br \/>\nMesa rotativa girat\u00f3ria NC<br \/>\nVolante el\u00e9trico<br \/>\nSonda de medi\u00e7\u00e3o Renishaw<\/p>\n<p>A m\u00e1quina pode ser visitada mediante marca\u00e7\u00e3o pr\u00e9via.<br \/>\nSujeito a altera\u00e7\u00f5es e erros nos dados t\u00e9cnicos e especifica\u00e7\u00f5es, bem como a venda pr\u00e9via!<\/p>","protected":false},"excerpt":{"rendered":"<p>Standort: Deutschland, Baden-W\u00fcrttemberg S\u00fcdwest Zustand: Gebraucht Hersteller: Hermle Modell: C 40 U Baujahr: 2003 5-Achsen-Universal-Bearbeitungszentrum Hermle Typ: C 40 U Baujahr: 2003 Steuerung: Heidenhain iTNC 530 Verfahrwege: X-Achse: 850 mm Y-Achse: 700 mm Z-Achse: 500 mm NC-Schwenkrundtisch: Durchmesser: \u00d8 800 mm Schwenkbereich A-Achse: +25\u00b0 \/ -110\u00b0 Drehbereich C-Achse: 360\u00b0 Maschinengewicht ca. 10,5 t Zubeh\u00f6r: kompl. [&hellip;]<\/p>\n","protected":false},"featured_media":4979,"comment_status":"open","ping_status":"closed","template":"","meta":{"_uf_show_specific_survey":0,"_uf_disable_surveys":false},"product_brand":[],"product_cat":[21],"product_tag":[],"class_list":{"0":"post-4983","1":"product","2":"type-product","3":"status-publish","4":"has-post-thumbnail","6":"product_cat-cnc-bearbeitungszentrum","8":"first","9":"instock","10":"taxable","11":"shipping-taxable","12":"product-type-simple"},"aioseo_notices":[],"_links":{"self":[{"href":"https:\/\/mueller-wrh.de\/pt\/wp-json\/wp\/v2\/product\/4983","targetHints":{"allow":["GET"]}}],"collection":[{"href":"https:\/\/mueller-wrh.de\/pt\/wp-json\/wp\/v2\/product"}],"about":[{"href":"https:\/\/mueller-wrh.de\/pt\/wp-json\/wp\/v2\/types\/product"}],"replies":[{"embeddable":true,"href":"https:\/\/mueller-wrh.de\/pt\/wp-json\/wp\/v2\/comments?post=4983"}],"wp:featuredmedia":[{"embeddable":true,"href":"https:\/\/mueller-wrh.de\/pt\/wp-json\/wp\/v2\/media\/4979"}],"wp:attachment":[{"href":"https:\/\/mueller-wrh.de\/pt\/wp-json\/wp\/v2\/media?parent=4983"}],"wp:term":[{"taxonomy":"product_brand","embeddable":true,"href":"https:\/\/mueller-wrh.de\/pt\/wp-json\/wp\/v2\/product_brand?post=4983"},{"taxonomy":"product_cat","embeddable":true,"href":"https:\/\/mueller-wrh.de\/pt\/wp-json\/wp\/v2\/product_cat?post=4983"},{"taxonomy":"product_tag","embeddable":true,"href":"https:\/\/mueller-wrh.de\/pt\/wp-json\/wp\/v2\/product_tag?post=4983"}],"curies":[{"name":"wp","href":"https:\/\/api.w.org\/{rel}","templated":true}]}}