{"id":4978,"date":"2026-03-13T11:04:59","date_gmt":"2026-03-13T11:04:59","guid":{"rendered":"https:\/\/mueller-wrh.de\/produkt\/cnc-lns-hydrobar-6-42-hs-4-4-bj-89-intnr231499\/"},"modified":"2026-03-13T11:04:59","modified_gmt":"2026-03-13T11:04:59","slug":"cnc-lns-hydrobar-6-42-hs-4-4-bj-89-intnr231499","status":"publish","type":"product","link":"https:\/\/mueller-wrh.de\/pt\/produto\/cnc-lns-hydrobar-6-42-hs-4-4-bj-89-intnr231499\/","title":{"rendered":"CNC LNS Hydrobar 6.42 HS-4.4 Ano '89 IntNo231499"},"content":{"rendered":"<p><b>Localiza\u00e7\u00e3o:<\/b> Alemanha, Baden-W\u00fcrttemberg Sudoeste<\/p>\n<p><b>Estado:<\/b> Usado<\/p>\n<p><b>Fabricante:<\/b> LNS<\/p>\n<p><b>Modelo:<\/b> 6,42 HS-4.4<\/p>\n<p><b>Ano de constru\u00e7\u00e3o:<\/b> 1989<\/p>\n<p>Est\u00e1 \u00e0 venda um alimentador de barras de alto desempenho testado e comprovado<br \/>\nLNS, tipo Hydrobar 6.42 HS-4.4. <\/p>\n<p>Dados t\u00e9cnicos<\/p>\n<p>Fabricante LNS (Su\u00ed\u00e7a)<br \/>\nModelo Hydrobar 6.42 HS-4.4<br \/>\nAno de constru\u00e7\u00e3o 1989<br \/>\nGama de trabalho (di\u00e2metro) \u00d8 6 mm a \u00d8 42 mm<br \/>\nM\u00e1x. Comprimento da haste 4.000 mm (tipo 4.4)<br \/>\nPrinc\u00edpio da guia hidrob\u00e1rica (banho de \u00f3leo completo)<br \/>\nAcionamento hidr\u00e1ulico da alimenta\u00e7\u00e3o<br \/>\nCapacidade de \u00f3leo aprox. 150 - 170 litros (HLP 46 ou compar\u00e1vel)<br \/>\nComprimento total do carregador aprox. 4.850 mm<br \/>\nPeso (vazio) aprox. 650 kg<\/p>\n<p>A m\u00e1quina pode ser inspeccionada sob tens\u00e3o mediante marca\u00e7\u00e3o pr\u00e9via.<br \/>\nReservado o direito a altera\u00e7\u00f5es e erros nos dados t\u00e9cnicos e informa\u00e7\u00f5es, bem como a venda pr\u00e9via!<\/p>\n<p>Um carregador de carregamento em barra de alto desempenho testado e comprovado<br \/>\nVende-se LNS, modelo Hydrobar 6.42 HS-4.4. <\/p>\n<p>Especifica\u00e7\u00f5es t\u00e9cnicas<\/p>\n<p>Fabricante LNS (Su\u00ed\u00e7a)<br \/>\nModelo Hydrobar 6.42 HS-4.4<br \/>\nAno de fabrico 1989<br \/>\nGama de trabalho (di\u00e2metro) \u00d8 6 mm a \u00d8 42 mm<br \/>\nComprimento m\u00e1ximo da barra 4.000 mm (Tipo 4.4)<br \/>\nPrinc\u00edpio de orienta\u00e7\u00e3o Hidrob\u00e1rica (banho de \u00f3leo completo)<br \/>\nAcionamento da alimenta\u00e7\u00e3o Hidr\u00e1ulico<br \/>\nCapacidade de \u00f3leo aprox. 150-170 litros (HLP 46 ou equivalente)<br \/>\nComprimento total do carregador aprox. 4.850 mm<br \/>\nPeso (vazio) aprox. 650 kg<\/p>\n<p>A m\u00e1quina pode ser vista em funcionamento mediante marca\u00e7\u00e3o pr\u00e9via.<br \/>\nSujeito a altera\u00e7\u00f5es e erros nos dados t\u00e9cnicos e especifica\u00e7\u00f5es, bem como a venda pr\u00e9via!<\/p>","protected":false},"excerpt":{"rendered":"<p>Standort: Deutschland, Baden-W\u00fcrttemberg S\u00fcdwest Zustand: Gebraucht Hersteller: LNS Modell: 6.42 HS-4.4 Baujahr: 1989 Zum Verkauf steht ein bew\u00e4hrtes Hochleistungs-Stangenlademagazin LNS, Typ Hydrobar 6.42 HS-4.4. Technische Daten Hersteller LNS (Schweiz) Modell Hydrobar 6.42 HS-4.4 Baujahr 1989 Arbeitsbereich (Durchmesser) \u00d8 6 mm bis \u00d8 42 mm Max. Stangenl\u00e4nge 4.000 mm (Typ 4.4) F\u00fchrungsprinzip Hydrobarisch (vollst\u00e4ndiges \u00d6lbad) Vorschubantrieb [&hellip;]<\/p>\n","protected":false},"featured_media":4973,"comment_status":"open","ping_status":"closed","template":"","meta":{"_uf_show_specific_survey":0,"_uf_disable_surveys":false},"product_brand":[],"product_cat":[88],"product_tag":[],"class_list":{"0":"post-4978","1":"product","2":"type-product","3":"status-publish","4":"has-post-thumbnail","6":"product_cat-stangenzufuehrungen","8":"first","9":"instock","10":"taxable","11":"shipping-taxable","12":"product-type-simple"},"aioseo_notices":[],"_links":{"self":[{"href":"https:\/\/mueller-wrh.de\/pt\/wp-json\/wp\/v2\/product\/4978","targetHints":{"allow":["GET"]}}],"collection":[{"href":"https:\/\/mueller-wrh.de\/pt\/wp-json\/wp\/v2\/product"}],"about":[{"href":"https:\/\/mueller-wrh.de\/pt\/wp-json\/wp\/v2\/types\/product"}],"replies":[{"embeddable":true,"href":"https:\/\/mueller-wrh.de\/pt\/wp-json\/wp\/v2\/comments?post=4978"}],"wp:featuredmedia":[{"embeddable":true,"href":"https:\/\/mueller-wrh.de\/pt\/wp-json\/wp\/v2\/media\/4973"}],"wp:attachment":[{"href":"https:\/\/mueller-wrh.de\/pt\/wp-json\/wp\/v2\/media?parent=4978"}],"wp:term":[{"taxonomy":"product_brand","embeddable":true,"href":"https:\/\/mueller-wrh.de\/pt\/wp-json\/wp\/v2\/product_brand?post=4978"},{"taxonomy":"product_cat","embeddable":true,"href":"https:\/\/mueller-wrh.de\/pt\/wp-json\/wp\/v2\/product_cat?post=4978"},{"taxonomy":"product_tag","embeddable":true,"href":"https:\/\/mueller-wrh.de\/pt\/wp-json\/wp\/v2\/product_tag?post=4978"}],"curies":[{"name":"wp","href":"https:\/\/api.w.org\/{rel}","templated":true}]}}