{"id":4959,"date":"2026-03-13T10:25:16","date_gmt":"2026-03-13T10:25:16","guid":{"rendered":"https:\/\/mueller-wrh.de\/produkt\/ergomat-tda-26-36-cnc-bj-97-mit-einzelstangenvorschub-intnr231498\/"},"modified":"2026-03-13T10:25:16","modified_gmt":"2026-03-13T10:25:16","slug":"ergomat-tda-26-36-cnc-bj-97-mit-einzelstangenvorschub-intnr231498","status":"publish","type":"product","link":"https:\/\/mueller-wrh.de\/pt\/produto\/ergomat-tda-26-36-cnc-bj-97-mit-einzelstangenvorschub-intnr231498\/","title":{"rendered":"ERGOMAT TDA-26-36 CNC, Ano `97 com alimentador de barra \u00fanica IntNr231498"},"content":{"rendered":"<p><b>Localiza\u00e7\u00e3o:<\/b> Alemanha, Baden-W\u00fcrttemberg Sudoeste<\/p>\n<p><b>Estado:<\/b> Usado<\/p>\n<p><b>Modelo:<\/b> TDA 26-36 CNC<\/p>\n<p><b>Ano de constru\u00e7\u00e3o:<\/b> 1997<\/p>\n<p>Torno autom\u00e1tico CNC de alta velocidade (short turner)<br \/>\nAno de constru\u00e7\u00e3o: 1997<br \/>\nSistema de controlo: semelhante ao Fanuc<\/p>\n<p>Dados t\u00e9cnicos<\/p>\n<p>M\u00e1ximo. Di\u00e2metro da haste: 36 mm<br \/>\nAbertura standard da haste: 26 mm<br \/>\nComprimento m\u00e1x. Comprimento de viragem: 100 mm<br \/>\nDi\u00e2metro de oscila\u00e7\u00e3o sobre a corredi\u00e7a transversal: 120 mm<\/p>\n<p>Eixo principal<br \/>\nGama de velocidades: 100 - 6.300 rpm (infinitamente vari\u00e1vel)<br \/>\nPot\u00eancia do fuso: 7,5 kW \/ 11 kW (cont\u00ednuo\/pico)<br \/>\nNariz do fuso: A2-5<br \/>\nEixo C: Resolu\u00e7\u00e3o 0,001\u00b0<br \/>\nN\u00famero de corredi\u00e7as: 4 corredi\u00e7as lineares (X\/Z) para maquina\u00e7\u00e3o simult\u00e2nea<br \/>\nTorre estelar de 8 esta\u00e7\u00f5es (VDI 20)<br \/>\nVelocidades de desloca\u00e7\u00e3o r\u00e1pidas: 15 m\/min (eixo X) \/ 20 m\/min (eixo Z)<br \/>\nFor\u00e7a de alimenta\u00e7\u00e3o: 2.500 N<\/p>\n<p>Alimenta\u00e7\u00e3o de barra \u00fanica: ERGOMAT, para comprimentos de barra at\u00e9 3.000 mm.<\/p>\n<p>A m\u00e1quina pode ser inspeccionada sob tens\u00e3o mediante marca\u00e7\u00e3o pr\u00e9via.<br \/>\nReservado o direito a altera\u00e7\u00f5es e erros nos dados t\u00e9cnicos e informa\u00e7\u00f5es, bem como a venda pr\u00e9via!<\/p>\n<p>UTorno autom\u00e1tico CNC de alta velocidade (torno de pequena tiragem)<br \/>\nAno de fabrico: 1997<br \/>\nSistema de controlo: semelhante ao Fanuc<\/p>\n<p>Especifica\u00e7\u00f5es t\u00e9cnicas<\/p>\n<p>Di\u00e2metro m\u00e1ximo da barra: 36 mm<br \/>\nCapacidade padr\u00e3o da barra: 26 mm<br \/>\nComprimento m\u00e1ximo de viragem: 100 mm<br \/>\nDi\u00e2metro de rota\u00e7\u00e3o sobre o carro transversal: 120 mm<\/p>\n<p>Eixo principal<br \/>\nGama de velocidades: 100 - 6.300 rpm (continuamente vari\u00e1vel)<br \/>\nPot\u00eancia do fuso: 7,5 kW \/ 11 kW (cont\u00ednuo\/pico)<br \/>\nNariz do fuso: A2-5<br \/>\nEixo C: resolu\u00e7\u00e3o 0,001\u00b0<br \/>\nN\u00famero de corredi\u00e7as: 4 corredi\u00e7as lineares (X\/Z) para maquina\u00e7\u00e3o simult\u00e2nea<br \/>\nTorre estelar de 8 esta\u00e7\u00f5es (VDI 20)<br \/>\nVelocidades de desloca\u00e7\u00e3o r\u00e1pidas: 15 m\/min (eixo X) \/ 20 m\/min (eixo Z)<br \/>\nFor\u00e7a de alimenta\u00e7\u00e3o: 2.500 N<\/p>\n<p>Alimenta\u00e7\u00e3o de barra \u00fanica: ERGOMAT, para comprimentos de barra at\u00e9 3.000 mm.<\/p>\n<p>A m\u00e1quina pode ser vista em funcionamento mediante marca\u00e7\u00e3o pr\u00e9via.<br \/>\nSujeito a altera\u00e7\u00f5es e erros nos dados t\u00e9cnicos e especifica\u00e7\u00f5es, bem como a venda pr\u00e9via!<\/p>","protected":false},"excerpt":{"rendered":"<p>Standort: Deutschland, Baden-W\u00fcrttemberg S\u00fcdwest Zustand: Gebraucht Modell: TDA 26-36 CNC Baujahr: 1997 Hochgeschwindigkeits-CNC-Drehautomat (Kurzdreher) Baujahr: 1997 Steuerung: \u00e4hnlich Fanuc Technische Daten Max. Stangendurchmesser: 36 mm Standard-Stangendurchlass: 26 mm Max. Drehl\u00e4nge: 100 mm Schwingdurchmesser \u00fcber Planschlitten: 120 mm Hauptspindel Drehzahlbereich: 100 \u2013 6.300 U\/min (stufenlos regelbar) Spindelleistung: 7,5 kW \/ 11 kW (Dauer\/Peak) Spindelnase: A2-5&#8243; C-Achse: [&hellip;]<\/p>\n","protected":false},"featured_media":4953,"comment_status":"open","ping_status":"closed","template":"","meta":{"_uf_show_specific_survey":0,"_uf_disable_surveys":false},"product_brand":[],"product_cat":[110],"product_tag":[],"class_list":{"0":"post-4959","1":"product","2":"type-product","3":"status-publish","4":"has-post-thumbnail","6":"product_cat-revolverdrehautomaten","8":"first","9":"instock","10":"taxable","11":"shipping-taxable","12":"product-type-simple"},"aioseo_notices":[],"_links":{"self":[{"href":"https:\/\/mueller-wrh.de\/pt\/wp-json\/wp\/v2\/product\/4959","targetHints":{"allow":["GET"]}}],"collection":[{"href":"https:\/\/mueller-wrh.de\/pt\/wp-json\/wp\/v2\/product"}],"about":[{"href":"https:\/\/mueller-wrh.de\/pt\/wp-json\/wp\/v2\/types\/product"}],"replies":[{"embeddable":true,"href":"https:\/\/mueller-wrh.de\/pt\/wp-json\/wp\/v2\/comments?post=4959"}],"wp:featuredmedia":[{"embeddable":true,"href":"https:\/\/mueller-wrh.de\/pt\/wp-json\/wp\/v2\/media\/4953"}],"wp:attachment":[{"href":"https:\/\/mueller-wrh.de\/pt\/wp-json\/wp\/v2\/media?parent=4959"}],"wp:term":[{"taxonomy":"product_brand","embeddable":true,"href":"https:\/\/mueller-wrh.de\/pt\/wp-json\/wp\/v2\/product_brand?post=4959"},{"taxonomy":"product_cat","embeddable":true,"href":"https:\/\/mueller-wrh.de\/pt\/wp-json\/wp\/v2\/product_cat?post=4959"},{"taxonomy":"product_tag","embeddable":true,"href":"https:\/\/mueller-wrh.de\/pt\/wp-json\/wp\/v2\/product_tag?post=4959"}],"curies":[{"name":"wp","href":"https:\/\/api.w.org\/{rel}","templated":true}]}}