{"id":4952,"date":"2026-03-13T10:06:22","date_gmt":"2026-03-13T10:06:22","guid":{"rendered":"https:\/\/mueller-wrh.de\/produkt\/weiler-ud-24-cnc-bj-1995-mit-irco-einzelstangenzufuehrung-intnr231497\/"},"modified":"2026-03-13T10:06:22","modified_gmt":"2026-03-13T10:06:22","slug":"weiler-ud-24-cnc-bj-1995-mit-irco-einzelstangenzufuehrung-intnr231497","status":"publish","type":"product","link":"https:\/\/mueller-wrh.de\/pt\/produto\/weiler-ud-24-cnc-bj-1995-mit-irco-einzelstangenzufuehrung-intnr231497\/","title":{"rendered":"WEILER UD 24 CNC, Ano 1995 com alimentador de barras \u00fanico IRCO IntNr231497"},"content":{"rendered":"<p><b>Localiza\u00e7\u00e3o:<\/b> Alemanha, Baden-W\u00fcrttemberg Sudoeste<\/p>\n<p><b>Estado:<\/b> Usado<\/p>\n<p><b>Modelo:<\/b> UD 24 CNC<\/p>\n<p><b>Ano de constru\u00e7\u00e3o:<\/b> 1995<\/p>\n<p><b>Hor\u00e1rio de funcionamento:<\/b> 40000<\/p>\n<p>Vende-se um torno de precis\u00e3o CNC bem conservado e pronto a utilizar<br \/>\ndo tipo Weiler UD 24 de 1995.<\/p>\n<p>Dados t\u00e9cnicos<\/p>\n<p>Sistema de controlo Siemens Sinumerik 810T<br \/>\nDi\u00e2metro circunferencial sobre o leito 240 mm<br \/>\nM\u00e1ximo. Di\u00e2metro de viragem 120 mm<br \/>\nFuro do fuso 42 mm<br \/>\nGama de velocidades at\u00e9 6.000 rpm<br \/>\nTorre de ferramentas de 12 posi\u00e7\u00f5es VDI 20<br \/>\nAlimentador de barras IRCO alimentador de barras simples<\/p>\n<p>Equipamento e acess\u00f3rios:<br \/>\nEixo C: Para opera\u00e7\u00f5es de perfura\u00e7\u00e3o e fresagem (radial\/axial).<br \/>\nSistema de carregamento: carregador de barras curtas IRCO para um reabastecimento eficiente do material.<br \/>\nSistema de arrefecimento: Sistema de arrefecimento completo.<br \/>\nCobertura de prote\u00e7\u00e3o total com bloqueio de seguran\u00e7a.<br \/>\nInstru\u00e7\u00f5es de utiliza\u00e7\u00e3o e manuten\u00e7\u00e3o dispon\u00edveis.<\/p>\n<p>A m\u00e1quina pode ser inspeccionada sob tens\u00e3o mediante marca\u00e7\u00e3o pr\u00e9via.<br \/>\nReservado o direito a altera\u00e7\u00f5es e erros nos dados t\u00e9cnicos e informa\u00e7\u00f5es, bem como a venda pr\u00e9via!<\/p>\n<p>Vende-se um torno de precis\u00e3o CNC bem conservado e operacional<br \/>\ndo modelo Weiler UD 24, fabricado em 1995.<\/p>\n<p>Especifica\u00e7\u00f5es t\u00e9cnicas<\/p>\n<p>Sistema de controlo Siemens Sinumerik 810T<br \/>\nBalan\u00e7o m\u00e1ximo sobre a cama 240 mm<br \/>\nDi\u00e2metro m\u00e1ximo de viragem 120 mm<br \/>\nFuro do fuso 42 mm<br \/>\nGama de velocidades at\u00e9 6.000 rpm<br \/>\nTorre de ferramentas de 12 esta\u00e7\u00f5es VDI 20<br \/>\nAlimenta\u00e7\u00e3o de barra IRCO alimenta\u00e7\u00e3o de barra \u00fanica<\/p>\n<p>Equipamento e acess\u00f3rios:<br \/>\nEixo C: Para opera\u00e7\u00f5es de perfura\u00e7\u00e3o e fresagem (radial\/axial).<br \/>\nSistema de carregamento: carregador de barras curtas IRCO para um fornecimento eficiente de material.<br \/>\nSistema de arrefecimento: Sistema de arrefecimento completo.<br \/>\nCobertura de prote\u00e7\u00e3o completa com fecho de seguran\u00e7a.<br \/>\nInstru\u00e7\u00f5es de utiliza\u00e7\u00e3o e manuten\u00e7\u00e3o dispon\u00edveis.<\/p>\n<p>A m\u00e1quina pode ser vista sob tens\u00e3o mediante marca\u00e7\u00e3o pr\u00e9via.<br \/>\nSujeito a altera\u00e7\u00f5es e erros nos dados t\u00e9cnicos e especifica\u00e7\u00f5es, bem como a venda pr\u00e9via!<\/p>","protected":false},"excerpt":{"rendered":"<p>Standort: Deutschland, Baden-W\u00fcrttemberg S\u00fcdwest Zustand: Gebraucht Modell: UD 24 CNC Baujahr: 1995 Betriebsstunden: 40000 Zum Verkauf steht eine gepflegte und einsatzbereite CNC-Pr\u00e4zisionsdrehmaschine vom Typ Weiler UD 24 aus dem Jahr 1995. Technische Daten Steuerung Siemens Sinumerik 810T Umlaufdurchmesser \u00fcber Bett 240 mm Max. Drehdurchmesser 120 mm Spindelbohrung 42 mm Drehzahlbereich bis 6.000 U\/min Werkzeugrevolver 12-fach [&hellip;]<\/p>\n","protected":false},"featured_media":4945,"comment_status":"open","ping_status":"closed","template":"","meta":{"_uf_show_specific_survey":0,"_uf_disable_surveys":false},"product_brand":[],"product_cat":[110],"product_tag":[],"class_list":{"0":"post-4952","1":"product","2":"type-product","3":"status-publish","4":"has-post-thumbnail","6":"product_cat-revolverdrehautomaten","8":"first","9":"instock","10":"taxable","11":"shipping-taxable","12":"product-type-simple"},"aioseo_notices":[],"_links":{"self":[{"href":"https:\/\/mueller-wrh.de\/pt\/wp-json\/wp\/v2\/product\/4952","targetHints":{"allow":["GET"]}}],"collection":[{"href":"https:\/\/mueller-wrh.de\/pt\/wp-json\/wp\/v2\/product"}],"about":[{"href":"https:\/\/mueller-wrh.de\/pt\/wp-json\/wp\/v2\/types\/product"}],"replies":[{"embeddable":true,"href":"https:\/\/mueller-wrh.de\/pt\/wp-json\/wp\/v2\/comments?post=4952"}],"wp:featuredmedia":[{"embeddable":true,"href":"https:\/\/mueller-wrh.de\/pt\/wp-json\/wp\/v2\/media\/4945"}],"wp:attachment":[{"href":"https:\/\/mueller-wrh.de\/pt\/wp-json\/wp\/v2\/media?parent=4952"}],"wp:term":[{"taxonomy":"product_brand","embeddable":true,"href":"https:\/\/mueller-wrh.de\/pt\/wp-json\/wp\/v2\/product_brand?post=4952"},{"taxonomy":"product_cat","embeddable":true,"href":"https:\/\/mueller-wrh.de\/pt\/wp-json\/wp\/v2\/product_cat?post=4952"},{"taxonomy":"product_tag","embeddable":true,"href":"https:\/\/mueller-wrh.de\/pt\/wp-json\/wp\/v2\/product_tag?post=4952"}],"curies":[{"name":"wp","href":"https:\/\/api.w.org\/{rel}","templated":true}]}}