{"id":4944,"date":"2026-03-11T14:50:06","date_gmt":"2026-03-11T14:50:06","guid":{"rendered":"https:\/\/mueller-wrh.de\/produkt\/cnc-ergomat-tba-60-bj-2005-mit-einzelstangenvorschub-intnr231496\/"},"modified":"2026-03-11T14:50:06","modified_gmt":"2026-03-11T14:50:06","slug":"cnc-ergomat-tba-60-bj-2005-mit-einzelstangenvorschub-intnr231496","status":"publish","type":"product","link":"https:\/\/mueller-wrh.de\/pt\/produto\/cnc-ergomat-tba-60-bj-2005-mit-einzelstangenvorschub-intnr231496\/","title":{"rendered":"CNC ERGOMAT TBA-60, ano 2005 com alimenta\u00e7\u00e3o de barra \u00fanica IntNo231496"},"content":{"rendered":"<p><b>Localiza\u00e7\u00e3o:<\/b> Alemanha, Baden-W\u00fcrttemberg Sudoeste<\/p>\n<p><b>Estado:<\/b> Usado<\/p>\n<p><b>Modelo:<\/b> TBA-60 CNC<\/p>\n<p><b>Ano de constru\u00e7\u00e3o:<\/b> 2005<\/p>\n<p>Vende-se um torno autom\u00e1tico multi-l\u00e2minas CNC ERGOMAT TBA-60,<br \/>\nequipado com alimenta\u00e7\u00e3o por haste \u00fanica. <\/p>\n<p>Dados t\u00e9cnicos<br \/>\nTipo: TBA-60<br \/>\nAno de constru\u00e7\u00e3o: 2005<br \/>\nTipo de m\u00e1quina: Torno autom\u00e1tico multi-l\u00e2minas CNC<br \/>\nSistema de controlo: CNC (sistema de controlo baseado em Fanuc)<\/p>\n<p>\u00c1rea de trabalho<br \/>\nM\u00e1ximo. Abertura da haste redonda: 60 mm<br \/>\nComprimento m\u00e1x. Comprimento de viragem: 100 mm<\/p>\n<p>Fuso<br \/>\nPot\u00eancia do fuso: 7,5 kW<br \/>\nM\u00e1x. Velocidade do fuso: at\u00e9 3.150 rpm<\/p>\n<p>Sistema de ferramentas<br \/>\nTorre em estrela de 6 posi\u00e7\u00f5es acionada por servo<br \/>\nTempo de comuta\u00e7\u00e3o da torre: aprox. 0,3-0,4 s<\/p>\n<p>Conceito multi-slide com:<br \/>\nCorredi\u00e7a horizontal frontal (X1\/Z1)<br \/>\nCorredi\u00e7a horizontal traseira (X2)<br \/>\nDuas corredi\u00e7as verticais (X3\/X4) ()<\/p>\n<p>Dist\u00e2ncias de desloca\u00e7\u00e3o<br \/>\nDist\u00e2ncia de desloca\u00e7\u00e3o da corredi\u00e7a horizontal: 45 mm<br \/>\nCurso vertical da corredi\u00e7a: 45 mm<\/p>\n<p>Dados da m\u00e1quina<br \/>\nPeso da m\u00e1quina: 2.000 kg<\/p>\n<p>Equipamento<br \/>\nAlimenta\u00e7\u00e3o por haste \u00fanica<br \/>\nSistema de torneamento multi-l\u00e2minas para alta produtividade<br \/>\nDispositivo de refrigera\u00e7\u00e3o<br \/>\nElimina\u00e7\u00e3o de aparas \/ tabuleiro de aparas<\/p>\n<p>A m\u00e1quina pode ser inspeccionada sob tens\u00e3o mediante marca\u00e7\u00e3o pr\u00e9via.<br \/>\nReservado o direito a altera\u00e7\u00f5es e erros nos dados t\u00e9cnicos e informa\u00e7\u00f5es, bem como a venda pr\u00e9via!<\/p>\n<p>Vende-se um torno autom\u00e1tico multi-l\u00e2minas CNC ERGOMAT TBA-60,<br \/>\nequipada com alimenta\u00e7\u00e3o de barra \u00fanica. <\/p>\n<p>Dados t\u00e9cnicos<br \/>\nTipo: TBA-60<br \/>\nAno de fabrico: 2005<br \/>\nTipo de m\u00e1quina: Torno autom\u00e1tico multi-l\u00e2minas CNC<br \/>\nControlo: CNC (controlo baseado em Fanuc)<\/p>\n<p>Gama de trabalho<br \/>\nCapacidade m\u00e1xima de barras redondas: 60 mm<br \/>\nComprimento m\u00e1ximo de viragem: 100 mm<\/p>\n<p>Fuso<br \/>\nPot\u00eancia do fuso: 7,5 kW<br \/>\nVelocidade m\u00e1xima do fuso: at\u00e9 3.150 rpm<\/p>\n<p>Sistema de ferramentas<br \/>\nTorre em estrela de 6 esta\u00e7\u00f5es servo-acionada<br \/>\nTempo de mudan\u00e7a da torre: aprox. 0,3-0,4 s<\/p>\n<p>Conceito multi-slide com:<br \/>\nCorredi\u00e7a horizontal frontal (X1\/Z1)<br \/>\nCorredi\u00e7a horizontal traseira (X2)<br \/>\nDuas corredi\u00e7as verticais (X3\/X4) ()<\/p>\n<p>Dist\u00e2ncias de viagem<br \/>\nDist\u00e2ncia de desloca\u00e7\u00e3o da corredi\u00e7a horizontal: 45 mm<br \/>\nDist\u00e2ncia de desloca\u00e7\u00e3o do carro vertical: 45 mm<\/p>\n<p>Dados da m\u00e1quina<br \/>\nPeso da m\u00e1quina: 2.000 kg<\/p>\n<p>Equipamento<br \/>\nAlimenta\u00e7\u00e3o de uma barra<br \/>\nSistema de torneamento com v\u00e1rios carros para alta produtividade<br \/>\nDispositivo de refrigera\u00e7\u00e3o<br \/>\nElimina\u00e7\u00e3o de aparas \/ tabuleiro de aparas<\/p>\n<p>A m\u00e1quina pode ser vista sob tens\u00e3o mediante marca\u00e7\u00e3o pr\u00e9via.<br \/>\nSujeito a altera\u00e7\u00f5es e erros nos dados t\u00e9cnicos e especifica\u00e7\u00f5es, bem como a venda pr\u00e9via!<\/p>","protected":false},"excerpt":{"rendered":"<p>Standort: Deutschland, Baden-W\u00fcrttemberg S\u00fcdwest Zustand: Gebraucht Modell: TBA-60 CNC Baujahr: 2005 Zum Verkauf steht ein CNC-Mehrschlitten-Drehautomat ERGOMAT TBA-60, ausgestattet mit Einzelstangenvorschub. Technische Daten Typ: TBA-60 Baujahr: 2005 Maschinenart: CNC Mehrschlitten-Drehautomat Steuerung: CNC (Fanuc-basierte Steuerung) Arbeitsbereich Max. Stangendurchlass rund: 60 mm Max. Drehl\u00e4nge: 100 mm Spindel Spindelleistung: 7,5 kW Max. Spindeldrehzahl: bis 3.150 U\/min Werkzeugsystem Servoangetriebener [&hellip;]<\/p>\n","protected":false},"featured_media":4938,"comment_status":"open","ping_status":"closed","template":"","meta":{"_uf_show_specific_survey":0,"_uf_disable_surveys":false},"product_brand":[],"product_cat":[110],"product_tag":[],"class_list":{"0":"post-4944","1":"product","2":"type-product","3":"status-publish","4":"has-post-thumbnail","6":"product_cat-revolverdrehautomaten","8":"first","9":"instock","10":"taxable","11":"shipping-taxable","12":"product-type-simple"},"aioseo_notices":[],"_links":{"self":[{"href":"https:\/\/mueller-wrh.de\/pt\/wp-json\/wp\/v2\/product\/4944","targetHints":{"allow":["GET"]}}],"collection":[{"href":"https:\/\/mueller-wrh.de\/pt\/wp-json\/wp\/v2\/product"}],"about":[{"href":"https:\/\/mueller-wrh.de\/pt\/wp-json\/wp\/v2\/types\/product"}],"replies":[{"embeddable":true,"href":"https:\/\/mueller-wrh.de\/pt\/wp-json\/wp\/v2\/comments?post=4944"}],"wp:featuredmedia":[{"embeddable":true,"href":"https:\/\/mueller-wrh.de\/pt\/wp-json\/wp\/v2\/media\/4938"}],"wp:attachment":[{"href":"https:\/\/mueller-wrh.de\/pt\/wp-json\/wp\/v2\/media?parent=4944"}],"wp:term":[{"taxonomy":"product_brand","embeddable":true,"href":"https:\/\/mueller-wrh.de\/pt\/wp-json\/wp\/v2\/product_brand?post=4944"},{"taxonomy":"product_cat","embeddable":true,"href":"https:\/\/mueller-wrh.de\/pt\/wp-json\/wp\/v2\/product_cat?post=4944"},{"taxonomy":"product_tag","embeddable":true,"href":"https:\/\/mueller-wrh.de\/pt\/wp-json\/wp\/v2\/product_tag?post=4944"}],"curies":[{"name":"wp","href":"https:\/\/api.w.org\/{rel}","templated":true}]}}