{"id":4936,"date":"2026-03-11T13:19:02","date_gmt":"2026-03-11T13:19:02","guid":{"rendered":"https:\/\/mueller-wrh.de\/produkt\/cnc-haas-st-20ss-bj-2010-mit-lns-hydrobar-6-50-intnr231495\/"},"modified":"2026-03-13T10:46:30","modified_gmt":"2026-03-13T10:46:30","slug":"cnc-haas-st-20ss-bj-2010-mit-lns-hydrobar-6-50-intnr231495","status":"publish","type":"product","link":"https:\/\/mueller-wrh.de\/pt\/produto\/cnc-haas-st-20ss-bj-2010-mit-lns-hydrobar-6-50-intnr231495\/","title":{"rendered":"Torno CNC HAAS ST-20SS, Ano 2010 com LNS Hydrobar 6.50 HS-4.6 IntNr231495"},"content":{"rendered":"<p><b>Localiza\u00e7\u00e3o:<\/b> Alemanha, Baden-W\u00fcrttemberg Sudoeste<\/p>\n<p><b>Estado:<\/b> Usado<\/p>\n<p><b>Fabricante:<\/b> HAAS<\/p>\n<p><b>Modelo:<\/b> ST-20SS<\/p>\n<p><b>Ano de constru\u00e7\u00e3o:<\/b> 2010<\/p>\n<p><b>Hor\u00e1rio de funcionamento:<\/b> 1900<\/p>\n<p>Centro de torneamento CNC Haas ST-20SS (Super Speed) usado, ano 2010,<br \/>\nincluindo LNS Super Hydrobar 6.50 HS 4.6 ano 2011. <\/p>\n<p>Dados t\u00e9cnicos:<br \/>\nMonitor LCD a cores de 15 polegadas, sistema de controlo HAAS de f\u00e1cil utiliza\u00e7\u00e3o<br \/>\nM\u00e1x. Di\u00e2metro de viragem: at\u00e9 254 mm<br \/>\nComprimento m\u00e1ximo. Comprimento de viragem: 533 mm.<\/p>\n<p>Fuso:<br \/>\nRolamento do eixo principal com defeito!<br \/>\nVelocidade: m\u00e1x. 5.000 rpm.<br \/>\nPot\u00eancia de acionamento: 22,4 kW (30 CV) Acionamento Vetorial de Alto Desempenho.<br \/>\nPonta do fuso: A2-6.<br \/>\nFuro do fuso: 88,9 mm<\/p>\n<p>Torre de ferramentas:<br \/>\nTorre h\u00edbrida de 24 esta\u00e7\u00f5es<\/p>\n<p>Vias r\u00e1pidas:<br \/>\n24,0 m\/min (eixo X)<br \/>\n30,5 m\/min (eixo Z).<br \/>\nEquipamento:<br \/>\nSistema autom\u00e1tico de pr\u00e9-ajuste da ferramenta (Auto Probe Arm).<br \/>\nUnidade para ferramentas acionadas<br \/>\nLNS Super Hydrobar 6.50 HS 4.6 (ano 2011)<br \/>\npara di\u00e2metros de haste de aprox. 5 mm a 50 mm (pode ser alargado at\u00e9 65\/68 mm na s\u00e9rie HS, consoante o modelo).<\/p>\n<p>A m\u00e1quina pode ser inspeccionada sob tens\u00e3o mediante marca\u00e7\u00e3o pr\u00e9via.<br \/>\nReservado o direito a altera\u00e7\u00f5es e erros nos dados t\u00e9cnicos e informa\u00e7\u00f5es, bem como a venda pr\u00e9via!<\/p>\n<p>Centro de torneamento CNC Haas ST-20SS (Super Speed) usado, constru\u00eddo em 2010,<br \/>\nincluindo LNS Super Hydrobar 6.50 HS 4.6, constru\u00eddo em 2011. <\/p>\n<p>Dados t\u00e9cnicos:<br \/>\nMonitor LCD a cores de 15 polegadas, controlo HAAS de f\u00e1cil utiliza\u00e7\u00e3o<br \/>\nDi\u00e2metro m\u00e1ximo de rota\u00e7\u00e3o: at\u00e9 254 mm<br \/>\nComprimento m\u00e1ximo de viragem: 533 mm.<\/p>\n<p>Fuso:<br \/>\nRolamento do eixo principal com defeito!<br \/>\nVelocidade: m\u00e1x. 5.000 rpm.<br \/>\nPot\u00eancia de acionamento: 22,4 kW (30 cv) de acionamento vetorial de alto desempenho.<br \/>\nPonta do fuso: A2-6.<br \/>\nFuro do fuso: 88,9 mm<\/p>\n<p>Torre de ferramentas:<br \/>\nTorre h\u00edbrida de 24 esta\u00e7\u00f5es<\/p>\n<p>Travessia r\u00e1pida:<br \/>\n24,0 m\/min (eixo X)<br \/>\n30,5 m\/min (eixo Z).<br \/>\nEquipamento:<br \/>\nsistema autom\u00e1tico de pr\u00e9-ajuste da ferramenta (bra\u00e7o de sonda autom\u00e1tico)<br \/>\nUnidade para ferramentas acionadas<br \/>\nLNS Super Hydrobar 6.50 HS 4.6 (constru\u00eddo em 2011)<br \/>\npara di\u00e2metros de barra de aprox. 5 mm a 50 mm (expans\u00edvel at\u00e9 65\/68 mm na s\u00e9rie HS, consoante o modelo).<\/p>\n<p>A m\u00e1quina pode ser vista sob tens\u00e3o mediante marca\u00e7\u00e3o pr\u00e9via.<br \/>\nSujeito a altera\u00e7\u00f5es e erros nos dados t\u00e9cnicos e especifica\u00e7\u00f5es, bem como a venda pr\u00e9via!<\/p>","protected":false},"excerpt":{"rendered":"<p>Standort: Deutschland, Baden-W\u00fcrttemberg S\u00fcdwest Zustand: Gebraucht Hersteller: HAAS Modell: ST-20SS Baujahr: 2010 Betriebsstunden: 1900 Gebrauchtes CNC-Drehzentrum Haas ST-20SS (Super Speed) Bj. 2010, inklusive LNS Super Hydrobar 6.50 HS 4.6 Bj. 2011. Technische Details: 15-Zoll-Farb-LCD-Monitor, benutzerfreundliche HAAS-Steuerung Max. Drehdurchmesser: bis zu 254 mm Max. Drehl\u00e4nge: 533 mm. Spindel: Hauptspindellager defekt! Drehzahl: max. 5.000 U\/min. Antriebsleistung: 22,4 [&hellip;]<\/p>\n","protected":false},"featured_media":4960,"comment_status":"open","ping_status":"closed","template":"","meta":{"_uf_show_specific_survey":0,"_uf_disable_surveys":false},"product_brand":[],"product_cat":[90],"product_tag":[],"class_list":{"0":"post-4936","1":"product","2":"type-product","3":"status-publish","4":"has-post-thumbnail","6":"product_cat-cnc-drehmaschinen-0-199mm-drehd","8":"first","9":"instock","10":"taxable","11":"shipping-taxable","12":"product-type-simple"},"aioseo_notices":[],"_links":{"self":[{"href":"https:\/\/mueller-wrh.de\/pt\/wp-json\/wp\/v2\/product\/4936","targetHints":{"allow":["GET"]}}],"collection":[{"href":"https:\/\/mueller-wrh.de\/pt\/wp-json\/wp\/v2\/product"}],"about":[{"href":"https:\/\/mueller-wrh.de\/pt\/wp-json\/wp\/v2\/types\/product"}],"replies":[{"embeddable":true,"href":"https:\/\/mueller-wrh.de\/pt\/wp-json\/wp\/v2\/comments?post=4936"}],"wp:featuredmedia":[{"embeddable":true,"href":"https:\/\/mueller-wrh.de\/pt\/wp-json\/wp\/v2\/media\/4960"}],"wp:attachment":[{"href":"https:\/\/mueller-wrh.de\/pt\/wp-json\/wp\/v2\/media?parent=4936"}],"wp:term":[{"taxonomy":"product_brand","embeddable":true,"href":"https:\/\/mueller-wrh.de\/pt\/wp-json\/wp\/v2\/product_brand?post=4936"},{"taxonomy":"product_cat","embeddable":true,"href":"https:\/\/mueller-wrh.de\/pt\/wp-json\/wp\/v2\/product_cat?post=4936"},{"taxonomy":"product_tag","embeddable":true,"href":"https:\/\/mueller-wrh.de\/pt\/wp-json\/wp\/v2\/product_tag?post=4936"}],"curies":[{"name":"wp","href":"https:\/\/api.w.org\/{rel}","templated":true}]}}