{"id":4921,"date":"2026-03-07T11:31:09","date_gmt":"2026-03-07T11:31:09","guid":{"rendered":"https:\/\/mueller-wrh.de\/produkt\/gebr-lns-express-220_bj-2027-intnr231503\/"},"modified":"2026-03-07T11:31:09","modified_gmt":"2026-03-07T11:31:09","slug":"gebr-lns-express-220_bj-2027-intnr231503","status":"publish","type":"product","link":"https:\/\/mueller-wrh.de\/pt\/produto\/gebr-lns-express-220_bj-2027-intnr231503\/","title":{"rendered":"marca LNS Express 220_ano 2027 IntNr231503"},"content":{"rendered":"<p><b>Localiza\u00e7\u00e3o:<\/b> Alemanha, Baden-W\u00fcrttemberg Sudoeste<\/p>\n<p><b>Estado:<\/b> Usado<\/p>\n<p><b>Fabricante:<\/b> LNS<\/p>\n<p><b>Modelo:<\/b> Expresso 220<\/p>\n<p><b>Ano de constru\u00e7\u00e3o:<\/b> 2007<\/p>\n<p>Carregador CNC LNS Express 220<br \/>\nAno de constru\u00e7\u00e3o: 2007<br \/>\nTipo: Alimentador de barras<\/p>\n<p>Convers\u00e3o f\u00e1cil do canal guia em menos de cerca de 2 minutos.<br \/>\n\u00c9 poss\u00edvel efetuar uma substitui\u00e7\u00e3o completa dos elementos de guia em menos de cerca de 8 minutos.<\/p>\n<p>Dados t\u00e9cnicos:<br \/>\nGama de di\u00e2metros: 2 mm a 20 mm<br \/>\nCanal \u00d8 22mm<br \/>\nComprimento m\u00e1ximo da barra: 3.000 mm<br \/>\nDimens\u00f5es da instala\u00e7\u00e3o \/ dimens\u00f5es (C x L x A): 3.970 x 480 x 1.250 mm<br \/>\nPeso: aprox. 850 kg<br \/>\nEstado: totalmente funcional<\/p>\n<p>A m\u00e1quina pode ser inspeccionada mediante marca\u00e7\u00e3o pr\u00e9via.<br \/>\nReservado o direito a altera\u00e7\u00f5es e erros nos dados t\u00e9cnicos e informa\u00e7\u00f5es, bem como a venda pr\u00e9via!<\/p>\n<p>I<br \/>\nCarregador CNC LNS Express 220<br \/>\nAno de fabrico: 2007<br \/>\nTipo: Carregador de barras<\/p>\n<p>Mudan\u00e7a f\u00e1cil do canal guia em menos de cerca de 2 minutos.<br \/>\nMudan\u00e7a completa dos elementos de guia poss\u00edvel em menos de aprox. 8 minutos.<\/p>\n<p>Dados t\u00e9cnicos:<br \/>\nGama de di\u00e2metros: 2 mm a 20 mm<br \/>\nCanal \u00d8 22 mm<br \/>\nComprimento m\u00e1ximo da barra: 3.000 mm<br \/>\nDimens\u00f5es de instala\u00e7\u00e3o \/ dimens\u00f5es (C x L x A): 3.970 x 480 x 1.250 mm<br \/>\nPeso: aprox. 850 kg<br \/>\nEstado: totalmente funcional<\/p>\n<p>A m\u00e1quina pode ser vista em funcionamento mediante marca\u00e7\u00e3o pr\u00e9via.<br \/>\nSujeito a altera\u00e7\u00f5es e erros nos dados t\u00e9cnicos e especifica\u00e7\u00f5es, bem como a venda pr\u00e9via!<\/p>\n<p>Traduzido com DeepL.com (vers\u00e3o gratuita)<\/p>","protected":false},"excerpt":{"rendered":"<p>Standort: Deutschland, Baden-W\u00fcrttemberg S\u00fcdwest Zustand: Gebraucht Hersteller: LNS Modell: Express 220 Baujahr: 2007 CNC-Lademagazin LNS Express 220 Baujahr: 2007 Typ: Stangenlademagazin Einfaches Umr\u00fcsten des F\u00fchrungskanals in weniger als ca. 2 Minuten. Komplettwechsel der F\u00fchrungselemente in unter ca. 8 Minuten m\u00f6glich. Technische Details: Durchmesserbereich: 2 mm bis 20 mm Kanal \u00d8 22mm Maximale Stangenl\u00e4nge: 3.000 mm [&hellip;]<\/p>\n","protected":false},"featured_media":4916,"comment_status":"open","ping_status":"closed","template":"","meta":{"_uf_show_specific_survey":0,"_uf_disable_surveys":false},"product_brand":[],"product_cat":[88],"product_tag":[],"class_list":{"0":"post-4921","1":"product","2":"type-product","3":"status-publish","4":"has-post-thumbnail","6":"product_cat-stangenzufuehrungen","8":"first","9":"instock","10":"taxable","11":"shipping-taxable","12":"product-type-simple"},"aioseo_notices":[],"_links":{"self":[{"href":"https:\/\/mueller-wrh.de\/pt\/wp-json\/wp\/v2\/product\/4921","targetHints":{"allow":["GET"]}}],"collection":[{"href":"https:\/\/mueller-wrh.de\/pt\/wp-json\/wp\/v2\/product"}],"about":[{"href":"https:\/\/mueller-wrh.de\/pt\/wp-json\/wp\/v2\/types\/product"}],"replies":[{"embeddable":true,"href":"https:\/\/mueller-wrh.de\/pt\/wp-json\/wp\/v2\/comments?post=4921"}],"wp:featuredmedia":[{"embeddable":true,"href":"https:\/\/mueller-wrh.de\/pt\/wp-json\/wp\/v2\/media\/4916"}],"wp:attachment":[{"href":"https:\/\/mueller-wrh.de\/pt\/wp-json\/wp\/v2\/media?parent=4921"}],"wp:term":[{"taxonomy":"product_brand","embeddable":true,"href":"https:\/\/mueller-wrh.de\/pt\/wp-json\/wp\/v2\/product_brand?post=4921"},{"taxonomy":"product_cat","embeddable":true,"href":"https:\/\/mueller-wrh.de\/pt\/wp-json\/wp\/v2\/product_cat?post=4921"},{"taxonomy":"product_tag","embeddable":true,"href":"https:\/\/mueller-wrh.de\/pt\/wp-json\/wp\/v2\/product_tag?post=4921"}],"curies":[{"name":"wp","href":"https:\/\/api.w.org\/{rel}","templated":true}]}}