{"id":4861,"date":"2026-02-18T15:57:49","date_gmt":"2026-02-18T15:57:49","guid":{"rendered":"https:\/\/mueller-wrh.de\/produkt\/neu-star-er16-or1-61-werkzeughalter-str766100_-passend-fuer-star-sb-12-20rsd-26c-e-g-s-sl-7-10-sp-23sr-20jii-b-sr-20riv-sr-32jii-a-sr-32jii-b-jiii-bsr-38-type-a-bsv-20rsw-12rii_intnr231492\/"},"modified":"2026-02-18T15:57:50","modified_gmt":"2026-02-18T15:57:50","slug":"neu-star-er16-or1-61-werkzeughalter-str766100_-passend-fuer-star-sb-12-20rsd-26c-e-g-s-sl-7-10-sp-23sr-20jii-b-sr-20riv-sr-32jii-a-sr-32jii-b-jiii-bsr-38-type-a-bsv-20rsw-12rii_intnr231492","status":"publish","type":"product","link":"https:\/\/mueller-wrh.de\/pt\/produto\/neu-star-er16-or1-61-werkzeughalter-str766100_-passend-fuer-star-sb-12-20rsd-26c-e-g-s-sl-7-10-sp-23sr-20jii-b-sr-20riv-sr-32jii-a-sr-32jii-b-jiii-bsr-38-type-a-bsv-20rsw-12rii_intnr231492\/","title":{"rendered":"NOVO STAR ER16 OR1-61 Suporte de ferramentas STR766100_ Adequado para Star SB-12\/20R;SD-26C\/E\/G\/S ;SL-7\/10; SP-23;SR-20JII-B ;SR-20RIV; SR-32JII-A; SR-32JII-B\/JIII-B;SR-38 (Tipo A\/B);SV-20R;SW-12RII_IntNr231492"},"content":{"rendered":"<p><b>Localiza\u00e7\u00e3o:<\/b> Alemanha, Baden-W\u00fcrttemberg Sudoeste<\/p>\n<p><b>Estado:<\/b> Novo<\/p>\n<p>Unidade de perfura\u00e7\u00e3o\/fresagem frontal ER16 para maquinagem posterior<br \/>\nAdequado para Star Star<br \/>\nSB-12\/20R<br \/>\nEstrela SD-26C\/E\/G\/S<br \/>\nEstrela SL-7\/10<br \/>\nEstrela SP-23<br \/>\nEstrela SR-20JII-B<br \/>\nEstrela SR-20RIV<br \/>\nEstrela SR-32JII-A<br \/>\nEstrela SR-32JII-B\/JIII-B<br \/>\nStar SR-38 (Tipo A\/B)<br \/>\nStar SV-20R<br \/>\nEstrela SW-12RII<br \/>\nEstrela SW-20<br \/>\nCompar\u00e1vel ao n\u00famero de encomenda Star 0R1-61<br \/>\npara 12 m\u00e1quinas<br \/>\nTradu\u00e7\u00e3o 1:1<br \/>\nVelocidade de entrada m\u00e1x. 12000 1\/min<br \/>\nVelocidade de sa\u00edda m\u00e1x. 12000 1\/min<br \/>\nBin\u00e1rio de sa\u00edda m\u00e1x. 13 Nm<\/p>\n<p>Reservado o direito a altera\u00e7\u00f5es e erros nos dados t\u00e9cnicos e informa\u00e7\u00f5es, bem como a venda pr\u00e9via!<\/p>\n<p>Unidade de perfura\u00e7\u00e3o\/fresagem frontal ER16 para maquinagem do lado posterior<br \/>\nCompat\u00edvel com m\u00e1quinas Star:<\/p>\n<p>Estrela SB-12\/20R<\/p>\n<p>Estrela SD-26C\/E\/G\/S<\/p>\n<p>Estrela SL-7\/10<\/p>\n<p>Estrela SP-23<\/p>\n<p>Estrela SR-20JII-B<\/p>\n<p>Estrela SR-20RIV<\/p>\n<p>Estrela SR-32JII-A<\/p>\n<p>Estrela SR-32JII-B\/JIII-B<\/p>\n<p>Star SR-38 (Tipo A\/B)<\/p>\n<p>Star SV-20R<\/p>\n<p>Estrela SW-12RII<\/p>\n<p>Estrela SW-20<\/p>\n<p>Compar\u00e1vel \u00e0 pe\u00e7a Star n.\u00ba: 0R1-61<br \/>\nPara 12 m\u00e1quinas<\/p>\n<p>R\u00e1cio de tradu\u00e7\u00e3o: 1:1<br \/>\nVelocidade de entrada: m\u00e1x. 12.000 rpm<br \/>\nVelocidade de sa\u00edda: m\u00e1x. 12.000 rpm<br \/>\nBin\u00e1rio de sa\u00edda: m\u00e1x. 13 Nm<\/p>\n<p>Altera\u00e7\u00f5es e erros nos dados t\u00e9cnicos e especifica\u00e7\u00f5es, bem como a venda pr\u00e9via, s\u00e3o reservados!<\/p>","protected":false},"excerpt":{"rendered":"<p>Standort: Deutschland, Baden-W\u00fcrttemberg S\u00fcdwest Zustand: Neu Frontalbohr-\/Fr\u00e4sapparat ER16 f\u00fcr R\u00fcckseitenbearbeitung Passend f\u00fcr Star Star SB-12\/20R Star SD-26C\/E\/G\/S Star SL-7\/10 Star SP-23 Star SR-20JII-B Star SR-20RIV Star SR-32JII-A Star SR-32JII-B\/JIII-B Star SR-38 (Type A\/B) Star SV-20R Star SW-12RII Star SW-20 Vergleichbar mit Star Bestell-Nr. 0R1-61 f\u00fcr 12 Maschinen \u00dcbersetzung 1:1 Eingangsdrehzahl max. 12000 1\/min Ausgangsdrehzahl max. [&hellip;]<\/p>\n","protected":false},"featured_media":4860,"comment_status":"open","ping_status":"closed","template":"","meta":{"_uf_show_specific_survey":0,"_uf_disable_surveys":false},"product_brand":[],"product_cat":[20],"product_tag":[],"class_list":{"0":"post-4861","1":"product","2":"type-product","3":"status-publish","4":"has-post-thumbnail","6":"product_cat-werkzeughalter","8":"first","9":"instock","10":"taxable","11":"shipping-taxable","12":"product-type-simple"},"aioseo_notices":[],"_links":{"self":[{"href":"https:\/\/mueller-wrh.de\/pt\/wp-json\/wp\/v2\/product\/4861","targetHints":{"allow":["GET"]}}],"collection":[{"href":"https:\/\/mueller-wrh.de\/pt\/wp-json\/wp\/v2\/product"}],"about":[{"href":"https:\/\/mueller-wrh.de\/pt\/wp-json\/wp\/v2\/types\/product"}],"replies":[{"embeddable":true,"href":"https:\/\/mueller-wrh.de\/pt\/wp-json\/wp\/v2\/comments?post=4861"}],"wp:featuredmedia":[{"embeddable":true,"href":"https:\/\/mueller-wrh.de\/pt\/wp-json\/wp\/v2\/media\/4860"}],"wp:attachment":[{"href":"https:\/\/mueller-wrh.de\/pt\/wp-json\/wp\/v2\/media?parent=4861"}],"wp:term":[{"taxonomy":"product_brand","embeddable":true,"href":"https:\/\/mueller-wrh.de\/pt\/wp-json\/wp\/v2\/product_brand?post=4861"},{"taxonomy":"product_cat","embeddable":true,"href":"https:\/\/mueller-wrh.de\/pt\/wp-json\/wp\/v2\/product_cat?post=4861"},{"taxonomy":"product_tag","embeddable":true,"href":"https:\/\/mueller-wrh.de\/pt\/wp-json\/wp\/v2\/product_tag?post=4861"}],"curies":[{"name":"wp","href":"https:\/\/api.w.org\/{rel}","templated":true}]}}