{"id":4856,"date":"2026-02-18T12:49:09","date_gmt":"2026-02-18T12:49:09","guid":{"rendered":"https:\/\/mueller-wrh.de\/produkt\/messmaschine-keyence_im6025_bj-09-2016-_intnr231488\/"},"modified":"2026-02-18T13:44:47","modified_gmt":"2026-02-18T13:44:47","slug":"messmaschine-keyence_im6025_bj-09-2016-_intnr231488","status":"publish","type":"product","link":"https:\/\/mueller-wrh.de\/pt\/produto\/messmaschine-keyence_im6025_bj-09-2016-_intnr231488\/","title":{"rendered":"M\u00e1quina de medi\u00e7\u00e3o Keyence_IM6025_Ano 09\/2016 _IntNo231488"},"content":{"rendered":"<p><b>Localiza\u00e7\u00e3o:<\/b> Alemanha, Baden-W\u00fcrttemberg Sudoeste<\/p>\n<p><b>Estado:<\/b> Usado<\/p>\n<p><b>Fabricante:<\/b> KEYENCE<\/p>\n<p><b>Modelo:<\/b> IM 6025<\/p>\n<p><b>Ano de constru\u00e7\u00e3o:<\/b> 2016<\/p>\n<p>M\u00e1quina de medi\u00e7\u00e3o Keyence IM-6025 - Medi\u00e7\u00e3o \u00f3tica r\u00e1pida e precisa<\/p>\n<p>Estamos a vender uma m\u00e1quina de medi\u00e7\u00e3o Keyence IM-6025, ideal para testes r\u00e1pidos de produ\u00e7\u00e3o em s\u00e9rie, inspe\u00e7\u00e3o de entrada de mercadorias e controlos dimensionais precisos na produ\u00e7\u00e3o.<br \/>\nAno de constru\u00e7\u00e3o: 09\/2016<\/p>\n<p>Carater\u00edsticas principais:<\/p>\n<p>Fabricante: Keyence<br \/>\nModelo: IM-6025<br \/>\nAno de constru\u00e7\u00e3o: 09\/2016<\/p>\n<p>Gama de medi\u00e7\u00e3o:<\/p>\n<p>300 \u00d7 200 mm (consoante o modelo)<\/p>\n<p>Princ\u00edpio de medi\u00e7\u00e3o:<\/p>\n<p>Processamento \u00f3tico de imagens 2D com dete\u00e7\u00e3o autom\u00e1tica de contornos<\/p>\n<p>Precis\u00e3o da medi\u00e7\u00e3o:<\/p>\n<p>Elevada repetibilidade na gama dos micr\u00f3metros<\/p>\n<p>Fun\u00e7\u00f5es:<\/p>\n<p>Dete\u00e7\u00e3o autom\u00e1tica de posi\u00e7\u00e3o<\/p>\n<p>Medi\u00e7\u00e3o simult\u00e2nea de v\u00e1rios pontos<\/p>\n<p>Possibilidade de compara\u00e7\u00e3o com dados CAD<\/p>\n<p>Avalia\u00e7\u00e3o SPC<\/p>\n<p>Interface de utilizador intuitiva<\/p>\n<p>Interfaces USB e de rede<\/p>\n<p>Sistema de ilumina\u00e7\u00e3o:<\/p>\n<p>Ilumina\u00e7\u00e3o por luz transmitida e luz incidente (LED)<\/p>\n<p>M\u00e1ximo. altura da pe\u00e7a de trabalho:<\/p>\n<p>At\u00e9 aprox. 75 mm<\/p>\n<p>Carater\u00edsticas especiais:<\/p>\n<p>Medi\u00e7\u00f5es em segundos sem alinhamento demorado<\/p>\n<p>Ideal para testes de s\u00e9ries e amostras aleat\u00f3rias<\/p>\n<p>Resultados de medi\u00e7\u00e3o independentes do operador<\/p>\n<p>Design compacto<\/p>\n<p>Estado:<br \/>\nUsado, testado e em condi\u00e7\u00f5es de funcionamento.<\/p>\n<p>Dom\u00ednio de aplica\u00e7\u00e3o:<br \/>\nIdeal para processamento de metal e pl\u00e1stico, pe\u00e7as estampadas, pe\u00e7as torneadas, pe\u00e7as fresadas, bem como para garantia de qualidade e controlo de produ\u00e7\u00e3o.<\/p>\n<p>A m\u00e1quina pode ser inspeccionada sob tens\u00e3o mediante marca\u00e7\u00e3o pr\u00e9via.<\/p>\n<p>Sujeito a altera\u00e7\u00f5es e erros nos dados t\u00e9cnicos e informa\u00e7\u00f5es, bem como a venda pr\u00e9via.<\/p>\n<p>M\u00e1quina de medi\u00e7\u00e3o Keyence IM-6025 - Medi\u00e7\u00e3o \u00f3tica r\u00e1pida e precisa<\/p>\n<p>Est\u00e1 \u00e0 venda uma m\u00e1quina de medi\u00e7\u00e3o Keyence IM-6025, ideal para inspe\u00e7\u00e3o r\u00e1pida de lotes, controlo de entrada de mercadorias e medi\u00e7\u00e3o dimensional precisa em ambientes de produ\u00e7\u00e3o.<br \/>\nAno de fabrico: 09\/2016<\/p>\n<p>Carater\u00edsticas principais:<\/p>\n<p>Fabricante: Keyence<br \/>\nModelo: IM-6025<br \/>\nAno: 09\/2016<\/p>\n<p>Gama de medi\u00e7\u00e3o:<\/p>\n<p>Aprox. 300 \u00d7 200 mm (consoante a configura\u00e7\u00e3o)<\/p>\n<p>Princ\u00edpio de medi\u00e7\u00e3o:<\/p>\n<p>Processamento \u00f3tico de imagens 2D com dete\u00e7\u00e3o autom\u00e1tica de contornos<\/p>\n<p>Exatid\u00e3o:<\/p>\n<p>Elevada repetibilidade na gama de microns<\/p>\n<p>Fun\u00e7\u00f5es:<\/p>\n<p>Posicionamento autom\u00e1tico de pe\u00e7as<\/p>\n<p>Medi\u00e7\u00e3o simult\u00e2nea de v\u00e1rios pontos<\/p>\n<p>Possibilidade de compara\u00e7\u00e3o de dados CAD<\/p>\n<p>Avalia\u00e7\u00e3o SPC<\/p>\n<p>Interface de f\u00e1cil utiliza\u00e7\u00e3o<\/p>\n<p>Interfaces USB e de rede<\/p>\n<p>Sistema de ilumina\u00e7\u00e3o:<\/p>\n<p>Ilumina\u00e7\u00e3o LED de luz transmitida e reflectida<\/p>\n<p>Altura m\u00e1xima da pe\u00e7a de trabalho:<\/p>\n<p>At\u00e9 aprox. 75 mm<\/p>\n<p>Carater\u00edsticas especiais:<\/p>\n<p>Medi\u00e7\u00f5es em segundos sem alinhamento complexo<\/p>\n<p>Ideal para inspec\u00e7\u00f5es por lotes e aleat\u00f3rias<\/p>\n<p>Resultados de medi\u00e7\u00e3o independentes do operador<\/p>\n<p>Design compacto<\/p>\n<p>Estado:<br \/>\nUsado, testado e totalmente funcional.<\/p>\n<p>\u00c1rea de aplica\u00e7\u00e3o:<br \/>\nAdequado para processamento de metal e pl\u00e1stico, pe\u00e7as estampadas, pe\u00e7as torneadas, componentes fresados, garantia de qualidade e controlo de produ\u00e7\u00e3o.<\/p>\n<p>A m\u00e1quina pode ser inspeccionada sob tens\u00e3o mediante marca\u00e7\u00e3o pr\u00e9via.<\/p>\n<p>Sujeito a venda pr\u00e9via. Exceto erros e omiss\u00f5es nos dados t\u00e9cnicos e especifica\u00e7\u00f5es.<\/p>","protected":false},"excerpt":{"rendered":"<p>Standort: Deutschland, Baden-W\u00fcrttemberg S\u00fcdwest Zustand: Gebraucht Hersteller: KEYENCE Modell: IM 6025 Baujahr: 2016 Keyence IM-6025 Messmaschine \u2013 Schnelle und pr\u00e4zise optische Messung Verkauft wird eine Keyence IM-6025 Messmaschine, ideal f\u00fcr die schnelle Serienpr\u00fcfung, Wareneingangskontrolle sowie pr\u00e4zise Ma\u00dfkontrollen in der Fertigung. Baujahr: 09\/2016 Hauptmerkmale: Hersteller: Keyence Modell: IM-6025 Baujahr: 09\/2016 Messbereich: 300 \u00d7 200 mm (modellabh\u00e4ngig) [&hellip;]<\/p>\n","protected":false},"featured_media":4857,"comment_status":"open","ping_status":"closed","template":"","meta":{"_uf_show_specific_survey":0,"_uf_disable_surveys":false},"product_brand":[],"product_cat":[98],"product_tag":[],"class_list":{"0":"post-4856","1":"product","2":"type-product","3":"status-publish","4":"has-post-thumbnail","6":"product_cat-messtechnik","8":"first","9":"instock","10":"taxable","11":"shipping-taxable","12":"product-type-simple"},"aioseo_notices":[],"_links":{"self":[{"href":"https:\/\/mueller-wrh.de\/pt\/wp-json\/wp\/v2\/product\/4856","targetHints":{"allow":["GET"]}}],"collection":[{"href":"https:\/\/mueller-wrh.de\/pt\/wp-json\/wp\/v2\/product"}],"about":[{"href":"https:\/\/mueller-wrh.de\/pt\/wp-json\/wp\/v2\/types\/product"}],"replies":[{"embeddable":true,"href":"https:\/\/mueller-wrh.de\/pt\/wp-json\/wp\/v2\/comments?post=4856"}],"wp:featuredmedia":[{"embeddable":true,"href":"https:\/\/mueller-wrh.de\/pt\/wp-json\/wp\/v2\/media\/4857"}],"wp:attachment":[{"href":"https:\/\/mueller-wrh.de\/pt\/wp-json\/wp\/v2\/media?parent=4856"}],"wp:term":[{"taxonomy":"product_brand","embeddable":true,"href":"https:\/\/mueller-wrh.de\/pt\/wp-json\/wp\/v2\/product_brand?post=4856"},{"taxonomy":"product_cat","embeddable":true,"href":"https:\/\/mueller-wrh.de\/pt\/wp-json\/wp\/v2\/product_cat?post=4856"},{"taxonomy":"product_tag","embeddable":true,"href":"https:\/\/mueller-wrh.de\/pt\/wp-json\/wp\/v2\/product_tag?post=4856"}],"curies":[{"name":"wp","href":"https:\/\/api.w.org\/{rel}","templated":true}]}}