{"id":4848,"date":"2026-02-18T12:37:51","date_gmt":"2026-02-18T12:37:51","guid":{"rendered":"https:\/\/mueller-wrh.de\/produkt\/mitutoyo-pj-a3000_profilprojektor_bj-2015_intnr231490\/"},"modified":"2026-02-18T12:37:51","modified_gmt":"2026-02-18T12:37:51","slug":"mitutoyo-pj-a3000_profilprojektor_bj-2015_intnr231490","status":"publish","type":"product","link":"https:\/\/mueller-wrh.de\/pt\/produto\/mitutoyo-pj-a3000_profilprojektor_bj-2015_intnr231490\/","title":{"rendered":"Mitutoyo PJ A3000_projector_de_perfil_ano_2015_IntNo231490"},"content":{"rendered":"<p><b>Localiza\u00e7\u00e3o:<\/b> Alemanha, Baden-W\u00fcrttemberg Sudoeste<\/p>\n<p><b>Estado:<\/b> Usado<\/p>\n<p><b>Fabricante:<\/b> Mitutoyo<\/p>\n<p><b>Modelo:<\/b> PJ-A3000<\/p>\n<p><b>Ano de constru\u00e7\u00e3o:<\/b> 2015<\/p>\n<p><b>Hor\u00e1rio de funcionamento:<\/b> nenhum<\/p>\n<p>Projetor de perfis Mitutoyo PJ-A3000 - Medi\u00e7\u00e3o \u00f3tica de precis\u00e3o<\/p>\n<p>Vende-se um projetor de perfil Mitutoyo PJ-A3000, ideal para garantia de qualidade, controlo de produ\u00e7\u00e3o e medi\u00e7\u00f5es precisas de pe\u00e7as de trabalho.<br \/>\nAno 2015<\/p>\n<p>Carater\u00edsticas principais:<\/p>\n<p>Fabricante: Mitutoyo Corporation<\/p>\n<p>Modelo: PJ-A3000<\/p>\n<p>Ecr\u00e3 de proje\u00e7\u00e3o: \u00d8 315 mm<\/p>\n<p>Amplia\u00e7\u00e3o: 10\u00d7 padr\u00e3o, (opcional 20\u00d7, 50\u00d7, 100\u00d7)<\/p>\n<p>Precis\u00e3o de medi\u00e7\u00e3o: \u00b10,001 mm (resolu\u00e7\u00e3o XY)<\/p>\n<p>Movimento da mesa: Diferentes gamas de medi\u00e7\u00e3o consoante o modelo (at\u00e9 200\u00d7100 mm)<\/p>\n<p>Ilumina\u00e7\u00e3o: L\u00e2mpada de halog\u00e9neo 24 V \/ 150 W<\/p>\n<p>Fun\u00e7\u00f5es: Ecr\u00e3 digital XY, medi\u00e7\u00e3o de \u00e2ngulos, interface RS-232C<\/p>\n<p>Altura m\u00e1xima. Altura da pe\u00e7a de trabalho: aprox. 92,5-123,5 mm<\/p>\n<p>Carater\u00edsticas especiais: Sistema \u00f3tico telec\u00eantrico para uma visualiza\u00e7\u00e3o sem distor\u00e7\u00e3o, mesa rotativa, focagem manual<\/p>\n<p>Condi\u00e7\u00e3o: Usado, testado e em condi\u00e7\u00f5es de funcionamento.<\/p>\n<p>Aplica\u00e7\u00e3o: Ideal para o processamento de metais e pl\u00e1sticos, forma\u00e7\u00e3o, laborat\u00f3rio e medi\u00e7\u00f5es de precis\u00e3o.<\/p>\n<p>A m\u00e1quina pode ser inspeccionada mediante marca\u00e7\u00e3o pr\u00e9via.<br \/>\nReservado o direito a altera\u00e7\u00f5es e erros nos dados t\u00e9cnicos e informa\u00e7\u00f5es, bem como a venda pr\u00e9via!<\/p>\n<p>Mitutoyo PJ-A3000 Profile Projetor - Medi\u00e7\u00e3o \u00f3tica de precis\u00e3o<\/p>\n<p>Vende-se um projetor de perfil Mitutoyo PJ-A3000, ideal para garantia de qualidade, controlo de produ\u00e7\u00e3o e medi\u00e7\u00f5es precisas de pe\u00e7as de trabalho.<br \/>\nAno de fabrico: 2015<\/p>\n<p>Carater\u00edsticas principais:<\/p>\n<p>Fabricante: Mitutoyo Corporation<\/p>\n<p>Modelo: PJ-A3000<\/p>\n<p>Ecr\u00e3 de proje\u00e7\u00e3o: \u00d8 315 mm<\/p>\n<p>Amplia\u00e7\u00e3o: 10\u00d7 padr\u00e3o (opcional 20\u00d7, 50\u00d7, 100\u00d7)<\/p>\n<p>Precis\u00e3o da medi\u00e7\u00e3o: \u00b10,001 mm (resolu\u00e7\u00e3o XY)<\/p>\n<p>Tabela Viagem: V\u00e1rias gamas de medi\u00e7\u00e3o consoante o modelo (at\u00e9 200\u00d7100 mm)<\/p>\n<p>Ilumina\u00e7\u00e3o: L\u00e2mpada de halog\u00e9neo 24 V \/ 150 W<\/p>\n<p>Fun\u00e7\u00f5es: Leitura digital XY, medi\u00e7\u00e3o de \u00e2ngulos, interface RS-232C<\/p>\n<p>Altura m\u00e1x. Altura da pe\u00e7a de trabalho: aprox. 92,5-123,5 mm<\/p>\n<p>Carater\u00edsticas especiais: Sistema \u00f3tico telec\u00eantrico para uma proje\u00e7\u00e3o sem distor\u00e7\u00e3o, mesa rotativa, focagem manual<\/p>\n<p>Condi\u00e7\u00e3o: Usado, testado e totalmente funcional.<\/p>\n<p>Aplica\u00e7\u00f5es: Ideal para o processamento de metais e pl\u00e1sticos, forma\u00e7\u00e3o, laborat\u00f3rios e medi\u00e7\u00f5es de precis\u00e3o.<\/p>\n<p>A m\u00e1quina pode ser inspeccionada sob tens\u00e3o mediante marca\u00e7\u00e3o pr\u00e9via.<br \/>\nAs especifica\u00e7\u00f5es t\u00e9cnicas est\u00e3o sujeitas a altera\u00e7\u00f5es, erros e venda pr\u00e9via reservada.<\/p>","protected":false},"excerpt":{"rendered":"<p>Standort: Deutschland, Baden-W\u00fcrttemberg S\u00fcdwest Zustand: Gebraucht Hersteller: Mitutoyo Modell: PJ-A3000 Baujahr: 2015 Betriebsstunden: keine Mitutoyo PJ-A3000 Profilprojektor \u2013 Pr\u00e4zise optische Messung Verkauft wird ein Mitutoyo PJ-A3000 Profilprojektor, ideal f\u00fcr die Qualit\u00e4tssicherung, Fertigungskontrolle und pr\u00e4zise Werkst\u00fcckmessungen. Bj.2015 Hauptmerkmale: Hersteller: Mitutoyo Corporation Modell: PJ-A3000 Projektionsbildschirm: \u00d8 315\u202fmm Vergr\u00f6\u00dferung: 10\u00d7 Standard, (optional 20\u00d7, 50\u00d7, 100\u00d7) Messgenauigkeit: \u00b10,001\u202fmm (XY-Aufl\u00f6sung) [&hellip;]<\/p>\n","protected":false},"featured_media":4843,"comment_status":"open","ping_status":"closed","template":"","meta":{"_uf_show_specific_survey":0,"_uf_disable_surveys":false},"product_brand":[],"product_cat":[98],"product_tag":[],"class_list":{"0":"post-4848","1":"product","2":"type-product","3":"status-publish","4":"has-post-thumbnail","6":"product_cat-messtechnik","8":"first","9":"instock","10":"taxable","11":"shipping-taxable","12":"product-type-simple"},"aioseo_notices":[],"_links":{"self":[{"href":"https:\/\/mueller-wrh.de\/pt\/wp-json\/wp\/v2\/product\/4848","targetHints":{"allow":["GET"]}}],"collection":[{"href":"https:\/\/mueller-wrh.de\/pt\/wp-json\/wp\/v2\/product"}],"about":[{"href":"https:\/\/mueller-wrh.de\/pt\/wp-json\/wp\/v2\/types\/product"}],"replies":[{"embeddable":true,"href":"https:\/\/mueller-wrh.de\/pt\/wp-json\/wp\/v2\/comments?post=4848"}],"wp:featuredmedia":[{"embeddable":true,"href":"https:\/\/mueller-wrh.de\/pt\/wp-json\/wp\/v2\/media\/4843"}],"wp:attachment":[{"href":"https:\/\/mueller-wrh.de\/pt\/wp-json\/wp\/v2\/media?parent=4848"}],"wp:term":[{"taxonomy":"product_brand","embeddable":true,"href":"https:\/\/mueller-wrh.de\/pt\/wp-json\/wp\/v2\/product_brand?post=4848"},{"taxonomy":"product_cat","embeddable":true,"href":"https:\/\/mueller-wrh.de\/pt\/wp-json\/wp\/v2\/product_cat?post=4848"},{"taxonomy":"product_tag","embeddable":true,"href":"https:\/\/mueller-wrh.de\/pt\/wp-json\/wp\/v2\/product_tag?post=4848"}],"curies":[{"name":"wp","href":"https:\/\/api.w.org\/{rel}","templated":true}]}}