{"id":4822,"date":"2026-02-11T14:24:12","date_gmt":"2026-02-11T14:24:12","guid":{"rendered":"https:\/\/mueller-wrh.de\/produkt\/deckel-maho-dmf-250-bj-2004-intnr231486\/"},"modified":"2026-02-11T14:43:02","modified_gmt":"2026-02-11T14:43:02","slug":"deckel-maho-dmf-250-bj-2004-intnr231486","status":"publish","type":"product","link":"https:\/\/mueller-wrh.de\/pt\/produto\/deckel-maho-dmf-250-bj-2004-intnr231486\/","title":{"rendered":"Cobertura Maho DMF 250 linear ano 2004, IntNr231486"},"content":{"rendered":"<p><b>Localiza\u00e7\u00e3o:<\/b> Alemanha, Baden-W\u00fcrttemberg Sudoeste<\/p>\n<p><b>Estado:<\/b> Usado<\/p>\n<p><b>Fabricante:<\/b> DMG<\/p>\n<p><b>Modelo:<\/b> DMF 250<\/p>\n<p><b>Ano de constru\u00e7\u00e3o:<\/b> 2004<\/p>\n<p><b>Hor\u00e1rio de funcionamento:<\/b> 0<\/p>\n<p>Centro de maquinagem CNC de 5 eixos recondicionado Deckel MAHO DMF 250 linear<br \/>\nAno de constru\u00e7\u00e3o 2004<\/p>\n<p>Controlo: Heidenhain iTNC 530<br \/>\nDados t\u00e9cnicos:<br \/>\nDist\u00e2ncia de desloca\u00e7\u00e3o X: 2.500 mm<br \/>\nDist\u00e2ncia de desloca\u00e7\u00e3o Y: 920 mm<br \/>\nDist\u00e2ncia de desloca\u00e7\u00e3o Z: 820 mm<br \/>\nEixo B: x\/- 105\u00b0<\/p>\n<p>Mesa de trabalho: 3100 x 900 mm<\/p>\n<p>Exce\u00e7\u00e3o do fuso: HSK 63<br \/>\nVelocidades do fuso: 20 - 18.000 rpm.<br \/>\nTrocador de ferramentas: 30 pe\u00e7as.<\/p>\n<p>Equipado com:<br \/>\n- Transportador de aparas<br \/>\n- Arrefecimento atrav\u00e9s do fuso 40 bar<br \/>\n- Instru\u00e7\u00f5es de utiliza\u00e7\u00e3o<\/p>\n<p>Pa\u00eds de origem: Alemanha<br \/>\nPot\u00eancia do motor: 35 KW<br \/>\nCxLxA da m\u00e1quina: 6000 x 3800 x 2950 mm<br \/>\nPeso da m\u00e1quina: 25,000 kg<\/p>\n<p>A m\u00e1quina pode ser inspeccionada mediante marca\u00e7\u00e3o pr\u00e9via.<br \/>\nReservado o direito a altera\u00e7\u00f5es e erros nos dados t\u00e9cnicos e informa\u00e7\u00f5es, bem como a venda pr\u00e9via!<\/p>\n<p>Centro de maquina\u00e7\u00e3o CNC de 5 eixos renovado Deckel MAHO DMF 250 linear em bom estado.<br \/>\nAno de fabrico: 2004.<\/p>\n<p>Controlo: Heidenhain iTNC 530.<br \/>\nDados t\u00e9cnicos:<br \/>\nDist\u00e2ncia de desloca\u00e7\u00e3o X: 2.500 mm.<br \/>\nDist\u00e2ncia de desloca\u00e7\u00e3o Y: 920 mm.<br \/>\nDist\u00e2ncia de desloca\u00e7\u00e3o Z: 820 mm.<br \/>\nEixo B: x\/- 105\u00b0<\/p>\n<p>Mesa de trabalho: 3100 x 900 mm<\/p>\n<p>Exce\u00e7\u00e3o do fuso: HSK 63<br \/>\nVelocidades do fuso: 20 - 18.000 rpm<br \/>\nTrocador de ferramentas: 30 pe\u00e7as.<\/p>\n<p>Equipado com:<br \/>\n- Transportador de aparas<br \/>\n- Arrefecimento atrav\u00e9s do fuso 40 bar<br \/>\n- Instru\u00e7\u00f5es de utiliza\u00e7\u00e3o<\/p>\n<p>Pa\u00eds de origem: Alemanha<br \/>\nPot\u00eancia do motor: 35 KW<br \/>\nCxLxA da m\u00e1quina: 6000 x 3800 x 2950 mm<br \/>\nPeso da m\u00e1quina: 25,000 kg<\/p>\n<p>A m\u00e1quina pode ser visitada mediante marca\u00e7\u00e3o pr\u00e9via.<br \/>\nSujeito a altera\u00e7\u00f5es e erros nos dados t\u00e9cnicos e especifica\u00e7\u00f5es, bem como a venda pr\u00e9via!<\/p>","protected":false},"excerpt":{"rendered":"<p>Standort: Deutschland, Baden-W\u00fcrttemberg S\u00fcdwest Zustand: Gebraucht Hersteller: DMG Modell: DMF 250 Baujahr: 2004 Betriebsstunden: 0 Gebrauchtes \u00fcberholtes 5-Achs CNC Bearbeitungszentrum Deckel MAHO DMF 250 linear Baujahr 2004 Steuerung: Heidenhain iTNC 530 Technische Daten: Verfahrweg X: 2.500 mm Verfahrweg Y: 920 mm Verfahrweg Z: 820 mm B-Achse: x\/- 105\u00b0 Arbeitstisch: 3100 x 900 mm Spindel Ausnahme: [&hellip;]<\/p>\n","protected":false},"featured_media":4830,"comment_status":"open","ping_status":"closed","template":"","meta":{"_uf_show_specific_survey":0,"_uf_disable_surveys":false},"product_brand":[],"product_cat":[21],"product_tag":[],"class_list":{"0":"post-4822","1":"product","2":"type-product","3":"status-publish","4":"has-post-thumbnail","6":"product_cat-cnc-bearbeitungszentrum","8":"first","9":"instock","10":"taxable","11":"shipping-taxable","12":"product-type-simple"},"aioseo_notices":[],"_links":{"self":[{"href":"https:\/\/mueller-wrh.de\/pt\/wp-json\/wp\/v2\/product\/4822","targetHints":{"allow":["GET"]}}],"collection":[{"href":"https:\/\/mueller-wrh.de\/pt\/wp-json\/wp\/v2\/product"}],"about":[{"href":"https:\/\/mueller-wrh.de\/pt\/wp-json\/wp\/v2\/types\/product"}],"replies":[{"embeddable":true,"href":"https:\/\/mueller-wrh.de\/pt\/wp-json\/wp\/v2\/comments?post=4822"}],"wp:featuredmedia":[{"embeddable":true,"href":"https:\/\/mueller-wrh.de\/pt\/wp-json\/wp\/v2\/media\/4830"}],"wp:attachment":[{"href":"https:\/\/mueller-wrh.de\/pt\/wp-json\/wp\/v2\/media?parent=4822"}],"wp:term":[{"taxonomy":"product_brand","embeddable":true,"href":"https:\/\/mueller-wrh.de\/pt\/wp-json\/wp\/v2\/product_brand?post=4822"},{"taxonomy":"product_cat","embeddable":true,"href":"https:\/\/mueller-wrh.de\/pt\/wp-json\/wp\/v2\/product_cat?post=4822"},{"taxonomy":"product_tag","embeddable":true,"href":"https:\/\/mueller-wrh.de\/pt\/wp-json\/wp\/v2\/product_tag?post=4822"}],"curies":[{"name":"wp","href":"https:\/\/api.w.org\/{rel}","templated":true}]}}