{"id":4791,"date":"2026-02-04T15:42:35","date_gmt":"2026-02-04T15:42:35","guid":{"rendered":"https:\/\/mueller-wrh.de\/produkt\/chiron-mill-6000-high-speed-mit-nc-schwenkkopf-bj-2004-ueberholt-2013_-intnr231477\/"},"modified":"2026-02-04T15:42:35","modified_gmt":"2026-02-04T15:42:35","slug":"chiron-mill-6000-high-speed-mit-nc-schwenkkopf-bj-2004-ueberholt-2013_-intnr231477","status":"publish","type":"product","link":"https:\/\/mueller-wrh.de\/pt\/produto\/chiron-mill-6000-high-speed-mit-nc-schwenkkopf-bj-2004-ueberholt-2013_-intnr231477\/","title":{"rendered":"FRESADORA CHIRON 6000 de alta velocidade com cabe\u00e7a girat\u00f3ria NC, ano 2004 \/ revis\u00e3o 2013_ IntNr231477"},"content":{"rendered":"<p><b>Localiza\u00e7\u00e3o:<\/b> Alemanha, Baden-W\u00fcrttemberg Sudoeste<\/p>\n<p><b>Estado:<\/b> Usado<\/p>\n<p><b>Fabricante:<\/b> Qu\u00edron<\/p>\n<p><b>Modelo:<\/b> Chiron MILL 6000 de alta velocidade com cabe\u00e7a girat\u00f3ria NC<\/p>\n<p><b>Ano de constru\u00e7\u00e3o:<\/b> 2004<\/p>\n<p><b>Hor\u00e1rio de funcionamento:<\/b> 77374<\/p>\n<p>Centro de maquina\u00e7\u00e3o vertical CNC<br \/>\nChiron MILL 6000 de alta velocidade com cabe\u00e7a girat\u00f3ria NC<br \/>\nAno de constru\u00e7\u00e3o 2004, grande revis\u00e3o 2013<br \/>\nA m\u00e1quina foi completamente revista pelo fabricante Chiron em 2013.<br \/>\nHoras de funcionamento aprox. 80.374 h<br \/>\nSubstitui\u00e7\u00e3o do fuso mar\u00e7o 2021 Horas do fuso aprox. 8.000 h<br \/>\nA manuten\u00e7\u00e3o foi efectuada em janeiro de 2024<br \/>\nDados t\u00e9cnicos:<br \/>\nSiemens 840D (PCU50, NCU572.4) <\/p>\n<p>Cabe\u00e7a girat\u00f3ria NC  <\/p>\n<p>Pacote de alta velocidade:<br \/>\nEixo do motor D 12.000 rpm, 140 Nm<br \/>\nCurso X 6.000mm \/ Y 630mm \/ Z 550mm<br \/>\nDesloca\u00e7\u00e3o r\u00e1pida em X \/ Y \/ Z 60 m\/min.<br \/>\nTempo chip-a-chip 3,0 seg. (3,3 seg. DIN) vertical e 4,7 seg. (5,0 seg. DIN) horizontal<br \/>\nPacote de produ\u00e7\u00e3o:<br \/>\nTransportador de correia raspadora, altura de descarga 1.050 mm<br \/>\nPrepara\u00e7\u00e3o da ZCI<br \/>\nFiltro rotativo de v\u00e1cuo KNOLL VRF250 (a\u00e7o, ferro fundido, alum\u00ednio, pl\u00e1stico, lat\u00e3o)<br \/>\nAlta press\u00e3o 70 bar com bomba HP e v\u00e1lvula vari\u00e1vel<br \/>\nPortas de carregamento autom\u00e1ticas<br \/>\nDivis\u00f3ria de centro para maquinagem pendular<br \/>\n92 posi\u00e7\u00f5es de ferramenta HSK-A63 (armaz\u00e9m de fundo)<br \/>\nPacote de fresagem de 5 eixos<br \/>\nAr soprado<br \/>\nMonitoriza\u00e7\u00e3o da vida \u00fatil da ferramenta<br \/>\nV24 RS232 adicional no quadro de comando<br \/>\nInterface BDE\/MDE (estados: m\u00e1quina ligada, m\u00e1quina em funcionamento, contador de pe\u00e7as)<br \/>\nMarposs (Brankamp) Monitoriza\u00e7\u00e3o de colis\u00f5es CMS100<br \/>\nModelo 3D da m\u00e1quina para simula\u00e7\u00e3o cinem\u00e1tica no sistema de programa\u00e7\u00e3o CAM<br \/>\nUnidade hidr\u00e1ulica 210 bar, 2 circuitos de aperto, press\u00e3o de aperto do sistema separada para cada campo do p\u00eandulo,<br \/>\nControlo da press\u00e3o de aperto  <\/p>\n<p>Sistema de fixa\u00e7\u00e3o linear KOHN<br \/>\n8 torno hidr\u00e1ulico KOHN Multi 2000 MFS 125\/680 HD <\/p>\n<p>Grelha escalonada em duas partes para os operadores em toda a largura de funcionamento de 6.000 mm <\/p>\n<p>Altura da m\u00e1quina: aprox. 3.000<br \/>\nPeso total: cerca de 20 000 kg <\/p>\n<p>A m\u00e1quina pode ser inspeccionada mediante marca\u00e7\u00e3o pr\u00e9via.<br \/>\nReservado o direito a altera\u00e7\u00f5es e erros nos dados t\u00e9cnicos e informa\u00e7\u00f5es, bem como a venda pr\u00e9via!<\/p>\n<p>Centro de maquina\u00e7\u00e3o vertical CNC<br \/>\nFRESADORA CHIRON 6000 de alta velocidade com cabe\u00e7a girat\u00f3ria NC<br \/>\nAno de fabrico: 2004 - grande revis\u00e3o pelo fabricante CHIRON em 2013<br \/>\nA m\u00e1quina foi submetida a uma revis\u00e3o completa de f\u00e1brica pela CHIRON em 2013.<br \/>\nHoras de funcionamento: aprox. 80.374 h<br \/>\nSubstitui\u00e7\u00e3o do fuso: mar\u00e7o de 2021 - horas do fuso: aprox. 8.000 h<br \/>\n\u00daltima manuten\u00e7\u00e3o efectuada: janeiro de 2024<br \/>\nEspecifica\u00e7\u00f5es t\u00e9cnicas:<\/p>\n<p>Controlo: Siemens 840D (PCU50, NCU572.4)<br \/>\nCabe\u00e7a girat\u00f3ria NC<br \/>\nPacote de alta velocidade: Eixo do motor at\u00e9 12.000 rpm, 140 Nm<br \/>\nPercursos: X 6.000 mm \/ Y 630 mm \/ Z 550 mm<br \/>\nDesloca\u00e7\u00e3o r\u00e1pida em X \/ Y \/ Z: 60 m\/min<br \/>\nTempo chip-a-chip: 3,0 seg (3,3 seg DIN) vertical \/ 4,7 seg (5,0 seg DIN) horizontal<br \/>\nPacote de produ\u00e7\u00e3o:<br \/>\nTransportador de correia raspadora, altura de descarga 1.050 mm<br \/>\nPrepara\u00e7\u00e3o da alimenta\u00e7\u00e3o interna do l\u00edquido de refrigera\u00e7\u00e3o (IKZ)<br \/>\nFiltro rotativo de v\u00e1cuo KNOLL VRF250 (para a\u00e7o, ferro fundido, alum\u00ednio, pl\u00e1stico, lat\u00e3o)<br \/>\nAlta press\u00e3o 70 bar com bomba HP e v\u00e1lvula vari\u00e1vel<br \/>\nPortas de carregamento autom\u00e1ticas<br \/>\nDivis\u00f3ria central para maquinagem de p\u00eandulos<br \/>\n92 posi\u00e7\u00f5es de ferramenta HSK-A63 (armaz\u00e9m de fundo)<br \/>\nPacote de fresagem de 5 eixos<br \/>\nRajada de ar<br \/>\nMonitoriza\u00e7\u00e3o da vida \u00fatil da ferramenta<br \/>\nInterface V24 RS232 adicional no arm\u00e1rio el\u00e9trico<br \/>\nInterface BDE\/MDE (m\u00e1quina ligada, m\u00e1quina em funcionamento, contador de pe\u00e7as)<br \/>\nMonitoriza\u00e7\u00e3o de colis\u00f5es Marposs (Brankamp) CMS100<br \/>\nModelo de m\u00e1quina 3D para simula\u00e7\u00e3o cinem\u00e1tica no sistema de programa\u00e7\u00e3o CAM<br \/>\nUnidade hidr\u00e1ulica 210 bar, 2 circuitos de aperto, press\u00e3o de aperto do sistema separada por campo de p\u00eandulo, monitoriza\u00e7\u00e3o da press\u00e3o de aperto<br \/>\nSistema de fixa\u00e7\u00e3o linear KOHN<br \/>\n8 tornos de apertar hidr\u00e1ulicos KOHN Multi 2000 MFS 125\/680 HD<\/p>\n<p>Plataforma do operador em duas partes (grelha de piso) em toda a largura de funcionamento de 6.000 mm<\/p>\n<p>Dimens\u00f5es e peso:<\/p>\n<p>Altura da m\u00e1quina: aprox. 3.000 mm<br \/>\nPeso total: cerca de 20 000 kg<\/p>\n<p>Devido ao longo curso em X de 6.000 mm (conce\u00e7\u00e3o de cama longa), o espa\u00e7o de ch\u00e3o necess\u00e1rio \u00e9 substancial:<\/p>\n<p>Comprimento aproximado (ao longo do eixo X): 9-10 m (pegada da m\u00e1quina frequentemente ~8-9 m, mais acesso do operador\/manuten\u00e7\u00e3o ~9-10 m total)<br \/>\nLargura aproximada (ao longo do eixo Y): 3-3,5 m (corpo da m\u00e1quina ~2,8-3 m, mais dist\u00e2ncia de seguran\u00e7a\/opera\u00e7\u00e3o)<\/p>\n<p>A m\u00e1quina pode ser inspeccionada sob tens\u00e3o mediante marca\u00e7\u00e3o pr\u00e9via.<br \/>\nAs especifica\u00e7\u00f5es t\u00e9cnicas e as informa\u00e7\u00f5es est\u00e3o sujeitas a altera\u00e7\u00f5es e erros, e a venda pr\u00e9via \u00e9 reservada.<\/p>","protected":false},"excerpt":{"rendered":"<p>Standort: Deutschland, Baden-W\u00fcrttemberg S\u00fcdwest Zustand: Gebraucht Hersteller: Chiron Modell: Chiron MILL 6000 high speed mit NC-Schwenkkopf Baujahr: 2004 Betriebsstunden: 77374 Vertikales CNC-Fertigungszentrum Chiron MILL 6000 high speed mit NC-Schwenkkopf Baujahr 2004, gro\u00dfe Grund\u00fcberholung 2013 Die Maschine wurde 2013 vom Hersteller Chiron grund\u00fcberholt. Betriebsstunden ca. 80.374 h Spindeltausch M\u00e4rz 2021 Spindelstunden ca. 8.000 h Wartung wurde [&hellip;]<\/p>\n","protected":false},"featured_media":4786,"comment_status":"open","ping_status":"closed","template":"","meta":{"_uf_show_specific_survey":0,"_uf_disable_surveys":false},"product_brand":[],"product_cat":[21],"product_tag":[],"class_list":{"0":"post-4791","1":"product","2":"type-product","3":"status-publish","4":"has-post-thumbnail","6":"product_cat-cnc-bearbeitungszentrum","8":"first","9":"instock","10":"taxable","11":"shipping-taxable","12":"product-type-simple"},"aioseo_notices":[],"_links":{"self":[{"href":"https:\/\/mueller-wrh.de\/pt\/wp-json\/wp\/v2\/product\/4791","targetHints":{"allow":["GET"]}}],"collection":[{"href":"https:\/\/mueller-wrh.de\/pt\/wp-json\/wp\/v2\/product"}],"about":[{"href":"https:\/\/mueller-wrh.de\/pt\/wp-json\/wp\/v2\/types\/product"}],"replies":[{"embeddable":true,"href":"https:\/\/mueller-wrh.de\/pt\/wp-json\/wp\/v2\/comments?post=4791"}],"wp:featuredmedia":[{"embeddable":true,"href":"https:\/\/mueller-wrh.de\/pt\/wp-json\/wp\/v2\/media\/4786"}],"wp:attachment":[{"href":"https:\/\/mueller-wrh.de\/pt\/wp-json\/wp\/v2\/media?parent=4791"}],"wp:term":[{"taxonomy":"product_brand","embeddable":true,"href":"https:\/\/mueller-wrh.de\/pt\/wp-json\/wp\/v2\/product_brand?post=4791"},{"taxonomy":"product_cat","embeddable":true,"href":"https:\/\/mueller-wrh.de\/pt\/wp-json\/wp\/v2\/product_cat?post=4791"},{"taxonomy":"product_tag","embeddable":true,"href":"https:\/\/mueller-wrh.de\/pt\/wp-json\/wp\/v2\/product_tag?post=4791"}],"curies":[{"name":"wp","href":"https:\/\/api.w.org\/{rel}","templated":true}]}}