{"id":4614,"date":"2026-01-12T12:39:36","date_gmt":"2026-01-12T12:39:36","guid":{"rendered":"https:\/\/mueller-wrh.de\/produkt\/gebr-cnc-kurzdrehmaschine-used-cnc-lathe-star-sr32-jn-2015-intnr231186\/"},"modified":"2026-01-12T12:39:36","modified_gmt":"2026-01-12T12:39:36","slug":"gebr-cnc-kurzdrehmaschine-used-cnc-lathe-star-sr32-jn-2015-intnr231186","status":"publish","type":"product","link":"https:\/\/mueller-wrh.de\/pt\/produto\/gebr-cnc-kurzdrehmaschine-used-cnc-lathe-star-sr32-jn-2015-intnr231186\/","title":{"rendered":"torno cnc STAR SR32-JN, usado, 2015 (IntNo231186)"},"content":{"rendered":"<p><b>Localiza\u00e7\u00e3o:<\/b> Alemanha, Baden-W\u00fcrttemberg Sudoeste<\/p>\n<p><b>Estado:<\/b> Como novo<\/p>\n<p><b>Fabricante:<\/b> STAR Micronics<\/p>\n<p><b>Modelo:<\/b> SR32-JN<\/p>\n<p><b>Ano de constru\u00e7\u00e3o:<\/b> 2015<\/p>\n<p><b>Hor\u00e1rio de funcionamento:<\/b> 16000<\/p>\n<p>Torno CNC de cabe\u00e7ote m\u00f3vel STAR SR32JN Novo, ano 2015<br \/>\nSistema de controlo, Fanuc, S\u00e9rie 32i-B,<br \/>\n7 eixos (X\/Z\/Y\/C1\/X1\/Z1\/C2,<br \/>\nHaste \u00d8 m\u00e1x. 32 mm,<br \/>\nComprimento de viragem m\u00e1x. 80 mm,<br \/>\nEixo principal, velocidade m\u00e1xima 7.000 rpm, eixo C 0,001 graus,<br \/>\nContra-eixo \u00d8 m\u00e1x. 32 mm,<br \/>\nVelocidade do contra-fuso m\u00e1x. 7.000 rpm, eixo C,<br \/>\nPorta-ferramentas para um total de 23 ferramentas (porta-ferramentas linear, fixa\u00e7\u00e3o frontal, maquinagem traseira),<br \/>\nBomba de refrigera\u00e7\u00e3o com maior d\u00e9bito<br \/>\nTapete transportador de pe\u00e7as,<br \/>\nTransportador de aparas Mayfran,<br \/>\n***Pacote de emuls\u00e3o de conjunto de servi\u00e7o***<br \/>\nArmaz\u00e9m de carga FMB turbo 3-36\/3200 \/ A \/ subestrutura de rota\u00e7\u00e3o curta<br \/>\nL\u00edquido de arrefecimento utilizado na m\u00e1quina: Emuls\u00e3o<\/p>\n<p>A m\u00e1quina pode ser inspeccionada sob tens\u00e3o mediante marca\u00e7\u00e3o pr\u00e9via.<br \/>\nReservado o direito a altera\u00e7\u00f5es e erros nos dados t\u00e9cnicos e informa\u00e7\u00f5es, bem como a venda pr\u00e9via!<\/p>\n<p>Torno CNC de tipo su\u00ed\u00e7o STAR SR32-JN Novo, ano 2015<br \/>\ncontrolo, marca Fanuc, s\u00e9rie 32i-B,<br \/>\n7 eixos (X\/Z\/Y\/C1\/X1\/Z1\/C2,<br \/>\nbar-\u00d8 max. 32 mm,<br \/>\ncomprimento de viragem m\u00e1x. 80 mm,<br \/>\nEixo principal, velocidade m\u00e1x. 7.000 rpm, eixo C 0,001 graus,<br \/>\nfuso traseiro \u00d8 m\u00e1x. 32 mm,<br \/>\nvelocidade m\u00e1x. 7.000 rpm, eixo C,<br \/>\nporta-ferramentas para um total de 23 ferramentas (porta-ferramentas linear, fixa\u00e7\u00e3o frontal, maquinagem traseira),<br \/>\ncorreia transportadora de pe\u00e7as,<br \/>\nTransportador de aparas Mayfran,<br \/>\n***Pacote de emuls\u00e3o de conjunto de servi\u00e7o***<br \/>\ncarregador de barras FMB turbo 3-36\/3200 \/ A \/acess\u00f3rios de apoio<br \/>\ntorneamento sem bucha de guia.<br \/>\nUtiliza\u00e7\u00e3o do l\u00edquido de refrigera\u00e7\u00e3o na m\u00e1quina: emuls\u00e3o<\/p>\n<p>A m\u00e1quina pode ser inspeccionada sob tens\u00e3o mediante marca\u00e7\u00e3o pr\u00e9via.<br \/>\nAltera\u00e7\u00f5es e erros nos dados t\u00e9cnicos e informa\u00e7\u00f5es e sujeitos a venda pr\u00e9via!<\/p>","protected":false},"excerpt":{"rendered":"<p>Standort: Deutschland, Baden-W\u00fcrttemberg S\u00fcdwest Zustand: Neuwertig Hersteller: STAR Micronics Modell: SR32-JN Baujahr: 2015 Betriebsstunden: 16000 gebr. CNC-Langdrehmaschine STAR SR32JN New, Bj. 2015 Steuerung, Fabr. Fanuc, Serie 32i-B, 7 Achsen (X\/Z\/Y\/C1\/X1\/Z1\/C2, Stangen-\u00d8 max. 32 mm, Drehl\u00e4nge max. 80 mm, Hauptspindel, Drehzahl max. 7.000 U\/min, C-Achse 0,001 Grad, Gegenspindel-\u00d8 max. 32 mm, Gegenspindeldrehzahl max. 7.000 U\/min, C-Achse, [&hellip;]<\/p>\n","protected":false},"featured_media":4607,"comment_status":"open","ping_status":"closed","template":"","meta":{"_uf_show_specific_survey":0,"_uf_disable_surveys":false},"product_brand":[],"product_cat":[89],"product_tag":[],"class_list":{"0":"post-4614","1":"product","2":"type-product","3":"status-publish","4":"has-post-thumbnail","6":"product_cat-cnc-kurzdrehmaschinen","8":"first","9":"instock","10":"taxable","11":"shipping-taxable","12":"product-type-simple"},"aioseo_notices":[],"_links":{"self":[{"href":"https:\/\/mueller-wrh.de\/pt\/wp-json\/wp\/v2\/product\/4614","targetHints":{"allow":["GET"]}}],"collection":[{"href":"https:\/\/mueller-wrh.de\/pt\/wp-json\/wp\/v2\/product"}],"about":[{"href":"https:\/\/mueller-wrh.de\/pt\/wp-json\/wp\/v2\/types\/product"}],"replies":[{"embeddable":true,"href":"https:\/\/mueller-wrh.de\/pt\/wp-json\/wp\/v2\/comments?post=4614"}],"wp:featuredmedia":[{"embeddable":true,"href":"https:\/\/mueller-wrh.de\/pt\/wp-json\/wp\/v2\/media\/4607"}],"wp:attachment":[{"href":"https:\/\/mueller-wrh.de\/pt\/wp-json\/wp\/v2\/media?parent=4614"}],"wp:term":[{"taxonomy":"product_brand","embeddable":true,"href":"https:\/\/mueller-wrh.de\/pt\/wp-json\/wp\/v2\/product_brand?post=4614"},{"taxonomy":"product_cat","embeddable":true,"href":"https:\/\/mueller-wrh.de\/pt\/wp-json\/wp\/v2\/product_cat?post=4614"},{"taxonomy":"product_tag","embeddable":true,"href":"https:\/\/mueller-wrh.de\/pt\/wp-json\/wp\/v2\/product_tag?post=4614"}],"curies":[{"name":"wp","href":"https:\/\/api.w.org\/{rel}","templated":true}]}}