{"id":4600,"date":"2026-01-12T10:30:27","date_gmt":"2026-01-12T10:30:27","guid":{"rendered":"https:\/\/mueller-wrh.de\/produkt\/hardinge-gt27sp-gg-121_fanuc_fmb-unirobot-cnc-drehmaschine-bj-2013-_intnr231461\/"},"modified":"2026-01-12T10:30:27","modified_gmt":"2026-01-12T10:30:27","slug":"hardinge-gt27sp-gg-121_fanuc_fmb-unirobot-cnc-drehmaschine-bj-2013-_intnr231461","status":"publish","type":"product","link":"https:\/\/mueller-wrh.de\/pt\/produto\/hardinge-gt27sp-gg-121_fanuc_fmb-unirobot-cnc-drehmaschine-bj-2013-_intnr231461\/","title":{"rendered":"HARDINGE GT27SP GG-121_Fanuc_FMB Torno CNC Unirobot ano 2013 _IntNo231461"},"content":{"rendered":"<p><b>Localiza\u00e7\u00e3o:<\/b> Alemanha, Baden-W\u00fcrttemberg Sudoeste<\/p>\n<p><b>Estado:<\/b> Usado<\/p>\n<p><b>Fabricante:<\/b> Hardinge<\/p>\n<p><b>Modelo:<\/b> GT27SP GG-121<\/p>\n<p><b>Ano de constru\u00e7\u00e3o:<\/b> 2013<\/p>\n<p><b>Hor\u00e1rio de funcionamento:<\/b> 59861<\/p>\n<p>Designa\u00e7\u00e3o da m\u00e1quina: Torno curto CNC<br \/>\nFabricante: Hardinge<br \/>\nModelo: GT27SP GG-121<br \/>\nAno de constru\u00e7\u00e3o: 2013<br \/>\nSistema de controlo: Fanuc 32i A<br \/>\nFuncionalidade: totalmente funcional<br \/>\nHoras de processamento: aprox. 60.000 horas<\/p>\n<p>Dados t\u00e9cnicos<br \/>\nFuro do fuso: \u00d8 27 mm<br \/>\nSuporte do fuso: A2-5<br \/>\nMandril m\u00e1x. 80mm<br \/>\nM\u00e1x. Velocidade do fuso: 6.000 min-\u00b9<br \/>\nEixo X: 607 mm<br \/>\nEixo Z: 286 mm<\/p>\n<p>Sistema de refrigera\u00e7\u00e3o<\/p>\n<p>Sistema de carga e descarga FMB MH5LS-SP \/ 5 paletes de pe\u00e7as, pin\u00e7a dupla<br \/>\nAcess\u00f3rios \/ Ferramentas \/ Manuais<\/p>\n<p>Peso e dimens\u00f5es da m\u00e1quina<br \/>\nDimens\u00f5es da m\u00e1quina: aprox. 1850 \u00d7 1750 \u00d7 1750 mm<br \/>\nPeso da m\u00e1quina: aprox. 2100 kg<\/p>\n<p>Peso e dimens\u00f5es Sistema de carga e descarga<br \/>\nDimens\u00f5es da m\u00e1quina: aprox. 1900 \u00d7 950 \u00d7 2000 mm<br \/>\nPeso da m\u00e1quina: aprox. 1000 kg<\/p>\n<p>Peso e dimens\u00f5es do sistema de refrigera\u00e7\u00e3o<br \/>\nDimens\u00f5es da m\u00e1quina: aprox. 1500 \u00d7 800 \u00d7 1100 mm<br \/>\nPeso da m\u00e1quina: aprox. 250 kg<\/p>\n<p>A m\u00e1quina \u00e9 totalmente funcional e est\u00e1 em boas condi\u00e7\u00f5es de utiliza\u00e7\u00e3o.<br \/>\nPara mais informa\u00e7\u00f5es ou para uma visita a uma casa sob tens\u00e3o, n\u00e3o hesite em contactar-nos.<br \/>\nSujeito a altera\u00e7\u00f5es e erros nos dados t\u00e9cnicos e especifica\u00e7\u00f5es, bem como a venda pr\u00e9via!<\/p>\n<p>Tipo de m\u00e1quina: Torno curto CNC<br \/>\nFabricante: Hardinge<br \/>\nModelo: GT27SP GG-121<br \/>\nAno de fabrico: 2013<br \/>\nControlo: Fanuc 32i A<br \/>\nSitua\u00e7\u00e3o operacional: Totalmente operacional<br \/>\nHoras de funcionamento: aprox. 60.000 horas<\/p>\n<p>Dados t\u00e9cnicos<\/p>\n<p>Furo do fuso: \u00d8 27 mm<\/p>\n<p>Ponta do fuso: A2-5<\/p>\n<p>Capacidade do mandril: m\u00e1x. 80 mm<\/p>\n<p>Velocidade m\u00e1xima do fuso: 6.000 rpm<\/p>\n<p>Curso do eixo X: 607 mm<\/p>\n<p>Curso do eixo Z: 286 mm<\/p>\n<p>Sistema de refrigera\u00e7\u00e3o<\/p>\n<p>Sistema de carga e descarga: FMB MH5LS-SP \/ 5 paletes de pe\u00e7as, pin\u00e7a dupla<\/p>\n<p>Acess\u00f3rios \/ Ferramentas \/ Manuais<\/p>\n<p>Dimens\u00f5es e peso da m\u00e1quina<\/p>\n<p>Dimens\u00f5es da m\u00e1quina: aprox. 1850 \u00d7 1750 \u00d7 1750 mm<\/p>\n<p>Peso da m\u00e1quina: aprox. 2100 kg<\/p>\n<p>Dimens\u00f5es e peso do sistema de carga\/descarga<\/p>\n<p>Dimens\u00f5es: aprox. 1900 \u00d7 950 \u00d7 2000 mm<\/p>\n<p>Peso: aprox. 1000 kg<\/p>\n<p>Dimens\u00f5es e peso do sistema de refrigera\u00e7\u00e3o<\/p>\n<p>Dimens\u00f5es: aprox. 1500 \u00d7 800 \u00d7 1100 mm<\/p>\n<p>Peso: aprox. 250 kg<\/p>\n<p>A m\u00e1quina est\u00e1 totalmente operacional e em boas condi\u00e7\u00f5es de utiliza\u00e7\u00e3o.<br \/>\nPara mais informa\u00e7\u00f5es ou para organizar uma demonstra\u00e7\u00e3o ao vivo sob pot\u00eancia, n\u00e3o hesite em contactar-nos.<br \/>\nTodos os dados e informa\u00e7\u00f5es t\u00e9cnicas s\u00e3o aproximados. Sujeito a venda pr\u00e9via e com exce\u00e7\u00e3o de erros.<\/p>","protected":false},"excerpt":{"rendered":"<p>Standort: Deutschland, Baden-W\u00fcrttemberg S\u00fcdwest Zustand: Gebraucht Hersteller: Hardinge Modell: GT27SP GG-121 Baujahr: 2013 Betriebsstunden: 59861 Maschinenbezeichnung: CNC-Kurzdrehmaschine Hersteller: Hardinge Modell: GT27SP GG-121 Baujahr: 2013 Steuerung: Fanuc 32i A Funktionsf\u00e4higkeit: voll funktionsf\u00e4hig Bearbeitungsstunden: ca. 60.000 Stunden Technische Daten Spindelbohrung: \u00d8 27 mm Spindelaufnahme: A2-5 Spannfutter max. 80mm Max. Spindeldrehzahl: 6.000 min\u207b\u00b9 X-Achse: 607 mm Z-Achse: 286 [&hellip;]<\/p>\n","protected":false},"featured_media":4597,"comment_status":"open","ping_status":"closed","template":"","meta":{"_uf_show_specific_survey":0,"_uf_disable_surveys":false},"product_brand":[],"product_cat":[90],"product_tag":[],"class_list":{"0":"post-4600","1":"product","2":"type-product","3":"status-publish","4":"has-post-thumbnail","6":"product_cat-cnc-drehmaschinen-0-199mm-drehd","8":"first","9":"instock","10":"taxable","11":"shipping-taxable","12":"product-type-simple"},"aioseo_notices":[],"_links":{"self":[{"href":"https:\/\/mueller-wrh.de\/pt\/wp-json\/wp\/v2\/product\/4600","targetHints":{"allow":["GET"]}}],"collection":[{"href":"https:\/\/mueller-wrh.de\/pt\/wp-json\/wp\/v2\/product"}],"about":[{"href":"https:\/\/mueller-wrh.de\/pt\/wp-json\/wp\/v2\/types\/product"}],"replies":[{"embeddable":true,"href":"https:\/\/mueller-wrh.de\/pt\/wp-json\/wp\/v2\/comments?post=4600"}],"wp:featuredmedia":[{"embeddable":true,"href":"https:\/\/mueller-wrh.de\/pt\/wp-json\/wp\/v2\/media\/4597"}],"wp:attachment":[{"href":"https:\/\/mueller-wrh.de\/pt\/wp-json\/wp\/v2\/media?parent=4600"}],"wp:term":[{"taxonomy":"product_brand","embeddable":true,"href":"https:\/\/mueller-wrh.de\/pt\/wp-json\/wp\/v2\/product_brand?post=4600"},{"taxonomy":"product_cat","embeddable":true,"href":"https:\/\/mueller-wrh.de\/pt\/wp-json\/wp\/v2\/product_cat?post=4600"},{"taxonomy":"product_tag","embeddable":true,"href":"https:\/\/mueller-wrh.de\/pt\/wp-json\/wp\/v2\/product_tag?post=4600"}],"curies":[{"name":"wp","href":"https:\/\/api.w.org\/{rel}","templated":true}]}}