{"id":4596,"date":"2026-01-12T10:29:03","date_gmt":"2026-01-12T10:29:03","guid":{"rendered":"https:\/\/mueller-wrh.de\/produkt\/index-abc_fanuc_-cnc-drehmaschine-bj-2017-_intnr231463\/"},"modified":"2026-01-12T10:29:03","modified_gmt":"2026-01-12T10:29:03","slug":"index-abc_fanuc_-cnc-drehmaschine-bj-2017-_intnr231463","status":"publish","type":"product","link":"https:\/\/mueller-wrh.de\/pt\/produto\/index-abc_fanuc_-cnc-drehmaschine-bj-2017-_intnr231463\/","title":{"rendered":"\u00cdndice ABC_Fanuc_ Torno CNC ano 2017 _IntNo231463"},"content":{"rendered":"<p><b>Localiza\u00e7\u00e3o:<\/b> Alemanha, Baden-W\u00fcrttemberg Sudoeste<\/p>\n<p><b>Estado:<\/b> Usado<\/p>\n<p><b>Fabricante:<\/b> \u00cdndice<\/p>\n<p><b>Modelo:<\/b> ABC<\/p>\n<p><b>Ano de constru\u00e7\u00e3o:<\/b> 2017<\/p>\n<p>Designa\u00e7\u00e3o da m\u00e1quina: Torno curto CNC<br \/>\nFabricante: Index<br \/>\nModelo: ABC<br \/>\nAno de constru\u00e7\u00e3o: 2017<br \/>\nSistema de controlo: Fanuc 32 i- B<br \/>\nFuncionalidade: totalmente funcional<br \/>\nHoras de processamento: aprox. horas<\/p>\n<p>Dados t\u00e9cnicos<br \/>\nFuro do fuso: \u00d8 42 mm<br \/>\nDados de travessia e alimenta\u00e7\u00e3o<br \/>\nCurso do eixo X: aprox. 90 mm<br \/>\nCurso do eixo Z: aprox. 280 mm<br \/>\nDesloca\u00e7\u00e3o r\u00e1pida X: aprox. 27 m\/min<br \/>\nDesloca\u00e7\u00e3o r\u00e1pida Z: aprox. 36 m\/min<\/p>\n<p>Torre superior (porta-ferramentas principal):<br \/>\nN\u00famero de esta\u00e7\u00f5es: 8 (incluindo 1 posi\u00e7\u00e3o sincroniz\u00e1vel)<br \/>\nPorta-ferramentas: VDI 25<br \/>\nSuporta ferramentas acionadas.<\/p>\n<p>Torre inferior :<br \/>\nN\u00famero de esta\u00e7\u00f5es: 6<br \/>\nSem acionamento<\/p>\n<p>Verso:<br \/>\n5 esta\u00e7\u00f5es para maquinagem traseira<\/p>\n<p>Maquina\u00e7\u00e3o simult\u00e2nea com at\u00e9 3 ferramentas ao mesmo tempo<\/p>\n<p>Sistema de refrigera\u00e7\u00e3o - transportador de aparas <\/p>\n<p>Alimentador de barras IRCO ILS MUK 7012-II Ano 2015<br \/>\nAcess\u00f3rios \/ Ferramentas \/ Manuais<\/p>\n<p>Peso e dimens\u00f5es da m\u00e1quina<br \/>\nDimens\u00f5es da m\u00e1quina: aprox. 2830 \u00d7 1500 \u00d7 2200 mm<br \/>\nPeso da m\u00e1quina: aprox. 3500 kg<\/p>\n<p>Peso e dimens\u00f5es do sistema de arrefecimento do transportador de aparas<br \/>\nDimens\u00f5es da m\u00e1quina: aprox. 1600 \u00d7 1250 \u00d7 1780 mm<br \/>\nPeso da m\u00e1quina: aprox. 680 kg<\/p>\n<p>Peso e dimens\u00f5es do alimentador de barras IRCO ILS MUK<br \/>\nDimens\u00f5es da m\u00e1quina: aprox. 1800 \u00d7 1000 \u00d7 1280 mm<br \/>\nPeso da m\u00e1quina: aprox. 650 kg<\/p>\n<p>A m\u00e1quina \u00e9 totalmente funcional e est\u00e1 em boas condi\u00e7\u00f5es de utiliza\u00e7\u00e3o.<br \/>\nPara mais informa\u00e7\u00f5es ou para uma visita a uma casa sob tens\u00e3o, n\u00e3o hesite em contactar-nos.<br \/>\nSujeito a altera\u00e7\u00f5es e erros nos dados t\u00e9cnicos e especifica\u00e7\u00f5es, bem como a venda pr\u00e9via!<\/p>\n<p>Designa\u00e7\u00e3o da m\u00e1quina: Torno de torneamento curto CNC<br \/>\nFabricante: Index<br \/>\nModelo: ABC<br \/>\nAno de fabrico: 2017<br \/>\nSistema de controlo: Fanuc 32i-B<br \/>\nSitua\u00e7\u00e3o operacional: Totalmente operacional<br \/>\nHor\u00e1rio de funcionamento: aprox. ___ horas<\/p>\n<p>Dados t\u00e9cnicos<\/p>\n<p>Furo do fuso: \u00d8 42 mm<\/p>\n<p>Dados sobre viagens e alimenta\u00e7\u00e3o:<\/p>\n<p>Curso do eixo X: aprox. 90 mm<\/p>\n<p>Curso do eixo Z: aprox. 280 mm<\/p>\n<p>Alimenta\u00e7\u00e3o r\u00e1pida X: aprox. 27 m\/min<\/p>\n<p>Alimenta\u00e7\u00e3o r\u00e1pida Z: aprox. 36 m\/min<\/p>\n<p>Torre superior (porta-ferramentas principal):<\/p>\n<p>N\u00famero de esta\u00e7\u00f5es: 8 (1 sincroniz\u00e1vel)<\/p>\n<p>Suporte de ferramentas: VDI 25<\/p>\n<p>Suporta ferramentas acionadas<\/p>\n<p>Torre inferior:<\/p>\n<p>N\u00famero de esta\u00e7\u00f5es: 6<\/p>\n<p>N\u00e3o motorizado<\/p>\n<p>Lado traseiro:<\/p>\n<p>5 esta\u00e7\u00f5es para opera\u00e7\u00f5es de retaguarda<\/p>\n<p>Maquina\u00e7\u00e3o simult\u00e2nea: At\u00e9 3 ferramentas em simult\u00e2neo<\/p>\n<p>Sistema de refrigera\u00e7\u00e3o e transportador de aparas<\/p>\n<p>Alimentador de barras: IRCO ILS MUK 7012-II, Ano 2015<\/p>\n<p>Acess\u00f3rios \/ Ferramentas \/ Manuais<\/p>\n<p>Dimens\u00f5es e peso da m\u00e1quina<\/p>\n<p>M\u00e1quina: aprox. 2830 \u00d7 1500 \u00d7 2200 mm, Peso: aprox. 3500 kg<\/p>\n<p>Sistema de refrigera\u00e7\u00e3o e transportador de aparas: aprox. 1600 \u00d7 1250 \u00d7 1780 mm, Peso: aprox. 680 kg<\/p>\n<p>Alimentador de barras IRCO ILS MUK: aprox. 1800 \u00d7 1000 \u00d7 1280 mm, Peso: aprox. 650 kg<\/p>\n<p>A m\u00e1quina est\u00e1 totalmente operacional e em boas condi\u00e7\u00f5es de utiliza\u00e7\u00e3o.<br \/>\nPara mais informa\u00e7\u00f5es ou para uma demonstra\u00e7\u00e3o ao vivo sob pot\u00eancia, n\u00e3o hesite em contactar-nos.<br \/>\nOs dados t\u00e9cnicos e as informa\u00e7\u00f5es est\u00e3o sujeitos a altera\u00e7\u00f5es e erros. Venda pr\u00e9via reservada.<\/p>","protected":false},"excerpt":{"rendered":"<p>Standort: Deutschland, Baden-W\u00fcrttemberg S\u00fcdwest Zustand: Gebraucht Hersteller: Index Modell: ABC Baujahr: 2017 Maschinenbezeichnung: CNC-Kurzdrehmaschine Hersteller: Index Modell: ABC Baujahr: 2017 Steuerung: Fanuc 32 i- B Funktionsf\u00e4higkeit: voll funktionsf\u00e4hig Bearbeitungsstunden: ca. Stunden Technische Daten Spindelbohrung: \u00d8 42 mm Verfahr- und Vorschubdaten X-Achse Verfahrweg: ca. 90 mm Z-Achse Verfahrweg: ca. 280 mm Eilgang X: ca. 27 m\/min [&hellip;]<\/p>\n","protected":false},"featured_media":4590,"comment_status":"open","ping_status":"closed","template":"","meta":{"_uf_show_specific_survey":0,"_uf_disable_surveys":false},"product_brand":[],"product_cat":[90],"product_tag":[],"class_list":{"0":"post-4596","1":"product","2":"type-product","3":"status-publish","4":"has-post-thumbnail","6":"product_cat-cnc-drehmaschinen-0-199mm-drehd","8":"first","9":"instock","10":"taxable","11":"shipping-taxable","12":"product-type-simple"},"aioseo_notices":[],"_links":{"self":[{"href":"https:\/\/mueller-wrh.de\/pt\/wp-json\/wp\/v2\/product\/4596","targetHints":{"allow":["GET"]}}],"collection":[{"href":"https:\/\/mueller-wrh.de\/pt\/wp-json\/wp\/v2\/product"}],"about":[{"href":"https:\/\/mueller-wrh.de\/pt\/wp-json\/wp\/v2\/types\/product"}],"replies":[{"embeddable":true,"href":"https:\/\/mueller-wrh.de\/pt\/wp-json\/wp\/v2\/comments?post=4596"}],"wp:featuredmedia":[{"embeddable":true,"href":"https:\/\/mueller-wrh.de\/pt\/wp-json\/wp\/v2\/media\/4590"}],"wp:attachment":[{"href":"https:\/\/mueller-wrh.de\/pt\/wp-json\/wp\/v2\/media?parent=4596"}],"wp:term":[{"taxonomy":"product_brand","embeddable":true,"href":"https:\/\/mueller-wrh.de\/pt\/wp-json\/wp\/v2\/product_brand?post=4596"},{"taxonomy":"product_cat","embeddable":true,"href":"https:\/\/mueller-wrh.de\/pt\/wp-json\/wp\/v2\/product_cat?post=4596"},{"taxonomy":"product_tag","embeddable":true,"href":"https:\/\/mueller-wrh.de\/pt\/wp-json\/wp\/v2\/product_tag?post=4596"}],"curies":[{"name":"wp","href":"https:\/\/api.w.org\/{rel}","templated":true}]}}