{"id":4534,"date":"2025-12-11T16:13:22","date_gmt":"2025-12-11T16:13:22","guid":{"rendered":"https:\/\/mueller-wrh.de\/produkt\/hanwha-xd10-y2_bj-08_2022_intnr231438\/"},"modified":"2025-12-12T10:23:30","modified_gmt":"2025-12-12T10:23:30","slug":"hanwha-xd10-y2_bj-08_2022_intnr231438","status":"publish","type":"product","link":"https:\/\/mueller-wrh.de\/pt\/produto\/hanwha-xd10-y2_bj-08_2022_intnr231438\/","title":{"rendered":"Hanwha XD10 Y2_Ano 08_2022_IntNo231438"},"content":{"rendered":"<p><b>Localiza\u00e7\u00e3o:<\/b> Alemanha, Baden-W\u00fcrttemberg Sudoeste<\/p>\n<p><b>Estado:<\/b> Como novo<\/p>\n<p><b>Fabricante:<\/b> HANWHA<\/p>\n<p><b>Modelo:<\/b> XD-10 Y2<\/p>\n<p><b>Ano de constru\u00e7\u00e3o:<\/b> 2022<\/p>\n<p>Torno de cabe\u00e7a deslizante Hanwha CNC XD10 Y2 Excelente estado<\/p>\n<p>Horas do fuso<br \/>\nHoras de funcionamento<br \/>\nAno de constru\u00e7\u00e3o 08_2022<br \/>\nControlo Fanuc da s\u00e9rie 0i<\/p>\n<p>Torno de cabe\u00e7ote m\u00f3vel Hanwha CNC XD10 Y2 com controlo Fanuc da s\u00e9rie 0i<br \/>\nO torno de cabe\u00e7ote m\u00f3vel Hanwha CNC XD10 Y2 \u00e9 um torno de cabe\u00e7ote m\u00f3vel de alta precis\u00e3o com controlo Fanuc integrado da s\u00e9rie 0i, concebido para maquinar pequenos di\u00e2metros na produ\u00e7\u00e3o em s\u00e9rie. Tem um fuso principal, um contra-fuso, ferramentas e acess\u00f3rios abrangentes para processos de produ\u00e7\u00e3o eficientes.<br \/>\nEixo principal<\/p>\n<p>Di\u00e2metro m\u00e1ximo de viragem: 10 mm<br \/>\nDi\u00e2metro m\u00e1ximo do furo do fuso: 15 mm<br \/>\nVelocidade m\u00e1xima: 15.000 rpm<br \/>\nPot\u00eancia m\u00e1xima: 3,7 kW (motor incorporado)<br \/>\nCurso Z1: 155 mm<br \/>\nUnidade de bucha de guia sincronizada: Tipo F853<br \/>\nMandril de aperto: Tipo 120E<\/p>\n<p>Contra-fuso<\/p>\n<p>Velocidade m\u00e1xima: 10.000 rpm<br \/>\nPot\u00eancia m\u00e1xima: 1,1 kW<br \/>\nEixo C: Resolu\u00e7\u00e3o 0,001\u00b0<br \/>\nDi\u00e2metro m\u00e1ximo da torneira: 10 mm<br \/>\nCurso Z2: 180 mm<br \/>\nMandril de aperto: Tipo 120E<\/p>\n<p>Corredi\u00e7a da ferramenta X1, Y1:<br \/>\nPlaca porta-ferramentas para 5 ferramentas de torneamento externo (8 x 8 mm)<\/p>\n<p>Dispositivo de perfura\u00e7\u00e3o\/mandrilagem transversal:<br \/>\nQuantidade: 4 fusos de perfura\u00e7\u00e3o\/fresagem acionados (ER11)<br \/>\nPot\u00eancia: 0,55 kW a 10.000 rpm<br \/>\nUnidade de perfura\u00e7\u00e3o frontal para 4 fusos de perfura\u00e7\u00e3o (ER11)<\/p>\n<p>Processamento do verso:<br \/>\nPorta-ferramentas para 8 ferramentas com eixo Y2<br \/>\n4 fusos de perfura\u00e7\u00e3o\/fresagem acionados (ER11 modular)<br \/>\n4 fusos fixos de perfura\u00e7\u00e3o\/fresagem (modular ER11)<br \/>\nPot\u00eancia: 0,55 kW a 9.000 rpm<\/p>\n<p>Desloca\u00e7\u00e3o r\u00e1pida: 32 m\/min (Z1, Z2, Y, X2); 24 m\/min (X1)<br \/>\nCarga ligada: 12 kVA<\/p>\n<p>Sistema de controlo<br \/>\nTipo: Hanwha Fanuc s\u00e9rie 0iTF<br \/>\nN\u00famero de eixos: 6 (X1, Z1, Y1, Y2, X2, Z2)<br \/>\nControlo simult\u00e2neo de 4 eixos<br \/>\nPainel de controlo externo com volante<br \/>\nMonitor a cores de 9,5\u2033 (LCD\/MDI)<br \/>\nFun\u00e7\u00e3o de desligamento autom\u00e1tico (PowerOff)<br \/>\nFun\u00e7\u00e3o de verifica\u00e7\u00e3o do programa (teste de funcionamento poss\u00edvel atrav\u00e9s do volante)<br \/>\nTapete transportador de pe\u00e7as com tabuleiro de recolha<br \/>\nCaixa de ferramentas e conjunto de ferramentas de servi\u00e7o<br \/>\nDep\u00f3sito do l\u00edquido de refrigera\u00e7\u00e3o: 140 litros<br \/>\nDispositivo de sopro pneum\u00e1tico para a pin\u00e7a do fuso de recolha<br \/>\nManual e documenta\u00e7\u00e3o em alem\u00e3o e ingl\u00eas (manuten\u00e7\u00e3o e transportador de aparas)<br \/>\nAlimentador de barras FMB Turbo 2-20 \/ 3200 mm \u201eC\u201c (di\u00e2metro da barra: 2-23 mm 1 kit de convers\u00e3o e tubo telesc\u00f3pico)<\/p>\n<p>M\u00e1quina totalmente funcional do ponto de vista el\u00e9trico e mec\u00e2nico<br \/>\nDocumenta\u00e7\u00e3o t\u00e9cnica completa dispon\u00edvel<\/p>\n<p>A m\u00e1quina pode ser inspeccionada mediante marca\u00e7\u00e3o pr\u00e9via.<br \/>\nReservado o direito a altera\u00e7\u00f5es e erros nos dados t\u00e9cnicos e informa\u00e7\u00f5es, bem como a venda pr\u00e9via!<\/p>\n<p>Torno CNC tipo su\u00ed\u00e7o Hanwha XD10 Y2 em \u00f3timo estado<br \/>\nHoras do fuso<br \/>\nHoras de funcionamento<br \/>\nAno de fabrico: 08_2022<br \/>\nControlo Fanuc da s\u00e9rie 0i<br \/>\nTorno CNC de tipo su\u00ed\u00e7o XD10 Y2 da Hanwha com controlo Fanuc da s\u00e9rie 0i<br \/>\nO torno CNC de tipo su\u00ed\u00e7o XD10 Y2 da Hanwha \u00e9 um torno autom\u00e1tico de tipo su\u00ed\u00e7o de alta precis\u00e3o com controlo Fanuc integrado da s\u00e9rie 0i, concebido para maquinar pequenos di\u00e2metros na produ\u00e7\u00e3o em s\u00e9rie. Possui um fuso principal, um sub-fuso, um vasto equipamento de ferramentas e acess\u00f3rios para processos de fabrico eficientes.<\/p>\n<p>Eixo principal<br \/>\nDi\u00e2metro m\u00e1ximo de viragem: 10 mm<br \/>\nDi\u00e2metro m\u00e1ximo do furo do fuso: 15 mm<br \/>\nVelocidade m\u00e1xima: 15.000 rpm<br \/>\nPot\u00eancia m\u00e1xima: 3,7 kW (motor incorporado)<br \/>\nCurso da Z1: 155 mm<br \/>\nUnidade de casquilho de guia rotativo s\u00edncrono: Tipo F853<br \/>\nPin\u00e7a: Tipo 120E<br \/>\nSub-eixo<br \/>\nVelocidade m\u00e1xima: 10.000 rpm<br \/>\nPot\u00eancia m\u00e1xima: 1,1 kW<br \/>\nEixo C: Resolu\u00e7\u00e3o 0,001\u00b0<br \/>\nDi\u00e2metro m\u00e1ximo do pick-up: 10 mm<br \/>\nCurso da Z2: 180 mm<br \/>\nPin\u00e7a: Tipo 120E<br \/>\nCorredi\u00e7a de ferramentas X1, Y1:<br \/>\nPlaca porta-ferramentas para 5 ferramentas de torneamento externo (8 x 8 mm)<br \/>\nDispositivo de perfura\u00e7\u00e3o\/fresagem cruzada:<br \/>\nN\u00famero: 4 fusos de perfura\u00e7\u00e3o\/fresagem acionados (ER11)<br \/>\nPot\u00eancia: 0,55 kW a 10.000 rpm<br \/>\nAparelho de perfura\u00e7\u00e3o frontal para 4 fusos de perfura\u00e7\u00e3o (ER11)<br \/>\nTrabalho de retaguarda:<br \/>\nPorta-ferramentas para 8 ferramentas com eixo Y2<br \/>\n4 fusos de perfura\u00e7\u00e3o\/fresagem acionados (ER11 modular)<br \/>\n4 fusos fixos de perfura\u00e7\u00e3o\/fresagem (ER11 modular)<br \/>\nPot\u00eancia: 0,55 kW a 9.000 rpm<br \/>\nTravessias r\u00e1pidas: 32 m\/min (Z1, Z2, Y, X2); 24 m\/min (X1)<br \/>\nCarga ligada: 12 kVA<br \/>\nControlo<br \/>\nTipo: Hanwha Fanuc S\u00e9rie 0iTF<br \/>\nN\u00famero de eixos: 6 (X1, Z1, Y1, Y2, X2, Z2)<br \/>\nControlo simult\u00e2neo de 4 eixos<br \/>\nPainel de controlo externo com volante<br \/>\nMonitor a cores de 9,5\u2033 (LCD\/MDI)<br \/>\nFun\u00e7\u00e3o de desligamento autom\u00e1tico (PowerOff)<br \/>\nFun\u00e7\u00e3o de verifica\u00e7\u00e3o do programa (\u00e9 poss\u00edvel efetuar um teste atrav\u00e9s do volante)<br \/>\nTapete transportador de pe\u00e7as com tabuleiro de recolha<br \/>\nCaixa de ferramentas e conjunto de ferramentas de servi\u00e7o<br \/>\nDep\u00f3sito do l\u00edquido de refrigera\u00e7\u00e3o: 140 litros<br \/>\nDispositivo de sopro pneum\u00e1tico para a pin\u00e7a do fuso de recolha<br \/>\nManual e documenta\u00e7\u00e3o em alem\u00e3o e ingl\u00eas (instru\u00e7\u00f5es de manuten\u00e7\u00e3o e funcionamento, incluindo lista de par\u00e2metros e protocolo de teste)<br \/>\nTransportador de aparas<br \/>\nCarregador de barras FMB Turbo 2-20 \/ 3200 mm \u201eC\u201c (di\u00e2metro da barra: 2-23 mm, 1 kit de convers\u00e3o e tubo telesc\u00f3pico)<br \/>\nM\u00e1quina totalmente funcional do ponto de vista el\u00e9trico e mec\u00e2nico<br \/>\nDocumenta\u00e7\u00e3o t\u00e9cnica totalmente dispon\u00edvel<br \/>\nA m\u00e1quina pode ser inspeccionada sob tens\u00e3o mediante marca\u00e7\u00e3o pr\u00e9via.<br \/>\nReservado o direito a altera\u00e7\u00f5es e erros nos dados t\u00e9cnicos e especifica\u00e7\u00f5es, bem como a venda pr\u00e9via!<\/p>","protected":false},"excerpt":{"rendered":"<p>Standort: Deutschland, Baden-W\u00fcrttemberg S\u00fcdwest Zustand: Neuwertig Hersteller: HANWHA Modell: XD-10 Y2 Baujahr: 2022 Hanwha CNC-Langdrehmaschine XD10 Y2 Top Zustand Spindelstunden Betriebsstunden Baujahr 08_2022 Fanuc-Steuerung der 0i-Serie Hanwha CNC-Langdrehmaschine XD10 Y2 mit Fanuc-Steuerung der 0i-Serie Die Hanwha CNC-Langdrehmaschine XD10 Y2 ist eine hochpr\u00e4zise Langdrehautomat mit integrierter Fanuc-Steuerung der 0i-Serie, konzipiert f\u00fcr die Bearbeitung kleiner Durchmesser in [&hellip;]<\/p>\n","protected":false},"featured_media":4535,"comment_status":"open","ping_status":"closed","template":"","meta":{"_uf_show_specific_survey":0,"_uf_disable_surveys":false},"product_brand":[],"product_cat":[23],"product_tag":[],"class_list":{"0":"post-4534","1":"product","2":"type-product","3":"status-publish","4":"has-post-thumbnail","6":"product_cat-cnc-langdrehmaschinen","8":"first","9":"instock","10":"taxable","11":"shipping-taxable","12":"product-type-simple"},"aioseo_notices":[],"_links":{"self":[{"href":"https:\/\/mueller-wrh.de\/pt\/wp-json\/wp\/v2\/product\/4534","targetHints":{"allow":["GET"]}}],"collection":[{"href":"https:\/\/mueller-wrh.de\/pt\/wp-json\/wp\/v2\/product"}],"about":[{"href":"https:\/\/mueller-wrh.de\/pt\/wp-json\/wp\/v2\/types\/product"}],"replies":[{"embeddable":true,"href":"https:\/\/mueller-wrh.de\/pt\/wp-json\/wp\/v2\/comments?post=4534"}],"wp:featuredmedia":[{"embeddable":true,"href":"https:\/\/mueller-wrh.de\/pt\/wp-json\/wp\/v2\/media\/4535"}],"wp:attachment":[{"href":"https:\/\/mueller-wrh.de\/pt\/wp-json\/wp\/v2\/media?parent=4534"}],"wp:term":[{"taxonomy":"product_brand","embeddable":true,"href":"https:\/\/mueller-wrh.de\/pt\/wp-json\/wp\/v2\/product_brand?post=4534"},{"taxonomy":"product_cat","embeddable":true,"href":"https:\/\/mueller-wrh.de\/pt\/wp-json\/wp\/v2\/product_cat?post=4534"},{"taxonomy":"product_tag","embeddable":true,"href":"https:\/\/mueller-wrh.de\/pt\/wp-json\/wp\/v2\/product_tag?post=4534"}],"curies":[{"name":"wp","href":"https:\/\/api.w.org\/{rel}","templated":true}]}}