{"id":4521,"date":"2025-12-11T11:06:10","date_gmt":"2025-12-11T11:06:10","guid":{"rendered":"https:\/\/mueller-wrh.de\/produkt\/biglia-b-465y2_bj-2009_-intnr231413-2\/"},"modified":"2025-12-11T11:06:10","modified_gmt":"2025-12-11T11:06:10","slug":"biglia-b-465y2_bj-2009_-intnr231413-2","status":"publish","type":"product","link":"https:\/\/mueller-wrh.de\/pt\/produto\/biglia-b-465y2_bj-2009_-intnr231413-2\/","title":{"rendered":"Biglia B 465Y2_Ano 2009_ IntNo231413"},"content":{"rendered":"<p><b>Localiza\u00e7\u00e3o:<\/b> Alemanha, Baden-W\u00fcrttemberg Sudoeste<\/p>\n<p><b>Estado:<\/b> Usado<\/p>\n<p><b>Fabricante:<\/b> Biglia<\/p>\n<p><b>Modelo:<\/b> B465Y2<\/p>\n<p><b>Ano de constru\u00e7\u00e3o:<\/b> 2009<\/p>\n<p><b>Hor\u00e1rio de funcionamento:<\/b> 20627<\/p>\n<p>Torno CNC Biglia B465 Y2<br \/>\nAno de constru\u00e7\u00e3o: 2009<br \/>\nTempo de processamento: aprox. 21.000 h<br \/>\nN.\u00ba de s\u00e9rie: 10625<br \/>\nTorno universal CNC potente com contra-eixo e eixo Y.<br \/>\nSistema de controlo: Fanuc 31i-B<br \/>\nM\u00e1ximo. Di\u00e2metro de torneamento para maquina\u00e7\u00e3o de barras: 65 mm<br \/>\nM\u00e1x. Di\u00e2metro de viragem para maquina\u00e7\u00e3o em mandril: 230 mm<br \/>\nComprimento de viragem: aprox. 250 (320) mm<br \/>\nDi\u00e2metro m\u00e1ximo. Di\u00e2metro circunferencial: aprox. 520 mm<\/p>\n<p>Eixo principal (HSP):<br \/>\nNariz do fuso: 6\u2033<br \/>\nFuro do fuso: 80 mm<br \/>\nVelocidade: 4.000-5.000 min-\u00b9<\/p>\n<p>Contra-eixo (GSP):<br \/>\nNariz do fuso: 5\u2033<br \/>\nFuro do fuso: 55 mm<br \/>\nVelocidade: 5.000 min-\u00b9<br \/>\nTorre de ferramentas: 2 \u00d7 12 esta\u00e7\u00f5es, acionadas<br \/>\nCurso do eixo Y: \u00b150 mm<\/p>\n<p>Equipamento:<br \/>\n2 torres, cada uma com 12 posi\u00e7\u00f5es de ferramentas e 24 ferramentas acionadas<br \/>\n2 eixos C e 2 eixos Y<\/p>\n<p>Carregador de barras CNCDB70 da Giovanni Cucchi<br \/>\nSistema de descarga de pe\u00e7as com tapete transportador<br \/>\nTransportador de aparas com 2 bombas a 7 bar incl. filtro<br \/>\nPistola de pintura (4 bar)<br \/>\nBomba de alta press\u00e3o 25 bar incl. filtro<br \/>\nEjetor alargado 200 mm<br \/>\nTodos os suportes de ferramentas apresentados nas imagens<\/p>\n<p>Documenta\u00e7\u00e3o t\u00e9cnica completa dispon\u00edvel<\/p>\n<p>A m\u00e1quina est\u00e1 totalmente funcional do ponto de vista el\u00e9trico e mec\u00e2nico e pode ser inspeccionada sob tens\u00e3o mediante marca\u00e7\u00e3o pr\u00e9via.<br \/>\nReservado o direito a altera\u00e7\u00f5es e erros nos dados t\u00e9cnicos e informa\u00e7\u00f5es, bem como a venda pr\u00e9via!<\/p>\n<p>Torno CNC Biglia B465 Y2<br \/>\nAno de fabrico: 2009<br \/>\nTempo de maquinagem: 20,627 h<\/p>\n<p>Torno universal CNC potente com contra-eixo e eixo Y.<br \/>\nControlo: Fanuc 31i-B<br \/>\nDi\u00e2metro m\u00e1ximo de torneamento para maquinagem de barras: 65 mm<br \/>\nDi\u00e2metro m\u00e1ximo de torneamento para maquinagem de mandris: 230 mm<br \/>\nComprimento de viragem: aprox. 250 (320) mm<br \/>\nDi\u00e2metro m\u00e1x. de oscila\u00e7\u00e3o: aprox. 520 mm<\/p>\n<p>Eixo principal (HSP):<br \/>\nNariz do fuso: 6\u2033<br \/>\nFuro do fuso: 80 mm<br \/>\nVelocidade: 4.000-5.000 rpm<\/p>\n<p>Contra-eixo (GSP):<br \/>\nNariz do fuso: 5\u2033<br \/>\nFuro do fuso: 55 mm<br \/>\nVelocidade: 5.000 rpm<br \/>\nTorre de ferramentas: 2 \u00d7 12 esta\u00e7\u00f5es, acionadas<br \/>\nCurso do eixo Y: \u00b150 mm<\/p>\n<p>Equipamento:<br \/>\n2 torres, cada uma com 12 posi\u00e7\u00f5es de ferramentas e 24 ferramentas acionadas<br \/>\n2 eixos C e 2 eixos Y<\/p>\n<p>Alimentador de barras CNCDB70 de Giovanni Cucchi<br \/>\nSistema de descarga de pe\u00e7as com tapete transportador<br \/>\nTransportador de aparas com 2 bombas, 7 bar cada, incl. filtro<br \/>\nPistola de pintura (4 bar)<br \/>\nBomba de alta press\u00e3o 25 bar incl. filtro<br \/>\nEjetor alargado 200 mm<br \/>\nTodos os suportes de ferramentas apresentados nas imagens<\/p>\n<p>Documenta\u00e7\u00e3o t\u00e9cnica completa dispon\u00edvel<\/p>\n<p>A m\u00e1quina est\u00e1 totalmente funcional, tanto a n\u00edvel el\u00e9trico como mec\u00e2nico, e pode ser vista sob tens\u00e3o mediante marca\u00e7\u00e3o.<br \/>\nSujeito a altera\u00e7\u00f5es e erros nos dados t\u00e9cnicos e especifica\u00e7\u00f5es, bem como a venda pr\u00e9via!<\/p>","protected":false},"excerpt":{"rendered":"<p>Standort: Deutschland, Baden-W\u00fcrttemberg S\u00fcdwest Zustand: Gebraucht Hersteller: Biglia Modell: B465Y2 Baujahr: 2009 Betriebsstunden: 20627 CNC-Drehmaschine Biglia B465 Y2 Baujahr: 2009 Bearbeitungszeit: ca. 21.000 h Seriennr: 10625 Leistungsstarke CNC-Universal-Drehmaschine mit Gegenspindel und Y-Achse. Steuerung: Fanuc 31i-B Max. Drehdurchmesser bei Stangenbearbeitung: 65 mm Max. Drehdurchmesser bei Futterbearbeitung: 230 mm Drehl\u00e4nge: ca. 250 (320) mm Max. Umlaufdurchmesser: ca. [&hellip;]<\/p>\n","protected":false},"featured_media":4511,"comment_status":"open","ping_status":"closed","template":"","meta":{"_uf_show_specific_survey":0,"_uf_disable_surveys":false},"product_brand":[],"product_cat":[89],"product_tag":[],"class_list":{"0":"post-4521","1":"product","2":"type-product","3":"status-publish","4":"has-post-thumbnail","6":"product_cat-cnc-kurzdrehmaschinen","8":"first","9":"instock","10":"taxable","11":"shipping-taxable","12":"product-type-simple"},"aioseo_notices":[],"_links":{"self":[{"href":"https:\/\/mueller-wrh.de\/pt\/wp-json\/wp\/v2\/product\/4521","targetHints":{"allow":["GET"]}}],"collection":[{"href":"https:\/\/mueller-wrh.de\/pt\/wp-json\/wp\/v2\/product"}],"about":[{"href":"https:\/\/mueller-wrh.de\/pt\/wp-json\/wp\/v2\/types\/product"}],"replies":[{"embeddable":true,"href":"https:\/\/mueller-wrh.de\/pt\/wp-json\/wp\/v2\/comments?post=4521"}],"wp:featuredmedia":[{"embeddable":true,"href":"https:\/\/mueller-wrh.de\/pt\/wp-json\/wp\/v2\/media\/4511"}],"wp:attachment":[{"href":"https:\/\/mueller-wrh.de\/pt\/wp-json\/wp\/v2\/media?parent=4521"}],"wp:term":[{"taxonomy":"product_brand","embeddable":true,"href":"https:\/\/mueller-wrh.de\/pt\/wp-json\/wp\/v2\/product_brand?post=4521"},{"taxonomy":"product_cat","embeddable":true,"href":"https:\/\/mueller-wrh.de\/pt\/wp-json\/wp\/v2\/product_cat?post=4521"},{"taxonomy":"product_tag","embeddable":true,"href":"https:\/\/mueller-wrh.de\/pt\/wp-json\/wp\/v2\/product_tag?post=4521"}],"curies":[{"name":"wp","href":"https:\/\/api.w.org\/{rel}","templated":true}]}}