{"id":4461,"date":"2025-11-06T15:57:25","date_gmt":"2025-11-06T15:57:25","guid":{"rendered":"https:\/\/mueller-wrh.de\/produkt\/neu_lta-lufttechnik-e120-bsc-2-h-intnr23426\/"},"modified":"2025-11-09T07:35:53","modified_gmt":"2025-11-09T07:35:53","slug":"neu_lta-lufttechnik-e120-bsc-2-h-intnr23426","status":"publish","type":"product","link":"https:\/\/mueller-wrh.de\/pt\/produto\/neu_lta-lufttechnik-e120-bsc-2-h-intnr23426\/","title":{"rendered":"NEW_LTA Lufttechnik E120 BSC-2-H, IntNo231426"},"content":{"rendered":"<p><b>Localiza\u00e7\u00e3o:<\/b> Alemanha, Baden-W\u00fcrttemberg Sudoeste<\/p>\n<p><b>Estado:<\/b> Usado<\/p>\n<p><b>Fabricante:<\/b> LTA<\/p>\n<p><b>Modelo:<\/b> E120 BSC-2H<\/p>\n<p><b>Ano de constru\u00e7\u00e3o:<\/b> 2025<\/p>\n<p><b>Hor\u00e1rio de funcionamento:<\/b> 0<\/p>\n<p>Sistema de filtragem E 120-BSC-2-H<br \/>\nSistemas de extra\u00e7\u00e3o de n\u00e9voa de \u00f3leo\/emuls\u00e3o<\/p>\n<p>PROPRIEDADES \/ CARACTER\u00cdSTICAS:<br \/>\nDire\u00e7\u00e3o de abertura da porta de servi\u00e7o: na dire\u00e7\u00e3o do fluxo para cima<br \/>\nSa\u00edda de ar : RADIAL<br \/>\ncom pr\u00e9-filtro e filtro de neutraliza\u00e7\u00e3o mec\u00e2nico e..:<br \/>\nconstitu\u00eddo por duas fases de filtragem eletrost\u00e1tica de aeross\u00f3is<br \/>\nde<br \/>\nIonizadores e colectores<br \/>\n- Ventilador ajust\u00e1vel (ErP-Ready)<br \/>\n- Ecr\u00e3 pronto a funcionar<br \/>\n- Eletricidade de acordo com a norma EN 60204<br \/>\n- Execu\u00e7\u00e3o de todo o sistema em conformidade com<br \/>\n  Diretiva M\u00e1quinas <\/p>\n<p>DADOS T\u00c9CNICOS:<br \/>\nCapacidade do ventilador: 2400 m\u00b3\/h (sopro livre)<br \/>\nCapacidade de extra\u00e7\u00e3o: at\u00e9 1200 m\u00b3\/h<br \/>\nTens\u00e3o de funcionamento: 230 V +\/-10 % (207-253 V)<br \/>\nFrequ\u00eancia: 50-60 Hz<br \/>\nCarga ligada: 0,93 kVA<br \/>\nPress\u00e3o diferencial: 840 Pa<br \/>\nN\u00edvel de press\u00e3o sonora: aprox. 70 dB<br \/>\nTemperatura: m\u00e1x. 40 \u00b0C<br \/>\nTipo de prote\u00e7\u00e3o: IP 54 <\/p>\n<p>Pe\u00e7a de transi\u00e7\u00e3o E\/M 120\/240, 200-S-B-90<\/p>\n<p>E-120-BSC-2 : 84213925 Pa\u00eds de origem CZ<br \/>\nFicha de liga\u00e7\u00e3o \u00e0 rede el\u00e9ctrica: 85444290 Pa\u00eds de origem DE<br \/>\nN\u00famero da pauta de mercadorias\/n\u00famero da pauta aduaneira: 84213925 <\/p>\n<p>Dimens\u00f5es (C x L x A): 1130 x 660 x 610 mm <\/p>\n<p>Peso: aprox. 110 kg <\/p>\n<p>Garantia: por acordo<br \/>\nAcabamento da pintura: RAL 7035 (cinzento claro) ou (a pedido)<br \/>\nPrazo de entrega: a combinar<\/p>\n<p>Reservado o direito a altera\u00e7\u00f5es e erros nos dados t\u00e9cnicos e informa\u00e7\u00f5es, bem como a venda pr\u00e9via!<\/p>\n<p>Sistema de filtragem E 120-BSC-2-H<br \/>\nUnidades de extra\u00e7\u00e3o de n\u00e9voa de \u00f3leo \/ emuls\u00e3o<\/p>\n<p>CARACTER\u00cdSTICAS \/ CARACTER\u00cdSTICAS:<\/p>\n<p>Dire\u00e7\u00e3o de abertura da porta de servi\u00e7o: para cima, na dire\u00e7\u00e3o do fluxo<\/p>\n<p>Sa\u00edda de ar: radial<\/p>\n<p>Com pr\u00e9-filtro e filtro mec\u00e2nico de neutraliza\u00e7\u00e3o, bem como..:<br \/>\nduas fases de filtra\u00e7\u00e3o eletrost\u00e1tica para aeross\u00f3is constitu\u00eddos por<br \/>\nionizadores e colectores<\/p>\n<p>Ventilador ajust\u00e1vel (preparado para ErP)<\/p>\n<p>\"Indicador \"Pronto a funcionar<\/p>\n<p>Sistema el\u00e9trico de acordo com a norma EN 60204<\/p>\n<p>Todo o sistema foi concebido em conformidade com a Diretiva M\u00e1quinas aplic\u00e1vel<\/p>\n<p>DADOS T\u00c9CNICOS:<\/p>\n<p>Capacidade do ventilador: 2400 m\u00b3\/h (sopro livre)<\/p>\n<p>Capacidade de extra\u00e7\u00e3o: at\u00e9 1200 m\u00b3\/h<\/p>\n<p>Tens\u00e3o de funcionamento: 230 V +\/-10 % (207-253 V)<\/p>\n<p>Frequ\u00eancia: 50-60 Hz<\/p>\n<p>Carga ligada: 0,93 kVA<\/p>\n<p>Press\u00e3o diferencial: 840 Pa<\/p>\n<p>N\u00edvel de press\u00e3o sonora: aprox. 70 dB<\/p>\n<p>Temperatura: m\u00e1x. 40 \u00b0C<\/p>\n<p>Tipo de prote\u00e7\u00e3o: IP 54<\/p>\n<p>Pe\u00e7a de transi\u00e7\u00e3o E\/M 120\/240, 200-S-B-90<\/p>\n<p>E-120-BSC-2: 84213925, pa\u00eds de origem CZ<\/p>\n<p>Ficha de alimenta\u00e7\u00e3o: 85444290, pa\u00eds de origem DE<\/p>\n<p>N\u00famero da pauta aduaneira: 84213925<\/p>\n<p>Dimens\u00f5es (C x L x A): 1130 x 660 x 610 mm<br \/>\nPeso: aprox. 110 kg<br \/>\nGarantia: sujeita a acordo<br \/>\nAcabamento da pintura: RAL 7035 (cinzento claro) ou (conforme acordado)<br \/>\nPrazo de entrega: sujeito a acordo<\/p>\n<p>Dados t\u00e9cnicos e informa\u00e7\u00f5es sujeitos a altera\u00e7\u00f5es e erros. Venda interm\u00e9dia reservada.<\/p>","protected":false},"excerpt":{"rendered":"<p>Standort: Deutschland, Baden-W\u00fcrttemberg S\u00fcdwest Zustand: Gebraucht Hersteller: LTA Modell: E120 BSC-2H Baujahr: 2025 Betriebsstunden: 0 Filtrationssystem E 120-BSC-2-H \u00d6l-\/Emulsionsnebel-Abzugsanlagen EIGENSCHAFTEN \/ MERKMALE: \u00d6ffnungsrichtung Servicet\u00fcr: in Str\u00f6mungsrichtung OBEN Luftauslass : RADIAL mit Vorfilter und Neutralisationsfilter mechanisch sowie: zwei elektrostatischen Filtrationsstufen f\u00fcr Aerosole bestehend aus Ionisatoren und Kollektoren &#8211; Regelbares Gebl\u00e4se (ErP-Ready) &#8211; Anzeige Betriebsbereit &#8211; Elektrik [&hellip;]<\/p>\n","protected":false},"featured_media":4462,"comment_status":"open","ping_status":"closed","template":"","meta":{"_uf_show_specific_survey":0,"_uf_disable_surveys":false},"product_brand":[],"product_cat":[19],"product_tag":[],"class_list":{"0":"post-4461","1":"product","2":"type-product","3":"status-publish","4":"has-post-thumbnail","6":"product_cat-oel-emulsionsnebel-abzugsanlagen","8":"first","9":"instock","10":"taxable","11":"shipping-taxable","12":"product-type-simple"},"aioseo_notices":[],"_links":{"self":[{"href":"https:\/\/mueller-wrh.de\/pt\/wp-json\/wp\/v2\/product\/4461","targetHints":{"allow":["GET"]}}],"collection":[{"href":"https:\/\/mueller-wrh.de\/pt\/wp-json\/wp\/v2\/product"}],"about":[{"href":"https:\/\/mueller-wrh.de\/pt\/wp-json\/wp\/v2\/types\/product"}],"replies":[{"embeddable":true,"href":"https:\/\/mueller-wrh.de\/pt\/wp-json\/wp\/v2\/comments?post=4461"}],"wp:featuredmedia":[{"embeddable":true,"href":"https:\/\/mueller-wrh.de\/pt\/wp-json\/wp\/v2\/media\/4462"}],"wp:attachment":[{"href":"https:\/\/mueller-wrh.de\/pt\/wp-json\/wp\/v2\/media?parent=4461"}],"wp:term":[{"taxonomy":"product_brand","embeddable":true,"href":"https:\/\/mueller-wrh.de\/pt\/wp-json\/wp\/v2\/product_brand?post=4461"},{"taxonomy":"product_cat","embeddable":true,"href":"https:\/\/mueller-wrh.de\/pt\/wp-json\/wp\/v2\/product_cat?post=4461"},{"taxonomy":"product_tag","embeddable":true,"href":"https:\/\/mueller-wrh.de\/pt\/wp-json\/wp\/v2\/product_tag?post=4461"}],"curies":[{"name":"wp","href":"https:\/\/api.w.org\/{rel}","templated":true}]}}