{"id":4438,"date":"2025-10-31T17:16:00","date_gmt":"2025-10-31T17:16:00","guid":{"rendered":"https:\/\/mueller-wrh.de\/produkt\/teilereinigungsanlage-pero-r1-414-ex_bj-2079_intnr231417\/"},"modified":"2025-10-31T17:16:00","modified_gmt":"2025-10-31T17:16:00","slug":"teilereinigungsanlage-pero-r1-414-ex_bj-2079_intnr231417","status":"publish","type":"product","link":"https:\/\/mueller-wrh.de\/pt\/produto\/teilereinigungsanlage-pero-r1-414-ex_bj-2079_intnr231417\/","title":{"rendered":"Sistema de limpeza de pe\u00e7as PERO R1 \/ 414 EX_Bj. 2079_IntNr231417"},"content":{"rendered":"<p><b>Localiza\u00e7\u00e3o:<\/b> Alemanha, Baden-W\u00fcrttemberg Sudoeste<\/p>\n<p><b>Estado:<\/b> Usado<\/p>\n<p><b>Fabricante:<\/b> Pero<\/p>\n<p><b>Modelo:<\/b> R1 \/ 414 - Ex 7992<\/p>\n<p><b>Ano de constru\u00e7\u00e3o:<\/b> 2017<\/p>\n<p>Descri\u00e7\u00e3o t\u00e9cnica - PERO RO<br \/>\nFabricante: PERO AG<br \/>\nModelo: RO R1 \/ 414-EX<br \/>\nAno 2017 \/ 10<\/p>\n<p>Tipo de m\u00e1quina: Sistema de limpeza \/ sistema de desengorduramento<br \/>\nProcesso: Limpeza com solventes (por exemplo, \u00e1lcoois ou hidrocarbonetos modificados)<\/p>\n<p>Dados t\u00e9cnicos (t\u00edpicos desta s\u00e9rie):<\/p>\n<p>Sistema de limpeza: circuito fechado, totalmente autom\u00e1tico<\/p>\n<p>Dimens\u00e3o da c\u00e2mara de trabalho: aprox. 530 \u00d7 320 \u00d7 200 mm<\/p>\n<p>Peso m\u00e1ximo. Peso do lote: aprox. 50 - 80 kg<\/p>\n<p>Solvente: \u00e1lcool modificado (\u00e0 base de hidrocarbonetos)<\/p>\n<p>Secagem: secagem sob v\u00e1cuo<\/p>\n<p>Controlo: Controlo PLC com painel t\u00e1til<\/p>\n<p>Equipamento: unidade de destila\u00e7\u00e3o integrada, sistema de filtragem, separa\u00e7\u00e3o de \u00f3leo<\/p>\n<p>Consumo de energia: aprox. 10 - 15 kW<\/p>\n<p>Bomba de v\u00e1cuo: integrada<\/p>\n<p>Estado: muito bom, bem conservado - da produ\u00e7\u00e3o atual<\/p>\n<p>Carater\u00edsticas especiais:<\/p>\n<p>Sistema de limpeza economizador de energia com circuito fechado de solventes<\/p>\n<p>Elevada qualidade de limpeza com um consumo m\u00ednimo de solventes<\/p>\n<p>Ideal para opera\u00e7\u00f5es de engenharia de precis\u00e3o e maquinagem<\/p>\n<p>A m\u00e1quina pode ser inspeccionada mediante marca\u00e7\u00e3o pr\u00e9via.<br \/>\nReservado o direito a altera\u00e7\u00f5es e erros nos dados t\u00e9cnicos e informa\u00e7\u00f5es, bem como a venda pr\u00e9via!<\/p>\n<p>Fabricante: PERO AG<br \/>\nModelo: RO R1 \/ 414-EX<br \/>\nAno de fabrico: 10 \/ 2017<\/p>\n<p>Tipo de m\u00e1quina: Sistema de limpeza \/ Unidade de desengorduramento<br \/>\nProcesso: Limpeza com solventes (por exemplo, \u00e1lcoois ou hidrocarbonetos modificados)<\/p>\n<p>Dados t\u00e9cnicos (t\u00edpicos desta s\u00e9rie):<\/p>\n<p>Sistema de limpeza: Sistema de circuito fechado, totalmente autom\u00e1tico<\/p>\n<p>Dimens\u00f5es da c\u00e2mara de trabalho: aprox. 530 \u00d7 320 \u00d7 200 mm<\/p>\n<p>Peso m\u00e1ximo do lote: aprox. 50 - 80 kg<\/p>\n<p>Solvente: \u00c1lcool modificado (\u00e0 base de hidrocarbonetos)<\/p>\n<p>Secagem: secagem sob v\u00e1cuo<\/p>\n<p>Sistema de controlo: Controlo PLC com painel t\u00e1til<\/p>\n<p>Equipamento: Unidade de destila\u00e7\u00e3o integrada, sistema de filtragem, separador de \u00f3leo<\/p>\n<p>Consumo de energia: aprox. 10 - 15 kW<\/p>\n<p>Bomba de v\u00e1cuo: integrada<\/p>\n<p>Estado: Muito bom, bem conservado - da produ\u00e7\u00e3o em curso<\/p>\n<p>Carater\u00edsticas especiais:<\/p>\n<p>Sistema de limpeza energeticamente eficiente com circuito fechado de solventes<\/p>\n<p>Excelente qualidade de limpeza com um consumo m\u00ednimo de solventes<\/p>\n<p>Ideal para as ind\u00fastrias de engenharia de precis\u00e3o e de corte de metais<\/p>\n<p>A m\u00e1quina pode ser inspeccionada sob pot\u00eancia mediante marca\u00e7\u00e3o pr\u00e9via.<br \/>\nOs dados t\u00e9cnicos e as especifica\u00e7\u00f5es est\u00e3o sujeitos a altera\u00e7\u00f5es e erros. Venda pr\u00e9via reservada.<\/p>","protected":false},"excerpt":{"rendered":"<p>Standort: Deutschland, Baden-W\u00fcrttemberg S\u00fcdwest Zustand: Gebraucht Hersteller: Pero Modell: R1 \/ 414 &#8211; Ex 7992 Baujahr: 2017 Technische Beschreibung \u2013 PERO RO Hersteller: PERO AG Modell: RO R1 \/ 414-EX Bj. 2017 \/ 10 Maschinentyp: Reinigungsanlage \/ Entfettungsanlage Verfahren: L\u00f6semittelreinigung (z. B. modifizierte Alkohole oder Kohlenwasserstoffe) Technische Daten (typisch f\u00fcr diese Baureihe): Reinigungssystem: geschlossener Kreislauf, [&hellip;]<\/p>\n","protected":false},"featured_media":4434,"comment_status":"open","ping_status":"closed","template":"","meta":{"_uf_show_specific_survey":0,"_uf_disable_surveys":false},"product_brand":[],"product_cat":[109],"product_tag":[],"class_list":{"0":"post-4438","1":"product","2":"type-product","3":"status-publish","4":"has-post-thumbnail","6":"product_cat-industrielle-reinigungsanlagen","8":"first","9":"instock","10":"taxable","11":"shipping-taxable","12":"product-type-simple"},"aioseo_notices":[],"_links":{"self":[{"href":"https:\/\/mueller-wrh.de\/pt\/wp-json\/wp\/v2\/product\/4438","targetHints":{"allow":["GET"]}}],"collection":[{"href":"https:\/\/mueller-wrh.de\/pt\/wp-json\/wp\/v2\/product"}],"about":[{"href":"https:\/\/mueller-wrh.de\/pt\/wp-json\/wp\/v2\/types\/product"}],"replies":[{"embeddable":true,"href":"https:\/\/mueller-wrh.de\/pt\/wp-json\/wp\/v2\/comments?post=4438"}],"wp:featuredmedia":[{"embeddable":true,"href":"https:\/\/mueller-wrh.de\/pt\/wp-json\/wp\/v2\/media\/4434"}],"wp:attachment":[{"href":"https:\/\/mueller-wrh.de\/pt\/wp-json\/wp\/v2\/media?parent=4438"}],"wp:term":[{"taxonomy":"product_brand","embeddable":true,"href":"https:\/\/mueller-wrh.de\/pt\/wp-json\/wp\/v2\/product_brand?post=4438"},{"taxonomy":"product_cat","embeddable":true,"href":"https:\/\/mueller-wrh.de\/pt\/wp-json\/wp\/v2\/product_cat?post=4438"},{"taxonomy":"product_tag","embeddable":true,"href":"https:\/\/mueller-wrh.de\/pt\/wp-json\/wp\/v2\/product_tag?post=4438"}],"curies":[{"name":"wp","href":"https:\/\/api.w.org\/{rel}","templated":true}]}}