{"id":4433,"date":"2025-10-31T17:15:18","date_gmt":"2025-10-31T17:15:18","guid":{"rendered":"https:\/\/mueller-wrh.de\/produkt\/teilereinigungsanlage-pero-ro_bj-2019-intnr231388\/"},"modified":"2025-10-31T17:15:18","modified_gmt":"2025-10-31T17:15:18","slug":"teilereinigungsanlage-pero-ro_bj-2019-intnr231388","status":"publish","type":"product","link":"https:\/\/mueller-wrh.de\/pt\/produto\/teilereinigungsanlage-pero-ro_bj-2019-intnr231388\/","title":{"rendered":"Sistema de limpeza de pe\u00e7as PERO RO_Ano 2019 IntNo231388"},"content":{"rendered":"<p><b>Localiza\u00e7\u00e3o:<\/b> Alemanha, Baden-W\u00fcrttemberg Sudoeste<\/p>\n<p><b>Estado:<\/b> Usado<\/p>\n<p><b>Fabricante:<\/b> Pero<\/p>\n<p><b>Modelo:<\/b> R0\/057 EX8240<\/p>\n<p><b>Ano de constru\u00e7\u00e3o:<\/b> 2019<\/p>\n<p>Descri\u00e7\u00e3o t\u00e9cnica - PERO RO<br \/>\nSistema de limpeza de pe\u00e7as \u00e0 base de solventes industriais<br \/>\nO PERO RO \u00e9 um sistema de limpeza de pe\u00e7as industriais de alto desempenho para a limpeza eficaz e amiga do ambiente de pe\u00e7as e componentes com solventes. \u00c9 adequado para uma vasta gama de aplica\u00e7\u00f5es na ind\u00fastria metalomec\u00e2nica e garante elevados padr\u00f5es de limpeza com um funcionamento econ\u00f3mico.<br \/>\nCarater\u00edsticas:<br \/>\n- Limpeza com solventes org\u00e2nicos (por exemplo, hidrocarbonetos ou \u00e1lcoois modificados)<br \/>\n- Processo de trabalho fechado com circuito de solventes integrado<br \/>\n- Adequado para lotes pequenos a m\u00e9dios e geometrias de componentes vari\u00e1veis<br \/>\n- Controlo automatizado do processo para resultados de limpeza reprodut\u00edveis<br \/>\n- Conce\u00e7\u00e3o robusta para utiliza\u00e7\u00e3o industrial cont\u00ednua<br \/>\n\u00c1reas t\u00edpicas de aplica\u00e7\u00e3o:<br \/>\n- Desengorduramento de pe\u00e7as torneadas e fresadas<br \/>\n- Limpeza antes da instala\u00e7\u00e3o ou do revestimento<br \/>\n- Remo\u00e7\u00e3o de lubrificantes de arrefecimento, \u00f3leos e part\u00edculas<\/p>\n<p>A m\u00e1quina pode ser inspeccionada mediante marca\u00e7\u00e3o pr\u00e9via.<br \/>\nReservado o direito a altera\u00e7\u00f5es e erros nos dados t\u00e9cnicos e informa\u00e7\u00f5es, bem como a venda pr\u00e9via!<\/p>\n<p>Descri\u00e7\u00e3o t\u00e9cnica - PERO RO<br \/>\nSistema de limpeza de pe\u00e7as \u00e0 base de solventes industriais<br \/>\nO PERO RO \u00e9 um poderoso sistema de limpeza de pe\u00e7as industriais para a limpeza eficaz e amiga do ambiente de pe\u00e7as e componentes com solventes. \u00c9 adequado para uma vasta gama de aplica\u00e7\u00f5es na ind\u00fastria metalomec\u00e2nica e garante elevados padr\u00f5es de limpeza com um funcionamento econ\u00f3mico.<br \/>\nCarater\u00edsticas:<br \/>\n- Limpeza com solventes org\u00e2nicos (por exemplo, hidrocarbonetos ou \u00e1lcoois modificados)<br \/>\n- Processo de trabalho fechado com circula\u00e7\u00e3o integrada de solventes<br \/>\n- Adequado para lotes pequenos a m\u00e9dios e geometrias de componentes vari\u00e1veis<br \/>\n- Controlo automatizado do processo para resultados de limpeza reprodut\u00edveis<br \/>\n- Conce\u00e7\u00e3o robusta para utiliza\u00e7\u00e3o industrial cont\u00ednua<br \/>\n\u00c1reas t\u00edpicas de aplica\u00e7\u00e3o:<br \/>\n- Desengorduramento de pe\u00e7as torneadas e fresadas<br \/>\n- Limpeza antes da montagem ou do revestimento<br \/>\n- Remo\u00e7\u00e3o de lubrificantes de arrefecimento, \u00f3leos e part\u00edculas<\/p>\n<p>A m\u00e1quina pode ser visitada mediante marca\u00e7\u00e3o pr\u00e9via.<br \/>\nSujeito a altera\u00e7\u00f5es e erros nos dados t\u00e9cnicos e especifica\u00e7\u00f5es, bem como a venda pr\u00e9via!<\/p>","protected":false},"excerpt":{"rendered":"<p>Standort: Deutschland, Baden-W\u00fcrttemberg S\u00fcdwest Zustand: Gebraucht Hersteller: Pero Modell: R0\/057 EX8240 Baujahr: 2019 Technische Beschreibung \u2013 PERO RO Industrielle Teilereinigungsanlage auf L\u00f6semittelbasis Die PERO RO ist eine leistungsstarke industrielle Teilereinigungsanlage zur effektiven und umweltgerechten Reinigung von Werkst\u00fccken und Bauteilen mit L\u00f6semitteln. Sie eignet sich f\u00fcr unterschiedlichste Anwendungen in der metallverarbeitenden Industrie und garantiert hohe Sauberkeitsstandards [&hellip;]<\/p>\n","protected":false},"featured_media":4425,"comment_status":"open","ping_status":"closed","template":"","meta":{"_uf_show_specific_survey":0,"_uf_disable_surveys":false},"product_brand":[],"product_cat":[109],"product_tag":[],"class_list":{"0":"post-4433","1":"product","2":"type-product","3":"status-publish","4":"has-post-thumbnail","6":"product_cat-industrielle-reinigungsanlagen","8":"first","9":"instock","10":"taxable","11":"shipping-taxable","12":"product-type-simple"},"aioseo_notices":[],"_links":{"self":[{"href":"https:\/\/mueller-wrh.de\/pt\/wp-json\/wp\/v2\/product\/4433","targetHints":{"allow":["GET"]}}],"collection":[{"href":"https:\/\/mueller-wrh.de\/pt\/wp-json\/wp\/v2\/product"}],"about":[{"href":"https:\/\/mueller-wrh.de\/pt\/wp-json\/wp\/v2\/types\/product"}],"replies":[{"embeddable":true,"href":"https:\/\/mueller-wrh.de\/pt\/wp-json\/wp\/v2\/comments?post=4433"}],"wp:featuredmedia":[{"embeddable":true,"href":"https:\/\/mueller-wrh.de\/pt\/wp-json\/wp\/v2\/media\/4425"}],"wp:attachment":[{"href":"https:\/\/mueller-wrh.de\/pt\/wp-json\/wp\/v2\/media?parent=4433"}],"wp:term":[{"taxonomy":"product_brand","embeddable":true,"href":"https:\/\/mueller-wrh.de\/pt\/wp-json\/wp\/v2\/product_brand?post=4433"},{"taxonomy":"product_cat","embeddable":true,"href":"https:\/\/mueller-wrh.de\/pt\/wp-json\/wp\/v2\/product_cat?post=4433"},{"taxonomy":"product_tag","embeddable":true,"href":"https:\/\/mueller-wrh.de\/pt\/wp-json\/wp\/v2\/product_tag?post=4433"}],"curies":[{"name":"wp","href":"https:\/\/api.w.org\/{rel}","templated":true}]}}