{"id":4333,"date":"2025-10-24T12:43:12","date_gmt":"2025-10-24T12:43:12","guid":{"rendered":"https:\/\/mueller-wrh.de\/produkt\/dmg-gildemeister-sprint-ms36-2_multisprint-36_bj-2018_-intnr231416\/"},"modified":"2025-10-27T12:51:34","modified_gmt":"2025-10-27T12:51:34","slug":"dmg-gildemeister-sprint-ms36-2_multisprint-36_bj-2018_-intnr231416","status":"publish","type":"product","link":"https:\/\/mueller-wrh.de\/pt\/produto\/dmg-gildemeister-sprint-ms36-2_multisprint-36_bj-2018_-intnr231416\/","title":{"rendered":"DMG Gildemeister SPRINT MS36-2_MULTISPRINT 36_Ano 2018_ IntNo231416"},"content":{"rendered":"<p><b>Localiza\u00e7\u00e3o:<\/b> Alemanha, Baden-W\u00fcrttemberg Sudoeste<\/p>\n<p><b>Estado:<\/b> Como novo<\/p>\n<p><b>Fabricante:<\/b> DMG<\/p>\n<p><b>Modelo:<\/b> MULTISPRINT MS36-2<\/p>\n<p><b>Ano de constru\u00e7\u00e3o:<\/b> 2018<\/p>\n<p><b>Hor\u00e1rio de funcionamento:<\/b> 31241<\/p>\n<p>CNC-DMG Gildemeister MULTISPRINT 36 \/ SWISSTYPE maquina\u00e7\u00e3o at\u00e9 170 mm de comprimento de torneamento<br \/>\nAno de constru\u00e7\u00e3o: 2018<br \/>\nHor\u00e1rio de funcionamento: 47548<br \/>\nTempo de processamento: 31241<br \/>\nSitua\u00e7\u00e3o: outubro de 2025<br \/>\nSistema de controlo: Fanuc 30i B<\/p>\n<p>M\u00e1xima flexibilidade da MULTISPRINT gra\u00e7as \u00e0 sua modularidade e aos eixos Y em todas as posi\u00e7\u00f5es<br \/>\nUtiliza\u00e7\u00e3o de ferramentas acionadas em todas as posi\u00e7\u00f5es do fuso<br \/>\nEixo Y em todas as posi\u00e7\u00f5es do fuso como padr\u00e3o<br \/>\nSWISSTYPEkit para torneamento curto e longo at\u00e9 170 mm de comprimento<br \/>\nMaquina\u00e7\u00e3o de mandris ou barras: barras de 4 a \u00f8 36 mm, componentes de mandris at\u00e9 \u00f8 50 mm Maquina\u00e7\u00e3o de dupla face e fora do centro<\/p>\n<p>Tipo de m\u00e1quina: Torno autom\u00e1tico multi-eixo<br \/>\nMaquina\u00e7\u00e3o SWISSTYPE: comprimento de torneamento at\u00e9 170 mm<br \/>\nControlo: FANUC S\u00e9rie 30i<br \/>\nM\u00e1xima flexibilidade gra\u00e7as \u00e0 modularidade e aos eixos Y em todas as posi\u00e7\u00f5es do fuso<br \/>\nUtiliza\u00e7\u00e3o de ferramentas acionadas em todas as posi\u00e7\u00f5es do fuso<br \/>\nMaquina\u00e7\u00e3o: barras de \u00d8 4 - 36 mm, pe\u00e7as de mandril at\u00e9 \u00d8 50 mm<br \/>\nPossibilidade de processamento em dupla face e fora do centro<\/p>\n<p>Dados de desempenho<br \/>\nValor da carater\u00edstica<br \/>\nM\u00e1ximo. Di\u00e2metro da pe\u00e7a de trabalho 36 mm<br \/>\nM\u00e1ximo. Comprimento da pe\u00e7a de trabalho 170 mm<br \/>\nM\u00e1x. Passagem de barra 36 mm<br \/>\nPercursos de desloca\u00e7\u00e3o (X \/ Y \/ Z) 50 \/ 100 \/ 170 mm<\/p>\n<p>Fusos principais<br \/>\nQuantidade: 6<br \/>\nEixo C (resolu\u00e7\u00e3o angular): 0,002\u00b0.<br \/>\nL\u00e2mina transversal: 6 \u00d7 (eixo X\/Y)<br \/>\nDist\u00e2ncia de desloca\u00e7\u00e3o Z1-Z6: 170 mm (com kit SWISSTYPE)<br \/>\nM\u00e1ximo. Passagem da haste: \u00d8 40 mm<br \/>\nVelocidade: at\u00e9 7 500 min-\u00b9<br \/>\nPot\u00eancia de acionamento (100 % ED): 13,3 kW<br \/>\nBin\u00e1rio (100 % ED): 32 Nm<br \/>\nTempo de indexa\u00e7\u00e3o do tambor: 0,65 s<\/p>\n<p>Contra-eixo Fusos de recolha<br \/>\nN\u00famero: 2 (eixo C com eixo X\/Y\/Z)<br \/>\nOrif\u00edcio de passagem: \u00d8 40 mm<br \/>\nVelocidade: 7 500 min-\u00b9<br \/>\nPot\u00eancia de acionamento: 13,3 kW<br \/>\nBin\u00e1rio: 32 Nm<br \/>\nDist\u00e2ncia de desloca\u00e7\u00e3o (Z7-Z8): 410 mm<br \/>\nPercursos de desloca\u00e7\u00e3o (X7-X8 \/ Y7-Y8): 277 \/ 312 mm<br \/>\nVelocidade de desloca\u00e7\u00e3o r\u00e1pida: 40 m\/min<\/p>\n<p>Porta-ferramentas no carro transversal<br \/>\nM\u00e1ximo. N\u00famero de ferramentas: 3<br \/>\nVelocidade: 3 900 \/ 8 000 \/ 13 800 min-\u00b9<br \/>\nPot\u00eancia de acionamento (100 % ED): 0,9 kW<br \/>\nBin\u00e1rio (100 % ED): 5,8 \/ 2,9 \/ 1,7 Nm<br \/>\nPercursos de desloca\u00e7\u00e3o (X1-X6 \/ Y1-Y6): 50 \/ 100 mm<br \/>\nVelocidade de desloca\u00e7\u00e3o r\u00e1pida: 20 m\/min<br \/>\nCarro para maquinagem traseira<br \/>\nVelocidade (U7-U8): 3 900 \/ 8 000 \/ 13 800 min-\u00b9<br \/>\nPot\u00eancia de acionamento: 0,9 kW<br \/>\nBin\u00e1rio: 5,8 \/ 2,9 \/ 1,7 Nm<br \/>\nEcr\u00e3 de controlo: ecr\u00e3 a cores de 15\u2033 (\u00d7 2)<br \/>\nSistema de aperto: mandril de pin\u00e7a de fixa\u00e7\u00e3o Hainbuch TOPlus 40 Achsfix<\/p>\n<p>Transportador de aparas de correia articulada com bomba de eleva\u00e7\u00e3o<br \/>\nSistema de alta press\u00e3o para \u00f3leo (filtro 50 \/ 25 \u00b5m, bombas 5 \/ 12 MPa)<br \/>\nV\u00e1rios suportes de ferramentas<br \/>\nSistema de extin\u00e7\u00e3o de inc\u00eandios<br \/>\nAlimentador de barras (vers\u00e3o de carregador plano)<br \/>\nSistema de carregamento de pe\u00e7as<\/p>\n<p>A m\u00e1quina est\u00e1 totalmente funcional do ponto de vista el\u00e9trico e mec\u00e2nico e pode ser inspeccionada sob tens\u00e3o mediante marca\u00e7\u00e3o pr\u00e9via.<br \/>\nReservado o direito a altera\u00e7\u00f5es e erros nos dados t\u00e9cnicos e informa\u00e7\u00f5es, bem como a venda pr\u00e9via!<\/p>\n<p>CNC-DMG Gildemeister MULTISPRINT 36 \/ SWISSTYPE maquina\u00e7\u00e3o at\u00e9 170 mm de comprimento de torneamento<br \/>\nAno de fabrico: 2018<br \/>\nHor\u00e1rio de funcionamento: 47548<br \/>\nTempo de maquinagem: 31241<br \/>\nSitua\u00e7\u00e3o: outubro de 2025<br \/>\nControlo: Fanuc 30i B<\/p>\n<p>M\u00e1xima flexibilidade da MULTISPRINT gra\u00e7as \u00e0 sua modularidade e aos eixos Y em todas as posi\u00e7\u00f5es<br \/>\nUtiliza\u00e7\u00e3o de ferramentas acionadas em todas as posi\u00e7\u00f5es do fuso<br \/>\nEixo Y em todas as posi\u00e7\u00f5es do fuso como padr\u00e3o<br \/>\nSWISSTYPEkit para torneamento curto e longo at\u00e9 170 mm de comprimento<br \/>\nMaquina\u00e7\u00e3o de mandris ou barras: barras de 4 a \u00f8 36 mm, componentes de mandris at\u00e9 \u00f8 50 mm Maquina\u00e7\u00e3o dupla traseira e descentrada<\/p>\n<p>Tipo de m\u00e1quina: Torno autom\u00e1tico multi-eixo<br \/>\nMaquina\u00e7\u00e3o SWISSTYPE: comprimento de torneamento at\u00e9 170 mm<br \/>\nControlo: FANUC S\u00e9rie 30i<br \/>\nM\u00e1xima flexibilidade gra\u00e7as \u00e0 modularidade e aos eixos Y em todas as posi\u00e7\u00f5es do fuso<br \/>\nUtiliza\u00e7\u00e3o de ferramentas acionadas em todas as posi\u00e7\u00f5es do fuso<br \/>\nMaquina\u00e7\u00e3o: Barras de \u00d8 4 - 36 mm, pe\u00e7as de mandril at\u00e9 \u00d8 50 mm<br \/>\nPossibilidade de maquinagem dupla traseira e descentrada<\/p>\n<p>Dados de desempenho<br \/>\nValor da carater\u00edstica<br \/>\nDi\u00e2metro m\u00e1x. da pe\u00e7a de trabalho 36 mm<br \/>\nComprimento m\u00e1x. da pe\u00e7a de trabalho 170 mm<br \/>\nCapacidade m\u00e1xima de bar 36 mm<br \/>\nCurso (X \/ Y \/ Z) 50 \/ 100 \/ 170 mm<\/p>\n<p>Fusos principais<br \/>\nN\u00famero: 6<br \/>\nEixos C (resolu\u00e7\u00e3o angular): 0,002\u00b0<br \/>\nL\u00e2minas cruzadas: 6 \u00d7 (eixo X\/Y)<br \/>\nCurso Z1-Z6: 170 mm (com kit SWISSTYPE)<br \/>\nCapacidade m\u00e1xima de bar: \u00d8 40 mm<br \/>\nVelocidade: at\u00e9 7.500 rpm<br \/>\nPot\u00eancia de acionamento (ciclo de funcionamento 100%): 13,3 kW<br \/>\nBin\u00e1rio (ciclo de funcionamento 100%): 32 Nm<br \/>\nTempo de indexa\u00e7\u00e3o do tambor: 0,65 s<\/p>\n<p>Contra-eixo Fusos de recolha<br \/>\nN\u00famero: 2 (eixos C com eixos X\/Y\/Z)<br \/>\nFuro passante: \u00d8 40 mm<br \/>\nVelocidade: 7.500 rpm<br \/>\nPot\u00eancia de acionamento: 13,3 kW<br \/>\nBin\u00e1rio: 32 Nm<br \/>\nDist\u00e2ncias de desloca\u00e7\u00e3o (Z7-Z8): 410 mm<br \/>\nCurso (X7-X8 \/ Y7-Y8): 277 \/ 312 mm<br \/>\nVelocidade de desloca\u00e7\u00e3o r\u00e1pida: 40 m\/min<\/p>\n<p>Porta-ferramentas no carro transversal<br \/>\nN\u00famero m\u00e1ximo de ferramentas: 3<br \/>\nVelocidade: 3.900 \/ 8.000 \/ 13.800 rpm<br \/>\nPot\u00eancia de acionamento (ciclo de funcionamento 100%): 0,9 kW<br \/>\nBin\u00e1rio (ciclo de funcionamento 100%): 5,8 \/ 2,9 \/ 1,7 Nm<br \/>\nDist\u00e2ncias de desloca\u00e7\u00e3o (X1-X6 \/ Y1-Y6): 50 \/ 100 mm<br \/>\nVelocidade de desloca\u00e7\u00e3o r\u00e1pida: 20 m\/min<br \/>\nTren\u00f3 para maquinagem traseira<br \/>\nVelocidade (U7-U8): 3.900 \/ 8.000 \/ 13.800 min-\u00b9<br \/>\nPot\u00eancia de acionamento: 0,9 kW<br \/>\nBin\u00e1rio: 5,8 \/ 2,9 \/ 1,7 Nm<br \/>\nEcr\u00e3 de controlo: ecr\u00e3 a cores de 15\u2033 (\u00d7 2)<br \/>\nSistema de fixa\u00e7\u00e3o: Hainbuch TOPlus 40 Suporte de pin\u00e7as de fixa\u00e7\u00e3o por eixo<\/p>\n<p>Transportador de aparas de correia articulada com bomba de eleva\u00e7\u00e3o<br \/>\nSistema de alta press\u00e3o para \u00f3leo (filtro 50 \/ 25 \u00b5m, bombas 5 \/ 12 MPa)<br \/>\nV\u00e1rios suportes de ferramentas<br \/>\nSistema de extin\u00e7\u00e3o de inc\u00eandios<br \/>\nCarregador de barras (modelo de carregador plano)<br \/>\nSistema de carregamento de pe\u00e7as<\/p>\n<p>A m\u00e1quina est\u00e1 totalmente funcional, tanto a n\u00edvel el\u00e9trico como mec\u00e2nico, e pode ser vista sob tens\u00e3o mediante marca\u00e7\u00e3o.<br \/>\nSujeito a altera\u00e7\u00f5es e erros nos dados t\u00e9cnicos e especifica\u00e7\u00f5es, bem como a venda pr\u00e9via!<\/p>","protected":false},"excerpt":{"rendered":"<p>Standort: Deutschland, Baden-W\u00fcrttemberg S\u00fcdwest Zustand: Neuwertig Hersteller: DMG Modell: MULTISPRINT MS36-2 Baujahr: 2018 Betriebsstunden: 31241 CNC-DMG Gildemeister MULTISPRINT 36 \/ SWISSTYPE-Bearbeitung bis 170 mm Drehl\u00e4nge Baujahr: 2018 Betriebsstunden: 47548 Bearbeitungszeit: 31241 Stand: Oktober 2025 Steuerung: Fanuc 30i B H\u00f6chste Flexibilit\u00e4t der MULTISPRINT dank ihrer Modularit\u00e4t und ihrer Y-Achsen in jeder Postion Einsatz angetriebener Werkzeuge auf [&hellip;]<\/p>\n","protected":false},"featured_media":4346,"comment_status":"open","ping_status":"closed","template":"","meta":{"_uf_show_specific_survey":0,"_uf_disable_surveys":false},"product_brand":[],"product_cat":[108],"product_tag":[],"class_list":{"0":"post-4333","1":"product","2":"type-product","3":"status-publish","4":"has-post-thumbnail","6":"product_cat-mehrspindler","8":"first","9":"instock","10":"taxable","11":"shipping-taxable","12":"product-type-simple"},"aioseo_notices":[],"_links":{"self":[{"href":"https:\/\/mueller-wrh.de\/pt\/wp-json\/wp\/v2\/product\/4333","targetHints":{"allow":["GET"]}}],"collection":[{"href":"https:\/\/mueller-wrh.de\/pt\/wp-json\/wp\/v2\/product"}],"about":[{"href":"https:\/\/mueller-wrh.de\/pt\/wp-json\/wp\/v2\/types\/product"}],"replies":[{"embeddable":true,"href":"https:\/\/mueller-wrh.de\/pt\/wp-json\/wp\/v2\/comments?post=4333"}],"wp:featuredmedia":[{"embeddable":true,"href":"https:\/\/mueller-wrh.de\/pt\/wp-json\/wp\/v2\/media\/4346"}],"wp:attachment":[{"href":"https:\/\/mueller-wrh.de\/pt\/wp-json\/wp\/v2\/media?parent=4333"}],"wp:term":[{"taxonomy":"product_brand","embeddable":true,"href":"https:\/\/mueller-wrh.de\/pt\/wp-json\/wp\/v2\/product_brand?post=4333"},{"taxonomy":"product_cat","embeddable":true,"href":"https:\/\/mueller-wrh.de\/pt\/wp-json\/wp\/v2\/product_cat?post=4333"},{"taxonomy":"product_tag","embeddable":true,"href":"https:\/\/mueller-wrh.de\/pt\/wp-json\/wp\/v2\/product_tag?post=4333"}],"curies":[{"name":"wp","href":"https:\/\/api.w.org\/{rel}","templated":true}]}}