{"id":4286,"date":"2025-10-18T09:40:01","date_gmt":"2025-10-18T09:40:01","guid":{"rendered":"https:\/\/mueller-wrh.de\/produkt\/star-sv-32jii_bj-2002_-typ-440_intnr231159\/"},"modified":"2025-10-18T09:40:01","modified_gmt":"2025-10-18T09:40:01","slug":"star-sv-32jii_bj-2002_-typ-440_intnr231159","status":"publish","type":"product","link":"https:\/\/mueller-wrh.de\/pt\/produto\/star-sv-32jii_bj-2002_-typ-440_intnr231159\/","title":{"rendered":"Star SV-32JII_Ano 2002_Tipo 440_IntNo231159"},"content":{"rendered":"<p><b>Localiza\u00e7\u00e3o:<\/b> Alemanha, Baden-W\u00fcrttemberg Sudoeste<\/p>\n<p><b>Estado:<\/b> Usado<\/p>\n<p><b>Fabricante:<\/b> STAR Micronics<\/p>\n<p><b>Modelo:<\/b> SV-32<\/p>\n<p><b>Ano de constru\u00e7\u00e3o:<\/b> 2002<\/p>\n<p><b>Hor\u00e1rio de funcionamento:<\/b> 18000<\/p>\n<p>IntNo231159<br \/>\nTipo de m\u00e1quina Torno autom\u00e1tico de cabe\u00e7ote m\u00f3vel CNC<br \/>\nFabricante STAR Micronics<br \/>\nModelo SV32 JII<br \/>\nAno de constru\u00e7\u00e3o 2002<br \/>\nEstado de conserva\u00e7\u00e3o muito bom (usado)<br \/>\nM\u00e1quina muito bem conservada diretamente do utilizador<br \/>\nA m\u00e1quina s\u00f3 funcionou com \u00f3leo<br \/>\nHoras de funcionamento de cerca de 18.000 horas.<br \/>\nAcess\u00f3rios standard da m\u00e1quina<br \/>\n. Casquilho guia com acionamento s\u00edncrono<br \/>\n. Eixo C no fuso principal e no fuso de recolha<br \/>\n. Tapete transportador de pe\u00e7as de trabalho<br \/>\n. Manga de pin\u00e7a do veio principal F37 (673-53)<br \/>\n. Mandril de recolha da manga de pin\u00e7a F37 (673-73)<br \/>\n. Unidade de perfura\u00e7\u00e3o cruzada de 3 fusos<br \/>\n. Porta-ferramentas de 4 esta\u00e7\u00f5es 16x16mm<br \/>\n. Fuso de recolha com capacidade de recolha de 32 mm<br \/>\n. Dispositivo de extra\u00e7\u00e3o de pe\u00e7as para a frente<br \/>\n. Ejetor de pe\u00e7as , Prote\u00e7\u00e3o de eje\u00e7\u00e3o de pe\u00e7as,<br \/>\n. Prote\u00e7\u00e3o contra a fratura do a\u00e7o de corte<br \/>\n. Dep\u00f3sito de \u00f3leo de refrigera\u00e7\u00e3o separado com monitoriza\u00e7\u00e3o do n\u00edvel e do caudal<br \/>\n. Unidade de lubrifica\u00e7\u00e3o centralizada autom\u00e1tica com controlo do n\u00edvel de \u00f3leo<br \/>\n. Parafusos e placas de nivelamento, caixa de ferramentas<br \/>\n. Interface para alimentador de barras<br \/>\n. Interface RS232C<\/p>\n<p>Carregador FMB Turbo 3-26 constru\u00eddo em 2004<br \/>\nSistema de extin\u00e7\u00e3o de inc\u00eandios Kraft &amp; Bauer \/ GUT Feuerschutz<br \/>\nTransportador de aparas Mayfran<\/p>\n<p>A m\u00e1quina pode ser inspeccionada mediante marca\u00e7\u00e3o pr\u00e9via.<br \/>\nReservado o direito a altera\u00e7\u00f5es e erros nos dados t\u00e9cnicos e informa\u00e7\u00f5es, bem como a venda pr\u00e9via!<\/p>\n<p>IntNo231159<br \/>\nTipo de m\u00e1quina Torno autom\u00e1tico de cabe\u00e7ote m\u00f3vel CNC<br \/>\nFabricante STAR Micronics<br \/>\nModelo SV32 JII<br \/>\nano de constru\u00e7\u00e3o 2002<br \/>\nEstado de conserva\u00e7\u00e3o muito bom (usado)<br \/>\nM\u00e1quina muito bem conservada diretamente do utilizador<br \/>\nA m\u00e1quina s\u00f3 funcionou com \u00f3leo<br \/>\nHoras de funcionamento cerca de 18.000 horas<br \/>\nM\u00e1quina de acess\u00f3rios standard<br \/>\n. Casquilho guia com acionamento s\u00edncrono<br \/>\n. Eixo C no fuso principal e no fuso de recolha<br \/>\n. Tapete transportador de pe\u00e7as de trabalho<br \/>\n. Manga de pin\u00e7a do veio principal F37 (673-53)<br \/>\n. Mandril de recolha da manga de pin\u00e7a F37 (673-73)<br \/>\n. Unidade de perfura\u00e7\u00e3o cruzada de 3 fusos<br \/>\n. Porta-ferramentas de 4 esta\u00e7\u00f5es 16x16mm<br \/>\n. Fuso de recolha com capacidade de recolha de 32 mm<br \/>\n. Dispositivo de extra\u00e7\u00e3o de pe\u00e7as para a frente<br \/>\n. Ejetor de pe\u00e7as, prote\u00e7\u00e3o de eje\u00e7\u00e3o de pe\u00e7as ,<br \/>\n. Prote\u00e7\u00e3o contra a rutura do a\u00e7o de corte<br \/>\n. Dep\u00f3sito de \u00f3leo de refrigera\u00e7\u00e3o separado com monitoriza\u00e7\u00e3o do n\u00edvel e do caudal<br \/>\n. Unidade de lubrifica\u00e7\u00e3o central autom\u00e1tica com controlo do n\u00edvel de \u00f3leo<br \/>\n. Parafusos e placas de nivelamento, caixa de ferramentas<br \/>\n. Interface para alimentador de barras<br \/>\n. Interface RS232C<\/p>\n<p>Revista de carregamento FMB Turbo 3-26 ano 2004<br \/>\nSistema de extin\u00e7\u00e3o de inc\u00eandios Kraft &amp; Bauer \/ GUT Feuerschutz<br \/>\nTransportador de aparas Mayfran<\/p>\n<p>A m\u00e1quina pode ser inspeccionada mediante marca\u00e7\u00e3o pr\u00e9via.<br \/>\nReservado o direito a altera\u00e7\u00f5es e erros nos dados t\u00e9cnicos e informa\u00e7\u00f5es, bem como a venda pr\u00e9via!<\/p>","protected":false},"excerpt":{"rendered":"<p>Standort: Deutschland, Baden-W\u00fcrttemberg S\u00fcdwest Zustand: Gebraucht Hersteller: STAR Micronics Modell: SV-32 Baujahr: 2002 Betriebsstunden: 18000 IntNr231159 Maschinentyp CNC-Langdrehautomat Hersteller STAR Micronics Modell SV32 JII Baujahr 2002 Zustand sehr gut (gebraucht) Sehr gepflegte Maschine direkt vom Anwender Maschine ist nur mit \u00d6l gelaufen Betriebsstunden um die 18.000std. Standardzubeh\u00f6r Maschine . Synchron angetriebene F\u00fchrungsb\u00fcchse . C-Achse auf [&hellip;]<\/p>\n","protected":false},"featured_media":4280,"comment_status":"open","ping_status":"closed","template":"","meta":{"_uf_show_specific_survey":0,"_uf_disable_surveys":false},"product_brand":[],"product_cat":[23],"product_tag":[],"class_list":{"0":"post-4286","1":"product","2":"type-product","3":"status-publish","4":"has-post-thumbnail","6":"product_cat-cnc-langdrehmaschinen","8":"first","9":"instock","10":"taxable","11":"shipping-taxable","12":"product-type-simple"},"aioseo_notices":[],"_links":{"self":[{"href":"https:\/\/mueller-wrh.de\/pt\/wp-json\/wp\/v2\/product\/4286","targetHints":{"allow":["GET"]}}],"collection":[{"href":"https:\/\/mueller-wrh.de\/pt\/wp-json\/wp\/v2\/product"}],"about":[{"href":"https:\/\/mueller-wrh.de\/pt\/wp-json\/wp\/v2\/types\/product"}],"replies":[{"embeddable":true,"href":"https:\/\/mueller-wrh.de\/pt\/wp-json\/wp\/v2\/comments?post=4286"}],"wp:featuredmedia":[{"embeddable":true,"href":"https:\/\/mueller-wrh.de\/pt\/wp-json\/wp\/v2\/media\/4280"}],"wp:attachment":[{"href":"https:\/\/mueller-wrh.de\/pt\/wp-json\/wp\/v2\/media?parent=4286"}],"wp:term":[{"taxonomy":"product_brand","embeddable":true,"href":"https:\/\/mueller-wrh.de\/pt\/wp-json\/wp\/v2\/product_brand?post=4286"},{"taxonomy":"product_cat","embeddable":true,"href":"https:\/\/mueller-wrh.de\/pt\/wp-json\/wp\/v2\/product_cat?post=4286"},{"taxonomy":"product_tag","embeddable":true,"href":"https:\/\/mueller-wrh.de\/pt\/wp-json\/wp\/v2\/product_tag?post=4286"}],"curies":[{"name":"wp","href":"https:\/\/api.w.org\/{rel}","templated":true}]}}