{"id":4279,"date":"2025-10-14T06:57:20","date_gmt":"2025-10-14T06:57:20","guid":{"rendered":"https:\/\/mueller-wrh.de\/produkt\/star-sv-20_bj-1999-typ-420_intnr231160\/"},"modified":"2025-12-16T10:47:51","modified_gmt":"2025-12-16T10:47:51","slug":"star-sv-20_bj-1999-typ-420_intnr231160","status":"publish","type":"product","link":"https:\/\/mueller-wrh.de\/pt\/produto\/star-sv-20_bj-1999-typ-420_intnr231160\/","title":{"rendered":"Star SV-20_Ano 1999 Tipo 420_IntNo231160"},"content":{"rendered":"<p><b>Localiza\u00e7\u00e3o:<\/b> Alemanha, Baden-W\u00fcrttemberg Sudoeste<\/p>\n<p><b>Estado:<\/b> Usado<\/p>\n<p><b>Fabricante:<\/b> STAR Micronics<\/p>\n<p><b>Modelo:<\/b> SV-20<\/p>\n<p><b>Ano de constru\u00e7\u00e3o:<\/b> 1999<\/p>\n<p><b>Hor\u00e1rio de funcionamento:<\/b> 78000<\/p>\n<p>IntNo231160<br \/>\nTipo de m\u00e1quina Torno autom\u00e1tico de cabe\u00e7ote m\u00f3vel CNC<br \/>\nFabricante STAR<br \/>\nModelo SV-20<br \/>\nAno de constru\u00e7\u00e3o 1999<br \/>\nEstado de conserva\u00e7\u00e3o muito bom (usado)<br \/>\nM\u00e1quina muito bem conservada diretamente do utilizador<br \/>\nA m\u00e1quina s\u00f3 funcionou com \u00f3leo<br \/>\nHoras de funcionamento de cerca de 78.000 horas.<br \/>\nSistema de controlo FANUC 16i-T com 9 eixos,<br \/>\n9 eixos (X \/ C1 \/ Y \/ E \/ B \/ A \/ X \/ C2),<br \/>\nHaste \u00d8 m\u00e1x. 20 mm<br \/>\nComprimento de viragem m\u00e1x. 205 mm \/ 195 mm,<br \/>\nEixo principal, velocidade m\u00e1xima 10.000 rpm, eixo C,<br \/>\nContra-fuso com mandril de pin\u00e7a, velocidade m\u00e1xima 10.000 rpm, eixo C,<br \/>\nPorta-ferramentas de 4 dobras<br \/>\n3 Unidades de perfura\u00e7\u00e3o cruzada<br \/>\nRev\u00f3lver com 8 esta\u00e7\u00f5es<br \/>\nV\u00e1rios porta-ferramentas adicionais, espirais,<br \/>\nTapete transportador de pe\u00e7as<br \/>\nCapacidade do dep\u00f3sito 170 litros<\/p>\n<p>L\u00edquido de arrefecimento utilizado pela m\u00e1quina: \u00d3leo <\/p>\n<p>Carregador FMB Turbo 3-26 \/3200\/A \/ de \u00d83- \u00d826 mm Ano 1999<br \/>\nSistema de extin\u00e7\u00e3o de inc\u00eandios Kraft &amp; Bauer \/ GUT Feuerschutz<br \/>\nTransportador de aparas Mayfran<\/p>\n<p>A m\u00e1quina pode ser inspeccionada mediante marca\u00e7\u00e3o pr\u00e9via.<br \/>\nReservado o direito a altera\u00e7\u00f5es e erros nos dados t\u00e9cnicos e informa\u00e7\u00f5es, bem como a venda pr\u00e9via!<\/p>\n<p>IntNo231160<br \/>\nTipo de m\u00e1quina Torno autom\u00e1tico de cabe\u00e7ote m\u00f3vel CNC<br \/>\nFabricante STAR<br \/>\nModelo SV-20<br \/>\nano de constru\u00e7\u00e3o 1999<br \/>\nEstado de conserva\u00e7\u00e3o muito bom (usado)<br \/>\nM\u00e1quina muito bem conservada diretamente do utilizador<br \/>\nA m\u00e1quina s\u00f3 funcionou com \u00f3leo<br \/>\nHoras de funcionamento cerca de 78.000 horas<br \/>\nControlo FANUC 16i-T com 9 eixos,<br \/>\n9 eixos (X \/ C1 \/ Y \/ E \/ B \/ A \/ X \/ C2),<br \/>\nBarra \u00d8 m\u00e1x. 20 mm<br \/>\nComprimento de viragem m\u00e1x. 205 mm \/ 195mm,<br \/>\nEixo principal, velocidade m\u00e1xima 10.000 rpm, eixo C,<br \/>\nContra-fuso com mandril de pin\u00e7a, velocidade m\u00e1xima 10.000 rpm, eixo C,<br \/>\nPorta-ferramentas de 4 dobras<br \/>\n3 unidades de perfura\u00e7\u00e3o cruzada<br \/>\nTorre com 8 esta\u00e7\u00f5es<br \/>\nV\u00e1rios porta-ferramentas adicionais, espirais,<br \/>\ncorreia transportadora de pe\u00e7as<br \/>\nCapacidade do dep\u00f3sito 170L<\/p>\n<p>L\u00edquido de arrefecimento da m\u00e1quina: \u00f3leo <\/p>\n<p>Carregador FMB Turbo 3-26 \/3200\/A \/ de \u00d83- \u00d826 mm Ano de constru\u00e7\u00e3o 1999<br \/>\nSistema de extin\u00e7\u00e3o de inc\u00eandios Kraft &amp; Bauer \/ Prote\u00e7\u00e3o contra inc\u00eandios GUT<br \/>\nTransportador de aparas Mayfran<\/p>\n<p>A m\u00e1quina pode ser inspeccionada mediante marca\u00e7\u00e3o pr\u00e9via.<br \/>\nReservado o direito a altera\u00e7\u00f5es e erros nos dados t\u00e9cnicos e informa\u00e7\u00f5es, bem como a venda pr\u00e9via!<\/p>","protected":false},"excerpt":{"rendered":"<p>Standort: Deutschland, Baden-W\u00fcrttemberg S\u00fcdwest Zustand: Gebraucht Hersteller: STAR Micronics Modell: SV-20 Baujahr: 1999 Betriebsstunden: 78000 IntNr231160 Maschinentyp CNC-Langdrehautomat Hersteller STAR Modell SV-20 Baujahr 1999 Zustand sehr gut (gebraucht) Sehr gepflegte Maschine direkt vom Anwender Maschine ist nur mit \u00d6l gelaufen Betriebsstunden um die 78.000std. FANUC 16i-T Steuerung mit 9 Achsen, 9 Achsen (X \/ C1 [&hellip;]<\/p>\n","protected":false},"featured_media":4569,"comment_status":"open","ping_status":"closed","template":"","meta":{"_uf_show_specific_survey":0,"_uf_disable_surveys":false},"product_brand":[],"product_cat":[23],"product_tag":[],"class_list":{"0":"post-4279","1":"product","2":"type-product","3":"status-publish","4":"has-post-thumbnail","6":"product_cat-cnc-langdrehmaschinen","8":"first","9":"instock","10":"taxable","11":"shipping-taxable","12":"product-type-simple"},"aioseo_notices":[],"_links":{"self":[{"href":"https:\/\/mueller-wrh.de\/pt\/wp-json\/wp\/v2\/product\/4279","targetHints":{"allow":["GET"]}}],"collection":[{"href":"https:\/\/mueller-wrh.de\/pt\/wp-json\/wp\/v2\/product"}],"about":[{"href":"https:\/\/mueller-wrh.de\/pt\/wp-json\/wp\/v2\/types\/product"}],"replies":[{"embeddable":true,"href":"https:\/\/mueller-wrh.de\/pt\/wp-json\/wp\/v2\/comments?post=4279"}],"wp:featuredmedia":[{"embeddable":true,"href":"https:\/\/mueller-wrh.de\/pt\/wp-json\/wp\/v2\/media\/4569"}],"wp:attachment":[{"href":"https:\/\/mueller-wrh.de\/pt\/wp-json\/wp\/v2\/media?parent=4279"}],"wp:term":[{"taxonomy":"product_brand","embeddable":true,"href":"https:\/\/mueller-wrh.de\/pt\/wp-json\/wp\/v2\/product_brand?post=4279"},{"taxonomy":"product_cat","embeddable":true,"href":"https:\/\/mueller-wrh.de\/pt\/wp-json\/wp\/v2\/product_cat?post=4279"},{"taxonomy":"product_tag","embeddable":true,"href":"https:\/\/mueller-wrh.de\/pt\/wp-json\/wp\/v2\/product_tag?post=4279"}],"curies":[{"name":"wp","href":"https:\/\/api.w.org\/{rel}","templated":true}]}}